{"id":77,"date":"2017-05-04T16:37:09","date_gmt":"2017-05-04T16:37:09","guid":{"rendered":"http:\/\/www.concisa.net.ve\/2017\/?page_id=77"},"modified":"2017-07-03T15:22:28","modified_gmt":"2017-07-03T15:22:28","slug":"evi-propuesta-tutoriales","status":"publish","type":"page","link":"https:\/\/concisa.net.ve\/2017\/evi-propuesta-tutoriales\/","title":{"rendered":"EVI 2017 &#8211; Propuesta de Tutoriales"},"content":{"rendered":"\n\t\t<!-- MasterSlider -->\n\t\t<div id=\"P_MS69d9bbadb9bf5\" class=\"master-slider-parent ms-parent-id-6\" style=\"\" >\n\n\t\t\t\n\t\t\t<!-- MasterSlider Main -->\n\t\t\t<div id=\"MS69d9bbadb9bf5\" class=\"master-slider ms-skin-default\" >\n\t\t\t\t \t\t\t\t \n\t\t\t<div  class=\"ms-slide\" data-delay=\"3\" data-fill-mode=\"fill\"   >\n\t\t\t\t\t<img decoding=\"async\" src=\"https:\/\/concisa.net.ve\/2017\/wp-content\/plugins\/masterslider\/public\/assets\/css\/blank.gif\" alt=\"\" title=\"\" data-src=\"https:\/\/concisa.net.ve\/2017\/wp-content\/uploads\/sites\/6\/2017\/05\/bg-concisa03-1500x150.jpg\" \/>\n\n\t\t\t\t\t<div  class=\"ms-layer  msp-cn-2-1\" style=\"\"      data-ease=\"easeOutQuint\"                data-offset-x=\"0\" data-offset-y=\"0\" data-origin=\"mc\"   >\nEVI 2017 \u2013 Propuesta de Tutoriales<\/div>\n\n\n\t\t\t\t<\/div>\n\n\t\t\t<\/div>\n\t\t\t<!-- END MasterSlider Main -->\n\n\t\t\t \n\t\t<\/div>\n\t\t<!-- END MasterSlider -->\n\n\t\t<script>\n\t\t( window.MSReady = window.MSReady || [] ).push( function( $ ) {\n\n\t\t\t\"use strict\";\n\t\t\tvar masterslider_9bf5 = new MasterSlider();\n\n\t\t\t\/\/ slider controls\n\t\t\t\/\/ slider setup\n\t\t\tmasterslider_9bf5.setup(\"MS69d9bbadb9bf5\", {\n\t\t\t\twidth           : 1500,\n\t\t\t\theight          : 150,\n\t\t\t\tminHeight       : 0,\n\t\t\t\tspace           : 0,\n\t\t\t\tstart           : 1,\n\t\t\t\tgrabCursor      : false,\n\t\t\t\tswipe           : false,\n\t\t\t\tmouse           : false,\n\t\t\t\tkeyboard        : false,\n\t\t\t\tlayout          : \"fullwidth\",\n\t\t\t\twheel           : false,\n\t\t\t\tautoplay        : false,\n                instantStartLayers:false,\n\t\t\t\tmobileBGVideo:false,\n\t\t\t\tloop            : false,\n\t\t\t\tshuffle         : false,\n\t\t\t\tpreload         : 0,\n\t\t\t\theightLimit     : true,\n\t\t\t\tautoHeight      : false,\n\t\t\t\tsmoothHeight    : true,\n\t\t\t\tendPause        : false,\n\t\t\t\toverPause       : false,\n\t\t\t\tfillMode        : \"fill\",\n\t\t\t\tcenterControls  : true,\n\t\t\t\tstartOnAppear   : false,\n\t\t\t\tlayersMode      : \"center\",\n\t\t\t\tautofillTarget  : \"\",\n\t\t\t\thideLayers      : false,\n\t\t\t\tfullscreenMargin: 0,\n\t\t\t\tspeed           : 20,\n\t\t\t\tdir             : \"h\",\n\t\t\t\tresponsive      : true,\n\t\t\t\ttabletWidth     : 768,\n\t\t\t\ttabletHeight    : null,\n\t\t\t\tphoneWidth      : 480,\n\t\t\t\tphoneHeight    : null,\n\t\t\t\tsizingReference : window,\n\t\t\t\tparallaxMode    : 'swipe',\n\t\t\t\tview            : \"basic\"\n\t\t\t});\n\n\t\t\t\n\t\t\twindow.masterslider_instances = window.masterslider_instances || [];\n\t\t\twindow.masterslider_instances.push( masterslider_9bf5 );\n\t\t});\n\t\t<\/script>\n\n\n<h2>Propuesta de Tutoriales<\/h2>\n<p>Se invita a expertos de reconocida trayectoria, a proponer tutoriales para EVI (medio d\u00eda o d\u00eda completo) que presenten resultados de investigaci\u00f3n, el estado del arte de un tema determinado o la introducci\u00f3n a un tema de inter\u00e9s industrial o acad\u00e9mico. La propuesta de tutorial debe ser enviada en un PDF que incluya: T\u00edtulo, Resumen, Contenido, Duraci\u00f3n, P\u00fablico Objetivo, Equipos Requeridos y Breve CV de los presentadores. Se debe someter las propuestas de tutoriales a trav\u00e9s de <a href=\"https:\/\/easychair.org\/conferences\/?conf=evi2017\">EasyChair<\/a>. Es importante recordar que debe ser un \u00fanico archivo PDF, con toda la informaci\u00f3n mencionada anteriormente. <\/p>\n<p>En caso que a\u00fan no tenga cuenta en EasyChair, la puede crear a trav\u00e9s de este <a href=\"https:\/\/www.easychair.org\/account\/signup.cgi\" target=\"_blank\">enlace<\/a>.<br \/>\n&nbsp;<\/p>\n<h2>Llamado a Tutoriales (Versi\u00f3n PDF)<\/h2>\n<p>El llamado a tutoriales de EVI 2017 vence el domingo 02 de julio de 2017. Pueden descargar la versi\u00f3n PDF del llamado a tutoriales en el siguiente <a href=\"http:\/\/www.concisa.net.ve\/2017\/wp-content\/uploads\/sites\/6\/2017\/07\/SegundoLlamado-EVI-CoNCISa-2017.pdf\" target=\"_blank\">enlace<\/a>.<\/p>\n","protected":false},"excerpt":{"rendered":"<p> EVI 2017 \u2013 Propuesta de Tutoriales ( window.MSReady = window.MSReady || [] ).push( function( $ ) { &#8220;use strict&#8221;; var masterslider_f174 = new MasterSlider(); \/\/ slider controls \/\/ slider setup masterslider_f174.setup(&#8220;MS69d9bbadcf174&#8221;, { width : 1500, height : 150, minHeight : 0, space : 0, start : 1, grabCursor : false, swipe : false, mouse [&#8230;]<\/p>\n","protected":false},"author":1,"featured_media":0,"parent":0,"menu_order":0,"comment_status":"closed","ping_status":"closed","template":"","meta":{"footnotes":""},"class_list":["post-77","page","type-page","status-publish","hentry","odd"],"_links":{"self":[{"href":"https:\/\/concisa.net.ve\/2017\/wp-json\/wp\/v2\/pages\/77","targetHints":{"allow":["GET"]}}],"collection":[{"href":"https:\/\/concisa.net.ve\/2017\/wp-json\/wp\/v2\/pages"}],"about":[{"href":"https:\/\/concisa.net.ve\/2017\/wp-json\/wp\/v2\/types\/page"}],"author":[{"embeddable":true,"href":"https:\/\/concisa.net.ve\/2017\/wp-json\/wp\/v2\/users\/1"}],"replies":[{"embeddable":true,"href":"https:\/\/concisa.net.ve\/2017\/wp-json\/wp\/v2\/comments?post=77"}],"version-history":[{"count":1,"href":"https:\/\/concisa.net.ve\/2017\/wp-json\/wp\/v2\/pages\/77\/revisions"}],"predecessor-version":[{"id":82,"href":"https:\/\/concisa.net.ve\/2017\/wp-json\/wp\/v2\/pages\/77\/revisions\/82"}],"wp:attachment":[{"href":"https:\/\/concisa.net.ve\/2017\/wp-json\/wp\/v2\/media?parent=77"}],"curies":[{"name":"wp","href":"https:\/\/api.w.org\/{rel}","templated":true}]}}