{"id":7,"date":"2017-05-01T18:18:57","date_gmt":"2017-05-01T18:18:57","guid":{"rendered":"http:\/\/www.concisa.net.ve\/2017\/?page_id=7"},"modified":"2017-10-13T00:47:24","modified_gmt":"2017-10-13T00:47:24","slug":"inicio","status":"publish","type":"page","link":"https:\/\/concisa.net.ve\/2017\/","title":{"rendered":"Inicio"},"content":{"rendered":"\n\t\t<!-- MasterSlider -->\n\t\t<div id=\"P_MS69d9b9bb150ff\" class=\"master-slider-parent ms-parent-id-1\" style=\"\" >\n\n\t\t\t\n\t\t\t<!-- MasterSlider Main -->\n\t\t\t<div id=\"MS69d9b9bb150ff\" class=\"master-slider ms-skin-light-6\" >\n\t\t\t\t \t\t\t\t \n\t\t\t<div  class=\"ms-slide\" data-delay=\"15\" data-fill-mode=\"fill\"   >\n\t\t\t\t\t<img decoding=\"async\" src=\"https:\/\/concisa.net.ve\/2017\/wp-content\/plugins\/masterslider\/public\/assets\/css\/blank.gif\" alt=\"\" title=\"\" data-src=\"https:\/\/concisa.net.ve\/2017\/wp-content\/uploads\/sites\/6\/2017\/03\/GUYANA1-1180x485.png\" \/>\n\n\t\t\t\t\t<div  class=\"ms-layer  msp-cn-1-1\" style=\"width:900px;\"   data-effect=\"t(true,250,n,n,n,n,-250,n,n,n,n,n,n,n,n)\" data-duration=\"2987\" data-delay=\"3062\" data-ease=\"easeOutQuint\"                data-offset-x=\"235\" data-offset-y=\"-168\" data-origin=\"mr\"   >\nEVI\/CONCISA 2017<\/div>\n\n\n\t\t\t\t<\/div>\n\t\t\t<div  class=\"ms-slide\" data-delay=\"15\" data-fill-mode=\"fill\"   >\n\t\t\t\t\t<img decoding=\"async\" src=\"https:\/\/concisa.net.ve\/2017\/wp-content\/plugins\/masterslider\/public\/assets\/css\/blank.gif\" alt=\"\" title=\"\" data-src=\"https:\/\/concisa.net.ve\/2017\/wp-content\/uploads\/sites\/6\/2017\/03\/GUYANA2-1180x485.png\" \/>\n\n\n\t\t\t\t<\/div>\n\t\t\t<div  class=\"ms-slide\" data-delay=\"15\" data-fill-mode=\"fill\"   >\n\t\t\t\t\t<img decoding=\"async\" src=\"https:\/\/concisa.net.ve\/2017\/wp-content\/plugins\/masterslider\/public\/assets\/css\/blank.gif\" alt=\"\" title=\"\" data-src=\"https:\/\/concisa.net.ve\/2017\/wp-content\/uploads\/sites\/6\/2017\/03\/GUYANA3-1180x485.png\" \/>\n\n\t\t\t\t\t<div  class=\"ms-layer  msp-cn-1-11\" style=\"width:900px;\"   data-effect=\"t(true,n,-500,n,n,n,n,n,n,n,n,n,n,n,n)\" data-duration=\"1025\"  data-ease=\"easeOutQuint\"                data-offset-x=\"-126\" data-offset-y=\"-177\" data-origin=\"mr\"   >\nBienvenidos a CoNCISa<\/div>\n\n\t\t\t\t\t<div  class=\"ms-layer  msp-cn-1-12\" style=\"width:119px;\"   data-effect=\"t(true,n,500,n,n,n,n,n,n,n,n,n,n,n,n)\"  data-delay=\"825\" data-ease=\"easeOutQuint\"                data-offset-x=\"5\" data-offset-y=\"-119\" data-origin=\"mr\"   >\ny\u00a0EVI<\/div>\n\n\t\t\t\t\t<div  class=\"ms-layer  msp-cn-1-13\" style=\"\"   data-effect=\"t(true,n,n,-500,n,n,n,n,n,n,n,n,n,n,n)\" data-duration=\"1062\" data-delay=\"1675\" data-ease=\"easeOutQuint\"                data-offset-x=\"29\" data-offset-y=\"-64\" data-origin=\"mr\"   >\n<a style=\"color: #fff !important;\" href=\"#\">Check Out!<\/a><\/div>\n\n\n\t\t\t\t<\/div>\n\n\t\t\t<\/div>\n\t\t\t<!-- END MasterSlider Main -->\n\n\t\t\t \n\t\t<\/div>\n\t\t<!-- END MasterSlider -->\n\n\t\t<script>\n\t\t( window.MSReady = window.MSReady || [] ).push( function( $ ) {\n\n\t\t\t\"use strict\";\n\t\t\tvar masterslider_50ff = new MasterSlider();\n\n\t\t\t\/\/ slider controls\n\t\t\tmasterslider_50ff.control('arrows'     ,{ autohide:true, overVideo:true  });\n\t\t\tmasterslider_50ff.control('bullets'    ,{ autohide:true, overVideo:true, dir:'h', align:'bottom', space:5 , margin:10  });\n\t\t\t\/\/ slider setup\n\t\t\tmasterslider_50ff.setup(\"MS69d9b9bb150ff\", {\n\t\t\t\twidth           : 1180,\n\t\t\t\theight          : 485,\n\t\t\t\tminHeight       : 0,\n\t\t\t\tspace           : 0,\n\t\t\t\tstart           : 1,\n\t\t\t\tgrabCursor      : true,\n\t\t\t\tswipe           : true,\n\t\t\t\tmouse           : false,\n\t\t\t\tkeyboard        : false,\n\t\t\t\tlayout          : \"fullwidth\",\n\t\t\t\twheel           : false,\n\t\t\t\tautoplay        : true,\n                instantStartLayers:false,\n\t\t\t\tmobileBGVideo:false,\n\t\t\t\tloop            : true,\n\t\t\t\tshuffle         : false,\n\t\t\t\tpreload         : 0,\n\t\t\t\theightLimit     : true,\n\t\t\t\tautoHeight      : false,\n\t\t\t\tsmoothHeight    : true,\n\t\t\t\tendPause        : false,\n\t\t\t\toverPause       : true,\n\t\t\t\tfillMode        : \"fill\",\n\t\t\t\tcenterControls  : true,\n\t\t\t\tstartOnAppear   : false,\n\t\t\t\tlayersMode      : \"center\",\n\t\t\t\tautofillTarget  : \"\",\n\t\t\t\thideLayers      : false,\n\t\t\t\tfullscreenMargin: 0,\n\t\t\t\tspeed           : 5,\n\t\t\t\tdir             : \"h\",\n\t\t\t\tresponsive      : true,\n\t\t\t\ttabletWidth     : 768,\n\t\t\t\ttabletHeight    : null,\n\t\t\t\tphoneWidth      : 480,\n\t\t\t\tphoneHeight    : null,\n\t\t\t\tsizingReference : window,\n\t\t\t\tparallaxMode    : 'swipe',\n\t\t\t\tview            : \"fade\"\n\t\t\t});\n\n\t\t\t\n\t\t\twindow.masterslider_instances = window.masterslider_instances || [];\n\t\t\twindow.masterslider_instances.push( masterslider_50ff );\n\t\t});\n\t\t<\/script>\n\n\n<h2>CoNCISa 2017<br \/>\n18\u00a0al 20 de octubre 2017<\/h2>\n<p>CoNCISa 2017 es la quinta\u00a0Conferencia Nacional de Computaci\u00f3n, Inform\u00e1tica y Sistemas. Es uno de los principales eventos anuales de la <a href=\"http:\/\/www.svc.net.ve\" target=\"_blank\" rel=\"noopener noreferrer\">SVC<\/a> (Sociedad Venezolana de Computaci\u00f3n). Adicionalmente cuenta con el respaldo acad\u00e9mico del <a href=\"http:\/\/www.clei.org\" target=\"_blank\" rel=\"noopener noreferrer\">CLEI<\/a> (Centro Latinoamericano de Estudios en Inform\u00e1tica).<\/p>\n<p>El objetivo principal de CoNCISa 2017 es consolidar el intercambio sobre experiencias de investigaci\u00f3n, acad\u00e9micas y tecnol\u00f3gicas, para impulsar el desarrollo del \u00e1rea y crear lazos estrechos de cooperaci\u00f3n a nivel nacional.<\/p>\n<p>CoNCISa 2017 se realizar\u00e1 en el <a href=\"http:\/\/guayanaweb.ucab.edu.ve\" target=\"_blank\" rel=\"noopener noreferrer\">UCAB-Guayana<\/a>\u00a0(Universidad Cat\u00f3lica Andr\u00e9s Bello, Ciudad Guayana) del 18\u00a0al 20\u00a0de octubre de 2017, conjuntamente con <a href=\"http:\/\/www.concisa.net.ve\/2017\/evi-informacion\">EVI 2017<\/a>\u00a0(Escuela Venezolana de Inform\u00e1tica).<\/p>\n<h2>EVI 2017<br \/>\n16 al 18 de octubre 2017<\/h2>\n<p>EVI 2017 es la quinta edici\u00f3n de la Escuela Venezolana de Inform\u00e1tica. Es uno de los principales eventos anuales de la <a href=\"http:\/\/www.svc.net.ve\" target=\"_blank\" rel=\"noopener noreferrer\">SVC<\/a> (Sociedad Venezolana de Computaci\u00f3n). Adicionalmente cuenta con el respaldo acad\u00e9mico del <a href=\"http:\/\/www.clei.org\" target=\"_blank\" rel=\"noopener noreferrer\">CLEI<\/a> (Centro Latinoamericano de Estudios en Inform\u00e1tica).<\/p>\n<p>En este evento se dictar\u00e1n cursos avanzados en diferentes dominios de las ciencias computacionales, por expertos nacionales e internacionales. Son cursos que cubren temas de inter\u00e9s para la disciplina Inform\u00e1tica, y que son complementarios a los temas que figuran en los curr\u00edculos de las carreras de Inform\u00e1tica en el pa\u00eds. Se estructura en cursos tutoriales de medio d\u00eda (4 horas) o de d\u00eda completo (8 horas).<\/p>\n<p>EVI 2017 se realizar\u00e1 en la <a href=\"http:\/\/guayanaweb.ucab.edu.ve\" target=\"_blank\" rel=\"noopener noreferrer\">UCAB-Guayana<\/a> (Universitario Cat\u00f3lica Andr\u00e9s Bello, Ciudad Guayana) del 16 al 18 de octubre de 2017, conjuntamente con <a href=\"http:\/\/www.concisa.net.ve\/2017\/concisa-informacion\">CoNCISa 2017<\/a> (Conferencia Nacional de Computaci\u00f3n, Inform\u00e1tica y Sistemas 2017).<\/p>\n<h2>Patrocinadores<\/h2>\n<p>La \u201cSociedad Venezolana de Computaci\u00f3n\u201d agradece los siguientes patrocinadores por su generoso aporte para la realizaci\u00f3n de la V Conferencia Nacional de Computaci\u00f3n, Inform\u00e1tica y Sistemas (CoNCISa 2017) y la V Escuela Venezolana de Inform\u00e1tica (EVI 2017).<\/p>\n<p><img decoding=\"async\" style=\"border: none; background-color: #ffffff; display: block; margin-left: auto; margin-right: auto;\" src=\"http:\/\/www.concisa.net.ve\/2017\/wp-content\/uploads\/sites\/6\/2017\/10\/patrocinadores03.png\" alt=\"\" width=\"750\" \/><\/p>\n","protected":false},"excerpt":{"rendered":"<p> EVI\/CONCISA 2017 Bienvenidos a CoNCISa y EVI Check Out! ( window.MSReady = window.MSReady || [] ).push( function( $ ) { &#8220;use strict&#8221;; var masterslider_960d = new MasterSlider(); \/\/ slider controls masterslider_960d.control(&#8216;arrows&#8217; ,{ autohide:true, overVideo:true }); masterslider_960d.control(&#8216;bullets&#8217; ,{ autohide:true, overVideo:true, dir:&#8217;h&#8217;, align:&#8217;bottom&#8217;, space:5 , margin:10 }); \/\/ slider setup masterslider_960d.setup(&#8220;MS69d9b9bb2960d&#8221;, { width : 1180, height [&#8230;]<\/p>\n","protected":false},"author":1,"featured_media":0,"parent":0,"menu_order":0,"comment_status":"closed","ping_status":"closed","template":"","meta":{"footnotes":""},"class_list":["post-7","page","type-page","status-publish","hentry","odd"],"_links":{"self":[{"href":"https:\/\/concisa.net.ve\/2017\/wp-json\/wp\/v2\/pages\/7","targetHints":{"allow":["GET"]}}],"collection":[{"href":"https:\/\/concisa.net.ve\/2017\/wp-json\/wp\/v2\/pages"}],"about":[{"href":"https:\/\/concisa.net.ve\/2017\/wp-json\/wp\/v2\/types\/page"}],"author":[{"embeddable":true,"href":"https:\/\/concisa.net.ve\/2017\/wp-json\/wp\/v2\/users\/1"}],"replies":[{"embeddable":true,"href":"https:\/\/concisa.net.ve\/2017\/wp-json\/wp\/v2\/comments?post=7"}],"version-history":[{"count":1,"href":"https:\/\/concisa.net.ve\/2017\/wp-json\/wp\/v2\/pages\/7\/revisions"}],"predecessor-version":[{"id":15,"href":"https:\/\/concisa.net.ve\/2017\/wp-json\/wp\/v2\/pages\/7\/revisions\/15"}],"wp:attachment":[{"href":"https:\/\/concisa.net.ve\/2017\/wp-json\/wp\/v2\/media?parent=7"}],"curies":[{"name":"wp","href":"https:\/\/api.w.org\/{rel}","templated":true}]}}