{"id":181,"date":"2017-09-29T20:31:03","date_gmt":"2017-09-29T20:31:03","guid":{"rendered":"http:\/\/www.concisa.net.ve\/2017\/?page_id=181"},"modified":"2017-09-29T21:55:13","modified_gmt":"2017-09-29T21:55:13","slug":"contribuye","status":"publish","type":"page","link":"https:\/\/concisa.net.ve\/2017\/contribuye\/","title":{"rendered":"CoNCISa 2017 &#8211; Contribuye"},"content":{"rendered":"\n\t\t<!-- MasterSlider -->\n\t\t<div id=\"P_MS69d9bb0e76773\" class=\"master-slider-parent ms-parent-id-31\" style=\"\" >\n\n\t\t\t\n\t\t\t<!-- MasterSlider Main -->\n\t\t\t<div id=\"MS69d9bb0e76773\" class=\"master-slider ms-skin-default\" >\n\t\t\t\t \t\t\t\t \n\n\t\t\t<div  class=\"ms-slide\" data-delay=\"3\" data-fill-mode=\"fill\"   >\n\t\t\t\t\t<img decoding=\"async\" src=\"https:\/\/concisa.net.ve\/2017\/wp-content\/plugins\/masterslider\/public\/assets\/css\/blank.gif\" alt=\"\" title=\"\" data-src=\"https:\/\/concisa.net.ve\/2017\/wp-content\/uploads\/sites\/6\/2017\/05\/bg-concisa07-1500x150.jpg\" \/>\n\n\t\t\t\t\t<div  class=\"ms-layer  msp-cn-2-1\" style=\"\"      data-ease=\"easeOutQuint\"                data-offset-x=\"0\" data-offset-y=\"0\" data-origin=\"mc\"   >\nEVI\/CoNCISa 2017 -\u00a0Contribuye<\/div>\n\n\n\t\t\t\t<\/div>\n\n\t\t\t<\/div>\n\t\t\t<!-- END MasterSlider Main -->\n\n\t\t\t \n\t\t<\/div>\n\t\t<!-- END MasterSlider -->\n\n\t\t<script>\n\t\t( window.MSReady = window.MSReady || [] ).push( function( $ ) {\n\n\t\t\t\"use strict\";\n\t\t\tvar masterslider_6773 = new MasterSlider();\n\n\t\t\t\/\/ slider controls\n\t\t\t\/\/ slider setup\n\t\t\tmasterslider_6773.setup(\"MS69d9bb0e76773\", {\n\t\t\t\twidth           : 1500,\n\t\t\t\theight          : 150,\n\t\t\t\tminHeight       : 0,\n\t\t\t\tspace           : 0,\n\t\t\t\tstart           : 1,\n\t\t\t\tgrabCursor      : false,\n\t\t\t\tswipe           : false,\n\t\t\t\tmouse           : false,\n\t\t\t\tkeyboard        : false,\n\t\t\t\tlayout          : \"fullwidth\",\n\t\t\t\twheel           : false,\n\t\t\t\tautoplay        : false,\n                instantStartLayers:false,\n\t\t\t\tmobileBGVideo:false,\n\t\t\t\tloop            : false,\n\t\t\t\tshuffle         : false,\n\t\t\t\tpreload         : 0,\n\t\t\t\theightLimit     : true,\n\t\t\t\tautoHeight      : false,\n\t\t\t\tsmoothHeight    : true,\n\t\t\t\tendPause        : false,\n\t\t\t\toverPause       : false,\n\t\t\t\tfillMode        : \"fill\",\n\t\t\t\tcenterControls  : true,\n\t\t\t\tstartOnAppear   : false,\n\t\t\t\tlayersMode      : \"center\",\n\t\t\t\tautofillTarget  : \"\",\n\t\t\t\thideLayers      : false,\n\t\t\t\tfullscreenMargin: 0,\n\t\t\t\tspeed           : 20,\n\t\t\t\tdir             : \"h\",\n\t\t\t\tresponsive      : true,\n\t\t\t\ttabletWidth     : 768,\n\t\t\t\ttabletHeight    : null,\n\t\t\t\tphoneWidth      : 480,\n\t\t\t\tphoneHeight    : null,\n\t\t\t\tsizingReference : window,\n\t\t\t\tparallaxMode    : 'swipe',\n\t\t\t\tview            : \"basic\"\n\t\t\t});\n\n\t\t\t\n\t\t\twindow.masterslider_instances = window.masterslider_instances || [];\n\t\t\twindow.masterslider_instances.push( masterslider_6773 );\n\t\t});\n\t\t<\/script>\n\n\n<h2>Contribuye<\/h2>\n<p>La Sociedad Venezolana de Computaci\u00f3n (<a href=\"http:\/\/www.svc.net.ve\" target=\"_blank\" rel=\"noopener noreferrer\">SVC<\/a>) es una organizaci\u00f3n no gubernamental, sin fines de lucro, que no cuenta con subsidios ni capitales.<\/p>\n<p>Adicionalmente, Venezuela vive una profunda crisis, en la que las personas tienen una econom\u00eda de subsistencia y no pueden invertir en actividades acad\u00e9micas como EVI-CoNCISa 2017<\/p>\n<p>Las tarifas establecidas para el registro de autores y participantes es un monto m\u00e1s bien simb\u00f3lico que no tiene relaci\u00f3n con el costo que efectivamente representa cada puesto en el evento. Por esta raz\u00f3n, la SVC necesita de donativos para poder realizar EVI-CoNCISa 2017<\/p>\n<p>Puedes hacer tu donativo en USD a nombre de la FUNDACI\u00d3N CLEi VENEZUELA v\u00eda PayPal:<\/p>\n<form action=\"https:\/\/www.paypal.com\/cgi-bin\/webscr\" method=\"post\" target=\"_top\"><input name=\"cmd\" type=\"hidden\" value=\"_s-xclick\" \/><br \/>\n<input name=\"hosted_button_id\" type=\"hidden\" value=\"6XYT5BAT9UGQQ\" \/><br \/>\n<input alt=\"PayPal, la forma r\u00e1pida y segura de pagar en Internet.\" name=\"submit\" src=\"https:\/\/www.paypalobjects.com\/es_ES\/ES\/i\/btn\/btn_donateCC_LG.gif\" type=\"image\" \/><br \/>\n<img loading=\"lazy\" decoding=\"async\" src=\"https:\/\/www.paypalobjects.com\/es_XC\/i\/scr\/pixel.gif\" alt=\"\" width=\"1\" height=\"1\" border=\"0\" \/><\/form>\n","protected":false},"excerpt":{"rendered":"<p> EVI\/CoNCISa 2017 &#8211; Contribuye ( window.MSReady = window.MSReady || [] ).push( function( $ ) { &#8220;use strict&#8221;; var masterslider_cbe7 = new MasterSlider(); \/\/ slider controls \/\/ slider setup masterslider_cbe7.setup(&#8220;MS69d9bb0e8cbe7&#8221;, { width : 1500, height : 150, minHeight : 0, space : 0, start : 1, grabCursor : false, swipe : false, mouse : false, [&#8230;]<\/p>\n","protected":false},"author":1,"featured_media":0,"parent":0,"menu_order":0,"comment_status":"closed","ping_status":"closed","template":"","meta":{"footnotes":""},"class_list":["post-181","page","type-page","status-publish","hentry","odd"],"_links":{"self":[{"href":"https:\/\/concisa.net.ve\/2017\/wp-json\/wp\/v2\/pages\/181","targetHints":{"allow":["GET"]}}],"collection":[{"href":"https:\/\/concisa.net.ve\/2017\/wp-json\/wp\/v2\/pages"}],"about":[{"href":"https:\/\/concisa.net.ve\/2017\/wp-json\/wp\/v2\/types\/page"}],"author":[{"embeddable":true,"href":"https:\/\/concisa.net.ve\/2017\/wp-json\/wp\/v2\/users\/1"}],"replies":[{"embeddable":true,"href":"https:\/\/concisa.net.ve\/2017\/wp-json\/wp\/v2\/comments?post=181"}],"version-history":[{"count":1,"href":"https:\/\/concisa.net.ve\/2017\/wp-json\/wp\/v2\/pages\/181\/revisions"}],"predecessor-version":[{"id":183,"href":"https:\/\/concisa.net.ve\/2017\/wp-json\/wp\/v2\/pages\/181\/revisions\/183"}],"wp:attachment":[{"href":"https:\/\/concisa.net.ve\/2017\/wp-json\/wp\/v2\/media?parent=181"}],"curies":[{"name":"wp","href":"https:\/\/api.w.org\/{rel}","templated":true}]}}