{"id":156,"date":"2017-09-22T01:06:41","date_gmt":"2017-09-22T01:06:41","guid":{"rendered":"http:\/\/www.concisa.net.ve\/2017\/?page_id=156"},"modified":"2018-10-28T16:17:14","modified_gmt":"2018-10-28T16:17:14","slug":"evi-tarifas-tutoriales","status":"publish","type":"page","link":"https:\/\/concisa.net.ve\/2017\/evi-tarifas-tutoriales\/","title":{"rendered":"EVI 2017 &#8211; Tarifas Tutoriales"},"content":{"rendered":"\n\t\t<!-- MasterSlider -->\n\t\t<div id=\"P_MS69d9cdebbe065\" class=\"master-slider-parent ms-parent-id-26\" style=\"\" >\n\n\t\t\t\n\t\t\t<!-- MasterSlider Main -->\n\t\t\t<div id=\"MS69d9cdebbe065\" class=\"master-slider ms-skin-default\" >\n\t\t\t\t \t\t\t\t \n\n\t\t\t<div  class=\"ms-slide\" data-delay=\"3\" data-fill-mode=\"fill\"   >\n\t\t\t\t\t<img decoding=\"async\" src=\"https:\/\/concisa.net.ve\/2017\/wp-content\/plugins\/masterslider\/public\/assets\/css\/blank.gif\" alt=\"\" title=\"\" data-src=\"https:\/\/concisa.net.ve\/2017\/wp-content\/uploads\/sites\/6\/2017\/05\/bg-concisa03-1500x150.jpg\" \/>\n\n\t\t\t\t\t<div  class=\"ms-layer  msp-cn-2-1\" style=\"\"      data-ease=\"easeOutQuint\"                data-offset-x=\"0\" data-offset-y=\"0\" data-origin=\"mc\"   >\nEVI 2017 \u2013 Tarifas Tutoriales<\/div>\n\n\n\t\t\t\t<\/div>\n\n\t\t\t<\/div>\n\t\t\t<!-- END MasterSlider Main -->\n\n\t\t\t \n\t\t<\/div>\n\t\t<!-- END MasterSlider -->\n\n\t\t<script>\n\t\t( window.MSReady = window.MSReady || [] ).push( function( $ ) {\n\n\t\t\t\"use strict\";\n\t\t\tvar masterslider_e065 = new MasterSlider();\n\n\t\t\t\/\/ slider controls\n\t\t\t\/\/ slider setup\n\t\t\tmasterslider_e065.setup(\"MS69d9cdebbe065\", {\n\t\t\t\twidth           : 1500,\n\t\t\t\theight          : 150,\n\t\t\t\tminHeight       : 0,\n\t\t\t\tspace           : 0,\n\t\t\t\tstart           : 1,\n\t\t\t\tgrabCursor      : false,\n\t\t\t\tswipe           : false,\n\t\t\t\tmouse           : false,\n\t\t\t\tkeyboard        : false,\n\t\t\t\tlayout          : \"fullwidth\",\n\t\t\t\twheel           : false,\n\t\t\t\tautoplay        : false,\n                instantStartLayers:false,\n\t\t\t\tmobileBGVideo:false,\n\t\t\t\tloop            : false,\n\t\t\t\tshuffle         : false,\n\t\t\t\tpreload         : 0,\n\t\t\t\theightLimit     : true,\n\t\t\t\tautoHeight      : false,\n\t\t\t\tsmoothHeight    : true,\n\t\t\t\tendPause        : false,\n\t\t\t\toverPause       : false,\n\t\t\t\tfillMode        : \"fill\",\n\t\t\t\tcenterControls  : true,\n\t\t\t\tstartOnAppear   : false,\n\t\t\t\tlayersMode      : \"center\",\n\t\t\t\tautofillTarget  : \"\",\n\t\t\t\thideLayers      : false,\n\t\t\t\tfullscreenMargin: 0,\n\t\t\t\tspeed           : 20,\n\t\t\t\tdir             : \"h\",\n\t\t\t\tresponsive      : true,\n\t\t\t\ttabletWidth     : 768,\n\t\t\t\ttabletHeight    : null,\n\t\t\t\tphoneWidth      : 480,\n\t\t\t\tphoneHeight    : null,\n\t\t\t\tsizingReference : window,\n\t\t\t\tparallaxMode    : 'swipe',\n\t\t\t\tview            : \"basic\"\n\t\t\t});\n\n\t\t\t\n\t\t\twindow.masterslider_instances = window.masterslider_instances || [];\n\t\t\twindow.masterslider_instances.push( masterslider_e065 );\n\t\t});\n\t\t<\/script>\n\n\n<h2>Informaci\u00f3n General sobre las Tarifas<\/h2>\n<p>Para EVI 2017, hay tutoriales de 4 horas y otros de 8 horas. Tambi\u00e9n, hay tres tipos de participantes (<a href=\"http:\/\/www.concisa.net.ve\/2017\/evi-tarifa#profesor\">profesor<\/a>, <a href=\"http:\/\/www.concisa.net.ve\/2017\/evi-tarifa#estudiante\">estudiante<\/a> y <a href=\"http:\/\/www.concisa.net.ve\/2017\/evi-tarifa#particular\">particular<\/a>). Si el participante al tutorial que se registra est\u00e1 adscrito a una instituci\u00f3n miembro del <a href=\"http:\/\/www.clei.org\" target=\"_blank\">CLEI<\/a>, o si es miembro de la <a href=\"http:\/\/www.svc.net.ve\" target=\"_blank\">SVC<\/a>, o si est\u00e1 adscrito a una instituci\u00f3n de educaci\u00f3n superior de Ciudad Guayana, recibir\u00e1 un descuento. El valor del descuento depender\u00e1 de la fecha en la cual se realice el registro (inscripci\u00f3n temprana o inscripci\u00f3n tard\u00eda). Las tarifas indicadas son por tutorial. <strong>Los descuentos no son acumulativos.<\/strong><\/p>\n<p>La inscripci\u00f3n en EVI no incluye la asistencia a <a href=\"http:\/\/www.concisa.net.ve\/2017\/concisa-informacion\">CoNCISa<\/a>. Para informaci\u00f3n sobre las tarifas de la asistencia a CoNCISa, haga clic <a href=\"http:\/\/www.concisa.net.ve\/2017\/concisa-tarifas-asistentes\">aqu\u00ed<\/a>.<br \/>\n&nbsp;<\/p>\n<h2><a name=\"profesor\"><\/a>Tarifa por Tutorial para Profesores (Inscripci\u00f3n Temprana)<\/h2>\n<p>La inscripci\u00f3n temprana a los tutoriales se puede realizar hasta el 07 de octubre de 2017. En la tabla, <strong>CLEI<\/strong> significa que el profesor est\u00e1 adscrito a una instituci\u00f3n que es miembro del <a href=\"http:\/\/www.clei.org\" target=\"_blank\">CLEI<\/a>, <strong>SVC<\/strong> significa que el profesor es miembro de la <a href=\"http:\/\/www.svc.net.ve\" target=\"_blank\">SVC<\/a>, y <strong>CDGY<\/strong> significa que el profesor est\u00e1 adscrito a una instituci\u00f3n de educaci\u00f3n superior de Ciudad Guayana.<\/p>\n<table style=\"margin: 0px auto; width: 100%;\" border=\"0\">\n<tbody>\n<tr style=\"height: 30px;\">\n<td style=\"text-align: center;\"><strong>Tipo de Registro<\/strong><\/td>\n<td style=\"text-align: center;\"><strong>Descuento<\/strong><\/td>\n<td style=\"text-align: center;\"><strong>Monto por Tutorial (4 horas)<\/strong><\/td>\n<td style=\"text-align: center;\"><strong>Monto por Tutorial (8 horas)<\/strong><\/td>\n<\/tr>\n<tr style=\"height: 30px;\">\n<td style=\"text-align: center;\">General<\/td>\n<td style=\"text-align: center;\">25%<\/td>\n<td style=\"text-align: center;\">Bs. 45.000,00<\/td>\n<td style=\"text-align: center;\">Bs. 90.000,00<\/td>\n<\/tr>\n<tr style=\"height: 30px;\">\n<td style=\"text-align: center;\">CLEI<\/td>\n<td style=\"text-align: center;\">50%<\/td>\n<td style=\"text-align: center;\">Bs. 30.000,00<\/td>\n<td style=\"text-align: center;\">Bs. 60.000,00<\/td>\n<\/tr>\n<tr style=\"height: 30px;\">\n<td style=\"text-align: center;\">SVC \/ CDGY<\/td>\n<td style=\"text-align: center;\">75%<\/td>\n<td style=\"text-align: center;\">Bs. 15.000,00<\/td>\n<td style=\"text-align: center;\">Bs. 30.000,00<\/td>\n<\/tr>\n<\/tbody>\n<\/table>\n<p>&nbsp;<\/p>\n<h2>Tarifa por Tutorial para Profesores (Inscripci\u00f3n Tard\u00eda)<\/h2>\n<p>A partir del 08 de octubre de 2017, se aplicar\u00e1 la inscripci\u00f3n tard\u00eda. En la tabla, <strong>CLEI<\/strong> significa que el profesor est\u00e1 adscrito a una instituci\u00f3n que es miembro del <a href=\"http:\/\/www.clei.org\" target=\"_blank\">CLEI<\/a>, <strong>SVC<\/strong> significa que el profesor es miembro de la <a href=\"http:\/\/www.svc.net.ve\" target=\"_blank\">SVC<\/a>, y <strong>CDGY<\/strong> significa que el profesor est\u00e1 adscrito a una instituci\u00f3n de educaci\u00f3n superior de Ciudad Guayana.<\/p>\n<table style=\"margin: 0px auto; width: 100%;\" border=\"0\">\n<tbody>\n<tr style=\"height: 30px;\">\n<td style=\"text-align: center;\"><strong>Tipo de Registro<\/strong><\/td>\n<td style=\"text-align: center;\"><strong>Descuento<\/strong><\/td>\n<td style=\"text-align: center;\"><strong>Monto por Tutorial (4 horas)<\/strong><\/td>\n<td style=\"text-align: center;\"><strong>Monto por Tutorial (8 horas)<\/strong><\/td>\n<\/tr>\n<tr style=\"height: 30px;\">\n<td style=\"text-align: center;\">General<\/td>\n<td style=\"text-align: center;\">0%<\/td>\n<td style=\"text-align: center;\">Bs. 60.000,00<\/td>\n<td style=\"text-align: center;\">Bs. 120.000,00<\/td>\n<\/tr>\n<tr style=\"height: 30px;\">\n<td style=\"text-align: center;\">CLEI<\/td>\n<td style=\"text-align: center;\">25%<\/td>\n<td style=\"text-align: center;\">Bs. 45.000,00<\/td>\n<td style=\"text-align: center;\">Bs. 90.000,00<\/td>\n<\/tr>\n<tr style=\"height: 30px;\">\n<td style=\"text-align: center;\">SVC \/ CDGY<\/td>\n<td style=\"text-align: center;\">50%<\/td>\n<td style=\"text-align: center;\">Bs. 30.000,00<\/td>\n<td style=\"text-align: center;\">Bs. 60.000,00<\/td>\n<\/tr>\n<\/tbody>\n<\/table>\n<p>&nbsp;<\/p>\n<h2><a name=\"estudiante\"><\/a>Tarifa por Tutorial para Estudiantes (Inscripci\u00f3n Temprana)<\/h2>\n<p>La inscripci\u00f3n temprana a los tutoriales se puede realizar hasta el 07 de octubre de 2017. En la tabla, <strong>CLEI<\/strong> significa que el estudiante est\u00e1 adscrito a una instituci\u00f3n que es miembro del <a href=\"http:\/\/www.clei.org\" target=\"_blank\">CLEI<\/a>, <strong>SVC<\/strong> significa que el estudiante es miembro de la <a href=\"http:\/\/www.svc.net.ve\" target=\"_blank\">SVC<\/a>, y <strong>CDGY<\/strong> significa que el estudiante est\u00e1 adscrito a una instituci\u00f3n de educaci\u00f3n superior de Ciudad Guayana.<\/p>\n<table style=\"margin: 0px auto; width: 100%;\" border=\"0\">\n<tbody>\n<tr style=\"height: 30px;\">\n<td style=\"text-align: center;\"><strong>Tipo de Registro<\/strong><\/td>\n<td style=\"text-align: center;\"><strong>Descuento<\/strong><\/td>\n<td style=\"text-align: center;\"><strong>Monto por Tutorial (4 horas)<\/strong><\/td>\n<td style=\"text-align: center;\"><strong>Monto por Tutorial (8 horas)<\/strong><\/td>\n<\/tr>\n<tr style=\"height: 30px;\">\n<td style=\"text-align: center;\">General<\/td>\n<td style=\"text-align: center;\">25%<\/td>\n<td style=\"text-align: center;\">Bs. 30.000,00<\/td>\n<td style=\"text-align: center;\">Bs. 60.000,00<\/td>\n<\/tr>\n<tr style=\"height: 30px;\">\n<td style=\"text-align: center;\">CLEI<\/td>\n<td style=\"text-align: center;\">50%<\/td>\n<td style=\"text-align: center;\">Bs. 20.000,00<\/td>\n<td style=\"text-align: center;\">Bs. 40.000,00<\/td>\n<\/tr>\n<tr style=\"height: 30px;\">\n<td style=\"text-align: center;\">SVC \/ CDGY<\/td>\n<td style=\"text-align: center;\">75%<\/td>\n<td style=\"text-align: center;\">Bs. 10.000,00<\/td>\n<td style=\"text-align: center;\">Bs. 20.000,00<\/td>\n<\/tr>\n<\/tbody>\n<\/table>\n<p>&nbsp;<\/p>\n<h2>Tarifa por Tutorial para Estudiantes (Inscripci\u00f3n Tard\u00eda)<\/h2>\n<p>A partir del 08 de octubre de 2017, se aplicar\u00e1 la inscripci\u00f3n tard\u00eda. En la tabla, <strong>CLEI<\/strong> significa que el estudiante est\u00e1 adscrito a una instituci\u00f3n que es miembro del <a href=\"http:\/\/www.clei.org\" target=\"_blank\">CLEI<\/a>, <strong>SVC<\/strong> significa que el estudiante es miembro de la <a href=\"http:\/\/www.svc.net.ve\" target=\"_blank\">SVC<\/a>, y <strong>CDGY<\/strong> significa que el estudiante est\u00e1 adscrito a una instituci\u00f3n de educaci\u00f3n superior de Ciudad Guayana.<\/p>\n<table style=\"margin: 0px auto; width: 100%;\" border=\"0\">\n<tbody>\n<tr style=\"height: 30px;\">\n<td style=\"text-align: center;\"><strong>Tipo de Registro<\/strong><\/td>\n<td style=\"text-align: center;\"><strong>Descuento<\/strong><\/td>\n<td style=\"text-align: center;\"><strong>Monto por Tutorial (4 horas)<\/strong><\/td>\n<td style=\"text-align: center;\"><strong>Monto por Tutorial (8 horas)<\/strong><\/td>\n<\/tr>\n<tr style=\"height: 30px;\">\n<td style=\"text-align: center;\">General<\/td>\n<td style=\"text-align: center;\">0%<\/td>\n<td style=\"text-align: center;\">Bs. 40.000,00<\/td>\n<td style=\"text-align: center;\">Bs. 80.000,00<\/td>\n<\/tr>\n<tr style=\"height: 30px;\">\n<td style=\"text-align: center;\">CLEI<\/td>\n<td style=\"text-align: center;\">25%<\/td>\n<td style=\"text-align: center;\">Bs. 30.000,00<\/td>\n<td style=\"text-align: center;\">Bs. 60.000,00<\/td>\n<\/tr>\n<tr style=\"height: 30px;\">\n<td style=\"text-align: center;\">SVC \/ CDGY<\/td>\n<td style=\"text-align: center;\">50%<\/td>\n<td style=\"text-align: center;\">Bs. 20.000,00<\/td>\n<td style=\"text-align: center;\">Bs. 40.000,00<\/td>\n<\/tr>\n<\/tbody>\n<\/table>\n<p>&nbsp;<\/p>\n<h2><a name=\"particular\"><\/a>Tarifa por Tutorial para Particulares (Inscripci\u00f3n Temprana)<\/h2>\n<p>La inscripci\u00f3n temprana a los tutoriales se puede realizar hasta el 07 de octubre de 2017. En la tabla, <strong>CLEI<\/strong> significa que el particular est\u00e1 adscrito a una instituci\u00f3n que es miembro del <a href=\"http:\/\/www.clei.org\" target=\"_blank\">CLEI<\/a>, <strong>SVC<\/strong> significa que el particular es miembro de la <a href=\"http:\/\/www.svc.net.ve\" target=\"_blank\">SVC<\/a>, y <strong>CDGY<\/strong> significa que el particular est\u00e1 adscrito a una instituci\u00f3n de educaci\u00f3n superior de Ciudad Guayana.<\/p>\n<table style=\"margin: 0px auto; width: 100%;\" border=\"0\">\n<tbody>\n<tr style=\"height: 30px;\">\n<td style=\"text-align: center;\"><strong>Tipo de Registro<\/strong><\/td>\n<td style=\"text-align: center;\"><strong>Descuento<\/strong><\/td>\n<td style=\"text-align: center;\"><strong>Monto por Tutorial (4 horas)<\/strong><\/td>\n<td style=\"text-align: center;\"><strong>Monto por Tutorial (8 horas)<\/strong><\/td>\n<\/tr>\n<tr style=\"height: 30px;\">\n<td style=\"text-align: center;\">General<\/td>\n<td style=\"text-align: center;\">25%<\/td>\n<td style=\"text-align: center;\">Bs. 60.000,00<\/td>\n<td style=\"text-align: center;\">Bs. 120.000,00<\/td>\n<\/tr>\n<tr style=\"height: 30px;\">\n<td style=\"text-align: center;\">CLEI<\/td>\n<td style=\"text-align: center;\">50%<\/td>\n<td style=\"text-align: center;\">Bs. 40.000,00<\/td>\n<td style=\"text-align: center;\">Bs. 80.000,00<\/td>\n<\/tr>\n<tr style=\"height: 30px;\">\n<td style=\"text-align: center;\">SVC<\/td>\n<td style=\"text-align: center;\">75%<\/td>\n<td style=\"text-align: center;\">Bs. 20.000,00<\/td>\n<td style=\"text-align: center;\">Bs. 40.000,00<\/td>\n<\/tr>\n<\/tbody>\n<\/table>\n<p>&nbsp;<\/p>\n<h2>Tarifa por Tutorial para Particulares (Inscripci\u00f3n Tard\u00eda)<\/h2>\n<p>A partir del 08 de octubre de 2017, se aplicar\u00e1 la inscripci\u00f3n tard\u00eda. En la tabla, <strong>CLEI<\/strong> significa que el particular est\u00e1 adscrito a una instituci\u00f3n que es miembro del <a href=\"http:\/\/www.clei.org\" target=\"_blank\">CLEI<\/a>, <strong>SVC<\/strong> significa que el particular es miembro de la <a href=\"http:\/\/www.svc.net.ve\" target=\"_blank\">SVC<\/a>, y <strong>CDGY<\/strong> significa que el particular est\u00e1 adscrito a una instituci\u00f3n de educaci\u00f3n superior de Ciudad Guayana.<\/p>\n<table style=\"margin: 0px auto; width: 100%;\" border=\"0\">\n<tbody>\n<tr style=\"height: 30px;\">\n<td style=\"text-align: center;\"><strong>Tipo de Registro<\/strong><\/td>\n<td style=\"text-align: center;\"><strong>Descuento<\/strong><\/td>\n<td style=\"text-align: center;\"><strong>Monto de Tutorial (4 horas)<\/strong><\/td>\n<td style=\"text-align: center;\"><strong>Monto de Tutorial (8 horas)<\/strong><\/td>\n<\/tr>\n<tr style=\"height: 30px;\">\n<td style=\"text-align: center;\">General<\/td>\n<td style=\"text-align: center;\">0%<\/td>\n<td style=\"text-align: center;\">Bs. 80.000,00<\/td>\n<td style=\"text-align: center;\">Bs. 160.000,00<\/td>\n<\/tr>\n<tr style=\"height: 30px;\">\n<td style=\"text-align: center;\">CLEI<\/td>\n<td style=\"text-align: center;\">25%<\/td>\n<td style=\"text-align: center;\">Bs. 60.000,00<\/td>\n<td style=\"text-align: center;\">Bs. 120.000,00<\/td>\n<\/tr>\n<tr style=\"height: 30px;\">\n<td style=\"text-align: center;\">SVC<\/td>\n<td style=\"text-align: center;\">50%<\/td>\n<td style=\"text-align: center;\">Bs. 40.000,00<\/td>\n<td style=\"text-align: center;\">Bs. 80.000,00<\/td>\n<\/tr>\n<\/tbody>\n<\/table>\n","protected":false},"excerpt":{"rendered":"<p> EVI 2017 \u2013 Tarifas Tutoriales ( window.MSReady = window.MSReady || [] ).push( function( $ ) { &#8220;use strict&#8221;; var masterslider_26f8 = new MasterSlider(); \/\/ slider controls \/\/ slider setup masterslider_26f8.setup(&#8220;MS69d9cdebd26f8&#8221;, { width : 1500, height : 150, minHeight : 0, space : 0, start : 1, grabCursor : false, swipe : false, mouse : [&#8230;]<\/p>\n","protected":false},"author":1,"featured_media":0,"parent":0,"menu_order":0,"comment_status":"closed","ping_status":"closed","template":"","meta":{"footnotes":""},"class_list":["post-156","page","type-page","status-publish","hentry","odd"],"_links":{"self":[{"href":"https:\/\/concisa.net.ve\/2017\/wp-json\/wp\/v2\/pages\/156","targetHints":{"allow":["GET"]}}],"collection":[{"href":"https:\/\/concisa.net.ve\/2017\/wp-json\/wp\/v2\/pages"}],"about":[{"href":"https:\/\/concisa.net.ve\/2017\/wp-json\/wp\/v2\/types\/page"}],"author":[{"embeddable":true,"href":"https:\/\/concisa.net.ve\/2017\/wp-json\/wp\/v2\/users\/1"}],"replies":[{"embeddable":true,"href":"https:\/\/concisa.net.ve\/2017\/wp-json\/wp\/v2\/comments?post=156"}],"version-history":[{"count":1,"href":"https:\/\/concisa.net.ve\/2017\/wp-json\/wp\/v2\/pages\/156\/revisions"}],"predecessor-version":[{"id":157,"href":"https:\/\/concisa.net.ve\/2017\/wp-json\/wp\/v2\/pages\/156\/revisions\/157"}],"wp:attachment":[{"href":"https:\/\/concisa.net.ve\/2017\/wp-json\/wp\/v2\/media?parent=156"}],"curies":[{"name":"wp","href":"https:\/\/api.w.org\/{rel}","templated":true}]}}