{"id":143,"date":"2017-09-20T20:28:02","date_gmt":"2017-09-20T20:28:02","guid":{"rendered":"http:\/\/www.concisa.net.ve\/2017\/?page_id=143"},"modified":"2017-09-30T13:45:51","modified_gmt":"2017-09-30T13:45:51","slug":"concisa-ponencias","status":"publish","type":"page","link":"https:\/\/concisa.net.ve\/2017\/concisa-ponencias\/","title":{"rendered":"CoNCISa 2017 &#8211; Ponencias"},"content":{"rendered":"\n\t\t<!-- MasterSlider -->\n\t\t<div id=\"P_MS69e88af1ea129\" class=\"master-slider-parent ms-parent-id-24\" style=\"\" >\n\n\t\t\t\n\t\t\t<!-- MasterSlider Main -->\n\t\t\t<div id=\"MS69e88af1ea129\" class=\"master-slider ms-skin-default\" >\n\t\t\t\t \t\t\t\t \n\n\t\t\t<div  class=\"ms-slide\" data-delay=\"3\" data-fill-mode=\"fill\"   >\n\t\t\t\t\t<img decoding=\"async\" src=\"https:\/\/concisa.net.ve\/2017\/wp-content\/plugins\/masterslider\/public\/assets\/css\/blank.gif\" alt=\"\" title=\"\" data-src=\"https:\/\/concisa.net.ve\/2017\/wp-content\/uploads\/sites\/6\/2017\/05\/bg-concisa04-1500x150.jpg\" \/>\n\n\t\t\t\t\t<div  class=\"ms-layer  msp-cn-2-1\" style=\"\"      data-ease=\"easeOutQuint\"                data-offset-x=\"0\" data-offset-y=\"0\" data-origin=\"mc\"   >\nCoNCISa\u00a02017 - Ponencias<\/div>\n\n\n\t\t\t\t<\/div>\n\n\t\t\t<\/div>\n\t\t\t<!-- END MasterSlider Main -->\n\n\t\t\t \n\t\t<\/div>\n\t\t<!-- END MasterSlider -->\n\n\t\t<script>\n\t\t( window.MSReady = window.MSReady || [] ).push( function( $ ) {\n\n\t\t\t\"use strict\";\n\t\t\tvar masterslider_a129 = new MasterSlider();\n\n\t\t\t\/\/ slider controls\n\t\t\t\/\/ slider setup\n\t\t\tmasterslider_a129.setup(\"MS69e88af1ea129\", {\n\t\t\t\twidth           : 1500,\n\t\t\t\theight          : 150,\n\t\t\t\tminHeight       : 0,\n\t\t\t\tspace           : 0,\n\t\t\t\tstart           : 1,\n\t\t\t\tgrabCursor      : false,\n\t\t\t\tswipe           : false,\n\t\t\t\tmouse           : false,\n\t\t\t\tkeyboard        : false,\n\t\t\t\tlayout          : \"fullwidth\",\n\t\t\t\twheel           : false,\n\t\t\t\tautoplay        : false,\n                instantStartLayers:false,\n\t\t\t\tmobileBGVideo:false,\n\t\t\t\tloop            : false,\n\t\t\t\tshuffle         : false,\n\t\t\t\tpreload         : 0,\n\t\t\t\theightLimit     : true,\n\t\t\t\tautoHeight      : false,\n\t\t\t\tsmoothHeight    : true,\n\t\t\t\tendPause        : false,\n\t\t\t\toverPause       : false,\n\t\t\t\tfillMode        : \"fill\",\n\t\t\t\tcenterControls  : true,\n\t\t\t\tstartOnAppear   : false,\n\t\t\t\tlayersMode      : \"center\",\n\t\t\t\tautofillTarget  : \"\",\n\t\t\t\thideLayers      : false,\n\t\t\t\tfullscreenMargin: 0,\n\t\t\t\tspeed           : 20,\n\t\t\t\tdir             : \"h\",\n\t\t\t\tresponsive      : true,\n\t\t\t\ttabletWidth     : 768,\n\t\t\t\ttabletHeight    : null,\n\t\t\t\tphoneWidth      : 480,\n\t\t\t\tphoneHeight    : null,\n\t\t\t\tsizingReference : window,\n\t\t\t\tparallaxMode    : 'swipe',\n\t\t\t\tview            : \"basic\"\n\t\t\t});\n\n\t\t\t\n\t\t\twindow.masterslider_instances = window.masterslider_instances || [];\n\t\t\twindow.masterslider_instances.push( masterslider_a129 );\n\t\t});\n\t\t<\/script>\n\n\n<p>Para CoNCISa 2017, todas las presentaciones son de 30 minutos. Estas 30 minutos incluyen la sesi\u00f3n de preguntas.<\/p>\n<h4>Mi\u00e9rcoles 18 de octubre de 2017 de 01:30 PM a 03:00 PM (Sesi\u00f3n 01)<\/h4>\n<table style=\"margin: 0px auto; width: 100%;\" border=\"0\">\n<tbody>\n<tr style=\"height: 30px;\">\n<td style=\"text-align: center; width: 10%;\"><strong>Identificador Contribuci\u00f3n<\/strong><\/td>\n<td style=\"text-align: center; width: 65%;\"><strong>T\u00edtulo de la Contribuci\u00f3n<\/strong><\/td>\n<td style=\"text-align: center; width: 15%;\"><strong>Tipo Contribuci\u00f3n<\/strong><\/td>\n<td style=\"text-align: center; width: 10%;\"><strong>Tiempo<\/strong><\/td>\n<\/tr>\n<tr style=\"height: 30px;\">\n<td style=\"text-align: center;\">21<\/td>\n<td><strong>Juegos de Entrenamiento Mental bajo un Ambiente de Realidad Virtual Inmersiva <\/strong><br \/>\nDaniel Sam, Esmitt Ram\u00edrez<\/td>\n<td style=\"text-align: center;\">Investigaci\u00f3n (Art\u00edculo Largo)<\/td>\n<td style=\"text-align: center;\">30 minutos<\/td>\n<\/tr>\n<tr style=\"height: 30px;\">\n<td style=\"text-align: center;\">15<\/td>\n<td><strong>Una Propuesta para el Ordenamiento de Datos Bimodales<\/strong><br \/>\nJos\u00e9 Cadenas, Soraya Carrasquel, David Coronado, Rosseline Rodr\u00edguez, Leonid Tineo<\/td>\n<td style=\"text-align: center;\">Investigaci\u00f3n (Art\u00edculo Corto)<\/td>\n<td style=\"text-align: center;\">30 minutos<\/td>\n<\/tr>\n<tr>\n<\/tr>\n<\/tbody>\n<\/table>\n<p>&nbsp;<\/p>\n<h4>Mi\u00e9rcoles 18 de octubre de 2017 de 03:30 PM a 05:00 PM (Sesi\u00f3n 02)<\/h4>\n<table style=\"margin: 0px auto; width: 100%;\" border=\"0\">\n<tbody>\n<tr style=\"height: 30px;\">\n<td style=\"text-align: center; width: 10%;\"><strong>Identificador Contribuci\u00f3n<\/strong><\/td>\n<td style=\"text-align: center; width: 65%;\"><strong>T\u00edtulo de la Contribuci\u00f3n<\/strong><\/td>\n<td style=\"text-align: center; width: 15%;\"><strong>Tipo Contribuci\u00f3n<\/strong><\/td>\n<td style=\"text-align: center; width: 10%;\"><strong>Tiempo<\/strong><\/td>\n<\/tr>\n<tr style=\"height: 30px;\">\n<td style=\"text-align: center;\">18<\/td>\n<td><strong>Propiedades Algebraicas y Decidibilidad del Transformador de Predicados wp sobre la Teor\u00eda de Conjuntos<\/strong><br \/>\nFederico Flaviani<\/td>\n<td style=\"text-align: center;\">Investigaci\u00f3n (Art\u00edculo Largo)<\/td>\n<td style=\"text-align: center;\">30 minutos<\/td>\n<\/tr>\n<tr style=\"height: 30px;\">\n<td style=\"text-align: center;\">13<\/td>\n<td><strong>Filtrado 2D de Im\u00e1genes M\u00e9dicas Basado en Filtros Myriad Ponderados Recursivos<\/strong><br \/>\nLiliana Bautista, Juan Ram\u00edrez<\/td>\n<td style=\"text-align: center;\">Investigaci\u00f3n (Art\u00edculo Largo)<\/td>\n<td style=\"text-align: center;\">30 minutos<\/td>\n<\/tr>\n<tr style=\"height: 30px;\">\n<td style=\"text-align: center;\">10<\/td>\n<td><strong>Algoritmo Adaptativo para la Estimaci\u00f3n por Series de Tiempo usando \u00c1rboles de Decisi\u00f3n<\/strong><br \/>\nAlfredo Naime<\/td>\n<td style=\"text-align: center;\">Tecnolog\u00edas y Herramientas (Art\u00edculo)<\/td>\n<td style=\"text-align: center;\">30 minutos<\/td>\n<\/tr>\n<\/tbody>\n<\/table>\n<p>&nbsp;<\/p>\n<h4>Jueves 19 de octubre de 2017 de 10:00 AM a 11:30 AM (Sesi\u00f3n 03)<\/h4>\n<table style=\"margin: 0px auto; width: 100%;\" border=\"0\">\n<tbody>\n<tr style=\"height: 30px;\">\n<td style=\"text-align: center; width: 10%;\"><strong>Identificador Contribuci\u00f3n<\/strong><\/td>\n<td style=\"text-align: center; width: 65%;\"><strong>T\u00edtulo de la Contribuci\u00f3n<\/strong><\/td>\n<td style=\"text-align: center; width: 15%;\"><strong>Tipo Contribuci\u00f3n<\/strong><\/td>\n<td style=\"text-align: center; width: 10%;\"><strong>Tiempo<\/strong><\/td>\n<\/tr>\n<tr style=\"height: 30px;\">\n<td style=\"text-align: center;\">09<\/td>\n<td><strong>Derivaci\u00f3n del Sistema Moodle a Partir de una Arquitectura de Referencia para el Aprendizaje Electr\u00f3nico<\/strong><br \/>\nFrancisca Losavio, Yuly Esteves<\/td>\n<td style=\"text-align: center;\">Investigaci\u00f3n (Art\u00edculo Largo)<\/td>\n<td style=\"text-align: center;\">30 minutos<\/td>\n<\/tr>\n<tr style=\"height: 30px;\">\n<td style=\"text-align: center;\">08<\/td>\n<td><strong>EAW: Evaluador de Criterios de Accesibilidad Web para Pautas Relacionadas con Discapacidad Visual y Discapacidad Motora<\/strong><br \/>\nYusneyi Carballo, Mar\u00eda Acosta, Ronald Aguilera<\/td>\n<td style=\"text-align: center;\">Investigaci\u00f3n (Art\u00edculo Largo)<\/td>\n<td style=\"text-align: center;\">30 minutos<\/td>\n<\/tr>\n<tr style=\"height: 30px;\">\n<td style=\"text-align: center;\">11<\/td>\n<td><strong>Dise\u00f1o del Modelado Matem\u00e1tico para el Diagn\u00f3stico de Pozos de Extracci\u00f3n por Bombeo de Cavidades Progresivas<\/strong><br \/>\nEdgar Camargo, Lice Guzm\u00e1n, Egner Aceros, Mariuska Brice\u00f1o<\/td>\n<td style=\"text-align: center;\">Tecnolog\u00edas y Herramientas (Art\u00edculo)<\/td>\n<td style=\"text-align: center;\">30 minutos<\/td>\n<\/tr>\n<\/tbody>\n<\/table>\n<p>&nbsp;<\/p>\n<h4>Jueves 19 de octubre de 2017 de 01:30 PM a 03:00 PM (Sesi\u00f3n 04)<\/h4>\n<table style=\"margin: 0px auto; width: 100%;\" border=\"0\">\n<tbody>\n<tr style=\"height: 30px;\">\n<td style=\"text-align: center; width: 10%;\"><strong>Identificador Contribuci\u00f3n<\/strong><\/td>\n<td style=\"text-align: center; width: 65%;\"><strong>T\u00edtulo de la Contribuci\u00f3n<\/strong><\/td>\n<td style=\"text-align: center; width: 15%;\"><strong>Tipo Contribuci\u00f3n<\/strong><\/td>\n<td style=\"text-align: center; width: 10%;\"><strong>Tiempo<\/strong><\/td>\n<\/tr>\n<tr style=\"height: 30px;\">\n<td style=\"text-align: center;\">17<\/td>\n<td><strong>An\u00e1lisis Comparativo de T\u00e9cnicas de Modelado de Metas: Un Enfoque Dirigido por la Planificaci\u00f3n Estrat\u00e9gica del Negocio<\/strong><br \/>\nMayela Delgado, Alfredo Matteo, Francisca Losavio<\/td>\n<td style=\"text-align: center;\">Investigaci\u00f3n (Art\u00edculo Largo)<\/td>\n<td style=\"text-align: center;\">30 minutos<\/td>\n<\/tr>\n<tr style=\"height: 30px;\">\n<td style=\"text-align: center;\">06<\/td>\n<td><strong>Propuesta para la Gesti\u00f3n de Proyectos Socio Tecnol\u00f3gicos del Programa Nacional de Formaci\u00f3n en Inform\u00e1tica<\/strong><br \/>\nIris Albarran, Liliana Silva, Colombia Amezquita, Marbella Casta\u00f1eda<\/td>\n<td style=\"text-align: center;\">Investigaci\u00f3n (Art\u00edculo Largo)<\/td>\n<td style=\"text-align: center;\">30 minutos<\/td>\n<\/tr>\n<tr style=\"height: 30px;\">\n<td style=\"text-align: center;\">05<\/td>\n<td><strong>Multiobjective Optimization Model using Genetic Algorithms for Oil Wells based on Electro Submersible Pumps<\/strong><br \/>\nEdgar Camargo, Egner Aceros, Lice Guzm\u00e1n, Hector Lozada, Jose Aguilar<\/td>\n<td style=\"text-align: center;\">Tecnolog\u00edas y Herramientas (Art\u00edculo)<\/td>\n<td style=\"text-align: center;\">30 minutos<\/td>\n<\/tr>\n<\/tbody>\n<\/table>\n<p>&nbsp;<\/p>\n<h4>Viernes 20 de octubre de 2017 de 10:00 AM a 11:30 AM (Sesi\u00f3n 05)<\/h4>\n<table style=\"margin: 0px auto; width: 100%;\" border=\"0\">\n<tbody>\n<tr style=\"height: 30px;\">\n<td style=\"text-align: center; width: 10%;\"><strong>Identificador Contribuci\u00f3n<\/strong><\/td>\n<td style=\"text-align: center; width: 65%;\"><strong>T\u00edtulo de la Contribuci\u00f3n<\/strong><\/td>\n<td style=\"text-align: center; width: 15%;\"><strong>Tipo Contribuci\u00f3n<\/strong><\/td>\n<td style=\"text-align: center; width: 10%;\"><strong>Tiempo<\/strong><\/td>\n<\/tr>\n<tr style=\"height: 30px;\">\n<td style=\"text-align: center;\">12<\/td>\n<td><strong>Hacia Aplicaciones Web con T\u00e9rminos Difusos<\/strong><br \/>\nJos\u00e9 Labbad, Rosseline Rodr\u00edguez, Leonid Tineo<\/td>\n<td style=\"text-align: center;\">Investigaci\u00f3n (Art\u00edculo Largo)<\/td>\n<td style=\"text-align: center;\">30 minutos<\/td>\n<\/tr>\n<tr style=\"height: 30px;\">\n<td style=\"text-align: center;\">14<\/td>\n<td><strong>Lineamientos para el Despliegue de Redes SDN\/OpenFlow<\/strong><br \/>\nGustavo Pereira, Eric Gamess<\/td>\n<td style=\"text-align: center;\">Investigaci\u00f3n (Art\u00edculo Largo)<\/td>\n<td style=\"text-align: center;\">30 minutos<\/td>\n<\/tr>\n<tr style=\"height: 30px;\">\n<td style=\"text-align: center;\">04<\/td>\n<td><strong>Metodolog\u00eda para el Desarrollo de Aplicaciones Web Utilizando Datos Enlazados<\/strong><br \/>\nTaniana Rodr\u00edguez, Ricardo Dos Santos, Jose Aguilar<\/td>\n<td style=\"text-align: center;\">Tecnolog\u00edas y Herramientas (Art\u00edculo)<\/td>\n<td style=\"text-align: center;\">30 minutos<\/td>\n<\/tr>\n<\/tbody>\n<\/table>\n","protected":false},"excerpt":{"rendered":"<p> CoNCISa 2017 &#8211; Ponencias ( window.MSReady = window.MSReady || [] ).push( function( $ ) { &#8220;use strict&#8221;; var masterslider_dac3 = new MasterSlider(); \/\/ slider controls \/\/ slider setup masterslider_dac3.setup(&#8220;MS69e88af20dac3&#8221;, { width : 1500, height : 150, minHeight : 0, space : 0, start : 1, grabCursor : false, swipe : false, mouse : false, [&#8230;]<\/p>\n","protected":false},"author":1,"featured_media":0,"parent":0,"menu_order":0,"comment_status":"closed","ping_status":"closed","template":"","meta":{"footnotes":""},"class_list":["post-143","page","type-page","status-publish","hentry","odd"],"_links":{"self":[{"href":"https:\/\/concisa.net.ve\/2017\/wp-json\/wp\/v2\/pages\/143","targetHints":{"allow":["GET"]}}],"collection":[{"href":"https:\/\/concisa.net.ve\/2017\/wp-json\/wp\/v2\/pages"}],"about":[{"href":"https:\/\/concisa.net.ve\/2017\/wp-json\/wp\/v2\/types\/page"}],"author":[{"embeddable":true,"href":"https:\/\/concisa.net.ve\/2017\/wp-json\/wp\/v2\/users\/1"}],"replies":[{"embeddable":true,"href":"https:\/\/concisa.net.ve\/2017\/wp-json\/wp\/v2\/comments?post=143"}],"version-history":[{"count":1,"href":"https:\/\/concisa.net.ve\/2017\/wp-json\/wp\/v2\/pages\/143\/revisions"}],"predecessor-version":[{"id":144,"href":"https:\/\/concisa.net.ve\/2017\/wp-json\/wp\/v2\/pages\/143\/revisions\/144"}],"wp:attachment":[{"href":"https:\/\/concisa.net.ve\/2017\/wp-json\/wp\/v2\/media?parent=143"}],"curies":[{"name":"wp","href":"https:\/\/api.w.org\/{rel}","templated":true}]}}