{"id":141,"date":"2017-09-17T01:24:47","date_gmt":"2017-09-17T01:24:47","guid":{"rendered":"http:\/\/www.concisa.net.ve\/2017\/?page_id=141"},"modified":"2020-10-21T16:37:12","modified_gmt":"2020-10-21T16:37:12","slug":"concisa-memorias","status":"publish","type":"page","link":"https:\/\/concisa.net.ve\/2017\/concisa-memorias\/","title":{"rendered":"CoNCISa 2017 &#8211; Memorias"},"content":{"rendered":"\n\t\t<!-- MasterSlider -->\n\t\t<div id=\"P_MS69d9b7825c94d\" class=\"master-slider-parent ms-parent-id-29\" style=\"\" >\n\n\t\t\t\n\t\t\t<!-- MasterSlider Main -->\n\t\t\t<div id=\"MS69d9b7825c94d\" class=\"master-slider ms-skin-default\" >\n\t\t\t\t \t\t\t\t \n\n\t\t\t<div  class=\"ms-slide\" data-delay=\"3\" data-fill-mode=\"fill\"   >\n\t\t\t\t\t<img decoding=\"async\" src=\"https:\/\/concisa.net.ve\/2017\/wp-content\/plugins\/masterslider\/public\/assets\/css\/blank.gif\" alt=\"\" title=\"\" data-src=\"https:\/\/concisa.net.ve\/2017\/wp-content\/uploads\/sites\/6\/2017\/05\/bg-concisa04-1500x150.jpg\" \/>\n\n\t\t\t\t\t<div  class=\"ms-layer  msp-cn-2-1\" style=\"\"      data-ease=\"easeOutQuint\"                data-offset-x=\"0\" data-offset-y=\"0\" data-origin=\"mc\"   >\nCoNCISa\u00a02017 - Memorias<\/div>\n\n\n\t\t\t\t<\/div>\n\n\t\t\t<\/div>\n\t\t\t<!-- END MasterSlider Main -->\n\n\t\t\t \n\t\t<\/div>\n\t\t<!-- END MasterSlider -->\n\n\t\t<script>\n\t\t( window.MSReady = window.MSReady || [] ).push( function( $ ) {\n\n\t\t\t\"use strict\";\n\t\t\tvar masterslider_c94d = new MasterSlider();\n\n\t\t\t\/\/ slider controls\n\t\t\t\/\/ slider setup\n\t\t\tmasterslider_c94d.setup(\"MS69d9b7825c94d\", {\n\t\t\t\twidth           : 1500,\n\t\t\t\theight          : 150,\n\t\t\t\tminHeight       : 0,\n\t\t\t\tspace           : 0,\n\t\t\t\tstart           : 1,\n\t\t\t\tgrabCursor      : false,\n\t\t\t\tswipe           : false,\n\t\t\t\tmouse           : false,\n\t\t\t\tkeyboard        : false,\n\t\t\t\tlayout          : \"fullwidth\",\n\t\t\t\twheel           : false,\n\t\t\t\tautoplay        : false,\n                instantStartLayers:false,\n\t\t\t\tmobileBGVideo:false,\n\t\t\t\tloop            : false,\n\t\t\t\tshuffle         : false,\n\t\t\t\tpreload         : 0,\n\t\t\t\theightLimit     : true,\n\t\t\t\tautoHeight      : false,\n\t\t\t\tsmoothHeight    : true,\n\t\t\t\tendPause        : false,\n\t\t\t\toverPause       : false,\n\t\t\t\tfillMode        : \"fill\",\n\t\t\t\tcenterControls  : true,\n\t\t\t\tstartOnAppear   : false,\n\t\t\t\tlayersMode      : \"center\",\n\t\t\t\tautofillTarget  : \"\",\n\t\t\t\thideLayers      : false,\n\t\t\t\tfullscreenMargin: 0,\n\t\t\t\tspeed           : 20,\n\t\t\t\tdir             : \"h\",\n\t\t\t\tresponsive      : true,\n\t\t\t\ttabletWidth     : 768,\n\t\t\t\ttabletHeight    : null,\n\t\t\t\tphoneWidth      : 480,\n\t\t\t\tphoneHeight    : null,\n\t\t\t\tsizingReference : window,\n\t\t\t\tparallaxMode    : 'swipe',\n\t\t\t\tview            : \"basic\"\n\t\t\t});\n\n\t\t\t\n\t\t\twindow.masterslider_instances = window.masterslider_instances || [];\n\t\t\twindow.masterslider_instances.push( masterslider_c94d );\n\t\t});\n\t\t<\/script>\n\n\n<h2>Memorias de CoNCISa 2017<\/h2>\n<p>En esta p\u00e1gina, se encuentran las memorias de CoNCISa 2017.<\/p>\n<h4>Contribuci\u00f3n por Separada (Sesi\u00f3n de Investigaci\u00f3n &#8211; Art\u00edculos Largos)<\/h4>\n<table style=\"margin: 0px auto; width: 100%;\" border=\"0\">\n<tbody>\n<tr style=\"height: 30px;\">\n<td style=\"text-align: center; width: 10%;\"><strong>N\u00famero<\/strong><\/td>\n<td style=\"text-align: center; width: 75%;\"><strong>Contribuci\u00f3n<\/strong><\/td>\n<td style=\"text-align: center; width: 15%;\"><strong>P\u00e1ginas<\/strong><\/td>\n<\/tr>\n<tr style=\"height: 30px;\">\n<td style=\"text-align: center;\">1.1<\/td>\n<td style=\"text-align: left;\"><strong>Hacia Aplicaciones Web con T\u00e9rminos Difusos<\/strong><br \/>\nJos\u00e9 Labbad, Rosseline Rodr\u00edguez, Leonid Tineo<\/td>\n<td style=\"text-align: center;\"><a href=\"http:\/\/concisa.net.ve\/memorias\/CoNCISa2017\/CoNCISa2017-p002-012.pdf\" target=\"_blank\" rel=\"noopener noreferrer\">2-12<\/a><\/td>\n<\/tr>\n<tr style=\"height: 30px;\">\n<td style=\"text-align: center;\">1.2<\/td>\n<td style=\"text-align: left;\"><strong>Derivaci\u00f3n del Sistema Moodle a Partir de una Arquitectura de Referencia para el Aprendizaje Electr\u00f3nico<\/strong><br \/>\nFrancisca Losavio, Yuly Esteves<\/td>\n<td style=\"text-align: center;\"><a href=\"http:\/\/concisa.net.ve\/memorias\/CoNCISa2017\/CoNCISa2017-p013-024.pdf\" target=\"_blank\" rel=\"noopener noreferrer\">13-24<\/a><\/td>\n<\/tr>\n<tr style=\"height: 30px;\">\n<td style=\"text-align: center;\">1.3<\/td>\n<td style=\"text-align: left;\"><strong>An\u00e1lisis Comparativo de T\u00e9cnicas de Modelado de Metas: Un Enfoque Dirigido por la Planificaci\u00f3n Estrat\u00e9gica del Negocio<\/strong><br \/>\nMayela Delgado, Alfredo Matteo, Francisca Losavio<\/td>\n<td style=\"text-align: center;\"><a href=\"http:\/\/concisa.net.ve\/memorias\/CoNCISa2017\/CoNCISa2017-p025-036.pdf\" target=\"_blank\" rel=\"noopener noreferrer\">25-36<\/a><\/td>\n<\/tr>\n<tr style=\"height: 30px;\">\n<td style=\"text-align: center;\">1.4<\/td>\n<td style=\"text-align: left;\"><strong>Juegos de Entrenamiento Mental bajo un Ambiente de Realidad Virtual Inmersiva<\/strong><br \/>\nDaniel Sam, Esmitt Ram\u00edrez<\/td>\n<td style=\"text-align: center;\"><a href=\"http:\/\/concisa.net.ve\/memorias\/CoNCISa2017\/CoNCISa2017-p037-048.pdf\" target=\"_blank\" rel=\"noopener noreferrer\">37-48<\/a><\/td>\n<\/tr>\n<tr style=\"height: 30px;\">\n<td style=\"text-align: center;\">1.5<\/td>\n<td style=\"text-align: left;\"><strong>Filtrado 2D de Im\u00e1genes M\u00e9dicas Basado en Filtros Myriad Ponderados Recursivos<\/strong><br \/>\nLiliana Bautista, Juan Ram\u00edrez<\/td>\n<td style=\"text-align: center;\"><a href=\"http:\/\/concisa.net.ve\/memorias\/CoNCISa2017\/CoNCISa2017-p049-059.pdf\" target=\"_blank\" rel=\"noopener noreferrer\">49-59<\/a><\/td>\n<\/tr>\n<tr style=\"height: 30px;\">\n<td style=\"text-align: center;\">1.6<\/td>\n<td style=\"text-align: left;\"><strong>Lineamientos para el Despliegue de Redes SDN\/OpenFlow<\/strong><br \/>\nGustavo Pereira, Eric Gamess<\/td>\n<td style=\"text-align: center;\"><a href=\"http:\/\/concisa.net.ve\/memorias\/CoNCISa2017\/CoNCISa2017-p060-072.pdf\" target=\"_blank\" rel=\"noopener noreferrer\">60-72<\/a><\/td>\n<\/tr>\n<tr style=\"height: 30px;\">\n<td style=\"text-align: center;\">1.7<\/td>\n<td style=\"text-align: left;\"><strong>EAW: Evaluador de Criterios de Accesibilidad Web para Pautas Relacionadas con Discapacidad Visual y Discapacidad Motora<\/strong><br \/>\nYusneyi Carballo, Mar\u00eda Acosta, Ronald Aguilera<\/td>\n<td style=\"text-align: center;\"><a href=\"http:\/\/concisa.net.ve\/memorias\/CoNCISa2017\/CoNCISa2017-p073-081.pdf\" target=\"_blank\" rel=\"noopener noreferrer\">73-81<\/a><\/td>\n<\/tr>\n<tr style=\"height: 30px;\">\n<td style=\"text-align: center;\">1.8<\/td>\n<td style=\"text-align: left;\"><strong>Propuesta para la Gesti\u00f3n de Proyectos Socio Tecnol\u00f3gico del Programa Nacional de Formaci\u00f3n en Inform\u00e1tica<\/strong><br \/>\nIris Albarran, Liliana Silva, Colombia Amezquita, Marbella Casta\u00f1eda<\/td>\n<td style=\"text-align: center;\"><a href=\"http:\/\/concisa.net.ve\/memorias\/CoNCISa2017\/CoNCISa2017-p082-093.pdf\" target=\"_blank\" rel=\"noopener noreferrer\">82-93<\/a><\/td>\n<\/tr>\n<tr style=\"height: 30px;\">\n<td style=\"text-align: center;\">1.9<\/td>\n<td style=\"text-align: left;\"><strong>Propiedades Algebraicas y Decidibilidad del Transformador de Predicados wp sobre la Teor\u00eda de Conjuntos<\/strong><br \/>\nFederico Flaviani<\/td>\n<td style=\"text-align: center;\"><a href=\"http:\/\/concisa.net.ve\/memorias\/CoNCISa2017\/CoNCISa2017-p094-105.pdf\" target=\"_blank\" rel=\"noopener noreferrer\">94-105<\/a><\/td>\n<\/tr>\n<\/tbody>\n<\/table>\n<p>&nbsp;<\/p>\n<h4>Contribuci\u00f3n por Separada (Sesi\u00f3n de Investigaci\u00f3n &#8211; Art\u00edculos Cortos)<\/h4>\n<table style=\"margin: 0px auto; width: 100%;\" border=\"0\">\n<tbody>\n<tr style=\"height: 30px;\">\n<td style=\"text-align: center; width: 10%;\"><strong>N\u00famero<\/strong><\/td>\n<td style=\"text-align: center; width: 75%;\"><strong>Contribuci\u00f3n<\/strong><\/td>\n<td style=\"text-align: center; width: 15%;\"><strong>P\u00e1ginas<\/strong><\/td>\n<\/tr>\n<tr style=\"height: 30px;\">\n<td style=\"text-align: center;\">2.1<\/td>\n<td style=\"text-align: left;\"><strong>Una Propuesta para el Ordenamiento de Datos Bimodales<\/strong><br \/>\nJos\u00e9 Cadenas, Soraya Carrasquel, David Coronado, Rosseline Rodr\u00edguez, Leonid Tineo<\/td>\n<td style=\"text-align: center;\"><a href=\"http:\/\/concisa.net.ve\/memorias\/CoNCISa2017\/CoNCISa2017-p107-112.pdf\" target=\"_blank\" rel=\"noopener noreferrer\">107-112<\/a><\/td>\n<\/tr>\n<\/tbody>\n<\/table>\n<p>&nbsp;<\/p>\n<h4>Contribuci\u00f3n por Separada (Sesi\u00f3n de Tecnolog\u00edas y Herramientas Computacionales &#8211; Art\u00edculos)<\/h4>\n<table style=\"margin: 0px auto; width: 100%;\" border=\"0\">\n<tbody>\n<tr style=\"height: 30px;\">\n<td style=\"text-align: center; width: 10%;\"><strong>N\u00famero<\/strong><\/td>\n<td style=\"text-align: center; width: 75%;\"><strong>Contribuci\u00f3n<\/strong><\/td>\n<td style=\"text-align: center; width: 15%;\"><strong>P\u00e1ginas<\/strong><\/td>\n<\/tr>\n<tr style=\"height: 30px;\">\n<td style=\"text-align: center;\">3.1<\/td>\n<td style=\"text-align: left;\"><strong>Metodolog\u00eda para el Desarrollo de Aplicaciones Web Utilizando Datos Enlazados<\/strong><br \/>\nTaniana Rodr\u00edguez, Ricardo Dos Santos, Jose Aguilar<\/td>\n<td style=\"text-align: center;\"><a href=\"http:\/\/concisa.net.ve\/memorias\/CoNCISa2017\/CoNCISa2017-p114-122.pdf\" target=\"_blank\" rel=\"noopener noreferrer\">114-122<\/a><\/td>\n<\/tr>\n<tr style=\"height: 30px;\">\n<td style=\"text-align: center;\">3.2<\/td>\n<td style=\"text-align: left;\"><strong>Multiobjective Optimization Model using Genetic Algorithms for Oil Wells based on Electro Submersible Pumps<\/strong><br \/>\nEdgar Camargo, Egner Aceros, Lice Guzm\u00e1n, Hector Lozada, Jose Aguilar<\/td>\n<td style=\"text-align: center;\"><a href=\"http:\/\/concisa.net.ve\/memorias\/CoNCISa2017\/CoNCISa2017-p123-127.pdf\" target=\"_blank\" rel=\"noopener noreferrer\">123-127<\/a><\/td>\n<\/tr>\n<tr style=\"height: 30px;\">\n<td style=\"text-align: center;\">3.3<\/td>\n<td style=\"text-align: left;\"><strong>Dise\u00f1o del Modelado Matem\u00e1tico para el Diagn\u00f3stico de Pozos de Extracci\u00f3n por Bombeo de Cavidades Progresivas<\/strong><br \/>\nEdgar Camargo, Lice Guzm\u00e1n, Egner Aceros , Mariuska Brice\u00f1o<\/td>\n<td style=\"text-align: center;\"><a href=\"http:\/\/concisa.net.ve\/memorias\/CoNCISa2017\/CoNCISa2017-p128-133.pdf\" target=\"_blank\" rel=\"noopener noreferrer\">128-133<\/a><\/td>\n<\/tr>\n<tr style=\"height: 30px;\">\n<td style=\"text-align: center;\">3.4<\/td>\n<td style=\"text-align: left;\"><strong>Algor\u00edtmo Adaptativo para la Estimaci\u00f3n por Series de Tiempo Usando \u00c1rboles de Decisi\u00f3n<\/strong><br \/>\nAlfredo Naime<\/td>\n<td style=\"text-align: center;\"><a href=\"http:\/\/concisa.net.ve\/memorias\/CoNCISa2017\/CoNCISa2017-p134-140.pdf\" target=\"_blank\" rel=\"noopener noreferrer\">134-140<\/a><\/td>\n<\/tr>\n<tr><\/tr>\n<\/tbody>\n<\/table>\n<p>&nbsp;<\/p>\n<h4>Archivos Adicionales<\/h4>\n<table style=\"margin: 0px auto; width: 100%;\" border=\"0\">\n<tbody>\n<tr style=\"height: 30px;\">\n<td style=\"text-align: left; width: 85%;\"><strong>Informaci\u00f3n<\/strong><\/td>\n<td style=\"text-align: center; width: 15%;\"><strong>Archivo<\/strong><\/td>\n<\/tr>\n<tr style=\"height: 30px;\">\n<td style=\"text-align: left;\">Volumen Completo<\/td>\n<td style=\"text-align: center;\"><a href=\"http:\/\/concisa.net.ve\/memorias\/CoNCISa2017\/CoNCISa2017-full-proceedings.pdf\" target=\"_blank\" rel=\"noopener noreferrer\">enlace<\/a><\/td>\n<\/tr>\n<tr style=\"height: 30px;\">\n<td style=\"text-align: left;\">Cubierta<\/td>\n<td style=\"text-align: center;\"><a href=\"http:\/\/concisa.net.ve\/memorias\/CoNCISa2017\/CoNCISa2017-front-cover.pdf\" target=\"_blank\" rel=\"noopener noreferrer\">enlace<\/a><\/td>\n<\/tr>\n<tr style=\"height: 30px;\">\n<td style=\"text-align: left;\">Primera P\u00e1gina<\/td>\n<td style=\"text-align: center;\"><a href=\"http:\/\/concisa.net.ve\/memorias\/CoNCISa2017\/CoNCISa2017-first-page.pdf\" target=\"_blank\" rel=\"noopener noreferrer\">enlace<\/a><\/td>\n<\/tr>\n<tr style=\"height: 30px;\">\n<td style=\"text-align: left;\">Comit\u00e9 de Programa<\/td>\n<td style=\"text-align: center;\"><a href=\"http:\/\/concisa.net.ve\/memorias\/CoNCISa2017\/CoNCISa2017-program-committee.pdf\" target=\"_blank\" rel=\"noopener noreferrer\">enlace<\/a><\/td>\n<\/tr>\n<tr style=\"height: 30px;\">\n<td style=\"text-align: left;\">Comit\u00e9 Organizador<\/td>\n<td style=\"text-align: center;\"><a href=\"http:\/\/concisa.net.ve\/memorias\/CoNCISa2017\/CoNCISa2017-organizing-committee.pdf\" target=\"_blank\" rel=\"noopener noreferrer\">enlace<\/a><\/td>\n<\/tr>\n<tr style=\"height: 30px;\">\n<td style=\"text-align: left;\">Tabla de Contenido<\/td>\n<td style=\"text-align: center;\"><a href=\"http:\/\/concisa.net.ve\/memorias\/CoNCISa2017\/CoNCISa2017-ToC.pdf\" target=\"_blank\" rel=\"noopener noreferrer\">enlace<\/a><\/td>\n<\/tr>\n<tr style=\"height: 30px;\">\n<td style=\"text-align: left;\">\u00cdndice de Autores<\/td>\n<td style=\"text-align: center;\"><a href=\"http:\/\/concisa.net.ve\/memorias\/CoNCISa2017\/CoNCISa2017-authors.pdf\" target=\"_blank\" rel=\"noopener noreferrer\">enlace<\/a><\/td>\n<\/tr>\n<\/tbody>\n<\/table>\n","protected":false},"excerpt":{"rendered":"<p> CoNCISa 2017 &#8211; Memorias ( window.MSReady = window.MSReady || [] ).push( function( $ ) { &#8220;use strict&#8221;; var masterslider_9602 = new MasterSlider(); \/\/ slider controls \/\/ slider setup masterslider_9602.setup(&#8220;MS69d9b78269602&#8221;, { width : 1500, height : 150, minHeight : 0, space : 0, start : 1, grabCursor : false, swipe : false, mouse : false, [&#8230;]<\/p>\n","protected":false},"author":1,"featured_media":0,"parent":0,"menu_order":0,"comment_status":"closed","ping_status":"closed","template":"","meta":{"footnotes":""},"class_list":["post-141","page","type-page","status-publish","hentry","odd"],"_links":{"self":[{"href":"https:\/\/concisa.net.ve\/2017\/wp-json\/wp\/v2\/pages\/141","targetHints":{"allow":["GET"]}}],"collection":[{"href":"https:\/\/concisa.net.ve\/2017\/wp-json\/wp\/v2\/pages"}],"about":[{"href":"https:\/\/concisa.net.ve\/2017\/wp-json\/wp\/v2\/types\/page"}],"author":[{"embeddable":true,"href":"https:\/\/concisa.net.ve\/2017\/wp-json\/wp\/v2\/users\/1"}],"replies":[{"embeddable":true,"href":"https:\/\/concisa.net.ve\/2017\/wp-json\/wp\/v2\/comments?post=141"}],"version-history":[{"count":1,"href":"https:\/\/concisa.net.ve\/2017\/wp-json\/wp\/v2\/pages\/141\/revisions"}],"predecessor-version":[{"id":205,"href":"https:\/\/concisa.net.ve\/2017\/wp-json\/wp\/v2\/pages\/141\/revisions\/205"}],"wp:attachment":[{"href":"https:\/\/concisa.net.ve\/2017\/wp-json\/wp\/v2\/media?parent=141"}],"curies":[{"name":"wp","href":"https:\/\/api.w.org\/{rel}","templated":true}]}}