{"id":138,"date":"2017-09-14T22:46:08","date_gmt":"2017-09-14T22:46:08","guid":{"rendered":"http:\/\/www.concisa.net.ve\/2017\/?page_id=138"},"modified":"2017-11-01T00:14:05","modified_gmt":"2017-11-01T00:14:05","slug":"evi-tutoriales-ofertados","status":"publish","type":"page","link":"https:\/\/concisa.net.ve\/2017\/evi-tutoriales-ofertados\/","title":{"rendered":"EVI 2017 &#8211; Tutoriales Ofertados"},"content":{"rendered":"\n\t\t<!-- MasterSlider -->\n\t\t<div id=\"P_MS69d9ba086d964\" class=\"master-slider-parent ms-parent-id-22\" style=\"\" >\n\n\t\t\t\n\t\t\t<!-- MasterSlider Main -->\n\t\t\t<div id=\"MS69d9ba086d964\" class=\"master-slider ms-skin-default\" >\n\t\t\t\t \t\t\t\t \n\n\t\t\t<div  class=\"ms-slide\" data-delay=\"3\" data-fill-mode=\"fill\"   >\n\t\t\t\t\t<img decoding=\"async\" src=\"https:\/\/concisa.net.ve\/2017\/wp-content\/plugins\/masterslider\/public\/assets\/css\/blank.gif\" alt=\"\" title=\"\" data-src=\"https:\/\/concisa.net.ve\/2017\/wp-content\/uploads\/sites\/6\/2017\/05\/bg-concisa03-1500x150.jpg\" \/>\n\n\t\t\t\t\t<div  class=\"ms-layer  msp-cn-2-1\" style=\"\"      data-ease=\"easeOutQuint\"                data-offset-x=\"0\" data-offset-y=\"0\" data-origin=\"mc\"   >\nEVI 2017 \u2013 Tutoriales Ofertados<\/div>\n\n\n\t\t\t\t<\/div>\n\n\t\t\t<\/div>\n\t\t\t<!-- END MasterSlider Main -->\n\n\t\t\t \n\t\t<\/div>\n\t\t<!-- END MasterSlider -->\n\n\t\t<script>\n\t\t( window.MSReady = window.MSReady || [] ).push( function( $ ) {\n\n\t\t\t\"use strict\";\n\t\t\tvar masterslider_d964 = new MasterSlider();\n\n\t\t\t\/\/ slider controls\n\t\t\t\/\/ slider setup\n\t\t\tmasterslider_d964.setup(\"MS69d9ba086d964\", {\n\t\t\t\twidth           : 1500,\n\t\t\t\theight          : 150,\n\t\t\t\tminHeight       : 0,\n\t\t\t\tspace           : 0,\n\t\t\t\tstart           : 1,\n\t\t\t\tgrabCursor      : false,\n\t\t\t\tswipe           : false,\n\t\t\t\tmouse           : false,\n\t\t\t\tkeyboard        : false,\n\t\t\t\tlayout          : \"fullwidth\",\n\t\t\t\twheel           : false,\n\t\t\t\tautoplay        : false,\n                instantStartLayers:false,\n\t\t\t\tmobileBGVideo:false,\n\t\t\t\tloop            : false,\n\t\t\t\tshuffle         : false,\n\t\t\t\tpreload         : 0,\n\t\t\t\theightLimit     : true,\n\t\t\t\tautoHeight      : false,\n\t\t\t\tsmoothHeight    : true,\n\t\t\t\tendPause        : false,\n\t\t\t\toverPause       : false,\n\t\t\t\tfillMode        : \"fill\",\n\t\t\t\tcenterControls  : true,\n\t\t\t\tstartOnAppear   : false,\n\t\t\t\tlayersMode      : \"center\",\n\t\t\t\tautofillTarget  : \"\",\n\t\t\t\thideLayers      : false,\n\t\t\t\tfullscreenMargin: 0,\n\t\t\t\tspeed           : 20,\n\t\t\t\tdir             : \"h\",\n\t\t\t\tresponsive      : true,\n\t\t\t\ttabletWidth     : 768,\n\t\t\t\ttabletHeight    : null,\n\t\t\t\tphoneWidth      : 480,\n\t\t\t\tphoneHeight    : null,\n\t\t\t\tsizingReference : window,\n\t\t\t\tparallaxMode    : 'swipe',\n\t\t\t\tview            : \"basic\"\n\t\t\t});\n\n\t\t\t\n\t\t\twindow.masterslider_instances = window.masterslider_instances || [];\n\t\t\twindow.masterslider_instances.push( masterslider_d964 );\n\t\t});\n\t\t<\/script>\n\n\n<h2>Tutoriales Ofertados<\/h2>\n<p>Durante EVI 2017, habr\u00e1 tutoriales de 4 horas y otros de 8 horas. Para informaci\u00f3n sobre las tarifas de los tutoriales, hacer clic <a href=\"http:\/\/www.concisa.net.ve\/2017\/evi-tarifa\">aqu\u00ed<\/a>. Es importante tomar en cuenta que la tarifa depende del n\u00famero de horas del tutorial. La programaci\u00f3n de los tutoriales es la siguiente:<\/p>\n<h3>D\u00eda Lunes 16 de octubre de 2017<\/h3>\n<ul>\n<li><b>EVI 11:<\/b> <a href=\"http:\/\/www.concisa.net.ve\/2017\/evi-tutoriales#evi11\">Introducci\u00f3n al Mundo de la Programaci\u00f3n Funcional en Haskell<\/a><\/li>\n<li><b>EVI 12:<\/b> <a href=\"http:\/\/www.concisa.net.ve\/2017\/evi-tutoriales#evi12\">Arquitectura de Subsunci\u00f3n para el Desarrollo de Controladores Basados en Comportamiento para Rob\u00f3tica e Inteligencia Artificial<\/a><\/li>\n<li><b>EVI 13:<\/b> <a href=\"http:\/\/www.concisa.net.ve\/2017\/evi-tutoriales#evi13\">Artefacto para el Dise\u00f1o de Interfaz de Usuario de los Sistemas bajo Entorno Web para el Desarrollo de Proyectos Sociotecnol\u00f3gicos<\/a><\/li>\n<\/ul>\n<h3>D\u00eda Martes 17 de octubre de 2017<\/h3>\n<ul>\n<li><b>EVI 21:<\/b> <a href=\"http:\/\/www.concisa.net.ve\/2017\/evi-tutoriales#evi21\">Introducci\u00f3n a los Algoritmos de Ray Tracing y Path Tracing para la Generaci\u00f3n de Im\u00e1genes Sint\u00e9ticas<\/a><\/li>\n<li><b>EVI 22:<\/b> <a href=\"http:\/\/www.concisa.net.ve\/2017\/evi-tutoriales#evi22\">Seguridad en Arquitecturas Web mediante Certificaci\u00f3n Digital<\/a><\/li>\n<li><b>EVI 23:<\/b> <a href=\"http:\/\/www.concisa.net.ve\/2017\/evi-tutoriales#evi23\">Introducci\u00f3n a la Realidad Aumentada con el Uso de Unity y Vuforia<\/a><\/li>\n<li><b>EVI 24:<\/b> Cancelado<\/li>\n<li><b>EVI 25:<\/b> <a href=\"http:\/\/www.concisa.net.ve\/2017\/evi-tutoriales#evi25\">Miner\u00eda de Datos Difusa<\/a><\/li>\n<\/ul>\n<h3>D\u00eda Mi\u00e9rcoles 18 de octubre de 2017<\/h3>\n<ul>\n<li><b>EVI 31:<\/b> <a href=\"http:\/\/www.concisa.net.ve\/2017\/evi-tutoriales#evi31\">Introducci\u00f3n al Mundo de la Programaci\u00f3n L\u00f3gica<\/a><\/li>\n<li><b>EVI 32:<\/b> <a href=\"http:\/\/www.concisa.net.ve\/2017\/evi-tutoriales#evi32\">Programaci\u00f3n Web Avanzada<\/a><\/li>\n<li><b>EVI 33:<\/b> <a href=\"http:\/\/www.concisa.net.ve\/2017\/evi-tutoriales#evi33\">Edici\u00f3n de Documentos usando LaTeX<\/a><\/li>\n<\/ul>\n<p>&nbsp;<\/p>\n<h4><a name=\"evi11\"><\/a>EVI 11: Introducci\u00f3n al Mundo de la Programaci\u00f3n Funcional en Haskell<br \/>\nR. Monascal, Universidad Sim\u00f3n Bol\u00edvar, Venezuela<\/h4>\n<p><strong>Fecha:<\/strong> Lunes 16 de octubre de 2017<br \/>\n<strong>Hora:<\/strong> 01:30 a 05:00 PM<br \/>\n<strong>Duraci\u00f3n:<\/strong> 4 horas<br \/>\n<strong>Aula:<\/strong> Lab. 2<br \/>\n<strong>Contenido:<\/strong> Breve revisi\u00f3n hist\u00f3rica de la evoluci\u00f3n de los lenguajes de programaci\u00f3n. Bases te\u00f3ricas de la programaci\u00f3n funcional. El Haskell Platform y ghci. Funciones y tipos, secciones, currificaci\u00f3n. Pattern Matching y condicionales. Listas y tuplas. Funciones de orden superior. Creaci\u00f3n de tipos de datos recursivos. M\u00f3dulos. Ejemplo completo: Codificaci\u00f3n de Hoffman.<br \/>\n<strong>M\u00e1s Informaci\u00f3n:<\/strong> Haz clic en en el siguiente <a href=\"http:\/\/www.concisa.net.ve\/2017\/wp-content\/uploads\/sites\/6\/2017\/09\/EVI11.pdf\" target=\"_blank\">enlace<\/a>.<br \/>\n&nbsp;<\/p>\n<h4><a name=\"evi12\"><\/a>EVI 12: Arquitectura de Subsunci\u00f3n para el Desarrollo de Controladores Basados en Comportamiento para Rob\u00f3tica e Inteligencia Artificial<br \/>\nM. Astor, Universidad Central de Venezuela, Venezuela<\/h4>\n<p><strong>Fecha:<\/strong> Lunes 16 de octubre de 2017<br \/>\n<strong>Hora:<\/strong> 01:30 a 05:00 PM<br \/>\n<strong>Duraci\u00f3n:<\/strong> 4 horas<br \/>\n<strong>Aula:<\/strong> Lab. 4<br \/>\n<strong>Contenido:<\/strong> El tema incluye: (1) La Arquitectura de Subsunci\u00f3n: Inteligencia Artificial deliberativa y reactiva. La arquitectura de subsunci\u00f3n. Aut\u00f3matas finitos aumentados. Inhibici\u00f3n y supresi\u00f3n de se\u00f1ales de control. Ejemplo de un controlador de subsunci\u00f3n para b\u00fasqueda y exploraci\u00f3n. (2) Implementaci\u00f3n de la Arquitectura de Subsunci\u00f3n: Introducci\u00f3n a Robocode. Dise\u00f1o e implementaci\u00f3n del \u00e1rbitro de subsunci\u00f3n. Dise\u00f1o e implementaci\u00f3n de los comportamientos. Integraci\u00f3n del \u00e1rbitro y los comportamientos en un controlador reactivo. (3) Arquitecturas derivadas de la Arquitectura de Subsunci\u00f3n: Arquitectura din\u00e1mica de subsunci\u00f3n. Arquitectura h\u00edbrida de tres capas.<br \/>\n<strong>M\u00e1s Informaci\u00f3n:<\/strong> Haz clic en en el siguiente <a href=\"http:\/\/www.concisa.net.ve\/2017\/wp-content\/uploads\/sites\/6\/2017\/09\/EVI12.pdf\" target=\"_blank\">enlace<\/a>.<br \/>\n&nbsp;<\/p>\n<h4><a name=\"evi13\"><\/a>EVI 13: Artefacto para el Dise\u00f1o de Interfaz de Usuario de los Sistemas bajo Entorno Web para el Desarrollo de Proyectos Sociotecnol\u00f3gicos<br \/>\nA. Arraiz, A. Lunar, Universidad Polit\u00e9cnica Territorial de Paria Luis Mariano Rivera, Venezuela<\/h4>\n<p><strong>Fecha:<\/strong> Lunes 16 de octubre de 2017<br \/>\n<strong>Hora:<\/strong> 01:30 a 05:00 PM<br \/>\n<strong>Duraci\u00f3n:<\/strong> 4 horas<br \/>\n<strong>Aula:<\/strong> Lab. BD<br \/>\n<strong>Contenido:<\/strong> Unidad I: Dise\u00f1o de Interfaz de Usuario. Caracter\u00edsticas de una buena interfaz. La Usabilidad como resultado de una buena Interfaz. Papel del Usuario. M\u00e9todos y herramientas para el dise\u00f1o de interfaz de usuario. Unidad II: Modelo de Interfaz de Usuario. Patrones de Interfaz de Usuario. Elementos Gr\u00e1ficos de la Interfaz de Usuario. Importancia de un Prototipo. Unidad: III: Artefacto de Dise\u00f1o de Interfaz de Usuario (DIU). Objetivos General DIU. Objetivos Espec\u00edficos DIU. Recomendaciones para utilizar el DIU. Unidad IV: Descripci\u00f3n detallada del DIU (desarrollo con ejemplos). Generalidades. Modelado de la Interfaz. Descripci\u00f3n del Usuario. Entorno Gr\u00e1fico. Definici\u00f3n de Herramientas para la Interfaz. Prototipo de Interfaz de Usuario. Unidad V: Conclusiones y Recomendaciones.<br \/>\n<strong>M\u00e1s Informaci\u00f3n:<\/strong> Haz clic en en el siguiente <a href=\"http:\/\/www.concisa.net.ve\/2017\/wp-content\/uploads\/sites\/6\/2017\/10\/EVI13.pdf\" target=\"_blank\">enlace<\/a>.<br \/>\n&nbsp;<\/p>\n<h4><a name=\"evi21\"><\/a>EVI 21: Introducci\u00f3n a los Algoritmos de Ray Tracing y Path Tracing para la Generaci\u00f3n de Im\u00e1genes Sint\u00e9ticas<br \/>\nM. Astor, Universidad Central de Venezuela, Venezuela<\/h4>\n<p><strong>Fecha:<\/strong> Martes 17 de octubre de 2017<br \/>\n<strong>Hora:<\/strong> 08:00 a 11:30 AM + 01:30 a 05:00 PM<br \/>\n<strong>Duraci\u00f3n:<\/strong> 8 horas<br \/>\n<strong>Aula:<\/strong> Lab. 2<br \/>\n<strong>Contenido:<\/strong> El tema incluye: (1) Introducci\u00f3n a la generaci\u00f3n de im\u00e1genes sint\u00e9ticas: Fundamentos de generaci\u00f3n de im\u00e1genes sint\u00e9ticas. Comparaci\u00f3n de varios algoritmos de generaci\u00f3n de im\u00e1genes sint\u00e9ticas: Z-Buffer, Scanline y Ray Tracing. (2) Introducci\u00f3n al Algoritmo de Ray Tracing: Definici\u00f3n de rayo. El algoritmo de Ray Tracing de Whitted. Generaci\u00f3n de los rayos primarios. Aliasing y t\u00e9cnicas de Supersampling. (3) Intersecci\u00f3n de Rayos con Figuras Geom\u00e9tricas: Enfoques de intersecci\u00f3n de rayos: geom\u00e9trico y algebraico. Intersecciones: rayo-esfera, rayo-plano. (4) Iluminaci\u00f3n y sombreado: El concepto de Bidirectional Reflectance Distribution Function (BRDF). La BRDF de Phong. (5) Introducci\u00f3n al algoritmo de Path Tracing: El Path Tracing. Muestreo aleatorio de Monte Carlo. Generaci\u00f3n de muestras sobre una semi-esfera. Iluminaci\u00f3n global.<br \/>\n<strong>M\u00e1s Informaci\u00f3n:<\/strong> Haz clic en en el siguiente <a href=\"http:\/\/www.concisa.net.ve\/2017\/wp-content\/uploads\/sites\/6\/2017\/09\/EVI21.pdf\" target=\"_blank\">enlace<\/a>.<br \/>\n&nbsp;<\/p>\n<h4><a name=\"evi22\"><\/a>EVI 22: Seguridad en Arquitecturas Web mediante Certificaci\u00f3n Digital<br \/>\nW. Pereira, Universidad Cat\u00f3lica Andr\u00e9s Bello, Venezuela<\/h4>\n<p><strong>Fecha:<\/strong> Martes 17 de octubre de 2017<br \/>\n<strong>Hora:<\/strong> 08:00 a 11:30 AM + 01:30 a 05:00 PM<br \/>\n<strong>Duraci\u00f3n:<\/strong> 8 horas<br \/>\n<strong>Aula:<\/strong> Lab. BD<br \/>\n<strong>Contenido:<\/strong> (1) Criptograf\u00eda: Principios b\u00e1sicos de cifrado. Algoritmos de clave sim\u00e9trica y clave p\u00fablica (AES y RSA). Funciones de hash o compendio (MD5 y SHA). Firma Digital (DSS). (2) Certificados Digitales y Autoridades Certificadoras: Certificados de Servidores, Clientes y software. Tipos de Autoridades de Certificaci\u00f3n: Internas y Externas. Arquitectura de las PKI. Ventajas y desventajas de las PKI. Herramientas (gpg y openssl). (3) Principios B\u00e1sicos de Seguridad en Linux: Permisos de usuarios. Archivos de password de cuentas de usuarios. Conexi\u00f3n remota y transferencia de archivos a distancia. Cuenta del administrador: restricciones y privilegios.<br \/>\n<strong>M\u00e1s Informaci\u00f3n:<\/strong> Haz clic en en el siguiente <a href=\"http:\/\/www.concisa.net.ve\/2017\/wp-content\/uploads\/sites\/6\/2017\/09\/EVI22.pdf\" target=\"_blank\">enlace<\/a>.<br \/>\n&nbsp;<\/p>\n<h4><a name=\"evi23\"><\/a>EVI 23: Introducci\u00f3n a la Realidad Aumentada con el Uso de Unity y Vuforia<br \/>\nP. Oviedo, J. Ramos, Universidad Ferm\u00edn Toro, Venezuela<\/h4>\n<p><strong>Fecha:<\/strong> Martes 17 de octubre de 2017<br \/>\n<strong>Hora:<\/strong> 08:00 a 11:30 AM + 01:30 a 05:00 PM<br \/>\n<strong>Duraci\u00f3n:<\/strong> 8 horas<br \/>\n<strong>Aula:<\/strong> Lab. 4<br \/>\n<strong>Contenido:<\/strong> Definici\u00f3n de realidad aumentada. Diferencias entre realidad aumentada y realidad virtual. Informaci\u00f3n de c\u00f3mo descargar las herramientas. Instalaci\u00f3n de Unity. Inclusi\u00f3n de las librer\u00edas de Vuforia. Explicaci\u00f3n del entorno Unity. Primeros pasos en Unity. Creaci\u00f3n y carga de base de datos de activadores RA en Unity. Creaci\u00f3n de aplicaci\u00f3n en realidad aumentada. Ejemplos de aplicaciones en realidad aumentada.<br \/>\n<strong>M\u00e1s Informaci\u00f3n:<\/strong> Haz clic en en el siguiente <a href=\"http:\/\/www.concisa.net.ve\/2017\/wp-content\/uploads\/sites\/6\/2017\/09\/EVI23.pdf\" target=\"_blank\">enlace<\/a>.<br \/>\n&nbsp;<\/p>\n<h4><a name=\"evi25\"><\/a>EVI 25: Miner\u00eda de Datos Difusa<br \/>\nL. Borjas, IUT Dr. Federico Rivero Palacio, Venezuela<\/h4>\n<p><strong>Fecha:<\/strong> Martes 17 de octubre de 2017<br \/>\n<strong>Hora:<\/strong> 08:00 a 11:30 AM + 01:30 a 05:00 PM<br \/>\n<strong>Duraci\u00f3n:<\/strong> 8 horas<br \/>\n<strong>Aula:<\/strong> Lab. CE<br \/>\n<strong>Contenido:<\/strong> Introducci\u00f3n. Conceptos generales: Datos, Patrones, KDD, Miner\u00eda de datos, L\u00f3gica Difusa, entre otros. Metodolog\u00edas. T\u00e9cnicas. Aplicaciones. Tendencias actuales: T\u00e9cnicas con L\u00f3gica Difusa, Big Data, entre otras. Tecnolog\u00edas. Introducci\u00f3n al Proyecto de Investigaci\u00f3n: PostgreSQLf. Ejemplos y casos de estudios con Software WEKA, R y R Studio.<br \/>\n<strong>M\u00e1s Informaci\u00f3n:<\/strong> Haz clic en en el siguiente <a href=\"http:\/\/www.concisa.net.ve\/2017\/wp-content\/uploads\/sites\/6\/2017\/09\/EVI25.pdf\" target=\"_blank\">enlace<\/a>.<br \/>\n&nbsp;<\/p>\n<h4><a name=\"evi31\"><\/a>EVI 31: Introducci\u00f3n al Mundo de la Programaci\u00f3n L\u00f3gica<br \/>\nR. Monascal, Universidad Sim\u00f3n Bol\u00edvar, Venezuela<\/h4>\n<p><strong>Fecha:<\/strong> Mi\u00e9rcoles 18 de octubre de 2017<br \/>\n<strong>Hora:<\/strong> 08:00 a 11:30 AM<br \/>\n<strong>Duraci\u00f3n:<\/strong> 4 horas<br \/>\n<strong>Aula:<\/strong> Lab. 4<br \/>\n<strong>Contenido:<\/strong> Breve revisi\u00f3n hist\u00f3rica de la evoluci\u00f3n de los lenguajes de programaci\u00f3n. Bases te\u00f3ricas de la programaci\u00f3n l\u00f3gica. SWI-Prolog. Hechos, reglas y consultas. Aritm\u00e9tica. Manejo de Listas. Tipos estructurados. Cut (interrupci\u00f3n de b\u00fasqueda) y fail. Metaprogramaci\u00f3n y manipulaci\u00f3n de base del conocimiento.<br \/>\n<strong>M\u00e1s Informaci\u00f3n:<\/strong> Haz clic en en el siguiente <a href=\"http:\/\/www.concisa.net.ve\/2017\/wp-content\/uploads\/sites\/6\/2017\/09\/EVI31.pdf\" target=\"_blank\">enlace<\/a>.<br \/>\n&nbsp;<\/p>\n<h4><a name=\"evi32\"><\/a>EVI 32: Programaci\u00f3n Web Avanzada<br \/>\nL. Silva, L. Mendoza, I. Albarran, IUT Dr. Federico Rivero Palacio, Venezuela<\/h4>\n<p><strong>Fecha:<\/strong> Mi\u00e9rcoles 18 de octubre de 2017<br \/>\n<strong>Hora:<\/strong> 08:00 a 11:30 AM<br \/>\n<strong>Duraci\u00f3n:<\/strong> 4 horas<br \/>\n<strong>Aula:<\/strong> Lab. BD<br \/>\n<strong>Contenido:<\/strong> Fundamentos de AJAX, Jquery y formatos de intercambio de datos. Pr\u00e1ctica 1: Manejando funciones y selectores con Jquery. Pr\u00e1ctica 2: Aplicaciones Web que usan AJAX. Pr\u00e1ctica 3: Manejando tablas con Jquery. Pr\u00e1ctica 4: aplicaciones Web que utilicen formatos de intercambio de datos, tales como: Json.<br \/>\n<strong>M\u00e1s Informaci\u00f3n:<\/strong> Haz clic en en el siguiente <a href=\"http:\/\/www.concisa.net.ve\/2017\/wp-content\/uploads\/sites\/6\/2017\/09\/EVI32.pdf\" target=\"_blank\">enlace<\/a>.<br \/>\n&nbsp;<\/p>\n<h4><a name=\"evi33\"><\/a>EVI 33: Edici\u00f3n de Documentos usando LaTeX<br \/>\nD. Coronado, Universidad Sim\u00f3n Bol\u00edvar, Venezuela<\/h4>\n<p><strong>Fecha:<\/strong> Mi\u00e9rcoles 18 de octubre de 2017<br \/>\n<strong>Hora:<\/strong> 08:00 a 11:30 AM<br \/>\n<strong>Duraci\u00f3n:<\/strong> 4 horas<br \/>\n<strong>Aula:<\/strong> Lab. CE<br \/>\n<strong>Contenido:<\/strong> Estructura b\u00e1sica de LaTeX, Instalaci\u00f3n y configuraci\u00f3n del compilador (MikTeX o LiveTeX) y del editor (TeXmaker). Compilaci\u00f3n de documentos. Creaci\u00f3n de documentos en l\u00ednea (cooperativo) en www.overleaf.com. Estructura de un documento LaTeX, el pre\u00e1mbulo, tipos b\u00e1sicos de documentos. Ambientes especiales, partes, secciones etc., enumeraci\u00f3n y listas, citas a pie de p\u00e1gina. Escritura de f\u00f3rmulas y ecuaciones en modo matem\u00e1tico. Uso de delimitadores, creaci\u00f3n de matrices, escritura de sumatorias, productorias e integrales, ambiente teorema, enumeraci\u00f3n de f\u00f3rmulas, referencias cruzadas, tablas de s\u00edmbolos matem\u00e1ticos frecuentes. Ambientes de inserci\u00f3n de figuras, tablas y algoritmos. Creaci\u00f3n de diagramas. Creaci\u00f3n de \u00edndices, tabla de contenido y bibliograf\u00eda. Citas bibliogr\u00e1ficas. Estilos bibliogr\u00e1ficos. Modificaci\u00f3n de plantillas: m\u00e1rgenes, tipos de letras, enumeraciones. Creaci\u00f3n de figuras y grafos usando el paquete tikzpicture. Otros paquetes.<br \/>\n<strong>M\u00e1s Informaci\u00f3n:<\/strong> Haz clic en en el siguiente <a href=\"http:\/\/www.concisa.net.ve\/2017\/wp-content\/uploads\/sites\/6\/2017\/10\/EVI33.pdf\" target=\"_blank\">enlace<\/a>.<br \/>\n&nbsp;<\/p>\n","protected":false},"excerpt":{"rendered":"<p> EVI 2017 \u2013 Tutoriales Ofertados ( window.MSReady = window.MSReady || [] ).push( function( $ ) { &#8220;use strict&#8221;; var masterslider_2405 = new MasterSlider(); \/\/ slider controls \/\/ slider setup masterslider_2405.setup(&#8220;MS69d9ba0882405&#8221;, { width : 1500, height : 150, minHeight : 0, space : 0, start : 1, grabCursor : false, swipe : false, mouse : [&#8230;]<\/p>\n","protected":false},"author":1,"featured_media":0,"parent":0,"menu_order":0,"comment_status":"closed","ping_status":"closed","template":"","meta":{"footnotes":""},"class_list":["post-138","page","type-page","status-publish","hentry","odd"],"_links":{"self":[{"href":"https:\/\/concisa.net.ve\/2017\/wp-json\/wp\/v2\/pages\/138","targetHints":{"allow":["GET"]}}],"collection":[{"href":"https:\/\/concisa.net.ve\/2017\/wp-json\/wp\/v2\/pages"}],"about":[{"href":"https:\/\/concisa.net.ve\/2017\/wp-json\/wp\/v2\/types\/page"}],"author":[{"embeddable":true,"href":"https:\/\/concisa.net.ve\/2017\/wp-json\/wp\/v2\/users\/1"}],"replies":[{"embeddable":true,"href":"https:\/\/concisa.net.ve\/2017\/wp-json\/wp\/v2\/comments?post=138"}],"version-history":[{"count":0,"href":"https:\/\/concisa.net.ve\/2017\/wp-json\/wp\/v2\/pages\/138\/revisions"}],"wp:attachment":[{"href":"https:\/\/concisa.net.ve\/2017\/wp-json\/wp\/v2\/media?parent=138"}],"curies":[{"name":"wp","href":"https:\/\/api.w.org\/{rel}","templated":true}]}}