{"id":128,"date":"2017-09-06T15:17:29","date_gmt":"2017-09-06T15:17:29","guid":{"rendered":"http:\/\/www.concisa.net.ve\/2017\/?page_id=128"},"modified":"2018-11-18T15:30:31","modified_gmt":"2018-11-18T15:30:31","slug":"concisa-instrucciones-version-final","status":"publish","type":"page","link":"https:\/\/concisa.net.ve\/2017\/concisa-instrucciones-version-final\/","title":{"rendered":"CoNCISa 2017 &#8211; Instrucciones Versi\u00f3n Final Contribuciones"},"content":{"rendered":"\n\t\t<!-- MasterSlider -->\n\t\t<div id=\"P_MS69d17b54b05c5\" class=\"master-slider-parent ms-parent-id-23\" style=\"\" >\n\n\t\t\t\n\t\t\t<!-- MasterSlider Main -->\n\t\t\t<div id=\"MS69d17b54b05c5\" class=\"master-slider ms-skin-default\" >\n\t\t\t\t \t\t\t\t \n\n\t\t\t<div  class=\"ms-slide\" data-delay=\"3\" data-fill-mode=\"fill\"   >\n\t\t\t\t\t<img decoding=\"async\" src=\"https:\/\/concisa.net.ve\/2017\/wp-content\/plugins\/masterslider\/public\/assets\/css\/blank.gif\" alt=\"\" title=\"\" data-src=\"https:\/\/concisa.net.ve\/2017\/wp-content\/uploads\/sites\/6\/2017\/05\/bg-concisa04-1500x150.jpg\" \/>\n\n\t\t\t\t\t<div  class=\"ms-layer  msp-cn-2-1\" style=\"\"      data-ease=\"easeOutQuint\"                data-offset-x=\"0\" data-offset-y=\"0\" data-origin=\"mc\"   >\nCoNCISa\u00a02017 - Instrucciones Versi\u00f3n Final Contribuciones<\/div>\n\n\n\t\t\t\t<\/div>\n\n\t\t\t<\/div>\n\t\t\t<!-- END MasterSlider Main -->\n\n\t\t\t \n\t\t<\/div>\n\t\t<!-- END MasterSlider -->\n\n\t\t<script>\n\t\t( window.MSReady = window.MSReady || [] ).push( function( $ ) {\n\n\t\t\t\"use strict\";\n\t\t\tvar masterslider_05c5 = new MasterSlider();\n\n\t\t\t\/\/ slider controls\n\t\t\t\/\/ slider setup\n\t\t\tmasterslider_05c5.setup(\"MS69d17b54b05c5\", {\n\t\t\t\twidth           : 1500,\n\t\t\t\theight          : 150,\n\t\t\t\tminHeight       : 0,\n\t\t\t\tspace           : 0,\n\t\t\t\tstart           : 1,\n\t\t\t\tgrabCursor      : false,\n\t\t\t\tswipe           : false,\n\t\t\t\tmouse           : false,\n\t\t\t\tkeyboard        : false,\n\t\t\t\tlayout          : \"fullwidth\",\n\t\t\t\twheel           : false,\n\t\t\t\tautoplay        : false,\n                instantStartLayers:false,\n\t\t\t\tmobileBGVideo:false,\n\t\t\t\tloop            : false,\n\t\t\t\tshuffle         : false,\n\t\t\t\tpreload         : 0,\n\t\t\t\theightLimit     : true,\n\t\t\t\tautoHeight      : false,\n\t\t\t\tsmoothHeight    : true,\n\t\t\t\tendPause        : false,\n\t\t\t\toverPause       : false,\n\t\t\t\tfillMode        : \"fill\",\n\t\t\t\tcenterControls  : true,\n\t\t\t\tstartOnAppear   : false,\n\t\t\t\tlayersMode      : \"center\",\n\t\t\t\tautofillTarget  : \"\",\n\t\t\t\thideLayers      : false,\n\t\t\t\tfullscreenMargin: 0,\n\t\t\t\tspeed           : 20,\n\t\t\t\tdir             : \"h\",\n\t\t\t\tresponsive      : true,\n\t\t\t\ttabletWidth     : 768,\n\t\t\t\ttabletHeight    : null,\n\t\t\t\tphoneWidth      : 480,\n\t\t\t\tphoneHeight    : null,\n\t\t\t\tsizingReference : window,\n\t\t\t\tparallaxMode    : 'swipe',\n\t\t\t\tview            : \"basic\"\n\t\t\t});\n\n\t\t\t\n\t\t\twindow.masterslider_instances = window.masterslider_instances || [];\n\t\t\twindow.masterslider_instances.push( masterslider_05c5 );\n\t\t});\n\t\t<\/script>\n\n\n<h2>Instrucciones Versi\u00f3n Final Contribuciones<\/h2>\n<p>Esta p\u00e1gina web contiene instrucciones para los autores de contribuciones aceptadas en CoNCISa 2017, acerca de c\u00f3mo preparar y presentar la versi\u00f3n final de sus contribuciones.<\/p>\n<p>Las contribuciones aceptadas en la Quinta Conferencia Nacional de Computaci\u00f3n, Inform\u00e1tica y Sistemas (CoNCISa 2017) ser\u00e1n publicadas en las memorias y en la p\u00e1gina web de la conferencia. Es importante que los autores de las contribuciones aceptadas sigan los pasos especificados a continuaci\u00f3n:<\/p>\n<p style=\"padding-left: 30px;\"><a href=\"http:\/\/www.concisa.net.ve\/2017\/concisa-instrucciones-version-final#paso1\"><strong>Paso 1<\/strong>: Hacer mejoras a su contribuci\u00f3n de acuerdo a las recomendaciones de los revisores.<\/a><br \/>\n<a href=\"http:\/\/www.concisa.net.ve\/2017\/concisa-instrucciones-version-final#paso2\"><strong>Paso 2<\/strong>: Formatear la versi\u00f3n final de su contribuci\u00f3n de acuerdo al estilo IEEE.<\/a><br \/>\n<a href=\"http:\/\/www.concisa.net.ve\/2017\/concisa-instrucciones-version-final#paso3\"><strong>Paso 3<\/strong>: Generar el PDF de su contribuci\u00f3n.<\/a><br \/>\n<a href=\"http:\/\/www.concisa.net.ve\/2017\/concisa-instrucciones-version-final#paso4\"><strong>Paso 4<\/strong>: Subir la versi\u00f3n final de su contribuci\u00f3n en EasyChair.<\/a><br \/>\n<a href=\"http:\/\/www.concisa.net.ve\/2017\/concisa-instrucciones-version-final#paso5\"><strong>Paso 5<\/strong>: Registrarse en la conferencia.<\/a><\/p>\n<p>El no cumplir con todos los elementos requeridos para el 14 de septiembre de 2017, dar\u00e1 lugar a la eliminaci\u00f3n de la contribuci\u00f3n del programa t\u00e9cnico de la conferencia.<\/p>\n<hr \/>\n<p><a name=\"paso1\"><\/a><strong>Paso 1<\/strong> &#8211; Hacer mejoras a su contribuci\u00f3n de acuerdo a las recomendaciones de los revisores<\/p>\n<p>Aplicar las recomendaciones de los revisores. En particular, si su contribuci\u00f3n es corta, recuerde que el n\u00famero m\u00e1ximo de p\u00e1ginas es cinco (aplica a la <strong>Sesi\u00f3n de investigaci\u00f3n<\/strong> y la <strong>Sesi\u00f3n de tecnolog\u00edas y herramientas computacionales<\/strong>). Si su contribuci\u00f3n es larga, no exceda el m\u00e1ximo n\u00famero de p\u00e1ginas que es doce (aplica a la <strong>Sesi\u00f3n de investigaci\u00f3n<\/strong> y la <strong>Sesi\u00f3n de tecnolog\u00edas y herramientas computacionales<\/strong>). En caso que su contribuci\u00f3n pertenezca a la <strong>Sesi\u00f3n de Gesti\u00f3n de Tecnolog\u00edas de Informaci\u00f3n<\/strong>, el n\u00famero m\u00e1ximo de p\u00e1ginas es diez. Para mayor informaci\u00f3n, consultar el <a href=\"http:\/\/www.concisa.net.ve\/2017\/concisa-llamado-articulos\">CFP (Llamado a Art\u00edculos)<\/a>.<\/p>\n<hr \/>\n<p><a name=\"paso2\"><\/a><strong>Paso 2<\/strong> &#8211; Formatear la versi\u00f3n final de su contribuci\u00f3n de acuerdo al estilo IEEE<\/p>\n<p>Las instrucciones de formateo provistas en esta secci\u00f3n deben ser seguidas estrictamente para que su contribuci\u00f3n sea incluida en las memorias de la conferencia.<\/p>\n<p>Instrucciones Generales:<\/p>\n<ul>\n<li>Los trabajos deben ser escritos en castellano o ingl\u00e9s, tomando como referencia el formato para art\u00edculos de IEEE (<a href=\"http:\/\/www.ieee.org\/conferences_events\/conferences\/publishing\/templates.html\" target=\"_blank\">Manuscript Templates for Conference Proceedings<\/a>) en tama\u00f1o carta (8.5\u2033 x 11\u2033).<\/li>\n<li>Si la contribuci\u00f3n est\u00e1 escrita en castellano, utilizar la palabra <b>Resumen<\/b> para el resumen y <b>Palabras Clave<\/b> para las palabras clave. Note que solamente se requiere de un t\u00edtulo, un resumen y una lista de palabras clave, todos en castellano. Es decir que no se debe traducir estos elementos al ingl\u00e9s.<\/li>\n<li>Si la contribuci\u00f3n est\u00e1 escrita en ingl\u00e9s, utilizar la palabra <b>Abstract<\/b> para el resumen y <b>Keywords<\/b> para las palabras clave. Note que solamente se requiere de un t\u00edtulo, un resumen y una lista de palabras clave, todos en ingl\u00e9s. Es decir que no se debe traducir estos elementos al castellano.<\/li>\n<li>El resumen puede ser de uno o m\u00e1s p\u00e1rrafos. El resumen no debe contener caracteres especiales, f\u00f3rmulas, figuras, tablas, listas de balas, listas numeradas, citaciones a referencias, etc. Las palabras clave deben ser separadas con punto y coma. El resumen debe estar en negrita. Las palabras clave deben estar en negrita + it\u00e1lica.  La lista de palabras clave debe ser puesta despu\u00e9s del resumen.<\/li>\n<li>Presentar las contribuciones sobre dos columnas, interlineado simple, con tama\u00f1o carta (8,5\u2019\u2019 x 11\u2019\u2019).<\/li>\n<li>Las referencias bibliogr\u00e1ficas deber\u00edan estar citadas expl\u00edcitamente en el trabajo. Cada cita es un n\u00famero entre corchetes ([1], [2], [3], etc), apareciendo de forma ascendente, secuencialmente en el texto, y que remita a la correspondiente referencia. Para mayor detalles sobre el formato y el tipo de referencias, consultar las plantillas del IEEE.<\/li>\n<li>Utilizar el estilo de IEEE para las referencias bibliogr\u00e1ficas. Para cada autor, debe poner la inicial del nombre y el apellido (e.g., E. Kennedy, G. Lopez). En el caso de una publicaci\u00f3n en una conferencia, debe verificar que haya puesto la ciudad y pa\u00eds de celebraci\u00f3n, el mes y a\u00f1o de celebraci\u00f3n. En caso de un art\u00edculo de revista, cotejar que su referencia tenga el volumen, el n\u00famero, el mes y a\u00f1o de publicaci\u00f3n, y el rango de p\u00e1ginas.<\/li>\n<li>No colocar n\u00famero de p\u00e1ginas a su manuscrito.<\/li>\n<li>No poner hiperenlaces en su archivo PDF (s\u00ed puede poner referencias a p\u00e1ginas web, pero estas referencias no deben ser enlazadas). Eso es, verifique que no tenga URL en azul en su manuscrito.<\/li>\n<li>No aplicar configuraciones de seguridad a su archivo PDF.<\/li>\n<li>Para que fuese m\u00e1s justa, la evaluaci\u00f3n de los trabajos se hizo a ciegas. Para la versi\u00f3n final de su trabajo, se debe agregar la informaci\u00f3n de los autores (nombres, afiliaciones, y emails). La afiliaci\u00f3n debe ser concisa.<\/li>\n<li>Los t\u00edtulos de las figuras deben ser centrados por debajo de \u00e9stas. La numeraci\u00f3n de las figuras se hace con n\u00fameros ar\u00e1bicos (Figura 1, Figura 2, Figura 3, etc). En las citaciones de las figuras y en los t\u00edtulos de las figuras, la &#8220;F&#8221; de &#8220;Figura&#8221; se debe escribir en may\u00fasculas. Utilizar la palabra &#8220;<b>Figura<\/b>&#8221; (o &#8220;<b>Figure<\/b>&#8221; para las contribuciones en ingl\u00e9s), no utilizar &#8220;Gr\u00e1fica&#8221;, &#8220;Dibujo&#8221; u otra palabra. No utilizar la abreviaci\u00f3n &#8220;Fig.&#8221; sino &#8220;Figura&#8221; (o &#8220;Figure&#8221; para las contribuciones en ingl\u00e9s). No finalice el t\u00edtulo de una figura por un punto.<\/li>\n<li>Los t\u00edtulos de las tablas deben ser centrados por encima de \u00e9stas. La numeraci\u00f3n de las tablas se hace con n\u00fameros romanos (Tabla I, Tabla II, Tabla III, etc). En las citaciones de las tablas, la &#8220;T&#8221; de &#8220;Tabla&#8221; se debe escribir en may\u00fasculas. Utilizar la palabra &#8220;<b>Tabla<\/b>&#8221; (o &#8220;<b>Table<\/b>&#8221; para las contribuciones en ingl\u00e9s), no utilizar &#8220;Cuadro&#8221;, &#8220;Recuadro&#8221;, u otra palabra. No finalice el t\u00edtulo de una tabla por un punto.<\/li>\n<li>Las iniciales de las palabras importantes de todos los t\u00edtulos de la contribuci\u00f3n deben estar en may\u00fascula. Eso aplica a todos los t\u00edtulos, incluyendo: (1) el t\u00edtulo mismo de la contribuci\u00f3n, (2) el t\u00edtulo de las secciones y de las subsecciones, (3) el t\u00edtulo de las figuras, (4) el t\u00edtulo de las tablas, y (5) el t\u00edtulo de todas las referencias bibliogr\u00e1ficas. Un t\u00edtulo correcto ser\u00eda: <b>La Historia del Lenguaje C++ desde sus Inicios<\/b><\/li>\n<li>Las figuras de los trabajos deben ser de alta calidad, de tal forma que no se vean pixeladas. El texto dentro de las figuras debe ser suficientemente grande para que se pueda leer facilmente. No se debe encerrar las figuras en un recuadro. Al producir el PDF de su contribuci\u00f3n, es importante configurar las opciones de su software para que las figuras sean generadas con una resoluci\u00f3n de al menos 600 DPI.<\/li>\n<li>Los t\u00edtulos de las figuras y de las tablas deben ser cortos. Es decir que no se debe hacer la descripci\u00f3n de las figuras y de las tablas dentro de los t\u00edtulos es estas; Para eso esta el texto de la contribuci\u00f3n. El caso que la figura o la tabla no sea propia, la citaci\u00f3n de la fuente de esta se debe hacer en el texto del trabajo, no en su t\u00edtulo.<\/li>\n<li>En caso que un trabajo incluya material con copyright, es obligaci\u00f3n de los autores obtener la autorizaci\u00f3n por escrito de los due\u00f1os antes enviar la versi\u00f3n final de la contribuci\u00f3n.<\/li>\n<\/ul>\n<hr \/>\n<p><a name=\"paso3\"><\/a><strong>Paso 3<\/strong> &#8211; Generar el PDF de su contribuci\u00f3n<\/p>\n<p>El \u00fanico formato aceptado para las contribuciones de CoNCISa es el formato PDF. Genere el archivo correspondiente. Verifique que el archivo PDF no tenga hiperenlaces, no exceda el n\u00famero m\u00e1ximo de p\u00e1ginas, y que la estructura de la contribuci\u00f3n (diagramaci\u00f3n) no haya sido cambiada por la conversi\u00f3n a PDF. Coteje que sus figuras y tablas sean de alta resoluci\u00f3n, que haya utilizado el formato del IEEE para sus referencias bibliogr\u00e1ficas y que las citaciones a estas \u00faltimas se haya realizado exitosamente. Acu\u00e9rdese que el t\u00edtulo de las figuras debe estar centrado por debajo de las mismas, y que el t\u00edtulo de las tablas debe estar centrado por encima de las mismas.<\/p>\n<hr \/>\n<p><a name=\"paso4\"><\/a><strong>Paso 4<\/strong> &#8211; Subir la versi\u00f3n final de su contribuci\u00f3n en EasyChair<\/p>\n<p>Debe subir la versi\u00f3n final de su contribuci\u00f3n en formato PDF en <a href=\"https:\/\/www.easychair.org\/conferences\/?conf=concisa2017\" target=\"_blank\" rel=\"noopener noreferrer\">EasyChair<\/a> para el 14 de septiembre de 2017.<\/p>\n<div>\n<p>Antes de proceder a subir la versi\u00f3n final de su contribuci\u00f3n, realice una verificaci\u00f3n adicional de la misma: (1) la contribuci\u00f3n no debe tener n\u00famero de p\u00e1ginas, (2) las figuras y tablas deben ser de alta resoluci\u00f3n y el texto dentro de estas debe ser f\u00e1cilmente legible, (3) el estilo de las referencias bibliogr\u00e1ficas es el del IEEE, (4) la generaci\u00f3n de las citaciones de las referencias bibliogr\u00e1ficas se realiz\u00f3 en forma exitosa, (5) la contribuci\u00f3n no debe exceder el n\u00famero de p\u00e1ginas correspondiente, y (6) el archivo PDF debe estar libre de hiperenlaces.<\/p>\n<hr \/>\n<p><a name=\"paso5\"><\/a><strong>Paso 5<\/strong> &#8211; Registrarse en la conferencia<\/p>\n<p>Pronto, esta informaci\u00f3n estar\u00e1 disponible.<\/p>\n<\/div>\n","protected":false},"excerpt":{"rendered":"<p> CoNCISa 2017 &#8211; Instrucciones Versi\u00f3n Final Contribuciones ( window.MSReady = window.MSReady || [] ).push( function( $ ) { &#8220;use strict&#8221;; var masterslider_ef95 = new MasterSlider(); \/\/ slider controls \/\/ slider setup masterslider_ef95.setup(&#8220;MS69d17b54bef95&#8221;, { width : 1500, height : 150, minHeight : 0, space : 0, start : 1, grabCursor : false, swipe : false, [&#8230;]<\/p>\n","protected":false},"author":1,"featured_media":0,"parent":0,"menu_order":0,"comment_status":"closed","ping_status":"closed","template":"","meta":{"footnotes":""},"class_list":["post-128","page","type-page","status-publish","hentry","odd"],"_links":{"self":[{"href":"https:\/\/concisa.net.ve\/2017\/wp-json\/wp\/v2\/pages\/128","targetHints":{"allow":["GET"]}}],"collection":[{"href":"https:\/\/concisa.net.ve\/2017\/wp-json\/wp\/v2\/pages"}],"about":[{"href":"https:\/\/concisa.net.ve\/2017\/wp-json\/wp\/v2\/types\/page"}],"author":[{"embeddable":true,"href":"https:\/\/concisa.net.ve\/2017\/wp-json\/wp\/v2\/users\/1"}],"replies":[{"embeddable":true,"href":"https:\/\/concisa.net.ve\/2017\/wp-json\/wp\/v2\/comments?post=128"}],"version-history":[{"count":0,"href":"https:\/\/concisa.net.ve\/2017\/wp-json\/wp\/v2\/pages\/128\/revisions"}],"wp:attachment":[{"href":"https:\/\/concisa.net.ve\/2017\/wp-json\/wp\/v2\/media?parent=128"}],"curies":[{"name":"wp","href":"https:\/\/api.w.org\/{rel}","templated":true}]}}