{"id":106,"date":"2017-06-01T18:06:14","date_gmt":"2017-06-01T18:06:14","guid":{"rendered":"http:\/\/www.concisa.net.ve\/2017\/?page_id=106"},"modified":"2017-07-21T19:11:06","modified_gmt":"2017-07-21T19:11:06","slug":"pst-informacion","status":"publish","type":"page","link":"https:\/\/concisa.net.ve\/2017\/pst-informacion\/","title":{"rendered":"PST 2017 &#8211; Informaci\u00f3n"},"content":{"rendered":"\n\t\t<!-- MasterSlider -->\n\t\t<div id=\"P_MS69d9ba2bd43bc\" class=\"master-slider-parent ms-parent-id-16\" style=\"\" >\n\n\t\t\t\n\t\t\t<!-- MasterSlider Main -->\n\t\t\t<div id=\"MS69d9ba2bd43bc\" class=\"master-slider ms-skin-default\" >\n\t\t\t\t \t\t\t\t \n\n\t\t\t<div  class=\"ms-slide\" data-delay=\"3\" data-fill-mode=\"fill\"   >\n\t\t\t\t\t<img decoding=\"async\" src=\"https:\/\/concisa.net.ve\/2017\/wp-content\/plugins\/masterslider\/public\/assets\/css\/blank.gif\" alt=\"\" title=\"\" data-src=\"https:\/\/concisa.net.ve\/2017\/wp-content\/uploads\/sites\/6\/2017\/05\/bg-concisa15-1500x150.jpg\" \/>\n\n\t\t\t\t\t<div  class=\"ms-layer  msp-cn-2-1\" style=\"\"      data-ease=\"easeOutQuint\"                data-offset-x=\"0\" data-offset-y=\"0\" data-origin=\"mc\"   >\nPST 2017 -\u00a0Informaci\u00f3n<\/div>\n\n\n\t\t\t\t<\/div>\n\n\t\t\t<\/div>\n\t\t\t<!-- END MasterSlider Main -->\n\n\t\t\t \n\t\t<\/div>\n\t\t<!-- END MasterSlider -->\n\n\t\t<script>\n\t\t( window.MSReady = window.MSReady || [] ).push( function( $ ) {\n\n\t\t\t\"use strict\";\n\t\t\tvar masterslider_43bc = new MasterSlider();\n\n\t\t\t\/\/ slider controls\n\t\t\t\/\/ slider setup\n\t\t\tmasterslider_43bc.setup(\"MS69d9ba2bd43bc\", {\n\t\t\t\twidth           : 1500,\n\t\t\t\theight          : 150,\n\t\t\t\tminHeight       : 0,\n\t\t\t\tspace           : 0,\n\t\t\t\tstart           : 1,\n\t\t\t\tgrabCursor      : false,\n\t\t\t\tswipe           : false,\n\t\t\t\tmouse           : false,\n\t\t\t\tkeyboard        : false,\n\t\t\t\tlayout          : \"fullwidth\",\n\t\t\t\twheel           : false,\n\t\t\t\tautoplay        : false,\n                instantStartLayers:false,\n\t\t\t\tmobileBGVideo:false,\n\t\t\t\tloop            : false,\n\t\t\t\tshuffle         : false,\n\t\t\t\tpreload         : 0,\n\t\t\t\theightLimit     : true,\n\t\t\t\tautoHeight      : false,\n\t\t\t\tsmoothHeight    : true,\n\t\t\t\tendPause        : false,\n\t\t\t\toverPause       : false,\n\t\t\t\tfillMode        : \"fill\",\n\t\t\t\tcenterControls  : true,\n\t\t\t\tstartOnAppear   : false,\n\t\t\t\tlayersMode      : \"center\",\n\t\t\t\tautofillTarget  : \"\",\n\t\t\t\thideLayers      : false,\n\t\t\t\tfullscreenMargin: 0,\n\t\t\t\tspeed           : 20,\n\t\t\t\tdir             : \"h\",\n\t\t\t\tresponsive      : true,\n\t\t\t\ttabletWidth     : 768,\n\t\t\t\ttabletHeight    : null,\n\t\t\t\tphoneWidth      : 480,\n\t\t\t\tphoneHeight    : null,\n\t\t\t\tsizingReference : window,\n\t\t\t\tparallaxMode    : 'swipe',\n\t\t\t\tview            : \"basic\"\n\t\t\t});\n\n\t\t\t\n\t\t\twindow.masterslider_instances = window.masterslider_instances || [];\n\t\t\twindow.masterslider_instances.push( masterslider_43bc );\n\t\t});\n\t\t<\/script>\n\n\n<h2>Informaci\u00f3n<\/h2>\n<p>El II Concurso Nacional de Proyectos Socio-Tecnol\u00f3gicos de la <a href=\"http:\/\/www.svc.net.ve\" target=\"_blank\">SVC<\/a> (PST), dedicado a los trabajos realizados en las instituciones que gestionan el Programa Nacional de Formaci\u00f3n en Inform\u00e1tica (PNFI), se realizar\u00e1 en el marco de EVI-CoNCISa 2017. El objetivo del concurso es promover, reconocer y divulgar el trabajo final de los estudiantes que hayan culminado recientemente cualquiera de los trayectos del PNFI.<\/p>\n<p>El PNFI se gestiona en 33 instituciones de educaci\u00f3n universitaria, que comprenden los Institutos Universitarios de Tecnolog\u00eda (IUT), los Colegios Universitarios, las Universidades Nacionales Experimentales (UNE). Podr\u00e1n participar estudiantes que hayan culminado un trayecto del PNFI en el per\u00edodo comprendido del 01\/07\/2016 al 31\/07\/2017 en cualquiera de las instituciones universitarias mencionadas. Se aceptar\u00e1 la postulaci\u00f3n de un PST por instituci\u00f3n. Las contribuciones ser\u00e1n revisadas por un Comit\u00e9 Evaluador, quien elegir\u00e1 los tres mejores trabajos.<\/p>\n<p>Los PSTs premiados ser\u00e1n presentados oralmente en una sesi\u00f3n especial que tendr\u00e1 lugar en EVI-CoNCISa 2017, que se realizar\u00e1 en la <a href=\"http:\/\/guayanaweb.ucab.edu.ve\" target=\"_blank\">UCAB-Guayana<\/a> (Universidad Cat\u00f3lica Andr\u00e9s Bello, Ciudad Guayana), del 16 al 20 de octubre de 2017. Adicionalmente, se publicar\u00e1 un resumen de una p\u00e1gina de los PSTs premiados en las memorias de CoNCISa 2017. Para recibir el premio es requisito presentar personalmente el trabajo.<\/p>\n<h2>Premio<\/h2>\n<p>Adem\u00e1s de las respectivas certificaciones, los ganadores tendr\u00e1n: placa acr\u00edlica conmemorativa, membres\u00eda gratuita a la <a href=\"http:\/\/www.svc.net.ve\" target=\"_blank\">SVC<\/a> por los a\u00f1os 2017 y 2018, inscripci\u00f3n gratuita en tres tutoriales de <a href=\"http:\/\/www.concisa.net.ve\/2017\/evi-informacion\">EVI 2017<\/a>, inscripci\u00f3n gratuita como asistente a <a href=\"http:\/\/www.concisa.net.ve\/2017\/concisa-informacion\">CoNCISa 2017<\/a>.<\/p>\n","protected":false},"excerpt":{"rendered":"<p> PST 2017 &#8211; Informaci\u00f3n ( window.MSReady = window.MSReady || [] ).push( function( $ ) { &#8220;use strict&#8221;; var masterslider_afa6 = new MasterSlider(); \/\/ slider controls \/\/ slider setup masterslider_afa6.setup(&#8220;MS69d9ba2beafa6&#8221;, { width : 1500, height : 150, minHeight : 0, space : 0, start : 1, grabCursor : false, swipe : false, mouse : false, [&#8230;]<\/p>\n","protected":false},"author":1,"featured_media":0,"parent":0,"menu_order":0,"comment_status":"closed","ping_status":"closed","template":"","meta":{"footnotes":""},"class_list":["post-106","page","type-page","status-publish","hentry","odd"],"_links":{"self":[{"href":"https:\/\/concisa.net.ve\/2017\/wp-json\/wp\/v2\/pages\/106","targetHints":{"allow":["GET"]}}],"collection":[{"href":"https:\/\/concisa.net.ve\/2017\/wp-json\/wp\/v2\/pages"}],"about":[{"href":"https:\/\/concisa.net.ve\/2017\/wp-json\/wp\/v2\/types\/page"}],"author":[{"embeddable":true,"href":"https:\/\/concisa.net.ve\/2017\/wp-json\/wp\/v2\/users\/1"}],"replies":[{"embeddable":true,"href":"https:\/\/concisa.net.ve\/2017\/wp-json\/wp\/v2\/comments?post=106"}],"version-history":[{"count":0,"href":"https:\/\/concisa.net.ve\/2017\/wp-json\/wp\/v2\/pages\/106\/revisions"}],"wp:attachment":[{"href":"https:\/\/concisa.net.ve\/2017\/wp-json\/wp\/v2\/media?parent=106"}],"curies":[{"name":"wp","href":"https:\/\/api.w.org\/{rel}","templated":true}]}}