{"id":92,"date":"2016-09-12T23:51:07","date_gmt":"2016-09-12T23:51:07","guid":{"rendered":"http:\/\/www.concisa.net.ve\/2016\/?page_id=92"},"modified":"2016-10-23T01:32:43","modified_gmt":"2016-10-23T01:32:43","slug":"concurso-nacional-pst","status":"publish","type":"page","link":"https:\/\/concisa.net.ve\/2016\/concurso-nacional-pst\/","title":{"rendered":"I Concurso Nacional de Proyectos Socio-Tecnol\u00f3gicos"},"content":{"rendered":"<p><span style=\"display: block; font-size: 20px; padding: 10px; margin-left: 0; -webkit-border-radius: 4px; border-radius: 4px; color: white; text-shadow: 2px 2px black; background-image: linear-gradient(135deg, #f15029, #f15029, #0d5995, #1574c4, #063358, #0d5995, #101112, #101112, #101112);\">I Concurso Nacional de Proyectos Socio-Tecnol\u00f3gicos 2016<\/span><\/p>\n<p>El Primer Concurso Nacional de Proyectos Socio-Tecnol\u00f3gicos de la SVC, dedicado a los trabajos de pregrado realizados en las instituciones que gestionan el Programa Nacional de Formaci\u00f3n en Inform\u00e1tica (PNFI), se realizar\u00e1 en el marco de CoNCISa-EVI 2016. El objetivo del concurso es promover, reconocer y divulgar el trabajo final de los estudiantes que hayan culminado recientemente cualquiera de los trayectos del PNFI.<\/p>\n<p>El PNFI se gestiona en 33 instituciones de educaci\u00f3n universitaria, que comprenden los Institutos Universitarios de Tecnolog\u00eda (IUT), los Colegios Universitarios, las Universidades Nacionales Experimentales (UNE). Podr\u00e1n participar estudiantes que hayan culminado un trayecto del PNFI en el per\u00edodo comprendido del 01\/07\/2015 al 31\/07\/2016 en cualquiera de las instituciones universitarias mencionadas. <b>Se aceptar\u00e1 la postulaci\u00f3n de un PST por instituci\u00f3n.<\/b> Las contribuciones ser\u00e1n revisadas por un Comit\u00e9 Evaluador, quien elegir\u00e1 los tres mejores trabajos.<\/p>\n<p>Los PSTs premiados ser\u00e1n presentados oralmente en una sesi\u00f3n especial que tendr\u00e1 lugar en CoNCISa-EVI 2016, que se realizar\u00e1 en el Colegio Universitario de Caracas, Caracas, Venezuela, del 24 al 28 de octubre de 2016. Adicionalmente, se publicar\u00e1 un resumen de una p\u00e1gina de los PSTs premiados en las memorias de CoNCISa 2016. Para recibir el premio es requisito presentar personalmente el trabajo.<br \/>\n&nbsp;<br \/>\n&nbsp;<\/p>\n<p><span style=\"display: block; font-size: 20px; padding: 10px; margin-left: 0; -webkit-border-radius: 4px; border-radius: 4px; color: white; text-shadow: 2px 2px black; background-image: linear-gradient(135deg, #f15029, #f15029, #0d5995, #1574c4, #063358, #0d5995, #101112, #101112, #101112);\">Informaci\u00f3n para el Env\u00edo de PSTs al Concurso 2016<\/span><\/p>\n<p>Los PSTs deben estar escritos en castellano. Se requieren los siguientes tres archivos PDF: (1) un resumen (versi\u00f3n corta del PST), (2) el informe final completo del PST, y (3) un documento probatorio de la defensa del PST donde aparezca la fecha (ej., acta o veredicto de defensa). El resumen debe contener entre 6 y 12 p\u00e1ginas que describan el contexto del trabajo, justificaci\u00f3n e importancia, objetivos y logros alcanzados. El formato es libre, en tama\u00f1o carta (8.5\u2033 x 11\u2033). La primera p\u00e1gina del resumen es para identificar el PST, y debe constar del t\u00edtulo del PST, el nombre y correo electr\u00f3nico del autor (o de los autores), la instituci\u00f3n de afiliaci\u00f3n, el nombre y correo electr\u00f3nico del tutor (o de los tutores), y la fecha de defensa. Los tres archivos PDF deben ser enviados por email a <a href=\"mailto: info@concisa.net.ve\">info@concisa.net.ve<\/a>.<br \/>\n&nbsp;<br \/>\n&nbsp;<\/p>\n<p><span style=\"display: block; font-size: 20px; padding: 10px; margin-left: 0; -webkit-border-radius: 4px; border-radius: 4px; color: white; text-shadow: 2px 2px black; background-image: linear-gradient(135deg, #f15029, #f15029, #0d5995, #1574c4, #063358, #0d5995, #101112, #101112, #101112);\">Premio<\/span><\/p>\n<p>Adem\u00e1s de las respectivas certificaciones, los ganadores tendr\u00e1n: placa acr\u00edlica conmemorativa, membres\u00eda gratuita a la SVC por los a\u00f1os 2016 y 2017, inscripci\u00f3n gratuita en tres tutoriales de EVI 2016, inscripci\u00f3n gratuita como asistente a CoNCISa 2016.<br \/>\n&nbsp;<br \/>\n&nbsp;<\/p>\n<p><span style=\"display: block; font-size: 20px; padding: 10px; margin-left: 0; -webkit-border-radius: 4px; border-radius: 4px; color: white; text-shadow: 2px 2px black; background-image: linear-gradient(135deg, #f15029, #f15029, #0d5995, #1574c4, #063358, #0d5995, #101112, #101112, #101112);\">Fechas Importantes para el Concurso Nacional de PSTs 2016<\/span><\/p>\n<table style=\"margin: 0px auto; width: 100%;\" border=\"0\">\n<tbody>\n<tr>\n<td>Fecha l\u00edmite para recepci\u00f3n de PSTs:<\/td>\n<td style=\"text-align: right;\"><strong>30 de septiembre 2016<\/strong><\/td>\n<\/tr>\n<tr>\n<td>Notificaci\u00f3n de decisi\u00f3n:<\/td>\n<td style=\"text-align: right;\"><strong>17 de octubre de 2016<\/strong><\/td>\n<\/tr>\n<tr>\n<td>Premiaci\u00f3n:<\/td>\n<td style=\"text-align: right;\"><strong>24 al 28 de octubre 2016<\/strong><\/td>\n<\/tr>\n<\/tbody>\n<\/table>\n<p>&nbsp;<br \/>\n&nbsp;<\/p>\n<p><span style=\"display: block; font-size: 20px; padding: 10px; margin-left: 0; -webkit-border-radius: 4px; border-radius: 4px; color: white; text-shadow: 2px 2px black; background-image: linear-gradient(135deg, #f15029, #f15029, #0d5995, #1574c4, #063358, #0d5995, #101112, #101112, #101112);\">Llamado al Concurso Nacional de Proyectos Socio-Tecnol\u00f3gicos  2016 (Versi\u00f3n PDF)<\/span><\/p>\n<p>Pueden descargar la versi\u00f3n PDF del llamado al Concurso Nacional de Proyectos Socio-Tecnol\u00f3gicos en el siguiente <a href=\"http:\/\/www.concisa.net.ve\/2016\/wp-content\/uploads\/sites\/5\/2016\/09\/PST-Llamado.pdf\" target=\"_blank\">enlace<\/a>.<br \/>\n&nbsp;<br \/>\n&nbsp;<\/p>\n<p><span style=\"display: block; font-size: 20px; padding: 10px; margin-left: 0; -webkit-border-radius: 4px; border-radius: 4px; color: white; text-shadow: 2px 2px black; background-image: linear-gradient(135deg, #f15029, #f15029, #0d5995, #1574c4, #063358, #0d5995, #101112, #101112, #101112);\">Comit\u00e9 Evaluador del Concurso Nacional de Proyectos Socio-Tecnol\u00f3gicos 2016<\/span><br \/>\n<b>Presidentes:<\/b><br \/>\nYoly Arrechedera (CUC)<br \/>\nArelis Guzm\u00e1n (CUC)<br \/>\nMildred Luces (CUC)<\/p>\n<p><b>Miembros:<\/b><br \/>\nAleidys Arra\u00edz &#8211; UPT Paria \u201cLuis Mariano Rivera\u201d<br \/>\nAlonso Huerta &#8211; IUTM Maracaibo<br \/>\nIris Albarr\u00e1n &#8211; IUT Regi\u00f3n Capital \u201cDr. Federico Rivero Placio\u201d<br \/>\nKaren Rangel &#8211; IUT Bol\u00edvar<br \/>\nJennire\u00e9 Paiva &#8211; UPT Yaracuy \u201cAr\u00edstides Bastidas\u201d<br \/>\nJes\u00fas Reina &#8211; Colegio Universitario de Caracas<br \/>\nGlendys Mu\u00f1oz &#8211; UPT Aragua \u201cFederico Brito Figueroa\u201d<br \/>\nYoly Arrechedera &#8211; Colegio Universitario de Caracas<\/p>\n","protected":false},"excerpt":{"rendered":"<p>I Concurso Nacional de Proyectos Socio-Tecnol\u00f3gicos 2016<\/p>\n<p>El Primer Concurso Nacional de Proyectos Socio-Tecnol\u00f3gicos de la SVC, dedicado a los trabajos de pregrado realizados en las instituciones que gestionan el Programa Nacional de Formaci\u00f3n en Inform\u00e1tica (PNFI), se realizar\u00e1 en el marco de CoNCISa-EVI 2016. El objetivo del concurso es promover, reconocer y divulgar el [&#8230;]<\/p>\n","protected":false},"author":1,"featured_media":0,"parent":0,"menu_order":0,"comment_status":"open","ping_status":"open","template":"","meta":{"footnotes":""},"class_list":["post-92","page","type-page","status-publish","hentry","odd"],"_links":{"self":[{"href":"https:\/\/concisa.net.ve\/2016\/wp-json\/wp\/v2\/pages\/92","targetHints":{"allow":["GET"]}}],"collection":[{"href":"https:\/\/concisa.net.ve\/2016\/wp-json\/wp\/v2\/pages"}],"about":[{"href":"https:\/\/concisa.net.ve\/2016\/wp-json\/wp\/v2\/types\/page"}],"author":[{"embeddable":true,"href":"https:\/\/concisa.net.ve\/2016\/wp-json\/wp\/v2\/users\/1"}],"replies":[{"embeddable":true,"href":"https:\/\/concisa.net.ve\/2016\/wp-json\/wp\/v2\/comments?post=92"}],"version-history":[{"count":1,"href":"https:\/\/concisa.net.ve\/2016\/wp-json\/wp\/v2\/pages\/92\/revisions"}],"predecessor-version":[{"id":95,"href":"https:\/\/concisa.net.ve\/2016\/wp-json\/wp\/v2\/pages\/92\/revisions\/95"}],"wp:attachment":[{"href":"https:\/\/concisa.net.ve\/2016\/wp-json\/wp\/v2\/media?parent=92"}],"curies":[{"name":"wp","href":"https:\/\/api.w.org\/{rel}","templated":true}]}}