{"id":9,"date":"2016-02-20T13:19:50","date_gmt":"2016-02-20T13:19:50","guid":{"rendered":"http:\/\/www.concisa.net.ve\/2016\/?page_id=9"},"modified":"2016-10-01T03:56:36","modified_gmt":"2016-10-01T03:56:36","slug":"comite-de-programa","status":"publish","type":"page","link":"https:\/\/concisa.net.ve\/2016\/comite-de-programa\/","title":{"rendered":"Comit\u00e9 de Programa"},"content":{"rendered":"<p><span style=\"display: block; font-size: 20px; padding: 10px; margin-left: 0; -webkit-border-radius: 4px; border-radius: 4px; color: white; text-shadow: 2px 2px black; background-image: linear-gradient(135deg, #f15029, #f15029, #0d5995, #1574c4, #063358, #0d5995, #101112, #101112, #101112);\">Comit\u00e9 de Programa<\/span><\/p>\n<h4>Chairs del Comit\u00e9 de Programa<\/h4>\n<table style=\"margin: 0px auto; width: 100%;\" border=\"0\">\n<tbody>\n<tr>\n<td><strong>Eric Gamess<\/strong><\/td>\n<td style=\"text-align: right;\">Universidad Central de Venezuela &#8211; Venezuela<\/td>\n<\/tr>\n<tr>\n<td><strong>Junior Altamiranda<\/strong><\/td>\n<td style=\"text-align: right;\">Universidad de Los Andes &#8211; Venezuela<\/td>\n<\/tr>\n<tr>\n<td><strong>Yudith Cardinale<\/strong><\/td>\n<td style=\"text-align: right;\">Universidad Sim\u00f3n Bol\u00edvar &#8211; Venezuela<\/td>\n<\/tr>\n<tr>\n<\/tr>\n<\/tbody>\n<\/table>\n<p>&nbsp;<\/p>\n<h4>Miembros del Comit\u00e9 de Programa<\/h4>\n<table style=\"margin: 0px auto; width: 100%;\" border=\"0\">\n<tbody>\n<tr>\n<td><strong>Jos\u00e9 Aguilar<\/strong><\/td>\n<td style=\"text-align: right;\">Universidad de Los Andes &#8211; Venezuela<\/td>\n<\/tr>\n<tr>\n<td><strong>Ana Aguilera<\/strong><\/td>\n<td style=\"text-align: right;\">Universidad de Carabobo &#8211; Venezuela<\/td>\n<\/tr>\n<tr>\n<td><strong>Alejandro Amaro<\/strong><\/td>\n<td style=\"text-align: right;\"> Colegio Universitario de Caracas &#8211; Venezuela<\/td>\n<\/tr>\n<tr>\n<td><strong>Jhon Amaya<\/strong><\/td>\n<td style=\"text-align: right;\">Universidad Nacional Experimental del T\u00e1chira &#8211; Venezuela<\/td>\n<\/tr>\n<tr>\n<td><strong>Hernan Astudillo<\/strong><\/td>\n<td style=\"text-align: right;\">Universidad T\u00e9cnica Federico Santa Mar\u00eda \u2013 Chile<\/td>\n<\/tr>\n<tr>\n<td><strong>Judith Barrios<\/strong><\/td>\n<td style=\"text-align: right;\">Universidad de Los Andes &#8211; Venezuela<\/td>\n<\/tr>\n<tr>\n<td><strong>Isabel Besembel<\/strong><\/td>\n<td style=\"text-align: right;\">Universidad de Los Andes &#8211; Venezuela<\/td>\n<\/tr>\n<tr>\n<td><strong>Livia Borjas<\/strong><\/td>\n<td style=\"text-align: right;\">Instituto Universitario de Tecnolog\u00eda \u2013 Venezuela<\/td>\n<\/tr>\n<tr>\n<td><strong>Hector Cancela<\/strong><\/td>\n<td style=\"text-align: right;\">Universidad de la Rep\u00fablica \u2013 Uruguay<\/td>\n<\/tr>\n<tr>\n<td><strong>Rhadam\u00e9s Carmona<\/strong><\/td>\n<td style=\"text-align: right;\">Universidad Central de Venezuela \u2013 Venezuela<\/td>\n<\/tr>\n<tr>\n<td><strong>Jorge Castellanos<\/strong><\/td>\n<td style=\"text-align: right;\">Universidad de Carabobo \u2013 Venezuela<\/td>\n<\/tr>\n<tr>\n<td><strong>Edgar Chacon<\/strong><\/td>\n<td style=\"text-align: right;\">Universidad de Los Andes \u2013 Venezuela<\/td>\n<\/tr>\n<tr>\n<td><strong>Xiomara Contreras<\/strong><\/td>\n<td style=\"text-align: right;\">Universidad Sim\u00f3n Bol\u00edvar \u2013 Venezuela<\/td>\n<\/tr>\n<tr>\n<td><strong>Ernesto Coto<\/strong><\/td>\n<td style=\"text-align: right;\">University of Oxford \u2013 Reino Unido<\/td>\n<\/tr>\n<tr>\n<td><strong>Mariela Curiel<\/strong><\/td>\n<td style=\"text-align: right;\">Pont\u00edficia Universidad Javeriana &#8211; Colombia<\/td>\n<\/tr>\n<tr>\n<td><strong>Ariel Gonzalez<\/strong><\/td>\n<td style=\"text-align: right;\">Universidad Nacional de R\u00edo Cuarto \u2013 Argentina<\/td>\n<\/tr>\n<tr>\n<td><strong>Jean-Bernard Hayet<\/strong><\/td>\n<td style=\"text-align: right;\">Centro de Investigaci\u00f3n en Matem\u00e1ticas (CIMAT) \u2013 M\u00e9xico<\/td>\n<\/tr>\n<tr>\n<td><strong>Mirella Herrera<\/strong><\/td>\n<td style=\"text-align: right;\">Universidad de Carabobo \u2013 Venezuela<\/td>\n<\/tr>\n<tr>\n<td><strong>Francisco Luengo<\/strong><\/td>\n<td style=\"text-align: right;\">Universidad del Zulia \u2013 Venezuela<\/td>\n<\/tr>\n<tr>\n<td><strong>Ramon Mata-Toledo<\/strong><\/td>\n<td style=\"text-align: right;\">James Madison University \u2013 USA<\/td>\n<\/tr>\n<tr>\n<td><strong>Rafael Melgarejo<\/strong><\/td>\n<td style=\"text-align: right;\">University of Southampton \u2013 Reino Unido<\/td>\n<\/tr>\n<tr>\n<td><strong>Luis Mendoza<\/strong><\/td>\n<td style=\"text-align: right;\">Universidad Sim\u00f3n Bol\u00edvar \u2013 Venezuela<\/td>\n<\/tr>\n<tr>\n<td><strong>Ana Morales<\/strong><\/td>\n<td style=\"text-align: right;\">Universidad Central de Venezuela \u2013 Venezuela<\/td>\n<\/tr>\n<tr>\n<td><strong>Masun Nabhan<\/strong><\/td>\n<td style=\"text-align: right;\">Universidad Sim\u00f3n Bol\u00edvar \u2013 Venezuela<\/td>\n<\/tr>\n<tr>\n<td><strong>Flor Narciso<\/strong><\/td>\n<td style=\"text-align: right;\">Universidad de Puerto Rico \u2013 Puerto Rico<\/td>\n<\/tr>\n<tr>\n<td><strong>Arturo Olvera-L\u00f3pez<\/strong><\/td>\n<td style=\"text-align: right;\">Universidad Aut\u00f3noma de Puebla \u2013 M\u00e9xico<\/td>\n<\/tr>\n<tr>\n<td><strong>Eber Orozco<\/strong><\/td>\n<td style=\"text-align: right;\">Universidad Polit\u00e9cnica de Sinaloa \u2013 M\u00e9xico<\/td>\n<\/tr>\n<tr>\n<td><strong>Dinarle Ortega<\/strong><\/td>\n<td style=\"text-align: right;\">Universidad de Carabobo \u2013 Venezuela<\/td>\n<\/tr>\n<tr>\n<td><strong>David Padua<\/strong><\/td>\n<td style=\"text-align: right;\">University of Illinois at Urbana-Champaign \u2013 USA<\/td>\n<\/tr>\n<tr>\n<td><strong>Wilmer Pereira<\/strong><\/td>\n<td style=\"text-align: right;\">Universidad Cat\u00f3lica Andr\u00e9s Bello \u2013 Venezuela<\/td>\n<\/tr>\n<tr>\n<td><strong>Jorge P\u00e9rez<\/strong><\/td>\n<td style=\"text-align: right;\">Universit\u00e9 Catholique de Louvain \u2013 B\u00e9lgica<\/td>\n<\/tr>\n<tr>\n<td><strong>Esmitt Ram\u00edrez<\/strong><\/td>\n<td style=\"text-align: right;\">Universidad Central de Venezuela \u2013 Venezuela<\/td>\n<\/tr>\n<tr>\n<td><strong>Robinson Rivas<\/strong><\/td>\n<td style=\"text-align: right;\">Universidad Central de Venezuela \u2013 Venezuela<\/td>\n<\/tr>\n<tr>\n<td><strong>Rosseline Rodr\u00edguez<\/strong><\/td>\n<td style=\"text-align: right;\">Universidad Sim\u00f3n Bol\u00edvar \u2013 Venezuela<\/td>\n<\/tr>\n<tr>\n<td><strong>Marta Rukoz<\/strong><\/td>\n<td style=\"text-align: right;\">Universit\u00e9 Paris-Dauphine \u2013 Francia<\/td>\n<\/tr>\n<tr>\n<td><strong>Jose Sanchez<\/strong><\/td>\n<td style=\"text-align: right;\">Universidad Centroccidental Lisandro Alvarado \u2013 Venezuela<\/td>\n<\/tr>\n<tr>\n<td><strong>Eugenio Scalise<\/strong><\/td>\n<td style=\"text-align: right;\">Universidad Central de Venezuela \u2013 Venezuela<\/td>\n<\/tr>\n<tr>\n<td><strong>Antonio Silva<\/strong><\/td>\n<td style=\"text-align: right;\">Universidad Central de Venezuela \u2013 Venezuela<\/td>\n<\/tr>\n<tr>\n<td><strong>Harold Vasquez<\/strong><\/td>\n<td style=\"text-align: right;\">Instituto Nacional de Astrof\u00edsica, \u00d3ptica y Electr\u00f3nica \u2013 M\u00e9xico<\/td>\n<\/tr>\n<tr>\n<td><strong>Mar\u00eda Villapol<\/strong><\/td>\n<td style=\"text-align: right;\">Auckland University of Technology \u2013 Nueva Zelanda<\/td>\n<\/tr>\n<\/tbody>\n<\/table>\n","protected":false},"excerpt":{"rendered":"<p>Comit\u00e9 de Programa<\/p>\n<p> Chairs del Comit\u00e9 de Programa Eric Gamess Universidad Central de Venezuela &#8211; Venezuela Junior Altamiranda Universidad de Los Andes &#8211; Venezuela Yudith Cardinale Universidad Sim\u00f3n Bol\u00edvar &#8211; Venezuela <\/p>\n<p>&nbsp;<\/p>\n<p> Miembros del Comit\u00e9 de Programa Jos\u00e9 Aguilar Universidad de Los Andes &#8211; Venezuela Ana Aguilera Universidad de Carabobo &#8211; Venezuela Alejandro Amaro Colegio [&#8230;]<\/p>\n","protected":false},"author":1,"featured_media":0,"parent":0,"menu_order":0,"comment_status":"open","ping_status":"open","template":"","meta":{"footnotes":""},"class_list":["post-9","page","type-page","status-publish","hentry","odd"],"_links":{"self":[{"href":"https:\/\/concisa.net.ve\/2016\/wp-json\/wp\/v2\/pages\/9","targetHints":{"allow":["GET"]}}],"collection":[{"href":"https:\/\/concisa.net.ve\/2016\/wp-json\/wp\/v2\/pages"}],"about":[{"href":"https:\/\/concisa.net.ve\/2016\/wp-json\/wp\/v2\/types\/page"}],"author":[{"embeddable":true,"href":"https:\/\/concisa.net.ve\/2016\/wp-json\/wp\/v2\/users\/1"}],"replies":[{"embeddable":true,"href":"https:\/\/concisa.net.ve\/2016\/wp-json\/wp\/v2\/comments?post=9"}],"version-history":[{"count":1,"href":"https:\/\/concisa.net.ve\/2016\/wp-json\/wp\/v2\/pages\/9\/revisions"}],"predecessor-version":[{"id":78,"href":"https:\/\/concisa.net.ve\/2016\/wp-json\/wp\/v2\/pages\/9\/revisions\/78"}],"wp:attachment":[{"href":"https:\/\/concisa.net.ve\/2016\/wp-json\/wp\/v2\/media?parent=9"}],"curies":[{"name":"wp","href":"https:\/\/api.w.org\/{rel}","templated":true}]}}