{"id":81,"date":"2016-08-18T00:57:38","date_gmt":"2016-08-18T00:57:38","guid":{"rendered":"http:\/\/www.concisa.net.ve\/2016\/?page_id=81"},"modified":"2016-08-18T01:07:57","modified_gmt":"2016-08-18T01:07:57","slug":"patrocinadores","status":"publish","type":"page","link":"https:\/\/concisa.net.ve\/2016\/patrocinadores\/","title":{"rendered":"Patrocinadores"},"content":{"rendered":"<p><span style=\"display: block; font-size: 20px; padding: 10px; margin-left: 0; -webkit-border-radius: 4px; border-radius: 4px; color: white; text-shadow: 2px 2px black; background-image: linear-gradient(135deg, #f15029, #f15029, #0d5995, #1574c4, #063358, #0d5995, #101112, #101112, #101112);\">Llamado a Patrocinadores<\/span><br \/>\n&nbsp;<\/p>\n<p>La &#8220;Fundaci\u00f3n CLEI Venezuela&#8221; y la &#8220;Sociedad Venezolana de Computaci\u00f3n&#8221; est\u00e1n en la b\u00fasqueda de patrocinio de organizaciones p\u00fablicas o privadas, para la realizaci\u00f3n de la IV Conferencia Nacional de Computaci\u00f3n, Inform\u00e1tica y Sistemas 2016 (<a href=\"http:\/\/www.concisa.net.ve\/2016\">CoNCISa<\/a>) y la IV Escuela Venezolana de Inform\u00e1tica 2016 (<a href=\"http:\/\/www.concisa.net.ve\/2016\/evi-2016\">EVI<\/a>), eventos a realizarse en el Colegio Universitario de Caracas (<a href=\"http:\/\/www.cuc.edu.ve\" target=\"_blank\">CUC<\/a>), Caracas, del 24 al 28 de octubre de 2016.<\/p>\n<p>CoNCISa-EVI es el principal evento de la Sociedad Venezolana de Computaci\u00f3n (<a href=\"http:\/\/www.svc.net.ve\" target=\"_blank\">SVC<\/a>), que re\u00fane profesionales, investigadores, docentes y estudiantes de universidades y centros de investigaci\u00f3n venezolanos en el \u00e1rea de la Computaci\u00f3n. La conferencia cuenta con la participaci\u00f3n de connotados invitados nacionales e internacionales, expertos en el \u00e1mbito acad\u00e9mico, investigativo e industrial de la Computaci\u00f3n, quienes lideran diversas actividades que incluyen sesiones de ponencias, foros, conferencias magistrales, disertaciones y tutoriales. Asimismo, el evento est\u00e1 respaldado acad\u00e9micamente por el Centro Latinoamericano de Estudios en Inform\u00e1tica (<a href=\"http:\/\/www.clei.org\" target=\"_blank\">CLEI<\/a>).<\/p>\n<p>Para mayor informaci\u00f3n, contactarnos enviando un email a: <a href=\"mailto: patrocinios@svc.net.ve\">patrocinios@svc.net.ve<\/a>.<\/p>\n","protected":false},"excerpt":{"rendered":"<p>Llamado a Patrocinadores &nbsp;<\/p>\n<p>La &#8220;Fundaci\u00f3n CLEI Venezuela&#8221; y la &#8220;Sociedad Venezolana de Computaci\u00f3n&#8221; est\u00e1n en la b\u00fasqueda de patrocinio de organizaciones p\u00fablicas o privadas, para la realizaci\u00f3n de la IV Conferencia Nacional de Computaci\u00f3n, Inform\u00e1tica y Sistemas 2016 (CoNCISa) y la IV Escuela Venezolana de Inform\u00e1tica 2016 (EVI), eventos a realizarse en el Colegio [&#8230;]<\/p>\n","protected":false},"author":1,"featured_media":0,"parent":0,"menu_order":0,"comment_status":"open","ping_status":"open","template":"","meta":{"footnotes":""},"class_list":["post-81","page","type-page","status-publish","hentry","odd"],"_links":{"self":[{"href":"https:\/\/concisa.net.ve\/2016\/wp-json\/wp\/v2\/pages\/81","targetHints":{"allow":["GET"]}}],"collection":[{"href":"https:\/\/concisa.net.ve\/2016\/wp-json\/wp\/v2\/pages"}],"about":[{"href":"https:\/\/concisa.net.ve\/2016\/wp-json\/wp\/v2\/types\/page"}],"author":[{"embeddable":true,"href":"https:\/\/concisa.net.ve\/2016\/wp-json\/wp\/v2\/users\/1"}],"replies":[{"embeddable":true,"href":"https:\/\/concisa.net.ve\/2016\/wp-json\/wp\/v2\/comments?post=81"}],"version-history":[{"count":1,"href":"https:\/\/concisa.net.ve\/2016\/wp-json\/wp\/v2\/pages\/81\/revisions"}],"predecessor-version":[{"id":82,"href":"https:\/\/concisa.net.ve\/2016\/wp-json\/wp\/v2\/pages\/81\/revisions\/82"}],"wp:attachment":[{"href":"https:\/\/concisa.net.ve\/2016\/wp-json\/wp\/v2\/media?parent=81"}],"curies":[{"name":"wp","href":"https:\/\/api.w.org\/{rel}","templated":true}]}}