{"id":64,"date":"2016-07-15T13:33:31","date_gmt":"2016-07-15T13:33:31","guid":{"rendered":"http:\/\/www.concisa.net.ve\/2016\/?page_id=64"},"modified":"2016-10-15T17:09:30","modified_gmt":"2016-10-15T17:09:30","slug":"evi-2016-tarifas","status":"publish","type":"page","link":"https:\/\/concisa.net.ve\/2016\/evi-2016-tarifas\/","title":{"rendered":"EVI 2016 &#8211; Tarifas"},"content":{"rendered":"<p><span style=\"display: block; font-size: 20px; padding: 10px; margin-left: 0; -webkit-border-radius: 4px; border-radius: 4px; color: white; text-shadow: 2px 2px black; background-image: linear-gradient(135deg, #f15029, #f15029, #0d5995, #1574c4, #063358, #0d5995, #101112, #101112, #101112);\">EVI 2016 &#8211; Informaci\u00f3n General sobre las Tarifas<\/span><\/p>\n<p>Para EVI 2016, hay tutoriales de 4 horas y otros de 8 horas. Tambi\u00e9n, hay tres tipos de participantes (<a href=\"http:\/\/www.concisa.net.ve\/2016\/evi-2016-tarifa#profesor\">profesor<\/a>, <a href=\"http:\/\/www.concisa.net.ve\/2016\/evi-2016-tarifa#estudiante\">estudiante<\/a> y <a href=\"http:\/\/www.concisa.net.ve\/2016\/evi-2016-tarifa#particular\">particular<\/a>). Si el participante al tutorial que se registra est\u00e1 adscrito a una instituci\u00f3n miembro del <a href=\"http:\/\/www.clei.org\" target=\"_blank\">CLEI<\/a> o es miembro de la <a href=\"http:\/\/www.svc.net.ve\" target=\"_blank\">SVC<\/a>, recibir\u00e1 un descuento. El valor del descuento depender\u00e1 de la fecha en la cual se realice el registro (inscripci\u00f3n temprana o inscripci\u00f3n tard\u00eda). Las tarifas indicadas son por tutorial. <strong>Los descuentos no son acumulativos.<\/strong><\/p>\n<p>La inscripci\u00f3n en EVI no incluye la asistencia a <a href=\"http:\/\/www.concisa.net.ve\/2016\">CoNCISa<\/a>. Para informaci\u00f3n sobre las tarifas de la asistencia a CoNCISa, haga clic <a href=\"http:\/\/www.concisa.net.ve\/2016\/tarifa-asistentes\">aqu\u00ed<\/a>.<br \/>\n<\/br><br \/>\n<\/br><\/p>\n<p><span style=\"display: block; font-size: 20px; padding: 10px; margin-left: 0; -webkit-border-radius: 4px; border-radius: 4px; color: white; text-shadow: 2px 2px black; background-image: linear-gradient(135deg, #f15029, #f15029, #0d5995, #1574c4, #063358, #0d5995, #101112, #101112, #101112);\"><a name=\"profesor\">EVI 2016 &#8211; Tarifa por Tutorial para Profesores (Inscripci\u00f3n Temprana)<\/a><\/span> &nbsp;<\/p>\n<p>La inscripci\u00f3n temprana a los tutoriales se puede realizar hasta el 16 de octubre de 2016. En la tabla, <strong>CLEI<\/strong> significa que el profesor est\u00e1 adscrito a una instituci\u00f3n que es miembro del <a href=\"http:\/\/www.clei.org\" target=\"_blank\">CLEI<\/a>, y <strong>SVC<\/strong> significa que el profesor es miembro de la <a href=\"http:\/\/www.svc.net.ve\" target=\"_blank\">SVC<\/a>. Para hacerse miembro de la SVC, haga clic <a href=\"http:\/\/www.svc.net.ve\/asociado-ordinario\" target=\"_blank\">aqu\u00ed<\/a>.<\/p>\n<table style=\"margin: 0px auto; width: 100%;\" border=\"0\">\n<tbody>\n<tr style=\"height: 30px;\">\n<td style=\"text-align: center;\"><strong>Tipo de Registro<\/strong><\/td>\n<td style=\"text-align: center;\"><strong>Descuento<\/strong><\/td>\n<td style=\"text-align: center;\"><strong>Monto por Tutorial (4 horas)<\/strong><\/td>\n<td style=\"text-align: center;\"><strong>Monto por Tutorial (8 horas)<\/strong><\/td>\n<\/tr>\n<tr style=\"height: 30px;\">\n<td style=\"text-align: center;\">General<\/td>\n<td style=\"text-align: center;\">25%<\/td>\n<td style=\"text-align: center;\">Bs. 2.250,00<\/td>\n<td style=\"text-align: center;\">Bs. 4.500,00<\/td>\n<\/tr>\n<tr style=\"height: 30px;\">\n<td style=\"text-align: center;\">CLEI<\/td>\n<td style=\"text-align: center;\">50%<\/td>\n<td style=\"text-align: center;\">Bs. 1.500,00<\/td>\n<td style=\"text-align: center;\">Bs. 3.000,00<\/td>\n<\/tr>\n<tr style=\"height: 30px;\">\n<td style=\"text-align: center;\">SVC<\/td>\n<td style=\"text-align: center;\">75%<\/td>\n<td style=\"text-align: center;\">Bs. 750,00<\/td>\n<td style=\"text-align: center;\">Bs. 1.500,00<\/td>\n<\/tr>\n<\/tbody>\n<\/table>\n<p>&nbsp;<br \/>\n&nbsp;<\/p>\n<p><span style=\"display: block; font-size: 20px; padding: 10px; margin-left: 0; -webkit-border-radius: 4px; border-radius: 4px; color: white; text-shadow: 2px 2px black; background-image: linear-gradient(135deg, #f15029, #f15029, #0d5995, #1574c4, #063358, #0d5995, #101112, #101112, #101112);\">EVI 2016 &#8211; Tarifa por Tutorial para Profesores (Inscripci\u00f3n Tard\u00eda)<\/span> &nbsp;<\/p>\n<p>A partir del 17 de octubre de 2016, se aplicar\u00e1 la inscripci\u00f3n tard\u00eda. La inscripci\u00f3n tard\u00eda cerrar\u00e1 el 28 de octubre de 2016. En la tabla, <strong>CLEI<\/strong> significa que el profesor est\u00e1 adscrito a una instituci\u00f3n que es miembro del <a href=\"http:\/\/www.clei.org\" target=\"_blank\">CLEI<\/a>, y <strong>SVC<\/strong> significa que el profesor es miembro de la <a href=\"http:\/\/www.svc.net.ve\" target=\"_blank\">SVC<\/a>. Para hacerse miembro de la SVC, haga clic <a href=\"http:\/\/www.svc.net.ve\/asociado-ordinario\" target=\"_blank\">aqu\u00ed<\/a>.<\/p>\n<table style=\"margin: 0px auto; width: 100%;\" border=\"0\">\n<tbody>\n<tr style=\"height: 30px;\">\n<td style=\"text-align: center;\"><strong>Tipo de Registro<\/strong><\/td>\n<td style=\"text-align: center;\"><strong>Descuento<\/strong><\/td>\n<td style=\"text-align: center;\"><strong>Monto por Tutorial (4 horas)<\/strong><\/td>\n<td style=\"text-align: center;\"><strong>Monto por Tutorial (8 horas)<\/strong><\/td>\n<\/tr>\n<tr style=\"height: 30px;\">\n<td style=\"text-align: center;\">General<\/td>\n<td style=\"text-align: center;\">0%<\/td>\n<td style=\"text-align: center;\">Bs. 3.000,00<\/td>\n<td style=\"text-align: center;\">Bs. 6.000,00<\/td>\n<\/tr>\n<tr style=\"height: 30px;\">\n<td style=\"text-align: center;\">CLEI<\/td>\n<td style=\"text-align: center;\">25%<\/td>\n<td style=\"text-align: center;\">Bs. 2.250,00<\/td>\n<td style=\"text-align: center;\">Bs. 4.500,00<\/td>\n<\/tr>\n<tr style=\"height: 30px;\">\n<td style=\"text-align: center;\">SVC<\/td>\n<td style=\"text-align: center;\">50%<\/td>\n<td style=\"text-align: center;\">Bs. 1.500,00<\/td>\n<td style=\"text-align: center;\">Bs. 3.000,00<\/td>\n<\/tr>\n<\/tbody>\n<\/table>\n<p>&nbsp;<br \/>\n&nbsp;<\/p>\n<p><span style=\"display: block; font-size: 20px; padding: 10px; margin-left: 0; -webkit-border-radius: 4px; border-radius: 4px; color: white; text-shadow: 2px 2px black; background-image: linear-gradient(135deg, #f15029, #f15029, #0d5995, #1574c4, #063358, #0d5995, #101112, #101112, #101112);\"><a name=\"estudiante\">EVI 2016 &#8211; Tarifa por Tutorial para Estudiantes (Inscripci\u00f3n Temprana)<\/a><\/span> &nbsp;<\/p>\n<p>La inscripci\u00f3n temprana a los tutoriales se puede realizar hasta el 16 de octubre de 2016. En la tabla, <strong>CLEI<\/strong> significa que el estudiante est\u00e1 adscrito a una instituci\u00f3n que es miembro del <a href=\"http:\/\/www.clei.org\" target=\"_blank\">CLEI<\/a>, y <strong>SVC<\/strong> significa que el estudiante es miembro de la <a href=\"http:\/\/www.svc.net.ve\" target=\"_blank\">SVC<\/a>. Para hacerse miembro de la SVC, haga clic <a href=\"http:\/\/www.svc.net.ve\/asociado-ordinario\" target=\"_blank\">aqu\u00ed<\/a>.<\/p>\n<table style=\"margin: 0px auto; width: 100%;\" border=\"0\">\n<tbody>\n<tr style=\"height: 30px;\">\n<td style=\"text-align: center;\"><strong>Tipo de Registro<\/strong><\/td>\n<td style=\"text-align: center;\"><strong>Descuento<\/strong><\/td>\n<td style=\"text-align: center;\"><strong>Monto por Tutorial (4 horas)<\/strong><\/td>\n<td style=\"text-align: center;\"><strong>Monto por Tutorial (8 horas)<\/strong><\/td>\n<\/tr>\n<tr style=\"height: 30px;\">\n<td style=\"text-align: center;\">General<\/td>\n<td style=\"text-align: center;\">25%<\/td>\n<td style=\"text-align: center;\">Bs. 1.500,00<\/td>\n<td style=\"text-align: center;\">Bs. 3.000,00<\/td>\n<\/tr>\n<tr style=\"height: 30px;\">\n<td style=\"text-align: center;\">CLEI<\/td>\n<td style=\"text-align: center;\">50%<\/td>\n<td style=\"text-align: center;\">Bs. 1.000,00<\/td>\n<td style=\"text-align: center;\">Bs. 2.000,00<\/td>\n<\/tr>\n<tr style=\"height: 30px;\">\n<td style=\"text-align: center;\">SVC<\/td>\n<td style=\"text-align: center;\">75%<\/td>\n<td style=\"text-align: center;\">Bs. 500,00<\/td>\n<td style=\"text-align: center;\">Bs. 1.000,00<\/td>\n<\/tr>\n<\/tbody>\n<\/table>\n<p>&nbsp;<br \/>\n&nbsp;<\/p>\n<p><span style=\"display: block; font-size: 20px; padding: 10px; margin-left: 0; -webkit-border-radius: 4px; border-radius: 4px; color: white; text-shadow: 2px 2px black; background-image: linear-gradient(135deg, #f15029, #f15029, #0d5995, #1574c4, #063358, #0d5995, #101112, #101112, #101112);\">EVI 2016 &#8211; Tarifa por Tutorial para Estudiantes (Inscripci\u00f3n Tard\u00eda)<\/span> &nbsp;<\/p>\n<p>A partir del 17 de octubre de 2016, se aplicar\u00e1 la inscripci\u00f3n tard\u00eda. La inscripci\u00f3n tard\u00eda cerrar\u00e1 el 28 de octubre de 2016. En la tabla, <strong>CLEI<\/strong> significa que el estudiante est\u00e1 adscrito a una instituci\u00f3n que es miembro del <a href=\"http:\/\/www.clei.org\" target=\"_blank\">CLEI<\/a>, y <strong>SVC<\/strong> significa que el estudiante es miembro de la <a href=\"http:\/\/www.svc.net.ve\" target=\"_blank\">SVC<\/a>. Para hacerse miembro de la SVC, haga clic <a href=\"http:\/\/www.svc.net.ve\/asociado-ordinario\" target=\"_blank\">aqu\u00ed<\/a>.<\/p>\n<table style=\"margin: 0px auto; width: 100%;\" border=\"0\">\n<tbody>\n<tr style=\"height: 30px;\">\n<td style=\"text-align: center;\"><strong>Tipo de Registro<\/strong><\/td>\n<td style=\"text-align: center;\"><strong>Descuento<\/strong><\/td>\n<td style=\"text-align: center;\"><strong>Monto por Tutorial (4 horas)<\/strong><\/td>\n<td style=\"text-align: center;\"><strong>Monto por Tutorial (8 horas)<\/strong><\/td>\n<\/tr>\n<tr style=\"height: 30px;\">\n<td style=\"text-align: center;\">General<\/td>\n<td style=\"text-align: center;\">0%<\/td>\n<td style=\"text-align: center;\">Bs. 2.000,00<\/td>\n<td style=\"text-align: center;\">Bs. 4.000,00<\/td>\n<\/tr>\n<tr style=\"height: 30px;\">\n<td style=\"text-align: center;\">CLEI<\/td>\n<td style=\"text-align: center;\">25%<\/td>\n<td style=\"text-align: center;\">Bs. 1.500,00<\/td>\n<td style=\"text-align: center;\">Bs. 3.000,00<\/td>\n<\/tr>\n<tr style=\"height: 30px;\">\n<td style=\"text-align: center;\">SVC<\/td>\n<td style=\"text-align: center;\">50%<\/td>\n<td style=\"text-align: center;\">Bs. 1.000,00<\/td>\n<td style=\"text-align: center;\">Bs. 2.000,00<\/td>\n<\/tr>\n<\/tbody>\n<\/table>\n<p>&nbsp;<br \/>\n&nbsp;<\/p>\n<p><span style=\"display: block; font-size: 20px; padding: 10px; margin-left: 0; -webkit-border-radius: 4px; border-radius: 4px; color: white; text-shadow: 2px 2px black; background-image: linear-gradient(135deg, #f15029, #f15029, #0d5995, #1574c4, #063358, #0d5995, #101112, #101112, #101112);\"><a name=\"particular\">EVI 2016 &#8211; Tarifa por Tutorial para Particulares (Inscripci\u00f3n Temprana)<\/a><\/span> &nbsp;<\/p>\n<p>La inscripci\u00f3n temprana a los tutoriales se puede realizar hasta el 16 de octubre de 2016. En la tabla, <strong>CLEI<\/strong> significa que el particular est\u00e1 adscrito a una instituci\u00f3n que es miembro del <a href=\"http:\/\/www.clei.org\" target=\"_blank\">CLEI<\/a>, y <strong>SVC<\/strong> significa que el particular es miembro de la <a href=\"http:\/\/www.svc.net.ve\" target=\"_blank\">SVC<\/a>. Para hacerse miembro de la SVC, haga clic <a href=\"http:\/\/www.svc.net.ve\/asociado-ordinario\" target=\"_blank\">aqu\u00ed<\/a>.<\/p>\n<table style=\"margin: 0px auto; width: 100%;\" border=\"0\">\n<tbody>\n<tr style=\"height: 30px;\">\n<td style=\"text-align: center;\"><strong>Tipo de Registro<\/strong><\/td>\n<td style=\"text-align: center;\"><strong>Descuento<\/strong><\/td>\n<td style=\"text-align: center;\"><strong>Monto por Tutorial (4 horas)<\/strong><\/td>\n<td style=\"text-align: center;\"><strong>Monto por Tutorial (8 horas)<\/strong><\/td>\n<\/tr>\n<tr style=\"height: 30px;\">\n<td style=\"text-align: center;\">General<\/td>\n<td style=\"text-align: center;\">25%<\/td>\n<td style=\"text-align: center;\">Bs. 3.000,00<\/td>\n<td style=\"text-align: center;\">Bs. 6.000,00<\/td>\n<\/tr>\n<tr style=\"height: 30px;\">\n<td style=\"text-align: center;\">CLEI<\/td>\n<td style=\"text-align: center;\">50%<\/td>\n<td style=\"text-align: center;\">Bs. 2.000,00<\/td>\n<td style=\"text-align: center;\">Bs. 4.000,00<\/td>\n<\/tr>\n<tr style=\"height: 30px;\">\n<td style=\"text-align: center;\">SVC<\/td>\n<td style=\"text-align: center;\">75%<\/td>\n<td style=\"text-align: center;\">Bs. 1.000,00<\/td>\n<td style=\"text-align: center;\">Bs. 2.000,00<\/td>\n<\/tr>\n<\/tbody>\n<\/table>\n<p>&nbsp;<br \/>\n&nbsp;<\/p>\n<p><span style=\"display: block; font-size: 20px; padding: 10px; margin-left: 0; -webkit-border-radius: 4px; border-radius: 4px; color: white; text-shadow: 2px 2px black; background-image: linear-gradient(135deg, #f15029, #f15029, #0d5995, #1574c4, #063358, #0d5995, #101112, #101112, #101112);\">EVI 2016 &#8211; Tarifa por Tutorial para Particulares (Inscripci\u00f3n Tard\u00eda)<\/span> &nbsp;<\/p>\n<p>A partir del 17 de octubre de 2016, se aplicar\u00e1 la inscripci\u00f3n tard\u00eda. La inscripci\u00f3n tard\u00eda cerrar\u00e1 el 28 de octubre de 2016. En la tabla, <strong>CLEI<\/strong> significa que el particular est\u00e1 adscrito a una instituci\u00f3n que es miembro del <a href=\"http:\/\/www.clei.org\" target=\"_blank\">CLEI<\/a>, y <strong>SVC<\/strong> significa que el particular es miembro de la <a href=\"http:\/\/www.svc.net.ve\" target=\"_blank\">SVC<\/a>. Para hacerse miembro de la SVC, haga clic <a href=\"http:\/\/www.svc.net.ve\/asociado-ordinario\" target=\"_blank\">aqu\u00ed<\/a>.<\/p>\n<table style=\"margin: 0px auto; width: 100%;\" border=\"0\">\n<tbody>\n<tr style=\"height: 30px;\">\n<td style=\"text-align: center;\"><strong>Tipo de Registro<\/strong><\/td>\n<td style=\"text-align: center;\"><strong>Descuento<\/strong><\/td>\n<td style=\"text-align: center;\"><strong>Monto de Tutorial (4 horas)<\/strong><\/td>\n<td style=\"text-align: center;\"><strong>Monto de Tutorial (8 horas)<\/strong><\/td>\n<\/tr>\n<tr style=\"height: 30px;\">\n<td style=\"text-align: center;\">General<\/td>\n<td style=\"text-align: center;\">0%<\/td>\n<td style=\"text-align: center;\">Bs. 4.000,00<\/td>\n<td style=\"text-align: center;\">Bs. 8.000,00<\/td>\n<\/tr>\n<tr style=\"height: 30px;\">\n<td style=\"text-align: center;\">CLEI<\/td>\n<td style=\"text-align: center;\">25%<\/td>\n<td style=\"text-align: center;\">Bs. 3.000,00<\/td>\n<td style=\"text-align: center;\">Bs. 6.000,00<\/td>\n<\/tr>\n<tr style=\"height: 30px;\">\n<td style=\"text-align: center;\">SVC<\/td>\n<td style=\"text-align: center;\">50%<\/td>\n<td style=\"text-align: center;\">Bs. 2.000,00<\/td>\n<td style=\"text-align: center;\">Bs. 4.000,00<\/td>\n<\/tr>\n<\/tbody>\n<\/table>\n","protected":false},"excerpt":{"rendered":"<p>EVI 2016 &#8211; Informaci\u00f3n General sobre las Tarifas<\/p>\n<p>Para EVI 2016, hay tutoriales de 4 horas y otros de 8 horas. Tambi\u00e9n, hay tres tipos de participantes (profesor, estudiante y particular). Si el participante al tutorial que se registra est\u00e1 adscrito a una instituci\u00f3n miembro del CLEI o es miembro de la SVC, recibir\u00e1 un [&#8230;]<\/p>\n","protected":false},"author":1,"featured_media":0,"parent":0,"menu_order":0,"comment_status":"open","ping_status":"open","template":"","meta":{"footnotes":""},"class_list":["post-64","page","type-page","status-publish","hentry","odd"],"_links":{"self":[{"href":"https:\/\/concisa.net.ve\/2016\/wp-json\/wp\/v2\/pages\/64","targetHints":{"allow":["GET"]}}],"collection":[{"href":"https:\/\/concisa.net.ve\/2016\/wp-json\/wp\/v2\/pages"}],"about":[{"href":"https:\/\/concisa.net.ve\/2016\/wp-json\/wp\/v2\/types\/page"}],"author":[{"embeddable":true,"href":"https:\/\/concisa.net.ve\/2016\/wp-json\/wp\/v2\/users\/1"}],"replies":[{"embeddable":true,"href":"https:\/\/concisa.net.ve\/2016\/wp-json\/wp\/v2\/comments?post=64"}],"version-history":[{"count":1,"href":"https:\/\/concisa.net.ve\/2016\/wp-json\/wp\/v2\/pages\/64\/revisions"}],"predecessor-version":[{"id":65,"href":"https:\/\/concisa.net.ve\/2016\/wp-json\/wp\/v2\/pages\/64\/revisions\/65"}],"wp:attachment":[{"href":"https:\/\/concisa.net.ve\/2016\/wp-json\/wp\/v2\/media?parent=64"}],"curies":[{"name":"wp","href":"https:\/\/api.w.org\/{rel}","templated":true}]}}