{"id":39,"date":"2016-03-23T02:27:56","date_gmt":"2016-03-23T02:27:56","guid":{"rendered":"http:\/\/www.concisa.net.ve\/2016\/?page_id=39"},"modified":"2016-10-23T02:05:20","modified_gmt":"2016-10-23T02:05:20","slug":"concurso-nacional-teg","status":"publish","type":"page","link":"https:\/\/concisa.net.ve\/2016\/concurso-nacional-teg\/","title":{"rendered":"III Concurso Nacional de Trabajos Especial de Grado"},"content":{"rendered":"<p><span style=\"display: block; font-size: 20px; padding: 10px; margin-left: 0; -webkit-border-radius: 4px; border-radius: 4px; color: white; text-shadow: 2px 2px black; background-image: linear-gradient(135deg, #f15029, #f15029, #0d5995, #1574c4, #063358, #0d5995, #101112, #101112, #101112);\">III Concurso Nacional de Trabajos Especial de Grado 2016<\/span><\/p>\n<p>El III Concurso Nacional de Trabajos Especial de Grado de la SVC (TEG pregrado) es un evento que se realizar\u00e1 en el marco de CoNCISa-EVI 2016. El objetivo del concurso es promover y transmitir el trabajo final de grado de estudiantes que hayan terminado recientemente sus carreras en Computaci\u00f3n, Inform\u00e1tica y Sistemas.<\/p>\n<p>Podr\u00e1n  participar estudiantes que hayan defendido un TEG en el per\u00edodo comprendido del 01\/07\/2015 al 31\/07\/2016 en los programas de las carreras antes mencionadas. Los trabajos enviados pueden ser individuales o grupales. <b>Se aceptar\u00e1 la postulaci\u00f3n de un TEG por instituci\u00f3n.<\/b> Las contribuciones ser\u00e1n revisadas por un Comit\u00e9 Evaluador, quien elegir\u00e1 los tres mejores trabajos.<\/p>\n<p>Los trabajos premiados ser\u00e1n presentados oralmente en una sesi\u00f3n especial que tendr\u00e1 lugar en CoNCISa-EVI 2016, que se realizar\u00e1 en el <a href=\"http:\/\/www.cuc.edu.ve\" target=\"_blank\">Colegio Universidad de Caracas<\/a>, Caracas, Venezuela, del 24 al 28 de octubre de 2016. Se publicar\u00e1 un res\u00famen de una p\u00e1gina de los TEGs premiados en las memorias de CoNCISa 2016. Para recibir el premio es requisito presentar personalmente el trabajo.<br \/>\n&nbsp;<br \/>\n&nbsp;<\/p>\n<p><span style=\"display: block; font-size: 20px; padding: 10px; margin-left: 0; -webkit-border-radius: 4px; border-radius: 4px; color: white; text-shadow: 2px 2px black; background-image: linear-gradient(135deg, #f15029, #f15029, #0d5995, #1574c4, #063358, #0d5995, #101112, #101112, #101112);\">Informaci\u00f3n para el Env\u00edo de TEGs al Concurso 2016<\/span><\/p>\n<p>Se requieren los siguientes tres archivos PDF: (1) un resumen (versi\u00f3n corta del TEG), (2) el tomo completo de la memoria o libro TEG, y (3) un documento probatorio de la defensa del TEG donde aparezca la fecha de esta (ej., acta o veredicto de defensa). Los tres archivos PDF deben ser enviados por email a <a href=\"mailto: info@concisa.net.ve\">info@concisa.net.ve<\/a>.<\/p>\n<ol>\n<li>Versi\u00f3n corta del TEG escrita en castellano, en formato libre, en tama\u00f1o carta (8.5\u2033 x 11\u2033), entre 10 y 15 p\u00e1ginas que describan el contexto del trabajo, justificaci\u00f3n e importancia, objetivos y logros alcanzados. La primera p\u00e1gina del resumen es para identificar el TEG, y debe constar del t\u00edtulo del TEG, el nombre y correo electr\u00f3nico del autor (o de los autores), la instituci\u00f3n de afiliaci\u00f3n, el nombre y correo electr\u00f3nico del tutor (o de los tutores), y la fecha de defensa.<\/li>\n<li>El tomo completo de la memoria o libro TEG.<\/li>\n<li>Documento probatorio de defensa de TEG (ej., acta o veredicto de defensa) debidamente firmado y sellado por las autoridades competentes, donde aparezca la fecha de esta.<\/li>\n<\/ol>\n<p>&nbsp;<br \/>\n&nbsp;<\/p>\n<p><span style=\"display: block; font-size: 20px; padding: 10px; margin-left: 0; -webkit-border-radius: 4px; border-radius: 4px; color: white; text-shadow: 2px 2px black; background-image: linear-gradient(135deg, #f15029, #f15029, #0d5995, #1574c4, #063358, #0d5995, #101112, #101112, #101112);\">Premio<\/span><\/p>\n<p>Adem\u00e1s de las respectivas certificaciones, los ganadores tendr\u00e1n: placa acr\u00edlica conmemorativa, membres\u00eda gratuita a la SVC por los a\u00f1os 2016 y 2017, inscripci\u00f3n gratuita en tres tutoriales de EVI 2016, inscripci\u00f3n gratuita como asistente a CoNCISa 2016.<br \/>\n&nbsp;<br \/>\n&nbsp;<\/p>\n<p><span style=\"display: block; font-size: 20px; padding: 10px; margin-left: 0; -webkit-border-radius: 4px; border-radius: 4px; color: white; text-shadow: 2px 2px black; background-image: linear-gradient(135deg, #f15029, #f15029, #0d5995, #1574c4, #063358, #0d5995, #101112, #101112, #101112);\">Fechas Importantes para el Concurso Nacional de TEGs 2016<\/span><\/p>\n<table style=\"margin: 0px auto; width: 100%;\" border=\"0\">\n<tbody>\n<tr>\n<td>Fecha l\u00edmite para recepci\u00f3n de TEGs:<\/td>\n<td style=\"text-align: right;\"><strong><span style=\"color: #ff0000;\"><del>10 de septiembre 2016<\/del><\/span><\/strong><\/td>\n<\/tr>\n<tr>\n<td>Fecha extendida para recepci\u00f3n de TEGs:<\/td>\n<td style=\"text-align: right;\"><strong><span style=\"color: #ff0000;\"><del>30 de septiembre 2016<\/del><\/strong><\/td>\n<\/tr>\n<tr>\n<td>Nueva fecha extendida para recepci\u00f3n de TEGs:<\/td>\n<td style=\"text-align: right;\"><strong>07 de octubre 2016<\/strong><\/td>\n<\/tr>\n<tr>\n<td>Notificaci\u00f3n de decisi\u00f3n:<\/td>\n<td style=\"text-align: right;\"><strong><span style=\"color: #ff0000;\"><del>09 de octubre de 2016<\/del><\/span><\/strong><\/td>\n<\/tr>\n<tr>\n<td>Nueva fecha para notificaci\u00f3n de decisi\u00f3n:<\/td>\n<td style=\"text-align: right;\"><strong>15 de octubre de 2016<\/strong><\/td>\n<\/tr>\n<tr>\n<td>Premiaci\u00f3n:<\/td>\n<td style=\"text-align: right;\"><strong>24 al 28 de octubre 2016<\/strong><\/td>\n<\/tr>\n<\/tbody>\n<\/table>\n<p>&nbsp;<br \/>\n&nbsp;<\/p>\n<p><span style=\"display: block; font-size: 20px; padding: 10px; margin-left: 0; -webkit-border-radius: 4px; border-radius: 4px; color: white; text-shadow: 2px 2px black; background-image: linear-gradient(135deg, #f15029, #f15029, #0d5995, #1574c4, #063358, #0d5995, #101112, #101112, #101112);\">Segundo Llamado al Concurso Nacional de Trabajos Especial de Grado 2016 (Versi\u00f3n PDF)<\/span><\/p>\n<p>Pueden descargar la versi\u00f3n PDF del segundo llamado al Concurso Nacional de Trabajos Especial de Grado en el siguiente <a href=\"http:\/\/www.concisa.net.ve\/2016\/wp-content\/uploads\/sites\/5\/2016\/09\/TEG-Segundo-Llamado.pdf\" target=\"_blank\">enlace<\/a>.<br \/>\n&nbsp;<br \/>\n&nbsp;<\/p>\n<p><span style=\"display: block; font-size: 20px; padding: 10px; margin-left: 0; -webkit-border-radius: 4px; border-radius: 4px; color: white; text-shadow: 2px 2px black; background-image: linear-gradient(135deg, #f15029, #f15029, #0d5995, #1574c4, #063358, #0d5995, #101112, #101112, #101112);\">Comit\u00e9 Evaluador del Concurso Nacional de Trabajos Especial de Grado 2016<\/span><br \/>\n<b>Presidentes:<\/b><br \/>\nYudith Cardinale (USB)<br \/>\nJunior Altamiranda (ULA)<\/p>\n<p><b>Miembros:<\/b><br \/>\nXiomara Contreras (USB)<br \/>\nMireya Morales (USB)<br \/>\nLivia Borjas (IUT RC)<br \/>\nMercy Ospina (UCV)<br \/>\nIris Albarran (IUT RC)<br \/>\nMarylin Giugni (UC)<br \/>\nJunior Altamiranda (ULA)<br \/>\nEric Gamess (UCV)<\/p>\n","protected":false},"excerpt":{"rendered":"<p>III Concurso Nacional de Trabajos Especial de Grado 2016<\/p>\n<p>El III Concurso Nacional de Trabajos Especial de Grado de la SVC (TEG pregrado) es un evento que se realizar\u00e1 en el marco de CoNCISa-EVI 2016. El objetivo del concurso es promover y transmitir el trabajo final de grado de estudiantes que hayan terminado recientemente sus [&#8230;]<\/p>\n","protected":false},"author":1,"featured_media":0,"parent":0,"menu_order":0,"comment_status":"open","ping_status":"open","template":"","meta":{"footnotes":""},"class_list":["post-39","page","type-page","status-publish","hentry","odd"],"_links":{"self":[{"href":"https:\/\/concisa.net.ve\/2016\/wp-json\/wp\/v2\/pages\/39","targetHints":{"allow":["GET"]}}],"collection":[{"href":"https:\/\/concisa.net.ve\/2016\/wp-json\/wp\/v2\/pages"}],"about":[{"href":"https:\/\/concisa.net.ve\/2016\/wp-json\/wp\/v2\/types\/page"}],"author":[{"embeddable":true,"href":"https:\/\/concisa.net.ve\/2016\/wp-json\/wp\/v2\/users\/1"}],"replies":[{"embeddable":true,"href":"https:\/\/concisa.net.ve\/2016\/wp-json\/wp\/v2\/comments?post=39"}],"version-history":[{"count":1,"href":"https:\/\/concisa.net.ve\/2016\/wp-json\/wp\/v2\/pages\/39\/revisions"}],"predecessor-version":[{"id":40,"href":"https:\/\/concisa.net.ve\/2016\/wp-json\/wp\/v2\/pages\/39\/revisions\/40"}],"wp:attachment":[{"href":"https:\/\/concisa.net.ve\/2016\/wp-json\/wp\/v2\/media?parent=39"}],"curies":[{"name":"wp","href":"https:\/\/api.w.org\/{rel}","templated":true}]}}