{"id":31,"date":"2016-02-22T02:11:50","date_gmt":"2016-02-22T02:11:50","guid":{"rendered":"http:\/\/www.concisa.net.ve\/2016\/?page_id=31"},"modified":"2016-02-22T13:35:27","modified_gmt":"2016-02-22T13:35:27","slug":"como-llegar-al-cuc","status":"publish","type":"page","link":"https:\/\/concisa.net.ve\/2016\/como-llegar-al-cuc\/","title":{"rendered":"\u00bfC\u00f3mo Llegar al CUC?"},"content":{"rendered":"<p><span style=\"display: block; font-size: 20px; padding: 10px; margin-left: 0; -webkit-border-radius: 4px; border-radius: 4px; color: white; text-shadow: 2px 2px black; background-image: linear-gradient(135deg, #f15029, #f15029, #0d5995, #1574c4, #063358, #0d5995, #101112, #101112, #101112);\">\u00bfC\u00f3mo Llegar a la CUC?<\/span><\/p>\n<p>El evento se realizar\u00e1 en el CUC (<a href=\"http:\/\/www.cuc.edu.ve\" target=\"_blank\">Colegio Universitario de Caracas<\/a>). A continuaci\u00f3n, se encuentra el sitio de EVI\/CoNCISa 2016 en Google Map para mayor ayuda. La estaci\u00f3n de metro m\u00e1s cercana es &#8220;Altamira&#8221; de la l\u00ednea 1 del metro de Caracas. Al salir de la estaci\u00f3n de metro, debe caminar por la Avenida Francisco de Miranda en direcci\u00f3n del este. A la primera intersecci\u00f3n que encontrar\u00e1 a mano derecha despu\u00e9s de &#8220;La Estancia&#8221;, tome hacia la derecha (Avenida de la Floresta), y all\u00ed al principio, encontrar\u00e1 el Colegio Universitario de Caracas.<br \/>\n<\/br><\/p>\n<p><center><br \/>\n<iframe loading=\"lazy\" src=\"https:\/\/www.google.com\/maps\/embed?pb=!1m12!1m8!1m3!1d3923.060715323309!2d-66.84674093657316!3d10.495880104855587!3m2!1i1024!2i768!4f13.1!2m1!1scuc+colegio+universitario+de+caracas!5e0!3m2!1sen!2spr!4v1456146903242\" width=\"600\" height=\"450\" frameborder=\"0\" style=\"border:0\" allowfullscreen><\/iframe><br \/>\n<\/center><\/p>\n","protected":false},"excerpt":{"rendered":"<p>\u00bfC\u00f3mo Llegar a la CUC?<\/p>\n<p>El evento se realizar\u00e1 en el CUC (Colegio Universitario de Caracas). A continuaci\u00f3n, se encuentra el sitio de EVI\/CoNCISa 2016 en Google Map para mayor ayuda. La estaci\u00f3n de metro m\u00e1s cercana es &#8220;Altamira&#8221; de la l\u00ednea 1 del metro de Caracas. Al salir de la estaci\u00f3n de metro, debe [&#8230;]<\/p>\n","protected":false},"author":1,"featured_media":0,"parent":0,"menu_order":0,"comment_status":"open","ping_status":"open","template":"","meta":{"footnotes":""},"class_list":["post-31","page","type-page","status-publish","hentry","odd"],"_links":{"self":[{"href":"https:\/\/concisa.net.ve\/2016\/wp-json\/wp\/v2\/pages\/31","targetHints":{"allow":["GET"]}}],"collection":[{"href":"https:\/\/concisa.net.ve\/2016\/wp-json\/wp\/v2\/pages"}],"about":[{"href":"https:\/\/concisa.net.ve\/2016\/wp-json\/wp\/v2\/types\/page"}],"author":[{"embeddable":true,"href":"https:\/\/concisa.net.ve\/2016\/wp-json\/wp\/v2\/users\/1"}],"replies":[{"embeddable":true,"href":"https:\/\/concisa.net.ve\/2016\/wp-json\/wp\/v2\/comments?post=31"}],"version-history":[{"count":1,"href":"https:\/\/concisa.net.ve\/2016\/wp-json\/wp\/v2\/pages\/31\/revisions"}],"predecessor-version":[{"id":153,"href":"https:\/\/concisa.net.ve\/2016\/wp-json\/wp\/v2\/pages\/31\/revisions\/153"}],"wp:attachment":[{"href":"https:\/\/concisa.net.ve\/2016\/wp-json\/wp\/v2\/media?parent=31"}],"curies":[{"name":"wp","href":"https:\/\/api.w.org\/{rel}","templated":true}]}}