{"id":24,"date":"2016-02-21T19:37:31","date_gmt":"2016-02-21T19:37:31","guid":{"rendered":"http:\/\/www.concisa.net.ve\/2016\/?page_id=24"},"modified":"2016-02-21T19:39:13","modified_gmt":"2016-02-21T19:39:13","slug":"contacto","status":"publish","type":"page","link":"https:\/\/concisa.net.ve\/2016\/contacto\/","title":{"rendered":"Contacto"},"content":{"rendered":"<p><span style=\"display: block; font-size: 20px; padding: 10px; margin-left: 0; -webkit-border-radius: 4px; border-radius: 4px; color: white; text-shadow: 2px 2px black; background-image: linear-gradient(135deg, #f15029, #f15029, #0d5995, #1574c4, #063358, #0d5995, #101112, #101112, #101112);\">Contacto<\/span><\/p>\n<p>Si tiene problemas con EasyChair, contactar a:<br \/>\n<a href=\"mailto: concisa2016@easychair.org\">concisa2016@easychair.org<\/a><\/p>\n<p>Para informaci\u00f3n general, contactar a:<br \/>\n<a href=\"mailto: info@concisa.net.ve\">info@concisa.net.ve<\/a><br \/>\n&nbsp;<\/p>\n<p><strong>Nuesta direcci\u00f3n de correo postal es:<\/strong><br \/>\nComit\u00e9 Organizador de CoNCISa 2016<br \/>\nEscuela de Computaci\u00f3n<br \/>\nUniversidad Central de Venezuela<br \/>\nLos Chaguaramos, Caracas 1040<br \/>\nVenezuela<\/p>\n","protected":false},"excerpt":{"rendered":"<p>Contacto<\/p>\n<p>Si tiene problemas con EasyChair, contactar a: concisa2016@easychair.org<\/p>\n<p>Para informaci\u00f3n general, contactar a: info@concisa.net.ve &nbsp;<\/p>\n<p>Nuesta direcci\u00f3n de correo postal es: Comit\u00e9 Organizador de CoNCISa 2016 Escuela de Computaci\u00f3n Universidad Central de Venezuela Los Chaguaramos, Caracas 1040 Venezuela<\/p>\n<p> [&#8230;]<\/p>\n","protected":false},"author":1,"featured_media":0,"parent":0,"menu_order":0,"comment_status":"open","ping_status":"open","template":"","meta":{"footnotes":""},"class_list":["post-24","page","type-page","status-publish","hentry","odd"],"_links":{"self":[{"href":"https:\/\/concisa.net.ve\/2016\/wp-json\/wp\/v2\/pages\/24","targetHints":{"allow":["GET"]}}],"collection":[{"href":"https:\/\/concisa.net.ve\/2016\/wp-json\/wp\/v2\/pages"}],"about":[{"href":"https:\/\/concisa.net.ve\/2016\/wp-json\/wp\/v2\/types\/page"}],"author":[{"embeddable":true,"href":"https:\/\/concisa.net.ve\/2016\/wp-json\/wp\/v2\/users\/1"}],"replies":[{"embeddable":true,"href":"https:\/\/concisa.net.ve\/2016\/wp-json\/wp\/v2\/comments?post=24"}],"version-history":[{"count":0,"href":"https:\/\/concisa.net.ve\/2016\/wp-json\/wp\/v2\/pages\/24\/revisions"}],"wp:attachment":[{"href":"https:\/\/concisa.net.ve\/2016\/wp-json\/wp\/v2\/media?parent=24"}],"curies":[{"name":"wp","href":"https:\/\/api.w.org\/{rel}","templated":true}]}}