{"id":2,"date":"2016-02-18T18:05:00","date_gmt":"2016-02-18T18:05:00","guid":{"rendered":"http:\/\/www.concisa.net.ve\/2016\/?page_id=2"},"modified":"2017-10-10T00:15:24","modified_gmt":"2017-10-10T00:15:24","slug":"inicio","status":"publish","type":"page","link":"https:\/\/concisa.net.ve\/2016\/","title":{"rendered":"Inicio"},"content":{"rendered":"<p><span style=\"display: block; font-size: 20px; padding: 10px; margin-left: 0; -webkit-border-radius: 4px; border-radius: 4px; color: white; text-shadow: 2px 2px black; background-image: linear-gradient(135deg, #f15029, #f15029, #0d5995, #1574c4, #063358, #0d5995, #101112, #101112, #101112);\">CoNCISa 2016 <br \/> 26 al 28 de octubre, 2016<\/span><\/p>\n<p>CoNCISa 2016 es la cuarta Conferencia Nacional de Computaci\u00f3n, Inform\u00e1tica y Sistemas. Es uno de los principales eventos anuales de la <a href=\"http:\/\/www.svc.net.ve\" target=\"_blank\">SVC<\/a> (Sociedad Venezolana de Computaci\u00f3n). Adicionalmente cuenta con el respaldo acad\u00e9mico del <a href=\"http:\/\/www.clei.org\" target=\"_blank\">CLEI<\/a> (Centro Latinoamericano de Estudios en Inform\u00e1tica). <\/p>\n<p>El objetivo principal de CoNCISa 2016 es consolidar el intercambio sobre experiencias de investigaci\u00f3n, acad\u00e9micas y tecnol\u00f3gicas, para impulsar el desarrollo del \u00e1rea y crear lazos estrechos de cooperaci\u00f3n a nivel nacional.<\/p>\n<p>CoNCISa 2016 se realizar\u00e1 en el <a href=\"http:\/\/www.cuc.edu.ve\" target=\"_blank\">CUC<\/a> (Colegio Universitario de Caracas) del 26 al 28 de octubre de 2016, conjuntamente con <a href=\"http:\/\/www.concisa.net.ve\/2016\/evi-2016\">EVI 2016<\/a> (Escuela Venezolana de Inform\u00e1tica).<br \/>\n&nbsp;<br \/>\n&nbsp;<\/p>\n<p><span style=\"display: block; font-size: 20px; padding: 10px; margin-left: 0; -webkit-border-radius: 4px; border-radius: 4px; color: white; text-shadow: 2px 2px black; background-image: linear-gradient(135deg, #f15029, #f15029, #0d5995, #1574c4, #063358, #0d5995, #101112, #101112, #101112);\">EVI 2016 &#8211; Escuela Venezolana de Inform\u00e1tica 2016 <br \/> 24 al 26 de octubre, 2016<\/span><\/p>\n<p><a href=\"http:\/\/www.concisa.net.ve\/2016\/evi-2016\">EVI 2016<\/a> es la cuarta edici\u00f3n de la Escuela Venezolana de Inform\u00e1tica. Es uno de los principales eventos anuales de la <a href=\"http:\/\/www.svc.net.ve\" target=\"_blank\">SVC<\/a> (Sociedad Venezolana de Computaci\u00f3n). Adicionalmente cuenta con el respaldo acad\u00e9mico del <a href=\"http:\/\/www.clei.org\" target=\"_blank\">CLEI<\/a> (Centro Latinoamericano de Estudios en Inform\u00e1tica).<\/p>\n<p>En este evento se dictar\u00e1n cursos avanzados en diferentes dominios de las ciencias computacionales, por expertos nacionales e internacionales. Son cursos que cubren temas de inter\u00e9s para la disciplina Inform\u00e1tica, y que son complementarios a los temas que figuran en los curr\u00edculos de las carreras de Inform\u00e1tica en el pa\u00eds. Se estructura en cursos tutoriales de medio d\u00eda (4 horas) o de d\u00eda completo (8 horas).<\/p>\n<p><a href=\"http:\/\/www.concisa.net.ve\/2016\/evi-2016\">EVI 2016<\/a> se realizar\u00e1 en el <a href=\"http:\/\/www.cuc.edu.ve\" target=\"_blank\">CUC<\/a> (Colegio Universitario de Caracas) del 24 al 26 de octubre de 2016, conjuntamente con CoNCISa 2016 (Conferencia Nacional de Computaci\u00f3n, Inform\u00e1tica y Sistemas 2016).<br \/>\n&nbsp;<br \/>\n&nbsp;<\/p>\n<p><span style=\"display: block; font-size: 20px; padding: 10px; margin-left: 0; -webkit-border-radius: 4px; border-radius: 4px; color: white; text-shadow: 2px 2px black; background-image: linear-gradient(135deg, #f15029, #f15029, #0d5995, #1574c4, #063358, #0d5995, #101112, #101112, #101112);\">Patrocinadores<\/span><\/p>\n<p>La \u201cFundaci\u00f3n CLEI Venezuela\u201d y la \u201cSociedad Venezolana de Computaci\u00f3n\u201d est\u00e1n en la b\u00fasqueda de patrocinio para la realizaci\u00f3n de la IV Conferencia Nacional de Computaci\u00f3n, Inform\u00e1tica y Sistemas (CoNCISa 2016) y la IV Escuela Venezolana de Inform\u00e1tica (EVI 2016). Para mayor informaci\u00f3n, haga clic <a href=\"http:\/\/www.concisa.net.ve\/2016\/patrocinadores\">aqu\u00ed<\/a>.<\/p>\n<p><img decoding=\"async\" style=\"border: none; background-color: #ffffff; display: block; margin-left: auto; margin-right: auto;\" src=\"http:\/\/www.concisa.net.ve\/2016\/wp-content\/uploads\/sites\/5\/2016\/10\/patrocinadores07.png\" alt=\"\" width=\"600\" \/><\/p>\n<p><!-- Commented by Eric Gamess\n<img decoding=\"async\" style=\"border: none; background-color: #ffffff; display: block; margin-left: auto; margin-right: auto;\" src=\"http:\/\/www.concisa.net.ve\/2015\/wp-content\/uploads\/sites\/4\/2015\/10\/patrocinadores21.png\" alt=\"\" width=\"700\" \/>\n--><\/p>\n<p><!-- Commented by Eric Gamess\n<img decoding=\"async\" style=\"border: none; background-color: #ffffff; display: block; margin-left: auto; margin-right: auto; max-width: 100%; height: auto;\" src=\"http:\/\/www.concisa.net.ve\/2016\/wp-content\/uploads\/sites\/5\/2016\/10\/patrocinadores05.png\" \/>\n--><\/p>\n","protected":false},"excerpt":{"rendered":"<p>CoNCISa 2016 26 al 28 de octubre, 2016<\/p>\n<p>CoNCISa 2016 es la cuarta Conferencia Nacional de Computaci\u00f3n, Inform\u00e1tica y Sistemas. Es uno de los principales eventos anuales de la SVC (Sociedad Venezolana de Computaci\u00f3n). Adicionalmente cuenta con el respaldo acad\u00e9mico del CLEI (Centro Latinoamericano de Estudios en Inform\u00e1tica). <\/p>\n<p>El objetivo principal de CoNCISa 2016 [&#8230;]<\/p>\n","protected":false},"author":1,"featured_media":0,"parent":0,"menu_order":0,"comment_status":"open","ping_status":"open","template":"","meta":{"footnotes":""},"class_list":["post-2","page","type-page","status-publish","hentry","odd"],"_links":{"self":[{"href":"https:\/\/concisa.net.ve\/2016\/wp-json\/wp\/v2\/pages\/2","targetHints":{"allow":["GET"]}}],"collection":[{"href":"https:\/\/concisa.net.ve\/2016\/wp-json\/wp\/v2\/pages"}],"about":[{"href":"https:\/\/concisa.net.ve\/2016\/wp-json\/wp\/v2\/types\/page"}],"author":[{"embeddable":true,"href":"https:\/\/concisa.net.ve\/2016\/wp-json\/wp\/v2\/users\/1"}],"replies":[{"embeddable":true,"href":"https:\/\/concisa.net.ve\/2016\/wp-json\/wp\/v2\/comments?post=2"}],"version-history":[{"count":0,"href":"https:\/\/concisa.net.ve\/2016\/wp-json\/wp\/v2\/pages\/2\/revisions"}],"wp:attachment":[{"href":"https:\/\/concisa.net.ve\/2016\/wp-json\/wp\/v2\/media?parent=2"}],"curies":[{"name":"wp","href":"https:\/\/api.w.org\/{rel}","templated":true}]}}