{"id":18,"date":"2016-02-21T19:14:25","date_gmt":"2016-02-21T19:14:25","guid":{"rendered":"http:\/\/www.concisa.net.ve\/2016\/?page_id=18"},"modified":"2016-08-16T14:53:08","modified_gmt":"2016-08-16T14:53:08","slug":"evi-2016-fechas-importantes","status":"publish","type":"page","link":"https:\/\/concisa.net.ve\/2016\/evi-2016-fechas-importantes\/","title":{"rendered":"EVI 2016 &#8211; Fechas Importantes"},"content":{"rendered":"<p><span style=\"display: block; font-size: 20px; padding: 10px; margin-left: 0; -webkit-border-radius: 4px; border-radius: 4px; color: white; text-shadow: 2px 2px black; background-image: linear-gradient(135deg, #f15029, #f15029, #0d5995, #1574c4, #063358, #0d5995, #101112, #101112, #101112);\">EVI 2016 &#8211; Fechas Importantes<\/span><\/p>\n<table style=\"margin: 0px auto; width: 100%;\" border=\"0\">\n<tbody>\n<tr>\n<td>Fecha del evento:<\/td>\n<td style=\"text-align: right;\"><strong>24 al 26 de octubre 2016<\/strong><\/td>\n<\/tr>\n<tr>\n<td>Fecha l\u00edmite para env\u00edo de propuestas de tutoriales:<\/td>\n<td style=\"text-align: right;\"><strong>26 de agosto de 2016<\/strong><\/td>\n<\/tr>\n<tr>\n<td>Notificaci\u00f3n de decisi\u00f3n:<\/td>\n<td style=\"text-align: right;\"><strong>08 de septiembre de 2016<\/strong><\/td>\n<\/tr>\n<tr>\n<td>Fecha l\u00edmite para versi\u00f3n final del material del tutorial:<\/td>\n<td style=\"text-align: right;\"><strong>26 de septiembre de 2016<\/strong><\/td>\n<\/tr>\n<\/tbody>\n<\/table>\n","protected":false},"excerpt":{"rendered":"<p>EVI 2016 &#8211; Fechas Importantes<\/p>\n<p> Fecha del evento: 24 al 26 de octubre 2016 Fecha l\u00edmite para env\u00edo de propuestas de tutoriales: 26 de agosto de 2016 Notificaci\u00f3n de decisi\u00f3n: 08 de septiembre de 2016 Fecha l\u00edmite para versi\u00f3n final del material del tutorial: 26 de septiembre de 2016 [&#8230;]<\/p>\n","protected":false},"author":1,"featured_media":0,"parent":0,"menu_order":0,"comment_status":"open","ping_status":"open","template":"","meta":{"footnotes":""},"class_list":["post-18","page","type-page","status-publish","hentry","odd"],"_links":{"self":[{"href":"https:\/\/concisa.net.ve\/2016\/wp-json\/wp\/v2\/pages\/18","targetHints":{"allow":["GET"]}}],"collection":[{"href":"https:\/\/concisa.net.ve\/2016\/wp-json\/wp\/v2\/pages"}],"about":[{"href":"https:\/\/concisa.net.ve\/2016\/wp-json\/wp\/v2\/types\/page"}],"author":[{"embeddable":true,"href":"https:\/\/concisa.net.ve\/2016\/wp-json\/wp\/v2\/users\/1"}],"replies":[{"embeddable":true,"href":"https:\/\/concisa.net.ve\/2016\/wp-json\/wp\/v2\/comments?post=18"}],"version-history":[{"count":1,"href":"https:\/\/concisa.net.ve\/2016\/wp-json\/wp\/v2\/pages\/18\/revisions"}],"predecessor-version":[{"id":36,"href":"https:\/\/concisa.net.ve\/2016\/wp-json\/wp\/v2\/pages\/18\/revisions\/36"}],"wp:attachment":[{"href":"https:\/\/concisa.net.ve\/2016\/wp-json\/wp\/v2\/media?parent=18"}],"curies":[{"name":"wp","href":"https:\/\/api.w.org\/{rel}","templated":true}]}}