{"id":17,"date":"2016-02-21T19:09:58","date_gmt":"2016-02-21T19:09:58","guid":{"rendered":"http:\/\/www.concisa.net.ve\/2016\/?page_id=17"},"modified":"2016-08-18T01:19:10","modified_gmt":"2016-08-18T01:19:10","slug":"evi-2016-propuesta-de-tutorial","status":"publish","type":"page","link":"https:\/\/concisa.net.ve\/2016\/evi-2016-propuesta-de-tutorial\/","title":{"rendered":"EVI 2016 &#8211; Propuesta de Tutorial"},"content":{"rendered":"<p><span style=\"display: block; font-size: 20px; padding: 10px; margin-left: 0; -webkit-border-radius: 4px; border-radius: 4px; color: white; text-shadow: 2px 2px black; background-image: linear-gradient(135deg, #f15029, #f15029, #0d5995, #1574c4, #063358, #0d5995, #101112, #101112, #101112);\">EVI 2016 &#8211;  Propuesta de Tutoriales<\/span><\/p>\n<p>Se invita a expertos de reconocida trayectoria, a proponer tutoriales para EVI (medio d\u00eda o d\u00eda completo) que presenten resultados de investigaci\u00f3n, el estado del arte de un tema determinado o la introducci\u00f3n a un tema de inter\u00e9s industrial o acad\u00e9mico. La propuesta debe ser un PDF incluyendo: T\u00edtulo, Resumen, Contenido, Duraci\u00f3n, P\u00fablico Objetivo, Equipos Requeridos y Breve CV de los presentadores. Las propuestas deben ser enviadas por email a: <a href=\"mailto: info@concisa.net.ve\">info@concisa.net.ve<\/a>.<br \/>\n&nbsp;<br \/>\n&nbsp;<\/p>\n<p><span style=\"display: block; font-size: 20px; padding: 10px; margin-left: 0; -webkit-border-radius: 4px; border-radius: 4px; color: white; text-shadow: 2px 2px black; background-image: linear-gradient(135deg, #f15029, #f15029, #0d5995, #1574c4, #063358, #0d5995, #101112, #101112, #101112);\">EVI 2016 &#8211; Llamado a Tutoriales (Versi\u00f3n PDF)<\/span><\/p>\n<p>El llamado a tutoriales de EVI 2016 vence el 26 de agosto de 2016. Pueden descargar la versi\u00f3n PDF del llamado a tutoriales en el siguiente <a href=\"http:\/\/www.concisa.net.ve\/2016\/wp-content\/uploads\/sites\/5\/2016\/07\/SegundoLlamado-CoNCISa2016.pdf\" target=\"_blank\">enlace<\/a>.<\/p>\n","protected":false},"excerpt":{"rendered":"<p>EVI 2016 &#8211; Propuesta de Tutoriales<\/p>\n<p>Se invita a expertos de reconocida trayectoria, a proponer tutoriales para EVI (medio d\u00eda o d\u00eda completo) que presenten resultados de investigaci\u00f3n, el estado del arte de un tema determinado o la introducci\u00f3n a un tema de inter\u00e9s industrial o acad\u00e9mico. La propuesta debe ser un PDF incluyendo: T\u00edtulo, [&#8230;]<\/p>\n","protected":false},"author":1,"featured_media":0,"parent":0,"menu_order":0,"comment_status":"open","ping_status":"open","template":"","meta":{"footnotes":""},"class_list":["post-17","page","type-page","status-publish","hentry","odd"],"_links":{"self":[{"href":"https:\/\/concisa.net.ve\/2016\/wp-json\/wp\/v2\/pages\/17","targetHints":{"allow":["GET"]}}],"collection":[{"href":"https:\/\/concisa.net.ve\/2016\/wp-json\/wp\/v2\/pages"}],"about":[{"href":"https:\/\/concisa.net.ve\/2016\/wp-json\/wp\/v2\/types\/page"}],"author":[{"embeddable":true,"href":"https:\/\/concisa.net.ve\/2016\/wp-json\/wp\/v2\/users\/1"}],"replies":[{"embeddable":true,"href":"https:\/\/concisa.net.ve\/2016\/wp-json\/wp\/v2\/comments?post=17"}],"version-history":[{"count":0,"href":"https:\/\/concisa.net.ve\/2016\/wp-json\/wp\/v2\/pages\/17\/revisions"}],"wp:attachment":[{"href":"https:\/\/concisa.net.ve\/2016\/wp-json\/wp\/v2\/media?parent=17"}],"curies":[{"name":"wp","href":"https:\/\/api.w.org\/{rel}","templated":true}]}}