{"id":15,"date":"2016-02-21T18:50:37","date_gmt":"2016-02-21T18:50:37","guid":{"rendered":"http:\/\/www.concisa.net.ve\/2016\/?page_id=15"},"modified":"2016-07-14T16:33:02","modified_gmt":"2016-07-14T16:33:02","slug":"fechas-importantes","status":"publish","type":"page","link":"https:\/\/concisa.net.ve\/2016\/fechas-importantes\/","title":{"rendered":"Fechas Importantes"},"content":{"rendered":"<p><span style=\"display: block; font-size: 20px; padding: 10px; margin-left: 0; -webkit-border-radius: 4px; border-radius: 4px; color: white; text-shadow: 2px 2px black; background-image: linear-gradient(135deg, #f15029, #f15029, #0d5995, #1574c4, #063358, #0d5995, #101112, #101112, #101112);\">Fechas Importantes (CoNCISa 2016)<\/span><\/p>\n<table style=\"margin: 0px auto; width: 100%;\" border=\"0\">\n<tbody>\n<tr>\n<td>Fecha del evento:<\/td>\n<td style=\"text-align: right;\"><strong>26 al 28 de octubre 2016<\/strong><\/td>\n<\/tr>\n<tr>\n<td>Fecha l\u00edmite para env\u00edo de trabajos:<\/td>\n<td style=\"text-align: right;\"><strong><span style=\"color: #ff0000;\"><del>15 de julio de 2016<\/del><\/span><\/strong><\/td>\n<\/tr>\n<tr>\n<td>Fecha extendida para env\u00edo de trabajos:<\/td>\n<td style=\"text-align: right;\"><strong>15 de agosto de 2016<\/strong><\/td>\n<\/tr>\n<tr>\n<td>Notificaci\u00f3n de decisi\u00f3n:<\/td>\n<td style=\"text-align: right;\"><strong><span style=\"color: #ff0000;\"><del>26 de agosto de 2016<\/del><\/span><\/strong><\/td>\n<\/tr>\n<tr>\n<td>Nueva fecha notificaci\u00f3n de decisi\u00f3n:<\/td>\n<td style=\"text-align: right;\"><strong>26 de septiembre de 2016<\/strong><\/td>\n<\/tr>\n<tr>\n<td>Fecha l\u00edmite para versi\u00f3n final del trabajo:<\/td>\n<td style=\"text-align: right;\"><strong><span style=\"color: #ff0000;\"><del>09 de septiembre de 2016<\/del><\/strong><\/span><\/td>\n<\/tr>\n<tr>\n<td>Nueva fecha l\u00edmite para versi\u00f3n final del trabajo:<\/td>\n<td style=\"text-align: right;\"><strong>10 de octubre de 2016<\/strong><\/td>\n<\/tr>\n<\/tbody>\n<\/table>\n","protected":false},"excerpt":{"rendered":"<p>Fechas Importantes (CoNCISa 2016)<\/p>\n<p> Fecha del evento: 26 al 28 de octubre 2016 Fecha l\u00edmite para env\u00edo de trabajos: 15 de julio de 2016 Fecha extendida para env\u00edo de trabajos: 15 de agosto de 2016 Notificaci\u00f3n de decisi\u00f3n: 26 de agosto de 2016 Nueva fecha notificaci\u00f3n de decisi\u00f3n: 26 de septiembre de 2016 Fecha l\u00edmite [&#8230;]<\/p>\n","protected":false},"author":1,"featured_media":0,"parent":0,"menu_order":0,"comment_status":"open","ping_status":"open","template":"","meta":{"footnotes":""},"class_list":["post-15","page","type-page","status-publish","hentry","odd"],"_links":{"self":[{"href":"https:\/\/concisa.net.ve\/2016\/wp-json\/wp\/v2\/pages\/15","targetHints":{"allow":["GET"]}}],"collection":[{"href":"https:\/\/concisa.net.ve\/2016\/wp-json\/wp\/v2\/pages"}],"about":[{"href":"https:\/\/concisa.net.ve\/2016\/wp-json\/wp\/v2\/types\/page"}],"author":[{"embeddable":true,"href":"https:\/\/concisa.net.ve\/2016\/wp-json\/wp\/v2\/users\/1"}],"replies":[{"embeddable":true,"href":"https:\/\/concisa.net.ve\/2016\/wp-json\/wp\/v2\/comments?post=15"}],"version-history":[{"count":1,"href":"https:\/\/concisa.net.ve\/2016\/wp-json\/wp\/v2\/pages\/15\/revisions"}],"predecessor-version":[{"id":37,"href":"https:\/\/concisa.net.ve\/2016\/wp-json\/wp\/v2\/pages\/15\/revisions\/37"}],"wp:attachment":[{"href":"https:\/\/concisa.net.ve\/2016\/wp-json\/wp\/v2\/media?parent=15"}],"curies":[{"name":"wp","href":"https:\/\/api.w.org\/{rel}","templated":true}]}}