{"id":148,"date":"2016-10-20T22:41:27","date_gmt":"2016-10-20T22:41:27","guid":{"rendered":"http:\/\/www.concisa.net.ve\/2016\/?page_id=148"},"modified":"2020-10-21T16:37:48","modified_gmt":"2020-10-21T16:37:48","slug":"memorias","status":"publish","type":"page","link":"https:\/\/concisa.net.ve\/2016\/memorias\/","title":{"rendered":"Memorias de CoNCISa 2016"},"content":{"rendered":"<p><span style=\"display: block; font-size: 20px; padding: 10px; margin-left: 0; -webkit-border-radius: 4px; border-radius: 4px; color: white; text-shadow: 2px 2px black; background-image: linear-gradient(135deg, #f15029, #f15029, #0d5995, #1574c4, #063358, #0d5995, #101112, #101112, #101112);\">Memorias de CoNCISa 2016<\/span><\/p>\n<p>En esta p\u00e1gina, se encuentran las memorias de CoNCISa 2016.<\/p>\n<h4>Contribuci\u00f3n por Separada (Sesi\u00f3n de Investigaci\u00f3n &#8211; Art\u00edculos Largos)<\/h4>\n<table style=\"margin: 0px auto; width: 100%;\" border=\"0\">\n<tbody>\n<tr style=\"height: 30px;\">\n<td style=\"text-align: center; width: 10%;\"><strong>N\u00famero<\/strong><\/td>\n<td style=\"text-align: center; width: 75%;\"><strong>Contribuci\u00f3n<\/strong><\/td>\n<td style=\"text-align: center; width: 15%;\"><strong>P\u00e1ginas<\/strong><\/td>\n<\/tr>\n<tr style=\"height: 30px;\">\n<td style=\"text-align: center;\">1.1<\/td>\n<td style=\"text-align: left;\"><strong>Dise\u00f1o de Arquitecturas de Referencia para L\u00edneas de Productos de Software Orientadas a Servicios: Revisi\u00f3n Documental Sistem\u00e1tica<\/strong><br \/>\nJuan Herrera, Francisca Losavio, Oscar Ordaz<\/td>\n<td style=\"text-align: center;\"><a href=\"http:\/\/concisa.net.ve\/memorias\/CoNCISa2016\/CoNCISa2016-p002-013.pdf\" target=\"_blank\" rel=\"noopener noreferrer\">2-13<\/a><\/td>\n<\/tr>\n<tr style=\"height: 30px;\">\n<td style=\"text-align: center;\">1.2<\/td>\n<td style=\"text-align: left;\"><strong>Dise\u00f1o de una Arquitectura de Referencia para el Aprendizaje Electr\u00f3nico basado en Modelo de Negocio y Calidad de Producto: un Caso de Estudio<\/strong><br \/>\nYuly Esteves, Francisca Losavio<\/td>\n<td style=\"text-align: center;\"><a href=\"http:\/\/concisa.net.ve\/memorias\/CoNCISa2016\/CoNCISa2016-p014-025.pdf\" target=\"_blank\" rel=\"noopener noreferrer\">14-25<\/a><\/td>\n<\/tr>\n<tr style=\"height: 30px;\">\n<td style=\"text-align: center;\">1.3<\/td>\n<td style=\"text-align: left;\"><strong>Arquitectura para PostgreSQLf con Facilidades de Miner\u00eda de Datos Descriptiva Difusa<\/strong><br \/>\nLivia Borjas, Ana Aguilera, Rosseline Rodr\u00edguez, Francisca Losavio<\/td>\n<td style=\"text-align: center;\"><a href=\"http:\/\/concisa.net.ve\/memorias\/CoNCISa2016\/CoNCISa2016-p026-037.pdf\" target=\"_blank\" rel=\"noopener noreferrer\">26-37<\/a><\/td>\n<\/tr>\n<tr style=\"height: 30px;\">\n<td style=\"text-align: center;\">1.4<\/td>\n<td style=\"text-align: left;\"><strong>Extensiones a Metr\u00f3polis para una Emergencia Fuerte<\/strong><br \/>\nJose Aguilar, Junior Altamiranda, Danilo Chavez<\/td>\n<td style=\"text-align: center;\"><a href=\"http:\/\/concisa.net.ve\/memorias\/CoNCISa2016\/CoNCISa2016-p038-046.pdf\" target=\"_blank\" rel=\"noopener noreferrer\">38-46<\/a><\/td>\n<\/tr>\n<tr style=\"height: 30px;\">\n<td style=\"text-align: center;\">1.5<\/td>\n<td style=\"text-align: left;\"><strong>Arquitectura para la Gesti\u00f3n de Datos Imperfectos en la Era de Big Data<\/strong><br \/>\nKity \u00c1lvarez, Betzaida Romero, Jos\u00e9 Cadenas, David Coronado, Rosseline Rodr\u00edguez<\/td>\n<td style=\"text-align: center;\"><a href=\"http:\/\/concisa.net.ve\/memorias\/CoNCISa2016\/CoNCISa2016-p047-056.pdf\" target=\"_blank\" rel=\"noopener noreferrer\">47-56<\/a><\/td>\n<\/tr>\n<tr style=\"height: 30px;\">\n<td style=\"text-align: center;\">1.6<\/td>\n<td style=\"text-align: left;\"><strong>Venezolanos en Twitter: \u00bfHumanos, Bots o Ciborgs?<\/strong><br \/>\nJosemy Duarte, Gabriel Rodr\u00edguez, Jesus Lares, Jos\u00e9 Sosa<\/td>\n<td style=\"text-align: center;\"><a href=\"http:\/\/concisa.net.ve\/memorias\/CoNCISa2016\/CoNCISa2016-p057-064.pdf\" target=\"_blank\" rel=\"noopener noreferrer\">57-64<\/a><\/td>\n<\/tr>\n<tr style=\"height: 30px;\">\n<td style=\"text-align: center;\">1.7<\/td>\n<td style=\"text-align: left;\"><strong>Desde RNFs a Componentes a trav\u00e9s de T\u00e1cticas de Arquitectura: una Revisi\u00f3n Sistem\u00e1tica de la Literatura<\/strong><br \/>\nGast\u00f3n M\u00e1rquez, Hern\u00e1n Astudillo<\/td>\n<td style=\"text-align: center;\"><a href=\"http:\/\/concisa.net.ve\/memorias\/CoNCISa2016\/CoNCISa2016-p065-076.pdf\" target=\"_blank\" rel=\"noopener noreferrer\">65-76<\/a><\/td>\n<\/tr>\n<tr style=\"height: 30px;\">\n<td style=\"text-align: center;\">1.8<\/td>\n<td style=\"text-align: left;\"><strong>Arquitectura para el Despliegue Tridimensional en Dispositivos M\u00f3viles de Datos Generados por Tom\u00f3grafos<\/strong><br \/>\nDomingo Hern\u00e1ndez, Carlos Bahena<\/td>\n<td style=\"text-align: center;\"><a href=\"http:\/\/concisa.net.ve\/memorias\/CoNCISa2016\/CoNCISa2016-p077-088.pdf\" target=\"_blank\" rel=\"noopener noreferrer\">77-88<\/a><\/td>\n<\/tr>\n<tr style=\"height: 30px;\">\n<td style=\"text-align: center;\">1.9<\/td>\n<td style=\"text-align: left;\"><strong>k-Inpainting: Un Enfoque H\u00edbrido para Inpainting<\/strong><br \/>\nEsmitt Ram\u00edrez, Karina Pedrique<\/td>\n<td style=\"text-align: center;\"><a href=\"http:\/\/concisa.net.ve\/memorias\/CoNCISa2016\/CoNCISa2016-p089-100.pdf\" target=\"_blank\" rel=\"noopener noreferrer\">89-100<\/a><\/td>\n<\/tr>\n<tr style=\"height: 30px;\">\n<td style=\"text-align: center;\">1.10<\/td>\n<td style=\"text-align: left;\"><strong>Ontolog\u00eda para las Manifestaciones Rupestres en Venezuela: Hacia el Desarrollo de una Plataforma para la Preservaci\u00f3n Digital<\/strong><br \/>\nAlejandro Amaro, Federico Flaviani, Alejandro Figueroa, Ruby De Valencia, Yudith Cardinale<\/td>\n<td style=\"text-align: center;\"><a href=\"http:\/\/concisa.net.ve\/memorias\/CoNCISa2016\/CoNCISa2016-p101-111.pdf\" target=\"_blank\" rel=\"noopener noreferrer\">101-111<\/a><\/td>\n<\/tr>\n<tr style=\"height: 30px;\">\n<td style=\"text-align: center;\">1.11<\/td>\n<td style=\"text-align: left;\"><strong>Metamodelo del Proceso de Incubaci\u00f3n de Empresas: Componente Especificaci\u00f3n de Etapas, Requisitos seg\u00fan Modelo FURPS+ y Criterios del Producto<\/strong><br \/>\nYusneyi Carballo, Augusto Nichols<\/td>\n<td style=\"text-align: center;\"><a href=\"http:\/\/concisa.net.ve\/memorias\/CoNCISa2016\/CoNCISa2016-p112-121.pdf\" target=\"_blank\" rel=\"noopener noreferrer\">112-121<\/a><\/td>\n<\/tr>\n<tr style=\"height: 30px;\">\n<td style=\"text-align: center;\">1.12<\/td>\n<td style=\"text-align: left;\"><strong>C\u00e1lculo de Precondiciones m\u00e1s D\u00e9biles<\/strong><br \/>\nFederico Flaviani<\/td>\n<td style=\"text-align: center;\"><a href=\"http:\/\/concisa.net.ve\/memorias\/CoNCISa2016\/CoNCISa2016-p122-132.pdf\" target=\"_blank\" rel=\"noopener noreferrer\">122-132<\/a><\/td>\n<\/tr>\n<tr><\/tr>\n<\/tbody>\n<\/table>\n<h4>Contribuci\u00f3n por Separada (Sesi\u00f3n de Investigaci\u00f3n &#8211; Art\u00edculos Cortos)<\/h4>\n<table style=\"margin: 0px auto; width: 100%;\" border=\"0\">\n<tbody>\n<tr style=\"height: 30px;\">\n<td style=\"text-align: center; width: 10%;\"><strong>N\u00famero<\/strong><\/td>\n<td style=\"text-align: center; width: 75%;\"><strong>Contribuci\u00f3n<\/strong><\/td>\n<td style=\"text-align: center; width: 15%;\"><strong>P\u00e1ginas<\/strong><\/td>\n<\/tr>\n<tr style=\"height: 30px;\">\n<td style=\"text-align: center;\">2.1<\/td>\n<td style=\"text-align: left;\"><strong>Generaci\u00f3n Autom\u00e1tica de C\u00f3digo basada en Modelos UML<\/strong><br \/>\nMercedes Pic\u00f3n, Carmen Maldonado<\/td>\n<td style=\"text-align: center;\"><a href=\"http:\/\/concisa.net.ve\/memorias\/CoNCISa2016\/CoNCISa2016-p134-138.pdf\" target=\"_blank\" rel=\"noopener noreferrer\">134-138<\/a><\/td>\n<\/tr>\n<tr style=\"height: 30px;\">\n<td style=\"text-align: center;\">2.2<\/td>\n<td style=\"text-align: left;\"><strong>Identificaci\u00f3n de Secuencias de Islas CpG en el ADN Mediante el Uso de Redes Neuronales Artificiales<\/strong><br \/>\nJunior Altamiranda, Jose Aguilar, Jos\u00e9 Ruiz<\/td>\n<td style=\"text-align: center;\"><a href=\"http:\/\/concisa.net.ve\/memorias\/CoNCISa2016\/CoNCISa2016-p139-145.pdf\" target=\"_blank\" rel=\"noopener noreferrer\">139-145<\/a><\/td>\n<\/tr>\n<tr style=\"height: 30px;\">\n<td style=\"text-align: center;\">2.3<\/td>\n<td style=\"text-align: left;\"><strong>Lineamientos para Promover el Gobierno Electr\u00f3nico en Venezuela Utilizando TOGAF<\/strong><br \/>\nDinarle Ortega, Glery Cardoza, Olinda L\u00f3pez<\/td>\n<td style=\"text-align: center;\"><a href=\"http:\/\/concisa.net.ve\/memorias\/CoNCISa2016\/CoNCISa2016-p146-150.pdf\" target=\"_blank\" rel=\"noopener noreferrer\">146-150<\/a><\/td>\n<\/tr>\n<\/tbody>\n<\/table>\n<h4>Contribuci\u00f3n por Separada (Sesi\u00f3n de Tecnolog\u00edas y Herramientas Computacionales &#8211; Art\u00edculos)<\/h4>\n<table style=\"margin: 0px auto; width: 100%;\" border=\"0\">\n<tbody>\n<tr style=\"height: 30px;\">\n<td style=\"text-align: center; width: 10%;\"><strong>N\u00famero<\/strong><\/td>\n<td style=\"text-align: center; width: 75%;\"><strong>Contribuci\u00f3n<\/strong><\/td>\n<td style=\"text-align: center; width: 15%;\"><strong>P\u00e1ginas<\/strong><\/td>\n<\/tr>\n<tr style=\"height: 30px;\">\n<td style=\"text-align: center;\">3.1<\/td>\n<td style=\"text-align: left;\"><strong>Sensor Virtual basado en Miner\u00eda de Datos para la Estimaci\u00f3n de Par\u00e1metros de Pozos Petroleros<\/strong><br \/>\nEgner Aceros, Jose Aguilar, Edgar Camargo, H\u00e9ctor Lozada<\/td>\n<td style=\"text-align: center;\"><a href=\"http:\/\/concisa.net.ve\/memorias\/CoNCISa2016\/CoNCISa2016-p152-156.pdf\" target=\"_blank\" rel=\"noopener noreferrer\">152-156<\/a><\/td>\n<\/tr>\n<tr style=\"height: 30px;\">\n<td style=\"text-align: center;\">3.2<\/td>\n<td style=\"text-align: left;\"><strong>Enfoque Funcional Robusto con Aspectos Formales en la Ense\u00f1anza de Lenguaje C<\/strong><br \/>\nV\u00edctor Theoktisto<\/td>\n<td style=\"text-align: center;\"><a href=\"http:\/\/concisa.net.ve\/memorias\/CoNCISa2016\/CoNCISa2016-p157-163.pdf\" target=\"_blank\" rel=\"noopener noreferrer\">157-163<\/a><\/td>\n<\/tr>\n<tr><\/tr>\n<\/tbody>\n<\/table>\n<h4>Contribuci\u00f3n por Separada (Sesi\u00f3n de Gesti\u00f3n de Tecnolog\u00edas de Informaci\u00f3n)<\/h4>\n<table style=\"margin: 0px auto; width: 100%;\" border=\"0\">\n<tbody>\n<tr style=\"height: 30px;\">\n<td style=\"text-align: center; width: 10%;\"><strong>N\u00famero<\/strong><\/td>\n<td style=\"text-align: center; width: 75%;\"><strong>Contribuci\u00f3n<\/strong><\/td>\n<td style=\"text-align: center; width: 15%;\"><strong>P\u00e1ginas<\/strong><\/td>\n<\/tr>\n<tr style=\"height: 30px;\">\n<td style=\"text-align: center;\">4.1<\/td>\n<td style=\"text-align: left;\"><strong>Soluci\u00f3n Automatizada para la Gesti\u00f3n y Control de Asistencia Mediante el Uso de Tecnolog\u00eda Bluetooth con Dispositivos M\u00f3viles<\/strong><br \/>\nReynaldo Reyes, Miguel Astor, Ana Morales, Mar\u00eda Villapol<\/td>\n<td style=\"text-align: center;\"><a href=\"http:\/\/concisa.net.ve\/memorias\/CoNCISa2016\/CoNCISa2016-p165-174.pdf\" target=\"_blank\" rel=\"noopener noreferrer\">165-174<\/a><\/td>\n<\/tr>\n<tr style=\"height: 30px;\">\n<td style=\"text-align: center;\">4.2<\/td>\n<td style=\"text-align: left;\"><strong>Proyectos Sociotecnol\u00f3gicos: Una Gu\u00eda para su Desarrollo en el Marco del Programa Nacional de Formaci\u00f3n en Inform\u00e1tica<\/strong><br \/>\nEl\u00edas Cisneros, Juan Cisneros<\/td>\n<td style=\"text-align: center;\"><a href=\"http:\/\/concisa.net.ve\/memorias\/CoNCISa2016\/CoNCISa2016-p175-182.pdf\" target=\"_blank\" rel=\"noopener noreferrer\">175-182<\/a><\/td>\n<\/tr>\n<tr style=\"height: 30px;\">\n<td style=\"text-align: center;\">4.3<\/td>\n<td style=\"text-align: left;\"><strong>Gesti\u00f3n de Soluciones Inform\u00e1ticas en el Entorno Acad\u00e9mico y Social<\/strong><br \/>\nDiliana Rodr\u00edguez, Ana Legu\u00edzamo, Esmeralda Ramos<\/td>\n<td style=\"text-align: center;\"><a href=\"http:\/\/concisa.net.ve\/memorias\/CoNCISa2016\/CoNCISa2016-p183-191.pdf\" target=\"_blank\" rel=\"noopener noreferrer\">183-191<\/a><\/td>\n<\/tr>\n<\/tbody>\n<\/table>\n<h4>Archivos Adicionales<\/h4>\n<table style=\"margin: 0px auto; width: 100%;\" border=\"0\">\n<tbody>\n<tr style=\"height: 30px;\">\n<td style=\"text-align: left; width: 85%;\"><strong>Informaci\u00f3n<\/strong><\/td>\n<td style=\"text-align: center; width: 15%;\"><strong>Archivo<\/strong><\/td>\n<\/tr>\n<tr style=\"height: 30px;\">\n<td style=\"text-align: left;\">Volumen Completo<\/td>\n<td style=\"text-align: center;\"><a href=\"http:\/\/concisa.net.ve\/memorias\/CoNCISa2016\/CoNCISa2016-full-proceedings.pdf\" target=\"_blank\" rel=\"noopener noreferrer\">enlace<\/a><\/td>\n<\/tr>\n<tr style=\"height: 30px;\">\n<td style=\"text-align: left;\">Cubierta<\/td>\n<td style=\"text-align: center;\"><a href=\"http:\/\/concisa.net.ve\/memorias\/CoNCISa2016\/CoNCISa2016-front-cover.pdf\" target=\"_blank\" rel=\"noopener noreferrer\">enlace<\/a><\/td>\n<\/tr>\n<tr style=\"height: 30px;\">\n<td style=\"text-align: left;\">Primera P\u00e1gina<\/td>\n<td style=\"text-align: center;\"><a href=\"http:\/\/concisa.net.ve\/memorias\/CoNCISa2016\/CoNCISa2016-first-page.pdf\" target=\"_blank\" rel=\"noopener noreferrer\">enlace<\/a><\/td>\n<\/tr>\n<tr style=\"height: 30px;\">\n<td style=\"text-align: left;\">Comit\u00e9 de Programa<\/td>\n<td style=\"text-align: center;\"><a href=\"http:\/\/concisa.net.ve\/memorias\/CoNCISa2016\/CoNCISa2016-program-committee.pdf\" target=\"_blank\" rel=\"noopener noreferrer\">enlace<\/a><\/td>\n<\/tr>\n<tr style=\"height: 30px;\">\n<td style=\"text-align: left;\">Comit\u00e9 Organizador<\/td>\n<td style=\"text-align: center;\"><a href=\"http:\/\/concisa.net.ve\/memorias\/CoNCISa2016\/CoNCISa2016-organizing-committee.pdf\" target=\"_blank\" rel=\"noopener noreferrer\">enlace<\/a><\/td>\n<\/tr>\n<tr style=\"height: 30px;\">\n<td style=\"text-align: left;\">Tabla de Contenido<\/td>\n<td style=\"text-align: center;\"><a href=\"http:\/\/concisa.net.ve\/memorias\/CoNCISa2016\/CoNCISa2016-ToC.pdf\" target=\"_blank\" rel=\"noopener noreferrer\">enlace<\/a><\/td>\n<\/tr>\n<tr style=\"height: 30px;\">\n<td style=\"text-align: left;\">\u00cdndice de Autores<\/td>\n<td style=\"text-align: center;\"><a href=\"http:\/\/concisa.net.ve\/memorias\/CoNCISa2016\/CoNCISa2016-authors.pdf\" target=\"_blank\" rel=\"noopener noreferrer\">enlace<\/a><\/td>\n<\/tr>\n<\/tbody>\n<\/table>\n","protected":false},"excerpt":{"rendered":"<p>Memorias de CoNCISa 2016<\/p>\n<p>En esta p\u00e1gina, se encuentran las memorias de CoNCISa 2016.<\/p>\n<p> Contribuci\u00f3n por Separada (Sesi\u00f3n de Investigaci\u00f3n &#8211; Art\u00edculos Largos) N\u00famero Contribuci\u00f3n P\u00e1ginas 1.1 Dise\u00f1o de Arquitecturas de Referencia para L\u00edneas de Productos de Software Orientadas a Servicios: Revisi\u00f3n Documental Sistem\u00e1tica Juan Herrera, Francisca Losavio, Oscar Ordaz 2-13 1.2 Dise\u00f1o de una [&#8230;]<\/p>\n","protected":false},"author":1,"featured_media":0,"parent":0,"menu_order":0,"comment_status":"open","ping_status":"open","template":"","meta":{"footnotes":""},"class_list":["post-148","page","type-page","status-publish","hentry","odd"],"_links":{"self":[{"href":"https:\/\/concisa.net.ve\/2016\/wp-json\/wp\/v2\/pages\/148","targetHints":{"allow":["GET"]}}],"collection":[{"href":"https:\/\/concisa.net.ve\/2016\/wp-json\/wp\/v2\/pages"}],"about":[{"href":"https:\/\/concisa.net.ve\/2016\/wp-json\/wp\/v2\/types\/page"}],"author":[{"embeddable":true,"href":"https:\/\/concisa.net.ve\/2016\/wp-json\/wp\/v2\/users\/1"}],"replies":[{"embeddable":true,"href":"https:\/\/concisa.net.ve\/2016\/wp-json\/wp\/v2\/comments?post=148"}],"version-history":[{"count":1,"href":"https:\/\/concisa.net.ve\/2016\/wp-json\/wp\/v2\/pages\/148\/revisions"}],"predecessor-version":[{"id":154,"href":"https:\/\/concisa.net.ve\/2016\/wp-json\/wp\/v2\/pages\/148\/revisions\/154"}],"wp:attachment":[{"href":"https:\/\/concisa.net.ve\/2016\/wp-json\/wp\/v2\/media?parent=148"}],"curies":[{"name":"wp","href":"https:\/\/api.w.org\/{rel}","templated":true}]}}