{"id":125,"date":"2016-10-04T02:19:39","date_gmt":"2016-10-04T02:19:39","guid":{"rendered":"http:\/\/www.concisa.net.ve\/2016\/?page_id=125"},"modified":"2016-10-19T01:49:56","modified_gmt":"2016-10-19T01:49:56","slug":"programa-general","status":"publish","type":"page","link":"https:\/\/concisa.net.ve\/2016\/programa-general\/","title":{"rendered":"Programa General"},"content":{"rendered":"<p><span style=\"display: block; font-size: 20px; padding: 10px; margin-left: 0; -webkit-border-radius: 4px; border-radius: 4px; color: white; text-shadow: 2px 2px black; background-image: linear-gradient(135deg, #f15029, #f15029, #0d5995, #1574c4, #063358, #0d5995, #101112, #101112, #101112);\">Programa General CoNCISa 2016 y EVI 2016<\/span><br \/>\n&nbsp;<\/p>\n<p>Este es el programa general de CoNCISa 2016 y EVI 2016. Este programa es sujeto a cambios.<\/p>\n<p style=\"text-align: center;\"><a href=\"http:\/\/www.concisa.net.ve\/2016\/wp-content\/uploads\/sites\/5\/2016\/10\/programa-general02.png\"><img decoding=\"async\" class=\"aligncenter size-full wp-image-447\" style=\"border: none; background-color: #ffffff;\" src=\"http:\/\/www.concisa.net.ve\/2016\/wp-content\/uploads\/sites\/5\/2016\/10\/programa-general02.png\"\/><\/a><\/p>\n<p>&nbsp;<\/p>\n<p><font size=\"4\"><b>Informaci\u00f3n<\/b><\/font><br \/>\n<b>Registro:<\/b> Estar\u00e1 ubicado en la entrada del CUC a la izquierda<br \/>\n<b>Coffee Break:<\/b> Se realizar\u00e1 en el piso 6 y en la PB (estacionamiento)<br \/>\n<b>Lunch Break:<\/b> El almuerzo no est\u00e1 incluido<br \/>\n<b>Tutoriales:<\/b> Se dictar\u00e1n en las salas especificadas en el programa de <a href=\"http:\/\/www.concisa.net.ve\/2016\/evi-2016-tutoriales\">EVI 2016<\/a><br \/>\n<b>Dem\u00e1s Actividades:<\/b> Se llevar\u00e1n a cabo en la sala de reuniones &#8220;Hugo Ch\u00e1vez&#8221;<br \/>\n&nbsp;<\/p>\n<p><font size=\"4\"><b>Plenaria 1<\/b><\/font><br \/>\n<b>Expositor:<\/b> Albin Casa\u00f1a<br \/>\n<b>T\u00edtulo:<\/b> Big Data<br \/>\n<b>Fecha:<\/b> Lunes 24 de octubre de 2016<br \/>\n<b>Hora:<\/b> 10:00 11:30 AM<br \/>\n<b>Adscripci\u00f3n:<\/b> Movilnet-CANTV<br \/>\n<b>Biograf\u00eda:<\/b> Albin Casa\u00f1a es ingeniero de sistemas de la Unexpo Antonio Jos\u00e9 de Sucre, Vice Rectorado Luis Caballero Mej\u00edas de Caracas, en el a\u00f1o 1998. Tiene 18 a\u00f1os de experiencia en el \u00e1rea de telecomunicaciones y sistemas TI en Movilnet. Es maestro instructor CANTV-Movilnet, con formaci\u00f3n en China, en las \u00e1reas de: Cloud Computing, Big Data, Virtualizaci\u00f3n, Openstack, Docker, Redes N\u00facleo de Voz y Datos, y Redes NGN. Posee certificaciones como: internacionales Huawei HCNA en Cloud Computing y Redes NGN.<br \/>\n&nbsp;<\/p>\n<p><font size=\"4\"><b>Plenaria 2<\/b><\/font><br \/>\n<b>Expositor:<\/b> Bruno Ortega<br \/>\n<b>T\u00edtulo:<\/b> Internet de las Cosas<br \/>\n<b>Fecha:<\/b> Jueves 27 de octubre de 2016<br \/>\n<b>Hora:<\/b> 08:00 09:30 AM<br \/>\n<b>Adscripci\u00f3n:<\/b> CANTV<br \/>\n<b>Biograf\u00eda:<\/b> Bruno Ortega es TSU Inform\u00e1tica (IUTIRLA), licenciado en administraci\u00f3n menci\u00f3n computaci\u00f3n (UNESR), y ingenier\u00eda de sistemas (UNA). Ha obtenido certificaciones como: HCNA Cloud computing (2015), HCNA Storage (2015), y HCNA CORE-NGN (2015). Es empleado de CANTV, instructor CORE-TI (1 a\u00f1o), planificaci\u00f3n de proyectos de telecomunicaciones (4 a\u00f1os), desarrollo de aplicaciones sobre mainframe y Cliente\/Servidor (11 a\u00f1os), operaci\u00f3n y monitoreo sistemas de facturaci\u00f3n (3 a\u00f1os).<br \/>\n&nbsp;<\/p>\n<p><font size=\"4\"><b>Plenaria 3<\/b><\/font><br \/>\n<b>Expositor:<\/b> Lenin Torres<br \/>\n<b>T\u00edtulo:<\/b> Del Componente a la Innovaci\u00f3n, S\u00edragon. Un Futuro m\u00e1s Brillante<br \/>\n<b>Fecha:<\/b> Jueves 27 de octubre de 2016<br \/>\n<b>Hora:<\/b> 08:00 09:30 AM<br \/>\n<b>Adscripci\u00f3n:<\/b> S\u00edragon<br \/>\n<b>Biograf\u00eda:<\/b> Lenin Torres es ingeniero electr\u00f3nico (8 a\u00f1os de experiencia en Tecnolog\u00eda SMT y 4 a\u00f1os de experiencia en Tecnolog\u00eda THT). Est\u00e1 cursando en la actualidad una maestr\u00eda en gerencia (UNITEC). En S\u00edragon, ha desempe\u00f1ado varios cargos que incluyen: (1) Gerente del Complejo Tecnol\u00f3gico S\u00edragon \u2013 Cargo Actual, (2) Coordinador de Producci\u00f3n de la L\u00ednea 3 (SMT), (3) Coordinador de Producci\u00f3n de L\u00ednea 4 (FICE), y (4) Coordinador de Proyectos y Mantenimiento.<br \/>\n<b>Resumen:<\/b> La F\u00e1brica Integradora de Componentes Electr\u00f3nicos (FICE) de S\u00edragon, es la m\u00e1s moderna de Am\u00e9rica Latina en su tipo, con equipos de producci\u00f3n automatizados de alt\u00edsima calidad y \u00faltima generaci\u00f3n capaces de elaborar gran variedad de productos con diversa densidad de montaje, con una capacidad de producci\u00f3n de 142,5 mil componentes por hora, con un proceso libre de plomo y con controles de calidad del 100% de su producci\u00f3n, superando as\u00ed los est\u00e1ndares internacionales. T\u00e9cnicamente, esta l\u00ednea de producci\u00f3n implementa la tecnolog\u00eda de montaje superficial (SMT), conocida como el sistema o conjunto de procesos usados para integrar componentes de montaje superficial en una tarjeta de circuitos impresos para posteriormente incorporar componentes a trav\u00e9s del proceso de tecnolog\u00eda de orificios pasantes y de esa forma obtener el producto terminado.<\/p>\n","protected":false},"excerpt":{"rendered":"<p>Programa General CoNCISa 2016 y EVI 2016 &nbsp;<\/p>\n<p>Este es el programa general de CoNCISa 2016 y EVI 2016. Este programa es sujeto a cambios.<\/p>\n<p style=\"text-align: center;\">\n<p>&nbsp;<\/p>\n<p>Informaci\u00f3n Registro: Estar\u00e1 ubicado en la entrada del CUC a la izquierda Coffee Break: Se realizar\u00e1 en el piso 6 y en la PB (estacionamiento) Lunch [&#8230;]<\/p>\n","protected":false},"author":1,"featured_media":0,"parent":0,"menu_order":0,"comment_status":"open","ping_status":"open","template":"","meta":{"footnotes":""},"class_list":["post-125","page","type-page","status-publish","hentry","odd"],"_links":{"self":[{"href":"https:\/\/concisa.net.ve\/2016\/wp-json\/wp\/v2\/pages\/125","targetHints":{"allow":["GET"]}}],"collection":[{"href":"https:\/\/concisa.net.ve\/2016\/wp-json\/wp\/v2\/pages"}],"about":[{"href":"https:\/\/concisa.net.ve\/2016\/wp-json\/wp\/v2\/types\/page"}],"author":[{"embeddable":true,"href":"https:\/\/concisa.net.ve\/2016\/wp-json\/wp\/v2\/users\/1"}],"replies":[{"embeddable":true,"href":"https:\/\/concisa.net.ve\/2016\/wp-json\/wp\/v2\/comments?post=125"}],"version-history":[{"count":1,"href":"https:\/\/concisa.net.ve\/2016\/wp-json\/wp\/v2\/pages\/125\/revisions"}],"predecessor-version":[{"id":126,"href":"https:\/\/concisa.net.ve\/2016\/wp-json\/wp\/v2\/pages\/125\/revisions\/126"}],"wp:attachment":[{"href":"https:\/\/concisa.net.ve\/2016\/wp-json\/wp\/v2\/media?parent=125"}],"curies":[{"name":"wp","href":"https:\/\/api.w.org\/{rel}","templated":true}]}}