{"id":12,"date":"2016-02-20T13:24:36","date_gmt":"2016-02-20T13:24:36","guid":{"rendered":"http:\/\/www.concisa.net.ve\/2016\/?page_id=12"},"modified":"2016-10-23T15:11:58","modified_gmt":"2016-10-23T15:11:58","slug":"comite-organizador","status":"publish","type":"page","link":"https:\/\/concisa.net.ve\/2016\/comite-organizador\/","title":{"rendered":"Comit\u00e9 Organizador"},"content":{"rendered":"<p><span style=\"display: block; font-size: 20px; padding: 10px; margin-left: 0; -webkit-border-radius: 4px; border-radius: 4px; color: white; text-shadow: 2px 2px black; background-image: linear-gradient(135deg, #f15029, #f15029, #0d5995, #1574c4, #063358, #0d5995, #101112, #101112, #101112);\">Comit\u00e9 Organizador<\/span><\/p>\n<h4>Presidentes del Comit\u00e9 Organizador<\/h4>\n<table style=\"margin: 0px auto; width: 100%;\" border=\"0\">\n<tbody>\n<tr>\n<td><strong>Arelis Guzm\u00e1n<\/strong><\/td>\n<td style=\"text-align: right;\">Colegio Universitario de Caracas<\/td>\n<\/tr>\n<tr>\n<td><strong>Nataly Carmona<\/strong><\/td>\n<td style=\"text-align: right;\">Universidad Mar\u00edtima del Caribe<\/td>\n<\/tr>\n<\/tbody>\n<\/table>\n<p>&nbsp;<\/p>\n<h4>Miembros del Comit\u00e9 Organizador<\/h4>\n<table style=\"margin: 0px auto; width: 100%;\" border=\"0\">\n<tbody>\n<tr>\n<td><strong>Jaime Alcal\u00e1<\/strong><\/td>\n<td style=\"text-align: right;\">Colegio Universitario de Caracas<\/td>\n<\/tr>\n<tr>\n<td><strong>Sandra \u00c1lvarez<\/strong><\/td>\n<td style=\"text-align: right;\">Colegio Universitario de Caracas<\/td>\n<\/tr>\n<tr>\n<td><strong>Alejandro Amaro<\/strong><\/td>\n<td style=\"text-align: right;\">Colegio Universitario de Caracas<\/td>\n<\/tr>\n<tr>\n<td><strong>Yudith Cardinale<\/strong><\/td>\n<td style=\"text-align: right;\">Universidad Sim\u00f3n Bol\u00edvar<\/td>\n<\/tr>\n<tr>\n<td><strong>Wilmer Colmenarez<\/strong><\/td>\n<td style=\"text-align: right;\">Colegio Universitario de Caracas<\/td>\n<\/tr>\n<tr>\n<td><strong>Mar\u00eda Cougnago<\/strong><\/td>\n<td style=\"text-align: right;\">Colegio Universitario de Caracas<\/td>\n<\/tr>\n<tr>\n<td><strong>Eric Gamess<\/strong><\/td>\n<td style=\"text-align: right;\">Universidad Central de Venezuela<\/td>\n<\/tr>\n<tr>\n<td><strong>Carlos Ibarra<\/strong><\/td>\n<td style=\"text-align: right;\">Colegio Universitario de Caracas<\/td>\n<\/tr>\n<tr>\n<td><strong>Mildred Luces<\/strong><\/td>\n<td style=\"text-align: right;\">Colegio Universitario de Caracas<\/td>\n<\/tr>\n<tr>\n<td><strong>Ana Morales<\/strong><\/td>\n<td style=\"text-align: right;\">Universidad Central de Venezuela<\/td>\n<\/tr>\n<tr>\n<td><strong>Wilmer Pereira<\/strong><\/td>\n<td style=\"text-align: right;\">Universidad Cat\u00f3lica Andr\u00e9s Bello<\/td>\n<\/tr>\n<tr>\n<td><strong>Rosseline Rodr\u00edguez<\/strong><\/td>\n<td style=\"text-align: right;\">Universidad Sim\u00f3n Bol\u00edvar<\/td>\n<\/tr>\n<tr>\n<td><strong>Leonid Tineo<\/strong><\/td>\n<td style=\"text-align: right;\">Universidad Sim\u00f3n Bol\u00edvar<\/td>\n<\/tr>\n<tr>\n<td><strong>Mar\u00eda Villapol<\/strong><\/td>\n<td style=\"text-align: right;\">Auckland University of Technology<\/td>\n<\/tr>\n<\/tbody>\n<\/table>\n<p>&nbsp;<\/p>\n<h4>Comit\u00e9 de Log\u00edstica y Realizaci\u00f3n<\/h4>\n<p><strong>Miembros:<\/strong> Alejandro Amaro (CUC), Jaime Alcal\u00e1 (CUC).<br \/>\n&nbsp;<\/p>\n<h4>Comit\u00e9 de Difusi\u00f3n y Propaganda<\/h4>\n<p><strong>Miembros:<\/strong> Wilmer Pereira (UCAB), Mar\u00eda Cougnago (CUC), Leonid Tineo (USB).<br \/>\n&nbsp;<\/p>\n<h4>Comit\u00e9 de Enlace con Instituciones P\u00fablicas<\/h4>\n<p><strong>Miembros:<\/strong> Nataly Carmona (UMC), Arelis Guzm\u00e1n (CUC), Mildred Luces (CUC).<br \/>\n&nbsp;<\/p>\n<h4>Comit\u00e9 de Enlace con Instituciones Educativas<\/h4>\n<p><strong>Miembros:<\/strong> Mildred Luces (CUC).<br \/>\n&nbsp;<\/p>\n<h4>Comit\u00e9 de Enlace con Empresas<\/h4>\n<p><strong>Miembros:<\/strong> Wilmer Pereira (CUC), Arelis Guzm\u00e1n (CUC).<br \/>\n&nbsp;<\/p>\n<h4>Comit\u00e9 Financiero<\/h4>\n<p><strong>Miembros:<\/strong> Rosseline Rodr\u00edguez (USB), Leonid Tineo (USB), Jos\u00e9 Labbad (SVC).<br \/>\n&nbsp;<\/p>\n<h4>Comit\u00e9 de Edici\u00f3n y Publicaci\u00f3n<\/h4>\n<p><strong>Miembros:<\/strong> Eric Gamess (UCV), Carlos Ibarra (CUC).<br \/>\n&nbsp;<\/p>\n<h4>Comit\u00e9 T\u00e9cnico<\/h4>\n<p><strong>Miembros:<\/strong> Eric Gamess (UCV).<br \/>\n&nbsp;<\/p>\n<h4>Comisi\u00f3n de Registro<\/h4>\n<p><strong>Miembros:<\/strong> Mildred Luces (CUC), Rosseline Rodr\u00edguez (USB), Yudith Cardinale (USB), Wilmer Colmenarez (CUC), Sandra \u00c1lvarez (CUC), Ana Morales (UCV), Mar\u00eda Villapol (AUT), Jos\u00e9 Labbad (SVC).<\/p>\n","protected":false},"excerpt":{"rendered":"<p>Comit\u00e9 Organizador<\/p>\n<p> Presidentes del Comit\u00e9 Organizador Arelis Guzm\u00e1n Colegio Universitario de Caracas Nataly Carmona Universidad Mar\u00edtima del Caribe <\/p>\n<p>&nbsp;<\/p>\n<p> Miembros del Comit\u00e9 Organizador Jaime Alcal\u00e1 Colegio Universitario de Caracas Sandra \u00c1lvarez Colegio Universitario de Caracas Alejandro Amaro Colegio Universitario de Caracas Yudith Cardinale Universidad Sim\u00f3n Bol\u00edvar Wilmer Colmenarez Colegio Universitario de Caracas Mar\u00eda Cougnago Colegio [&#8230;]<\/p>\n","protected":false},"author":1,"featured_media":0,"parent":0,"menu_order":0,"comment_status":"open","ping_status":"open","template":"","meta":{"footnotes":""},"class_list":["post-12","page","type-page","status-publish","hentry","odd"],"_links":{"self":[{"href":"https:\/\/concisa.net.ve\/2016\/wp-json\/wp\/v2\/pages\/12","targetHints":{"allow":["GET"]}}],"collection":[{"href":"https:\/\/concisa.net.ve\/2016\/wp-json\/wp\/v2\/pages"}],"about":[{"href":"https:\/\/concisa.net.ve\/2016\/wp-json\/wp\/v2\/types\/page"}],"author":[{"embeddable":true,"href":"https:\/\/concisa.net.ve\/2016\/wp-json\/wp\/v2\/users\/1"}],"replies":[{"embeddable":true,"href":"https:\/\/concisa.net.ve\/2016\/wp-json\/wp\/v2\/comments?post=12"}],"version-history":[{"count":1,"href":"https:\/\/concisa.net.ve\/2016\/wp-json\/wp\/v2\/pages\/12\/revisions"}],"predecessor-version":[{"id":13,"href":"https:\/\/concisa.net.ve\/2016\/wp-json\/wp\/v2\/pages\/12\/revisions\/13"}],"wp:attachment":[{"href":"https:\/\/concisa.net.ve\/2016\/wp-json\/wp\/v2\/media?parent=12"}],"curies":[{"name":"wp","href":"https:\/\/api.w.org\/{rel}","templated":true}]}}