{"id":119,"date":"2016-10-03T21:11:09","date_gmt":"2016-10-03T21:11:09","guid":{"rendered":"http:\/\/www.concisa.net.ve\/2016\/?page_id=119"},"modified":"2016-10-27T02:33:43","modified_gmt":"2016-10-27T02:33:43","slug":"ponencias","status":"publish","type":"page","link":"https:\/\/concisa.net.ve\/2016\/ponencias\/","title":{"rendered":"Ponencias CoNCISa 2016"},"content":{"rendered":"<p><span style=\"display: block; font-size: 20px; padding: 10px; margin-left: 0; -webkit-border-radius: 4px; border-radius: 4px; color: white; text-shadow: 2px 2px black; background-image: linear-gradient(135deg, #f15029, #f15029, #0d5995, #1574c4, #063358, #0d5995, #101112, #101112, #101112);\">Ponencias CoNCISa 2016<\/span><br \/>\n&nbsp;<\/p>\n<h4>Mi\u00e9rcoles 26 de octubre de 2016 de 02:30 PM a 04:00 PM (Sesi\u00f3n 01)<\/h4>\n<table style=\"margin: 0px auto; width: 100%;\" border=\"0\">\n<tbody>\n<tr style=\"height: 30px;\">\n<td style=\"text-align: center; width: 10%;\"><strong>Identificador Contribuci\u00f3n<\/strong><\/td>\n<td style=\"text-align: center; width: 65%;\"><strong>T\u00edtulo de la Contribuci\u00f3n<\/strong><\/td>\n<td style=\"text-align: center; width: 15%;\"><strong>Tipo Contribuci\u00f3n<\/strong><\/td>\n<td style=\"text-align: center; width: 10%;\"><strong>Tiempo<\/strong><\/td>\n<\/tr>\n<tr style=\"height: 30px;\">\n<td style=\"text-align: center;\">02<\/td>\n<td><strong>Dise\u00f1o de Arquitecturas de Referencia para L\u00edneas de Productos de Software Orientadas a Servicios: Revisi\u00f3n Documental Sistem\u00e1tica<\/strong><br \/>\nJuan Herrera, Francisca Losavio, Oscar Ordaz<\/td>\n<td style=\"text-align: center;\">Investigaci\u00f3n (Art\u00edculo Largo)<\/td>\n<td style=\"text-align: center;\">30 minutos<\/td>\n<\/tr>\n<tr style=\"height: 30px;\">\n<td style=\"text-align: center;\">07<\/td>\n<td><strong>Dise\u00f1o de una Arquitectura de Referencia para el Aprendizaje Electr\u00f3nico basado en Modelo de Negocio y Calidad de Producto: un Caso de Estudio<\/strong><br \/>\nYuly Esteves, Francisca Losavio<\/td>\n<td style=\"text-align: center;\">Investigaci\u00f3n (Art\u00edculo Largo)<\/td>\n<td style=\"text-align: center;\">30 minutos<\/td>\n<\/tr>\n<tr style=\"height: 30px;\">\n<td style=\"text-align: center;\">28<\/td>\n<td><strong>Arquitectura para PostgreSQLf con Facilidades de Miner\u00eda de Datos Descriptiva Difusa<\/strong><br \/>\nLivia Borjas, Ana Aguilera, Rosseline Rodr\u00edguez, Francisca Losavio<\/td>\n<td style=\"text-align: center;\">Investigaci\u00f3n (Art\u00edculo Largo)<\/td>\n<td style=\"text-align: center;\">30 minutos<\/td>\n<\/tr>\n<\/tbody>\n<\/table>\n<p>&nbsp;<\/p>\n<h4>Mi\u00e9rcoles 26 de octubre de 2016 de 04:30 PM a 05:45 PM (Sesi\u00f3n 02)<\/h4>\n<table style=\"margin: 0px auto; width: 100%;\" border=\"0\">\n<tbody>\n<tr style=\"height: 30px;\">\n<td style=\"text-align: center; width: 10%;\"><strong>Identificador Contribuci\u00f3n<\/strong><\/td>\n<td style=\"text-align: center; width: 65%;\"><strong>T\u00edtulo de la Contribuci\u00f3n<\/strong><\/td>\n<td style=\"text-align: center; width: 15%;\"><strong>Tipo Contribuci\u00f3n<\/strong><\/td>\n<td style=\"text-align: center; width: 10%;\"><strong>Tiempo<\/strong><\/td>\n<\/tr>\n<tr style=\"height: 30px;\">\n<td style=\"text-align: center;\">23<\/td>\n<td><strong>Arquitectura para el Despliegue Tridimensional en Dispositivos M\u00f3viles de Datos Generados por Tom\u00f3grafos<\/strong><br \/>\nDomingo Hern\u00e1ndez, Carlos Bahena<\/td>\n<td style=\"text-align: center;\">Investigaci\u00f3n (Art\u00edculo Largo)<\/td>\n<td style=\"text-align: center;\">30 minutos<\/td>\n<\/tr>\n<tr style=\"height: 30px;\">\n<td style=\"text-align: center;\">18<\/td>\n<td><strong>Arquitectura para la Gesti\u00f3n de Datos Imperfectos en la Era de Big Data<\/strong><br \/>\nKity \u00c1lvarez, Betzaida Romero, Jos\u00e9 Cadenas, David Coronado, Rosseline Rodr\u00edguez<\/td>\n<td style=\"text-align: center;\">Investigaci\u00f3n (Art\u00edculo Largo)<\/td>\n<td style=\"text-align: center;\">30 minutos<\/td>\n<\/tr>\n<tr style=\"height: 30px;\">\n<td style=\"text-align: center;\">12<\/td>\n<td><strong>Identificaci\u00f3n de Secuencias de Islas CpG en el ADN Mediante el Uso de Redes Neuronales Artificiales<\/strong><br \/>\nJunior Altamiranda, Jose Aguilar, Jos\u00e9 Ruiz<\/td>\n<td style=\"text-align: center;\">Investigaci\u00f3n (Art\u00edculo Corto)<\/td>\n<td style=\"text-align: center;\">15 minutos<\/td>\n<\/tr>\n<\/tbody>\n<\/table>\n<p>&nbsp;<\/p>\n<h4>Jueves 27 de octubre de 2016 de 10:00 AM a 11:35 AM (Sesi\u00f3n 03)<\/h4>\n<table style=\"margin: 0px auto; width: 100%;\" border=\"0\">\n<tbody>\n<tr style=\"height: 30px;\">\n<td style=\"text-align: center; width: 10%;\"><strong>Identificador Contribuci\u00f3n<\/strong><\/td>\n<td style=\"text-align: center; width: 65%;\"><strong>T\u00edtulo de la Contribuci\u00f3n<\/strong><\/td>\n<td style=\"text-align: center; width: 15%;\"><strong>Tipo Contribuci\u00f3n<\/strong><\/td>\n<td style=\"text-align: center; width: 10%;\"><strong>Tiempo<\/strong><\/td>\n<\/tr>\n<tr style=\"height: 30px;\">\n<td style=\"text-align: center;\">17<\/td>\n<td><strong>Sensor Virtual basado en Miner\u00eda de Datos para la Estimaci\u00f3n de Par\u00e1metros de Pozos Petroleros<\/strong><br \/>\nEgner Aceros, Jose Aguilar, Edgar Camargo, H\u00e9ctor Lozada<\/td>\n<td style=\"text-align: center;\">Tecnolog\u00edas y Herramientas (Art\u00edculo)<\/td>\n<td style=\"text-align: center;\">25 minutos<\/td>\n<\/tr>\n<tr style=\"height: 30px;\">\n<td style=\"text-align: center;\">19<\/td>\n<td><strong>Enfoque Funcional Robusto con Aspectos Formales en la Ense\u00f1anza de Lenguaje C<\/strong><br \/>\nV\u00edctor Theoktisto<\/td>\n<td style=\"text-align: center;\">Tecnolog\u00edas y Herramientas (Art\u00edculo)<\/td>\n<td style=\"text-align: center;\">25 minutos<\/td>\n<\/tr>\n<tr style=\"height: 30px;\">\n<td style=\"text-align: center;\">15<\/td>\n<td><strong>Generaci\u00f3n Autom\u00e1tica de C\u00f3digo basada en Modelos UML<\/strong><br \/>\nMercedes Pic\u00f3n, Carmen Maldonado<\/td>\n<td style=\"text-align: center;\">Investigaci\u00f3n (Art\u00edculo Corto)<\/td>\n<td style=\"text-align: center;\">15 minutos<\/td>\n<\/tr>\n<tr style=\"height: 30px;\">\n<td style=\"text-align: center;\">21<\/td>\n<td><strong>Venezolanos en Twitter: \u00bfHumanos, Bots o Ciborgs?<\/strong><br \/>\nJosemy Duarte, Gabriel Rodr\u00edguez, Jesus Lares, Jos\u00e9 Sosa<\/td>\n<td style=\"text-align: center;\">Investigaci\u00f3n (Art\u00edculo Largo)<\/td>\n<td style=\"text-align: center;\">30 minutos<\/td>\n<\/tr>\n<tr><\/tr>\n<\/tbody>\n<\/table>\n<p>&nbsp;<\/p>\n<h4>Jueves 27 de octubre de 2016 de 02:30 PM a 04:00 PM (Sesi\u00f3n 04)<\/h4>\n<table style=\"margin: 0px auto; width: 100%;\" border=\"0\">\n<tbody>\n<tr style=\"height: 30px;\">\n<td style=\"text-align: center; width: 10%;\"><strong>Identificador Contribuci\u00f3n<\/strong><\/td>\n<td style=\"text-align: center; width: 65%;\"><strong>T\u00edtulo de la Contribuci\u00f3n<\/strong><\/td>\n<td style=\"text-align: center; width: 15%;\"><strong>Tipo Contribuci\u00f3n<\/strong><\/td>\n<td style=\"text-align: center; width: 10%;\"><strong>Tiempo<\/strong><\/td>\n<\/tr>\n<tr style=\"height: 30px;\">\n<td style=\"text-align: center;\">14<\/td>\n<td><strong>Desde RNFs a Componentes a trav\u00e9s de T\u00e1cticas de Arquitectura: una Revisi\u00f3n Sistem\u00e1tica de la Literatura<\/strong><br \/>\nGast\u00f3n M\u00e1rquez, Hern\u00e1n Astudillo<\/td>\n<td style=\"text-align: center;\">Investigaci\u00f3n (Art\u00edculo Largo)<\/td>\n<td style=\"text-align: center;\">30 minutos<\/td>\n<\/tr>\n<tr style=\"height: 30px;\">\n<td style=\"text-align: center;\">16<\/td>\n<td><strong>Extensiones a Metr\u00f3polis para una Emergencia Fuerte<\/strong><br \/>\nJose Aguilar, Junior Altamiranda, Danilo Chavez<\/td>\n<td style=\"text-align: center;\">Investigaci\u00f3n (Art\u00edculo Largo)<\/td>\n<td style=\"text-align: center;\">30 minutos<\/td>\n<\/tr>\n<tr style=\"height: 30px;\">\n<td style=\"text-align: center;\">26<\/td>\n<td><strong>k-Inpainting: Un Enfoque H\u00edbrido para Inpainting<\/strong><br \/>\nEsmitt Ram\u00edrez, Karina Pedrique<\/td>\n<td style=\"text-align: center;\">Investigaci\u00f3n (Art\u00edculo Largo)<\/td>\n<td style=\"text-align: center;\">30 minutos<\/td>\n<\/tr>\n<\/tbody>\n<\/table>\n<p>&nbsp;<\/p>\n<h4>Jueves 27 de octubre de 2016 de 04:30 PM a 06:00 PM (Sesi\u00f3n 05)<\/h4>\n<table style=\"margin: 0px auto; width: 100%;\" border=\"0\">\n<tbody>\n<tr style=\"height: 30px;\">\n<td style=\"text-align: center; width: 10%;\"><strong>Identificador Contribuci\u00f3n<\/strong><\/td>\n<td style=\"text-align: center; width: 65%;\"><strong>T\u00edtulo de la Contribuci\u00f3n<\/strong><\/td>\n<td style=\"text-align: center; width: 15%;\"><strong>Tipo Contribuci\u00f3n<\/strong><\/td>\n<td style=\"text-align: center; width: 10%;\"><strong>Tiempo<\/strong><\/td>\n<\/tr>\n<tr style=\"height: 30px;\">\n<td style=\"text-align: center;\">22<\/td>\n<td><strong>Ontolog\u00eda para las Manifestaciones Rupestres en Venezuela: Hacia el Desarrollo de una Plataforma para la Preservaci\u00f3n Digital<\/strong><br \/>\nAlejandro Amaro, Federico Flaviani, Alejandro Figueroa, Ruby De Valencia, Yudith Cardinale<\/td>\n<td style=\"text-align: center;\">Investigaci\u00f3n (Art\u00edculo Largo)<\/td>\n<td style=\"text-align: center;\">30 minutos<\/td>\n<\/tr>\n<tr style=\"height: 30px;\">\n<td style=\"text-align: center;\">27<\/td>\n<td><strong>Metamodelo del Proceso de Incubaci\u00f3n de Empresas: Componente Especificaci\u00f3n de Etapas, Requisitos seg\u00fan Modelo FURPS+ y Criterios del Producto<\/strong><br \/>\nYusneyi Carballo, Augusto Nichols<\/td>\n<td style=\"text-align: center;\">Investigaci\u00f3n (Art\u00edculo Largo)<\/td>\n<td style=\"text-align: center;\">30 minutos<\/td>\n<\/tr>\n<tr style=\"height: 30px;\">\n<td style=\"text-align: center;\">30<\/td>\n<td><strong>C\u00e1lculo de Precondiciones m\u00e1s D\u00e9biles<\/strong><br \/>\nFederico Flaviani<\/td>\n<td style=\"text-align: center;\">Investigaci\u00f3n (Art\u00edculo Largo)<\/td>\n<td style=\"text-align: center;\">30 minutos<\/td>\n<\/tr>\n<\/tbody>\n<\/table>\n<p>&nbsp;<\/p>\n<h4>Viernes 28 de octubre de 2016 de 10:00 AM a 11:30 AM (Sesi\u00f3n 06)<\/h4>\n<table style=\"margin: 0px auto; width: 100%;\" border=\"0\">\n<tbody>\n<tr style=\"height: 30px;\">\n<td style=\"text-align: center; width: 10%;\"><strong>Identificador Contribuci\u00f3n<\/strong><\/td>\n<td style=\"text-align: center; width: 65%;\"><strong>T\u00edtulo de la Contribuci\u00f3n<\/strong><\/td>\n<td style=\"text-align: center; width: 15%;\"><strong>Tipo Contribuci\u00f3n<\/strong><\/td>\n<td style=\"text-align: center; width: 10%;\"><strong>Tiempo<\/strong><\/td>\n<\/tr>\n<tr style=\"height: 30px;\">\n<td style=\"text-align: center;\">13<\/td>\n<td><strong>Soluci\u00f3n Automatizada para la Gesti\u00f3n y Control de Asistencia Mediante el Uso de Tecnolog\u00eda Bluetooth con Dispositivos M\u00f3viles<\/strong><br \/>\nReynaldo Reyes, Miguel Astor, Ana Morales, Mar\u00eda Villapol<\/td>\n<td style=\"text-align: center;\">Gesti\u00f3n de Tecnolog\u00edas<\/td>\n<td style=\"text-align: center;\">25 minutos<\/td>\n<\/tr>\n<tr style=\"height: 30px;\">\n<td style=\"text-align: center;\">20<\/td>\n<td><strong>Proyectos Sociotecnol\u00f3gicos: Una Gu\u00eda para su Desarrollo en el Marco del Programa Nacional de Formaci\u00f3n en Inform\u00e1tica<\/strong><br \/>\nEl\u00edas Cisneros, Juan Cisneros<\/td>\n<td style=\"text-align: center;\">Gesti\u00f3n de Tecnolog\u00edas<\/td>\n<td style=\"text-align: center;\">25 minutos<\/td>\n<\/tr>\n<tr style=\"height: 30px;\">\n<td style=\"text-align: center;\">29<\/td>\n<td><strong>Gesti\u00f3n de Soluciones Inform\u00e1ticas en el Entorno Acad\u00e9mico y Social<\/strong><br \/>\nDiliana Rodr\u00edguez, Ana Legu\u00edzamo, Esmeralda Ramos<\/td>\n<td style=\"text-align: center;\">Gesti\u00f3n de Tecnolog\u00edas<\/td>\n<td style=\"text-align: center;\">25 minutos<\/td>\n<\/tr>\n<tr style=\"height: 30px;\">\n<td style=\"text-align: center;\">11<\/td>\n<td><strong>Lineamientos para Promover el Gobierno Electr\u00f3nico en Venezuela Utilizando TOGAF<\/strong><br \/>\nDinarle Ortega, Glery Cardoza, Olinda L\u00f3pez<\/td>\n<td style=\"text-align: center;\">Investigaci\u00f3n (Art\u00edculo Corto)<\/td>\n<td style=\"text-align: center;\">15 minutos<\/td>\n<\/tr>\n<tr><\/tr>\n<\/tbody>\n<\/table>\n<p>&nbsp;<\/p>\n","protected":false},"excerpt":{"rendered":"<p>Ponencias CoNCISa 2016 &nbsp;<\/p>\n<p> Mi\u00e9rcoles 26 de octubre de 2016 de 02:30 PM a 04:00 PM (Sesi\u00f3n 01) Identificador Contribuci\u00f3n T\u00edtulo de la Contribuci\u00f3n Tipo Contribuci\u00f3n Tiempo 02 Dise\u00f1o de Arquitecturas de Referencia para L\u00edneas de Productos de Software Orientadas a Servicios: Revisi\u00f3n Documental Sistem\u00e1tica Juan Herrera, Francisca Losavio, Oscar Ordaz Investigaci\u00f3n (Art\u00edculo Largo) 30 [&#8230;]<\/p>\n","protected":false},"author":1,"featured_media":0,"parent":0,"menu_order":0,"comment_status":"open","ping_status":"open","template":"","meta":{"footnotes":""},"class_list":["post-119","page","type-page","status-publish","hentry","odd"],"_links":{"self":[{"href":"https:\/\/concisa.net.ve\/2016\/wp-json\/wp\/v2\/pages\/119","targetHints":{"allow":["GET"]}}],"collection":[{"href":"https:\/\/concisa.net.ve\/2016\/wp-json\/wp\/v2\/pages"}],"about":[{"href":"https:\/\/concisa.net.ve\/2016\/wp-json\/wp\/v2\/types\/page"}],"author":[{"embeddable":true,"href":"https:\/\/concisa.net.ve\/2016\/wp-json\/wp\/v2\/users\/1"}],"replies":[{"embeddable":true,"href":"https:\/\/concisa.net.ve\/2016\/wp-json\/wp\/v2\/comments?post=119"}],"version-history":[{"count":1,"href":"https:\/\/concisa.net.ve\/2016\/wp-json\/wp\/v2\/pages\/119\/revisions"}],"predecessor-version":[{"id":144,"href":"https:\/\/concisa.net.ve\/2016\/wp-json\/wp\/v2\/pages\/119\/revisions\/144"}],"wp:attachment":[{"href":"https:\/\/concisa.net.ve\/2016\/wp-json\/wp\/v2\/media?parent=119"}],"curies":[{"name":"wp","href":"https:\/\/api.w.org\/{rel}","templated":true}]}}