{"id":99,"date":"2015-09-22T22:09:06","date_gmt":"2015-09-23T02:39:06","guid":{"rendered":"http:\/\/www.concisa.net.ve\/2015\/?page_id=99"},"modified":"2015-09-22T22:24:14","modified_gmt":"2015-09-23T02:54:14","slug":"registro-asistente","status":"publish","type":"page","link":"https:\/\/concisa.net.ve\/2015\/registro-asistente\/","title":{"rendered":"Registro Asistente"},"content":{"rendered":"<p><span style=\"display: block; font-size: 20px; padding: 10px; margin-left: 0; -webkit-border-radius: 4px; border-radius: 4px; color: white; text-shadow: 0 -1px 0 rgba(0, 0, 0, 0.25); background-color: #1574c4; background-image: -moz-linear-gradient(top, #1574c4, #1574c4);\">Registro y Pago de Inscripci\u00f3n a CoNCISa 2015 como Asistente<\/span><br \/>\n&nbsp;<\/p>\n<p>Para registrase en CoNCISa 2015 como asistente (no autor), usted debe hacer el pago correspondiente como se especifica m\u00e1s adelante. Una vez realizado el pago, debe llenar una planilla en l\u00ednea haciendo clic <a href=\"http:\/\/goo.gl\/forms\/kHOK7wJddv\" target=\"_blank\">aqu\u00ed<\/a>. En esta planilla, usted debe ingresar los datos personales de qui\u00e9n se inscribe, as\u00ed como, datos del pago realizado y datos para la facturaci\u00f3n.<\/p>\n<p>En el caso de una inscripci\u00f3n como miembro de la <a href=\"http:\/\/www.svc.net.ve\" target=\"_blank\">SVC<\/a>, debe indicar su n\u00famero de afiliaci\u00f3n. Si desea hacerse miembro de la SVC, puede inscribirse haciendo clic <a href=\"http:\/\/www.svc.net.ve\/asociado-ordinario\" target=\"_blank\">aqu\u00ed<\/a>.<\/p>\n<p>En el caso de inscribirse como estudiante o profesor, al momento de retirar el material en la mesa de registro, deber\u00e1 mostrar una credencial que lo identifique como tal. En ausencia de este requisito, deber\u00e1 pagar la diferencia seg\u00fan la tarifa vigente.<\/p>\n<p>Recuerde que usted debe depositar\/transferir el MONTO TOTAL correspondiente a su inscripci\u00f3n. Para mayor informaci\u00f3n de las tarifas como asistente, haga click <a href=\"http:\/\/www.concisa.net.ve\/2015\/tarifa-asistentes\">aqu\u00ed<\/a>. El valor del pago depender\u00e1 de la fecha en que realice el mismo (<strong>Inscripci\u00f3n Temprana<\/strong> o <strong>Inscripci\u00f3n Tard\u00eda<\/strong>).<\/p>\n<p>El banco origen de la transacci\u00f3n le entregar\u00e1 un comprobante de la transferencia\/dep\u00f3sito realizado, el cual le podr\u00e1 ser solicitado en la mesa de registro, junto con el comprobante de registro, al momento de buscar el material de la conferencia.<\/p>\n<p>El pago de la inscripci\u00f3n debe realizarse en la siguiente cuenta:<\/p>\n<p style=\"padding-left: 30px;\">\nNombre de la Cuenta: <strong>Fundaci\u00f3n CLEI Venezuela<\/strong><br \/>\nRIF: <strong>J-40156380-5<\/strong><br \/>\nBanco: <strong>Banco Mercantil<\/strong><br \/>\nN\u00famero de Cuenta: <strong>0105-0039-73-8039029821<\/strong><br \/>\nEmail: <strong>eventos@svc.net.ve<\/strong><\/p>\n","protected":false},"excerpt":{"rendered":"<p>Registro y Pago de Inscripci\u00f3n a CoNCISa 2015 como Asistente &nbsp;<\/p>\n<p>Para registrase en CoNCISa 2015 como asistente (no autor), usted debe hacer el pago correspondiente como se especifica m\u00e1s adelante. Una vez realizado el pago, debe llenar una planilla en l\u00ednea haciendo clic aqu\u00ed. En esta planilla, usted debe ingresar los datos personales de [&#8230;]<\/p>\n","protected":false},"author":1,"featured_media":0,"parent":0,"menu_order":0,"comment_status":"closed","ping_status":"open","template":"","meta":{"footnotes":""},"class_list":["post-99","page","type-page","status-publish","hentry","odd"],"_links":{"self":[{"href":"https:\/\/concisa.net.ve\/2015\/wp-json\/wp\/v2\/pages\/99","targetHints":{"allow":["GET"]}}],"collection":[{"href":"https:\/\/concisa.net.ve\/2015\/wp-json\/wp\/v2\/pages"}],"about":[{"href":"https:\/\/concisa.net.ve\/2015\/wp-json\/wp\/v2\/types\/page"}],"author":[{"embeddable":true,"href":"https:\/\/concisa.net.ve\/2015\/wp-json\/wp\/v2\/users\/1"}],"replies":[{"embeddable":true,"href":"https:\/\/concisa.net.ve\/2015\/wp-json\/wp\/v2\/comments?post=99"}],"version-history":[{"count":1,"href":"https:\/\/concisa.net.ve\/2015\/wp-json\/wp\/v2\/pages\/99\/revisions"}],"predecessor-version":[{"id":100,"href":"https:\/\/concisa.net.ve\/2015\/wp-json\/wp\/v2\/pages\/99\/revisions\/100"}],"wp:attachment":[{"href":"https:\/\/concisa.net.ve\/2015\/wp-json\/wp\/v2\/media?parent=99"}],"curies":[{"name":"wp","href":"https:\/\/api.w.org\/{rel}","templated":true}]}}