{"id":95,"date":"2015-09-17T20:14:30","date_gmt":"2015-09-18T00:44:30","guid":{"rendered":"http:\/\/www.concisa.net.ve\/2015\/?page_id=95"},"modified":"2015-10-02T11:11:56","modified_gmt":"2015-10-02T15:41:56","slug":"evi-2015-registro","status":"publish","type":"page","link":"https:\/\/concisa.net.ve\/2015\/evi-2015-registro\/","title":{"rendered":"EVI 2015 &#8211; Registro"},"content":{"rendered":"<p><span style=\"display: block; font-size: 20px; padding: 10px; margin-left: 0; -webkit-border-radius: 4px; border-radius: 4px; color: white; text-shadow: 0 -1px 0 rgba(0, 0, 0, 0.25); background-color: #1574c4; background-image: -moz-linear-gradient(top, #1574c4, #1574c4);\">EVI 2015 &#8211; Registro y Pago de Inscripci\u00f3n<\/span><br \/>\n&nbsp;<\/p>\n<p>Para el registro a los tutoriales de EVI 2015, usted debe seguir los siguientes pasos:<\/p>\n<p style=\"padding-left: 30px;\">\n<a href=\"http:\/\/www.concisa.net.ve\/2015\/evi-2015-registro#paso1\"><strong>Paso 1<\/strong>: Solicitar cupo en los tutoriales a los que desee asistir.<\/a><br \/>\n<a href=\"http:\/\/www.concisa.net.ve\/2015\/evi-2015-registro#paso2\"><strong>Paso 2<\/strong>: Realizar el pago correspondiente.<\/a><br \/>\n<a href=\"http:\/\/www.concisa.net.ve\/2015\/evi-2015-registro#paso3\"><strong>Paso 3<\/strong>: Env\u00ede la informaci\u00f3n de su pago.<\/a><\/p>\n<hr \/>\n<p><a name=\"paso1\"><strong>Paso 1<\/strong> &#8211; Solicitar cupo en los tutoriales a los que desee asistir<\/a><\/p>\n<p>Para solicitar cupo en los tutoriales que desea asistir, debe llenar la planilla en l\u00ednea haciendo click sobre el enlace del tutorial respectivo. Aseg\u00farese que los tutoriales que elija no coinciden en horario pues su solicitud podr\u00e1 ser rechazada en caso de coincidencia. Si desea ver el horario de los tutoriales hacer click <a href=\"http:\/\/www.concisa.net.ve\/2015\/evi-2015-tutoriales\" target=\"_blank\">aqu\u00ed<\/a>:<\/p>\n<p><b>D\u00eda Lunes 26 de octubre de 2015<\/b><br \/>\n<a href=\"http:\/\/goo.gl\/forms\/ODNfubyFjE\" target=\"_blank\">EVI 01: Realidad Aumentada<\/a><br \/>\n<a href=\"http:\/\/goo.gl\/forms\/h7hxoLZmnF\" target=\"_blank\">EVI 02: Programaci\u00f3n Multinodos y Multihilos: Una Vista Pr\u00e1ctica<\/a><br \/>\n<a href=\"http:\/\/goo.gl\/forms\/kxFdcNLt6u\" target=\"_blank\">EVI 03: Debian GNU\/Linux: Manejo B\u00e1sico e Instalaci\u00f3n<\/a><br \/>\n<a href=\"http:\/\/goo.gl\/forms\/8URoH6DNQk\" target=\"_blank\">EVI 04: Paradigmas de Programaci\u00f3n en Rob\u00f3tica M\u00f3vil<\/a><br \/>\n<a href=\"http:\/\/goo.gl\/forms\/UBtPQgBkMA\" target=\"_blank\">EVI 05: T\u00e9cnicas Computacionales en Bioinform\u00e1tica<\/a><\/p>\n<p><b>D\u00eda Martes 27 de octubre de 2015<\/b><br \/>\n<a href=\"http:\/\/goo.gl\/forms\/SZmdcnvjDU\" target=\"_blank\">EVI 06: GNU\/Linux: Arquitectura Cliente\/Servidor. Ejemplos de Configuraci\u00f3n<\/a><br \/>\n<a href=\"http:\/\/goo.gl\/forms\/3GUBYwk30V\" target=\"_blank\">EVI 07: Realidad Aumentada con Detecci\u00f3n de Marcadores Utilizando OpenCV<\/a><br \/>\n<a href=\"http:\/\/goo.gl\/forms\/Df9krg6Ilz\" target=\"_blank\">EVI 08: El M\u00e1gico Mundo de la Programaci\u00f3n Funcional en Haskell<\/a><br \/>\n<a href=\"http:\/\/goo.gl\/forms\/5qsLxT99rL\" target=\"_blank\">EVI 09: Inform\u00e1tica Patrimonial<\/a><\/p>\n<p><b>D\u00eda Mi\u00e9rcoles 28 de octubre de 2015<\/b><br \/>\n<a href=\"http:\/\/goo.gl\/forms\/8nA8EEtdBL\" target=\"_blank\">EVI 10: Arquitectura Empresarial: Una Introducci\u00f3n<\/a><br \/>\n<a href=\"http:\/\/goo.gl\/forms\/wJjma5ebwW\" target=\"_blank\">EVI 11: Desarrollo de Aplicaciones Sensibles al Contexto Utilizando un ORDBMS<\/a><br \/>\n<a href=\"http:\/\/goo.gl\/forms\/l94Fz8VF7u\" target=\"_blank\">EVI 12: Lienzo de Modelo de Negocio como Herramienta para Apoyar a las Organizaciones<\/a><br \/>\n<a href=\"http:\/\/goo.gl\/forms\/NAAzu0NW4a\" target=\"_blank\">EVI 13: Software P\u00fablico<\/a><\/p>\n<p>Una vez que someta la planilla, recibir\u00e1 inmediatamente un correo electr\u00f3nico de acuse de recibo de su solicitud. En un plazo no mayor de un d\u00eda h\u00e1bil, el comit\u00e9 organizador le confirmar\u00e1 la disponibilidad  de cupo en el tutorial solicitado, a trav\u00e9s de otro correo electr\u00f3nico.<\/p>\n<hr \/>\n<p><a name=\"paso2\"><strong>Paso 2<\/strong> &#8211; Realizar el pago correspondiente<\/a><\/p>\n<p>Al recibir para cada tutorial el correo electr\u00f3nico confirmando su cupo en el tutorial solicitado, realice un pago \u00fanico TOTAL correspondiente a todos los tutoriales reservados de acuerdo a las <a href=\"http:\/\/www.concisa.net.ve\/2015\/evi-2015-tarifa\">tarifas de EVI 2015<\/a>. Este pago puede ser realizado por transferencia o dep\u00f3sito bancario a la cuenta que se detalla a continuaci\u00f3n. Tome nota del n\u00famero de transferencia o dep\u00f3sito ya que lo necesitar\u00e1 en el pr\u00f3ximo paso. El valor del pago depende de la fecha en que realice el mismo (Inscripci\u00f3n Temprana o Inscripci\u00f3n Tard\u00eda).<\/p>\n<p style=\"padding-left: 30px;\">\nNombre de la Cuenta: <strong>Fundaci\u00f3n CLEI Venezuela<\/strong><br \/>\nRIF: <strong>J-40156380-5<\/strong><br \/>\nBanco: <strong>Banco Mercantil<\/strong><br \/>\nN\u00famero de Cuenta: <strong>0105-0039-73-8039029821<\/strong><br \/>\nEmail: <strong>eventos@svc.net.ve<\/strong><\/p>\n<hr \/>\n<p><a name=\"paso3\"><strong>Paso 3<\/strong> &#8211; Env\u00ede la informaci\u00f3n de su pago<\/a><\/p>\n<p>Para enviar la informaci\u00f3n de su pago, deber\u00e1 llenar una planilla en l\u00ednea  haciendo clic <a href=\"http:\/\/goo.gl\/forms\/EuRT41slJN\" target=\"_blank\">aqu\u00ed<\/a>. Una vez que se haya verificado su pago, el comit\u00e9 organizador le confirmar\u00e1, a trav\u00e9s de un correo electr\u00f3nico, su registro definitivo en los tutoriales que seleccion\u00f3.<\/p>\n<hr \/>\n<p><strong>Nota Importante:<\/strong> El banco origen de la transacci\u00f3n le entregar\u00e1 un comprobante de la transferencia\/dep\u00f3sito realizado, el cual le podr\u00e1 ser solicitado en la mesa de registro al momento de buscar el material de los tutoriales.<\/p>\n","protected":false},"excerpt":{"rendered":"<p>EVI 2015 &#8211; Registro y Pago de Inscripci\u00f3n &nbsp;<\/p>\n<p>Para el registro a los tutoriales de EVI 2015, usted debe seguir los siguientes pasos:<\/p>\n<p style=\"padding-left: 30px;\"> Paso 1: Solicitar cupo en los tutoriales a los que desee asistir. Paso 2: Realizar el pago correspondiente. Paso 3: Env\u00ede la informaci\u00f3n de su pago.<\/p>\n<p>Paso 1 [&#8230;]<\/p>\n","protected":false},"author":1,"featured_media":0,"parent":0,"menu_order":0,"comment_status":"closed","ping_status":"open","template":"","meta":{"footnotes":""},"class_list":["post-95","page","type-page","status-publish","hentry","odd"],"_links":{"self":[{"href":"https:\/\/concisa.net.ve\/2015\/wp-json\/wp\/v2\/pages\/95","targetHints":{"allow":["GET"]}}],"collection":[{"href":"https:\/\/concisa.net.ve\/2015\/wp-json\/wp\/v2\/pages"}],"about":[{"href":"https:\/\/concisa.net.ve\/2015\/wp-json\/wp\/v2\/types\/page"}],"author":[{"embeddable":true,"href":"https:\/\/concisa.net.ve\/2015\/wp-json\/wp\/v2\/users\/1"}],"replies":[{"embeddable":true,"href":"https:\/\/concisa.net.ve\/2015\/wp-json\/wp\/v2\/comments?post=95"}],"version-history":[{"count":1,"href":"https:\/\/concisa.net.ve\/2015\/wp-json\/wp\/v2\/pages\/95\/revisions"}],"predecessor-version":[{"id":96,"href":"https:\/\/concisa.net.ve\/2015\/wp-json\/wp\/v2\/pages\/95\/revisions\/96"}],"wp:attachment":[{"href":"https:\/\/concisa.net.ve\/2015\/wp-json\/wp\/v2\/media?parent=95"}],"curies":[{"name":"wp","href":"https:\/\/api.w.org\/{rel}","templated":true}]}}