{"id":84,"date":"2015-09-12T20:44:49","date_gmt":"2015-09-13T01:14:49","guid":{"rendered":"http:\/\/www.concisa.net.ve\/2015\/?page_id=84"},"modified":"2015-10-16T07:05:39","modified_gmt":"2015-10-16T11:35:39","slug":"evi-2015-tutoriales","status":"publish","type":"page","link":"https:\/\/concisa.net.ve\/2015\/evi-2015-tutoriales\/","title":{"rendered":"EVI 2015 &#8211; Tutoriales"},"content":{"rendered":"<p><span style=\"display: block; font-size: 20px; padding: 10px; margin-left: 0; -webkit-border-radius: 4px; border-radius: 4px; color: white; text-shadow: 0 -1px 0 rgba(0, 0, 0, 0.25); background-color: #1574c4; background-image: -moz-linear-gradient(top, #1574c4, #1574c4);\">EVI 2015 &#8211; Tutoriales<\/span><br \/>\nDurante EVI 2015, habr\u00e1 tutoriales de 4 horas y otros de 8 horas. Para informaci\u00f3n sobre las tarifas de los tutoriales, hacer clic <a href=\"http:\/\/www.concisa.net.ve\/2015\/evi-2015-tarifa\">aqu\u00ed<\/a>. Es importante tomar en cuenta que la tarifa depende del n\u00famero de horas del tutorial. La programaci\u00f3n de los tutoriales es la siguiente:<\/p>\n<h4>D\u00eda Lunes 26 de octubre de 2015<\/h4>\n<ul>\n<li><b>EVI 01:<\/b> <a href=\"http:\/\/www.concisa.net.ve\/2015\/evi-2015-tutoriales#serio\">Realidad Aumentada<\/a><\/li>\n<li><b>EVI 02:<\/b> <a href=\"http:\/\/www.concisa.net.ve\/2015\/evi-2015-tutoriales#rivas\">Programaci\u00f3n Multinodos y Multihilos: Una Vista Pr\u00e1ctica<\/a><\/li>\n<li><b>EVI 03:<\/b> <a href=\"http:\/\/www.concisa.net.ve\/2015\/evi-2015-tutoriales#lares\">Debian GNU\/Linux: Manejo B\u00e1sico e Instalaci\u00f3n<\/a><\/li>\n<li><b>EVI 04:<\/b> <a href=\"http:\/\/www.concisa.net.ve\/2015\/evi-2015-tutoriales#pereira\">Paradigmas de Programaci\u00f3n en Rob\u00f3tica M\u00f3vil<\/a><\/li>\n<li><b>EVI 05:<\/b> <a href=\"http:\/\/www.concisa.net.ve\/2015\/evi-2015-tutoriales#altamiranda\">T\u00e9cnicas Computacionales en Bioinform\u00e1tica<\/a><\/li>\n<\/ul>\n<h4>D\u00eda Martes 27 de octubre de 2015<\/h4>\n<ul>\n<li><b>EVI 06:<\/b> <a href=\"http:\/\/www.concisa.net.ve\/2015\/evi-2015-tutoriales#marquez\">GNU\/Linux: Arquitectura Cliente\/Servidor. Ejemplos de Configuraci\u00f3n<\/a><\/li>\n<li><b>EVI 07:<\/b> <a href=\"http:\/\/www.concisa.net.ve\/2015\/evi-2015-tutoriales#astor\">Realidad Aumentada con Detecci\u00f3n de Marcadores Utilizando OpenCV<\/a><\/li>\n<li><b>EVI 08:<\/b> <a href=\"http:\/\/www.concisa.net.ve\/2015\/evi-2015-tutoriales#monascal\">El M\u00e1gico Mundo de la Programaci\u00f3n Funcional en Haskell<\/a><\/li>\n<li><b>EVI 09:<\/b> <a href=\"http:\/\/www.concisa.net.ve\/2015\/evi-2015-tutoriales#astudillo\">Inform\u00e1tica Patrimonial<\/a><\/li>\n<\/ul>\n<h4>D\u00eda Mi\u00e9rcoles 28 de octubre de 2015<\/h4>\n<ul>\n<li><b>EVI 10:<\/b> <a href=\"http:\/\/www.concisa.net.ve\/2015\/evi-2015-tutoriales#barrios\">Arquitectura Empresarial: Una Introducci\u00f3n<\/a><\/li>\n<li><b>EVI 11:<\/b> <a href=\"http:\/\/www.concisa.net.ve\/2015\/evi-2015-tutoriales#cardenas\">Desarrollo de Aplicaciones Sensibles al Contexto Utilizando un ORDBMS<\/a><\/li>\n<li><b>EVI 12:<\/b> <a href=\"http:\/\/www.concisa.net.ve\/2015\/evi-2015-tutoriales#palma\">Lienzo de Modelo de Negocio como Herramienta para Apoyar a las Organizaciones<\/a><\/li>\n<li><b>EVI 13:<\/b> <a href=\"http:\/\/www.concisa.net.ve\/2015\/evi-2015-tutoriales#sierraalta\">Software P\u00fablico<\/a><\/li>\n<\/ul>\n<p>&nbsp;<\/p>\n<p><span style=\"display: block; font-size: 20px; padding: 10px; margin-left: 0; -webkit-border-radius: 4px; border-radius: 4px; color: white; text-shadow: 0 -1px 0 rgba(0, 0, 0, 0.25); background-color: #1574c4; background-image: -moz-linear-gradient(top, #1574c4, #1574c4);\"><a name=\"serio\">Realidad Aumentada<\/a> <br \/> A. Di Serio, Universidad Sim\u00f3n B\u00f3livar, Venezuela<\/span><\/p>\n<p><strong>Fecha:<\/strong> Lunes 26 de octubre de 2015 (8:30 AM a 12:00 M)<br \/>\n<strong>Duraci\u00f3n:<\/strong> 4 horas<br \/>\n<strong>Aula:<\/strong> A definir<br \/>\n<strong>Contenido:<\/strong> En este taller se presentar\u00e1 una visi\u00f3n general del: (1) funcionamiento de la tecnolog\u00eda de realidad aumentada, (2) tipos de realidad aumentada, (3) herramientas y librer\u00edas disponibles para el desarrollo de aplicaciones, (4) tipos de aplicaciones. Por \u00faltimo, crearemos una aplicaci\u00f3n usando Unity3D + Vuforia.<br \/>\n<strong>M\u00e1s Informaci\u00f3n:<\/strong> Haz clic en en el siguiente <a href=\"http:\/\/www.concisa.net.ve\/2015\/wp-content\/uploads\/sites\/4\/2015\/10\/EVI-01.pdf\" target=\"_blank\">enlace<\/a>.<br \/>\n&nbsp;<\/p>\n<p><span style=\"display: block; font-size: 20px; padding: 10px; margin-left: 0; -webkit-border-radius: 4px; border-radius: 4px; color: white; text-shadow: 0 -1px 0 rgba(0, 0, 0, 0.25); background-color: #1574c4; background-image: -moz-linear-gradient(top, #1574c4, #1574c4);\"><a name=\"rivas\">Programaci\u00f3n Multinodos y Multihilos: Una Vista Pr\u00e1ctica<\/a> <br \/> R. Rivas, Universidad Central de Venezuela, Venezuela<\/span><\/p>\n<p><strong>Fecha:<\/strong> Lunes 26 de octubre de 2015 (2:30 PM a 6:00 PM)<br \/>\n<strong>Duraci\u00f3n:<\/strong> 4 horas<br \/>\n<strong>Aula:<\/strong> A definir<br \/>\n<strong>Contenido:<\/strong> Introducci\u00f3n al modelo de Memoria Distribuida: Cl\u00fasters, Supercomputadoras y Grids. Introducci\u00f3n al modelo de programaci\u00f3n MPI. MPI en pr\u00e1ctica. Introducci\u00f3n al modelo de Memoria Compartida: multinodos, multicores, nuevas familias de procesadores (ejm: ARM). Introducci\u00f3n al modelo de programaci\u00f3n OpenMP. OpenMP en la pr\u00e1ctica. MPI y OpenMP viviendo juntos.<br \/>\n<strong>M\u00e1s Informaci\u00f3n:<\/strong> Haz clic en en el siguiente <a href=\"http:\/\/www.concisa.net.ve\/2015\/wp-content\/uploads\/sites\/4\/2015\/10\/EVI-02.pdf\" target=\"_blank\">enlace<\/a>.<br \/>\n&nbsp;<\/p>\n<p><span style=\"display: block; font-size: 20px; padding: 10px; margin-left: 0; -webkit-border-radius: 4px; border-radius: 4px; color: white; text-shadow: 0 -1px 0 rgba(0, 0, 0, 0.25); background-color: #1574c4; background-image: -moz-linear-gradient(top, #1574c4, #1574c4);\"><a name=\"lares\">Debian GNU\/Linux: Manejo B\u00e1sico e Instalaci\u00f3n<\/a> <br \/> R. Lares, Y. Cardinale, I. Gonzales y N. M\u00e1rquez, Universidad Sim\u00f3n Bol\u00edvar, Venezuela<\/span><\/p>\n<p><strong>Fecha:<\/strong> Lunes 26 de octubre de 2015 (Ma\u00f1ana: 8:30 AM a 12:00 M &#8212; Tarde: 2:30 PM a 6:00 PM)<br \/>\n<strong>Duraci\u00f3n:<\/strong> 8 horas<br \/>\n<strong>Aula:<\/strong> A definir<br \/>\n<strong>Contenido:<\/strong> Breve historia de Unix y Software Libre. Breve resumen de GNU\/Linux exponiendo ventajas de este con respecto a otros OS. Comandos esenciales del terminal. Muestra de funcionalidades b\u00e1sicas de Linux.  Explicaci\u00f3n rel\u00e1mpago de booteo y BIOS. Instalaci\u00f3n paso a paso de Debian.<br \/>\n<strong>M\u00e1s Informaci\u00f3n:<\/strong> Haz clic en en el siguiente <a href=\"http:\/\/www.concisa.net.ve\/2015\/wp-content\/uploads\/sites\/4\/2015\/10\/EVI-03.pdf\" target=\"_blank\">enlace<\/a>.<br \/>\n&nbsp;<\/p>\n<p><span style=\"display: block; font-size: 20px; padding: 10px; margin-left: 0; -webkit-border-radius: 4px; border-radius: 4px; color: white; text-shadow: 0 -1px 0 rgba(0, 0, 0, 0.25); background-color: #1574c4; background-image: -moz-linear-gradient(top, #1574c4, #1574c4);\"><a name=\"pereira\">Paradigmas de Programaci\u00f3n en Rob\u00f3tica M\u00f3vil<\/a> <br \/> W. Pereira, Universidad Cat\u00f3lica Andr\u00e9s Bello, Venezuela<\/span><\/p>\n<p><strong>Fecha:<\/strong> Lunes 26 de octubre de 2015 (Ma\u00f1ana: 8:30 AM a 12:00 M &#8212; Tarde: 2:30 PM a 6:00 PM)<br \/>\n<strong>Duraci\u00f3n:<\/strong> 8 horas<br \/>\n<strong>Aula:<\/strong> A definir<br \/>\n<strong>Contenido:<\/strong> Arquitectura b\u00e1sica de un robot: Manipuladores y telepresencia,  T\u00e9cnicas de programaci\u00f3n en rob\u00f3tica aut\u00f3noma (Paradigmas jer\u00e1rquico, reactivo e h\u00edbrido), Navegaci\u00f3n rob\u00f3tica (Desplazamientos topol\u00f3gicos y m\u00e9tricos), Rob\u00f3tica multiagentes (Control: centralizado vs distribuido, Heterogeneidad,  Protocolos), Principios b\u00e1sicos de programaci\u00f3n, Competencias de rob\u00f3tica.<br \/>\n<strong>M\u00e1s Informaci\u00f3n:<\/strong> Haz clic en en el siguiente <a href=\"http:\/\/www.concisa.net.ve\/2015\/wp-content\/uploads\/sites\/4\/2015\/10\/EVI-04.pdf\" target=\"_blank\">enlace<\/a>.<br \/>\n<strong>Disponibilidad:<\/strong> <strong><span style=\"color: #ff0000;\">cupos agotados<\/span><\/strong><br \/>\n&nbsp;<\/p>\n<p><span style=\"display: block; font-size: 20px; padding: 10px; margin-left: 0; -webkit-border-radius: 4px; border-radius: 4px; color: white; text-shadow: 0 -1px 0 rgba(0, 0, 0, 0.25); background-color: #1574c4; background-image: -moz-linear-gradient(top, #1574c4, #1574c4);\"><a name=\"altamiranda\">T\u00e9cnicas Computacionales en Bioinform\u00e1tica<\/a> <br \/> J. Altamiranda, Universidad de Los Andes, Venezuela<\/span><\/p>\n<p><strong>Fecha:<\/strong> Lunes 26 de octubre de 2015 (Ma\u00f1ana: 8:30 AM a 12:00 M &#8212; Tarde: 2:30 PM a 6:00 PM)<br \/>\n<strong>Duraci\u00f3n:<\/strong> 8 horas<br \/>\n<strong>Aula:<\/strong> A definir<br \/>\n<strong>Contenido:<\/strong> Introducci\u00f3n a la Bioinform\u00e1tica. Amino\u00e1cidos y Prote\u00ednas. Algoritmos de Alineamiento y Comparaci\u00f3n de Secuencias de Prote\u00ednas: Alineamiento Local, Alineamiento Global, Matrices, Alineamientos M\u00faltiples, Modelos Ocultos de Markov. Expresiones Regulares y su uso en Biolog\u00eda: Motivos, Prosite. Motivos Proteicos Peque\u00f1os: Short Linear Motifs (SLM) y Hot Spot. Principales Herramientas Bioinform\u00e1ticas: Blast, Fasta, Clustal, LOGOS.<br \/>\n<strong>M\u00e1s Informaci\u00f3n:<\/strong> Haz clic en en el siguiente <a href=\"http:\/\/www.concisa.net.ve\/2015\/wp-content\/uploads\/sites\/4\/2015\/10\/EVI-05.pdf\" target=\"_blank\">enlace<\/a>.<br \/>\n&nbsp;<\/p>\n<p><span style=\"display: block; font-size: 20px; padding: 10px; margin-left: 0; -webkit-border-radius: 4px; border-radius: 4px; color: white; text-shadow: 0 -1px 0 rgba(0, 0, 0, 0.25); background-color: #1574c4; background-image: -moz-linear-gradient(top, #1574c4, #1574c4);\"><a name=\"marquez\">GNU\/Linux: Arquitectura Cliente\/Servidor. Ejemplos de Configuraci\u00f3n<\/a> <br \/> N. M\u00e1rquez, Y. Cardinale y L. Fernandes, Universidad Sim\u00f3n Bol\u00edvar, Venezuela<\/span><\/p>\n<p><strong>Fecha:<\/strong> Martes 27 de octubre de 2015 (Ma\u00f1ana: 8:30 AM a 12:00 M &#8212; Tarde: 2:30 PM a 6:00 PM)<br \/>\n<strong>Duraci\u00f3n:<\/strong> 8 horas<br \/>\n<strong>Aula:<\/strong> A definir<br \/>\n<strong>Contenido:<\/strong> Breve historia de Unix y Software Libre. Explicaci\u00f3n breve de Arquitectura Cliente\/Servidor. Explicaci\u00f3n breve de servicios b\u00e1sicos (DNS, Correo, DHCP, NFS, LDAP, Web, CUPS, Kerberos, SSH, NAT, IPTABLES). Configuraci\u00f3n e instalaci\u00f3n b\u00e1sica de DNS, Web, SSH, DHCP.<br \/>\n<strong>M\u00e1s Informaci\u00f3n:<\/strong> Haz clic en en el siguiente <a href=\"http:\/\/www.concisa.net.ve\/2015\/wp-content\/uploads\/sites\/4\/2015\/10\/EVI-06.pdf\" target=\"_blank\">enlace<\/a>.<br \/>\n&nbsp;<\/p>\n<p><span style=\"display: block; font-size: 20px; padding: 10px; margin-left: 0; -webkit-border-radius: 4px; border-radius: 4px; color: white; text-shadow: 0 -1px 0 rgba(0, 0, 0, 0.25); background-color: #1574c4; background-image: -moz-linear-gradient(top, #1574c4, #1574c4);\"><a name=\"astor\">Realidad Aumentada con Detecci\u00f3n de Marcadores Utilizando OpenCV<\/a> <br \/> M. Astor y A. Morales, Universidad Central de Venezuela, Venezuela<\/span><\/p>\n<p><strong>Fecha:<\/strong> Martes 27 de octubre de 2015 (Ma\u00f1ana: 8:30 AM a 12:00 M &#8212; Tarde: 2:30 PM a 6:00 PM)<br \/>\n<strong>Duraci\u00f3n:<\/strong> 8 horas<br \/>\n<strong>Aula:<\/strong> A definir<br \/>\n<strong>Contenido:<\/strong> Contenido: Introducci\u00f3n a la Realidad Aumentada. Tipos de realidad aumentada: con marcadores, sin marcadores. Concepto y generaci\u00f3n de marcadores. Acciones necesarias para desplegar escenas aumentadas: calibraci\u00f3n de la c\u00e1mara, detecci\u00f3n y decodificaci\u00f3n de marcadores, estimaci\u00f3n de pose, despliegue.  Programaci\u00f3n con OpenCV: El tipo de datos Mat. Mostrar y guardar im\u00e1genes. Captura de video. Conversi\u00f3n de espacios de color. Binarizaci\u00f3n de im\u00e1genes. Detecci\u00f3n de bordes y aproximaci\u00f3n poligonal de bordes. Eliminaci\u00f3n de distorsiones de perspectiva. Detecci\u00f3n de marcadores: Calibraci\u00f3n de la c\u00e1mara. An\u00e1lisis de im\u00e1genes de video. Detecci\u00f3n de candidatos a marcadores. Eliminaci\u00f3n de outliers. Decodificiaci\u00f3n de marcadores. Nociones de despliegue en Realidad Aumentada: Configuraci\u00f3n de la c\u00e1mara virtual, Transformaciones de modelo-vista.<br \/>\n<strong>M\u00e1s Informaci\u00f3n:<\/strong> Haz clic en en el siguiente <a href=\"http:\/\/www.concisa.net.ve\/2015\/wp-content\/uploads\/sites\/4\/2015\/10\/EVI-07.pdf\" target=\"_blank\">enlace<\/a>.<br \/>\n&nbsp;<\/p>\n<p><span style=\"display: block; font-size: 20px; padding: 10px; margin-left: 0; -webkit-border-radius: 4px; border-radius: 4px; color: white; text-shadow: 0 -1px 0 rgba(0, 0, 0, 0.25); background-color: #1574c4; background-image: -moz-linear-gradient(top, #1574c4, #1574c4);\"><a name=\"monascal\">El M\u00e1gico Mundo de la Programaci\u00f3n Funcional en Haskell<\/a> <br \/> R. Monascal, Universidad Sim\u00f3n Bol\u00edvar, Venezuela<\/span><\/p>\n<p><strong>Fecha:<\/strong> Martes 27 de octubre de 2015 (Ma\u00f1ana: 8:30 AM a 12:00 M &#8212; Tarde: 2:30 PM a 6:00 PM)<br \/>\n<strong>Duraci\u00f3n:<\/strong> 8 horas<br \/>\n<strong>Aula:<\/strong> A definir<br \/>\n<strong>Contenido:<\/strong> Breve revisi\u00f3n hist\u00f3rica de la evoluci\u00f3n de los lenguajes de programaci\u00f3n. Bases te\u00f3ricas de la programaci\u00f3n funcional. El Haskell Platform y ghci. Funciones y tipos, secciones, currificaci\u00f3n. Pattern Matching y condicionales. Listas y tuplas. Funciones de orden superior. Creaci\u00f3n de tipos de datos recursivos. M\u00f3dulos. Ejemplo completo: Codificaci\u00f3n de Hoffman. Morfismos: fold, unfold y refold. Contenedores: Applicative, Functor y Monad. Ejemplos de Monads: Identity, Maybe y Lista. Notaci\u00f3n \u201cdo\u201d. Ejemplos de Monads: Writer, Reader, State e IO. Parsec. Transformadores de Monads. Ejemplo Completo: M\u00e1quina Virtual de Logo. M\u00e1s all\u00e1 de Haskell, el mundo de programadores funcionales.<br \/>\n<strong>M\u00e1s Informaci\u00f3n:<\/strong> Haz clic en en el siguiente <a href=\"http:\/\/www.concisa.net.ve\/2015\/wp-content\/uploads\/sites\/4\/2015\/10\/EVI-08.pdf\" target=\"_blank\">enlace<\/a>.<br \/>\n&nbsp;<\/p>\n<p><span style=\"display: block; font-size: 20px; padding: 10px; margin-left: 0; -webkit-border-radius: 4px; border-radius: 4px; color: white; text-shadow: 0 -1px 0 rgba(0, 0, 0, 0.25); background-color: #1574c4; background-image: -moz-linear-gradient(top, #1574c4, #1574c4);\"><a name=\"astudillo\">Inform\u00e1tica Patrimonial<\/a> <br \/> H. Astudillo, Universidad T\u00e9cnica Federico Santa Mar\u00eda, Chile<\/span><\/p>\n<p><strong>Fecha:<\/strong> Martes 27 de octubre de 2015 (Ma\u00f1ana: 8:30 AM a 12:00 M &#8212; Tarde: 2:30 PM a 6:00 PM)<br \/>\n<strong>Duraci\u00f3n:<\/strong> 8 horas<br \/>\n<strong>Aula:<\/strong> A definir<br \/>\n<strong>Contenido:<\/strong> Conceptos, tendencias y l\u00edneas clave de Inform\u00e1tica Patrimonial. Pr\u00e1cticas y est\u00e1ndares de catalogaci\u00f3n y digitalizaci\u00f3n. Datos: metadatos; geo-referenciaci\u00f3n; facetas y exploradores faceteados; indexaci\u00f3n autom\u00e1tica de recursos digitales. Informaci\u00f3n: enriquecimiento social de datos; crowdsourcing; reputaci\u00f3n y confianza (\u201ctrust\u201d). Conocimiento: contextualizaci\u00f3n de informaci\u00f3n; Web Sem\u00e1ntica, wikis sem\u00e1nticas, y Open Linked Data; sistemas recomendadores.<br \/>\n<strong>M\u00e1s Informaci\u00f3n:<\/strong> Haz clic en en el siguiente <a href=\"http:\/\/www.concisa.net.ve\/2015\/wp-content\/uploads\/sites\/4\/2015\/10\/EVI-09.pdf\" target=\"_blank\">enlace<\/a>.<br \/>\n&nbsp;<\/p>\n<p><span style=\"display: block; font-size: 20px; padding: 10px; margin-left: 0; -webkit-border-radius: 4px; border-radius: 4px; color: white; text-shadow: 0 -1px 0 rgba(0, 0, 0, 0.25); background-color: #1574c4; background-image: -moz-linear-gradient(top, #1574c4, #1574c4);\"><a name=\"barrios\">Arquitectura Empresarial: Una Introducci\u00f3n<\/a> <br \/> J. Barrios, Universidad de Los Andes, Venezuela<\/span><\/p>\n<p><strong>Fecha:<\/strong> Mi\u00e9rcoles 28 de octubre de 2015 (8:30 AM a 12:00 M)<br \/>\n<strong>Duraci\u00f3n:<\/strong> 4 horas<br \/>\n<strong>Aula:<\/strong> A definir<br \/>\n<strong>Contenido:<\/strong> Qu\u00e9 es una AE. Conceptos fundamentales de AE. Notaciones para representar la AE. Herramientas automatizadas de apoyo a la especificaci\u00f3n de AE. Gesti\u00f3n de AE. Marcos de trabajo para AE: Zachman, FEAF, GEAF y TOGAF. Comparaci\u00f3n general de los 4 marcos presentados. Introducci\u00f3n al marco de trabajo TOGAF 9.1 y su enfoque para AE. Exposici\u00f3n breve de cada componente de TOGAF y de sus relaciones con los otros componentes del marco de trabajo.<br \/>\n<strong>M\u00e1s Informaci\u00f3n:<\/strong> Haz clic en en el siguiente <a href=\"http:\/\/www.concisa.net.ve\/2015\/wp-content\/uploads\/sites\/4\/2015\/10\/EVI-10.pdf\" target=\"_blank\">enlace<\/a>.<br \/>\n&nbsp;<\/p>\n<p><span style=\"display: block; font-size: 20px; padding: 10px; margin-left: 0; -webkit-border-radius: 4px; border-radius: 4px; color: white; text-shadow: 0 -1px 0 rgba(0, 0, 0, 0.25); background-color: #1574c4; background-image: -moz-linear-gradient(top, #1574c4, #1574c4);\"><a name=\"cardenas\">Desarrollo de Aplicaciones Sensibles al Contexto Utilizando un ORDBMS<\/a> <br \/> J. Cadenas, Universidad Sim\u00f3n Bol\u00edvar, Venezuela<\/span><\/p>\n<p><strong>Fecha:<\/strong> Mi\u00e9rcoles 28 de octubre de 2015 (8:30 AM a 12:00 M)<br \/>\n<strong>Duraci\u00f3n:<\/strong> 4 horas<br \/>\n<strong>Aula:<\/strong> A definir<br \/>\n<strong>Contenido:<\/strong> Est\u00e1ndar SQL para ORDBMS. Introducci\u00f3n a las Bases de Datos Difusos.  Conceptos  relacionados a las Aplicaciones Sensibles al Contexto. Estructura de una Aplicaci\u00f3n Sensible al Contexto utilizando un ORDBMS. Implementaci\u00f3n de un modelo de dominios difusos en el ORDBMS Oracle. M\u00e9todo para desarrollar una aplicaci\u00f3n sensible al contexto. Dise\u00f1o de pruebas con diferentes datos que incluyan dominios difusos y consultas flexibles. Se mostrar\u00e1n ejemplos de aplicaciones desarrolladas y plantear\u00e1n posibles aplicaciones.<br \/>\n<strong>M\u00e1s Informaci\u00f3n:<\/strong> Haz clic en en el siguiente <a href=\"http:\/\/www.concisa.net.ve\/2015\/wp-content\/uploads\/sites\/4\/2015\/10\/EVI-11.pdf\" target=\"_blank\">enlace<\/a>.<br \/>\n&nbsp;<\/p>\n<p><span style=\"display: block; font-size: 20px; padding: 10px; margin-left: 0; -webkit-border-radius: 4px; border-radius: 4px; color: white; text-shadow: 0 -1px 0 rgba(0, 0, 0, 0.25); background-color: #1574c4; background-image: -moz-linear-gradient(top, #1574c4, #1574c4);\"><a name=\"palma\">Lienzo de Modelo de Negocio como Herramienta para Apoyar a las Organizaciones<\/a> <br \/> M. Palma, Oracle, Venezuela<\/span><\/p>\n<p><strong>Fecha:<\/strong> Mi\u00e9rcoles 28 de octubre de 2015 (8:30 AM a 12:00 M)<br \/>\n<strong>Duraci\u00f3n:<\/strong> 4 horas<br \/>\n<strong>Aula:<\/strong> A definir<br \/>\n<strong>Contenido:<\/strong> Breve descripci\u00f3n del Lienzo de Modelo de Negocio, bases te\u00f3ricas, ejercicio de construcci\u00f3n de modelo de negocio, relaci\u00f3n entre modelo de negocio y necesidad de cliente, descripci\u00f3n de Propuesta de Valor, ejercicio de construcci\u00f3n de propuesta de valor, ejercicio de asociaci\u00f3n de tecnolog\u00eda con componentes del modelo de negocio de la organizaci\u00f3n.<br \/>\n<strong>M\u00e1s Informaci\u00f3n:<\/strong> Haz clic en en el siguiente <a href=\"http:\/\/www.concisa.net.ve\/2015\/wp-content\/uploads\/sites\/4\/2015\/10\/EVI-12.pdf\" target=\"_blank\">enlace<\/a>.<br \/>\n&nbsp;<\/p>\n<p><span style=\"display: block; font-size: 20px; padding: 10px; margin-left: 0; -webkit-border-radius: 4px; border-radius: 4px; color: white; text-shadow: 0 -1px 0 rgba(0, 0, 0, 0.25); background-color: #1574c4; background-image: -moz-linear-gradient(top, #1574c4, #1574c4);\"><a name=\"sierraalta\">Software P\u00fablico<\/a> <br \/> E. Sierraalta y V. Carranza, Centro Nacional de Tecnolog\u00edas de Informaci\u00f3n, Venezuela<\/span><\/p>\n<p><strong>Fecha:<\/strong> Mi\u00e9rcoles 28 de octubre de 2015 (8:30 AM a 12:00 M)<br \/>\n<strong>Duraci\u00f3n:<\/strong> 4 horas<br \/>\n<strong>Aula:<\/strong> A definir<br \/>\n<strong>Contenido:<\/strong> Software p\u00fablico. Presentaci\u00f3n del proyecto \u201cCaptaci\u00f3n de talento humano para la conformaci\u00f3n de unidades de servicios desarrolladoras y de emprendimiento para la generaci\u00f3n de Soluciones Sustentables de Tecnolog\u00edas de Informaci\u00f3n Libres para Software P\u00fablico\u201d.  Unidades de servicios. Perfiles, Requerimientos, Modelo de negocio. Interacci\u00f3n en mesas de trabajo. Soluciones Sustentables. Funci\u00f3n, Caracter\u00edsticas. Interacci\u00f3n en mesas de trabajo.<br \/>\n<strong>M\u00e1s Informaci\u00f3n:<\/strong> Haz clic en en el siguiente <a href=\"http:\/\/www.concisa.net.ve\/2015\/wp-content\/uploads\/sites\/4\/2015\/10\/EVI-13.pdf\" target=\"_blank\">enlace<\/a>.<br \/>\n&nbsp;<\/p>\n","protected":false},"excerpt":{"rendered":"<p>EVI 2015 &#8211; Tutoriales Durante EVI 2015, habr\u00e1 tutoriales de 4 horas y otros de 8 horas. Para informaci\u00f3n sobre las tarifas de los tutoriales, hacer clic aqu\u00ed. Es importante tomar en cuenta que la tarifa depende del n\u00famero de horas del tutorial. La programaci\u00f3n de los tutoriales es la siguiente:<\/p>\n<p> D\u00eda Lunes 26 de [&#8230;]<\/p>\n","protected":false},"author":1,"featured_media":0,"parent":0,"menu_order":0,"comment_status":"closed","ping_status":"open","template":"","meta":{"footnotes":""},"class_list":["post-84","page","type-page","status-publish","hentry","odd"],"_links":{"self":[{"href":"https:\/\/concisa.net.ve\/2015\/wp-json\/wp\/v2\/pages\/84","targetHints":{"allow":["GET"]}}],"collection":[{"href":"https:\/\/concisa.net.ve\/2015\/wp-json\/wp\/v2\/pages"}],"about":[{"href":"https:\/\/concisa.net.ve\/2015\/wp-json\/wp\/v2\/types\/page"}],"author":[{"embeddable":true,"href":"https:\/\/concisa.net.ve\/2015\/wp-json\/wp\/v2\/users\/1"}],"replies":[{"embeddable":true,"href":"https:\/\/concisa.net.ve\/2015\/wp-json\/wp\/v2\/comments?post=84"}],"version-history":[{"count":1,"href":"https:\/\/concisa.net.ve\/2015\/wp-json\/wp\/v2\/pages\/84\/revisions"}],"predecessor-version":[{"id":85,"href":"https:\/\/concisa.net.ve\/2015\/wp-json\/wp\/v2\/pages\/84\/revisions\/85"}],"wp:attachment":[{"href":"https:\/\/concisa.net.ve\/2015\/wp-json\/wp\/v2\/media?parent=84"}],"curies":[{"name":"wp","href":"https:\/\/api.w.org\/{rel}","templated":true}]}}