{"id":77,"date":"2015-07-29T16:06:24","date_gmt":"2015-07-29T20:36:24","guid":{"rendered":"http:\/\/www.concisa.net.ve\/2015\/?page_id=77"},"modified":"2016-10-22T17:13:19","modified_gmt":"2016-10-22T21:43:19","slug":"concurso-nacional-teg","status":"publish","type":"page","link":"https:\/\/concisa.net.ve\/2015\/concurso-nacional-teg\/","title":{"rendered":"II Concurso Nacional de Trabajos Especial de Grado"},"content":{"rendered":"<p><span style=\"display: block; font-size: 20px; padding: 10px; margin-left: 0; -webkit-border-radius: 4px; border-radius: 4px; color: white; text-shadow: 0 -1px 0 rgba(0, 0, 0, 0.25); background-color: #1574c4; background-image: -moz-linear-gradient(top, #1574c4, #1574c4);\">II Concurso Nacional de Trabajos Especial de Grado 2015<\/span><\/p>\n<p>El II Concurso Nacional de Trabajos Especial de Grado de la SVC (TEG pregrado) es un evento que se realiza en el marco de CoNCISa-EVI 2015. El objetivo del concurso es promover y transmitir el trabajo final de grado de estudiantes que hayan terminado recientemente sus carreras en Computaci\u00f3n, Inform\u00e1tica y Sistemas.<\/p>\n<p>Podr\u00e1n  participar estudiantes que hayan defendido un TEG en el per\u00edodo comprendido del 01\/07\/2014 al 31\/07\/2015 en los programas de las carreras antes mencionadas. Los trabajos enviados pueden ser individuales o grupales. <b>Se aceptar\u00e1 la postulaci\u00f3n de un TEG por instituci\u00f3n.<\/b><\/p>\n<p>Para participar en el concurso se debe presentar un resumen del trabajo y enviar como anexo el tomo completo del trabajo. Las contribuciones ser\u00e1n revisadas por un Comit\u00e9 Evaluador, quienes elegir\u00e1n los tres mejores trabajos.<\/p>\n<p>Los trabajos premiados ser\u00e1n presentados oralmente en una sesi\u00f3n especial que tendr\u00e1 lugar en CoNCISa-EVI 2015, que se realizar\u00e1 en la <a href=\"http:\/\/www.uc.edu.ve\" target=\"_blank\">Universidad de Carabobo<\/a>, Valencia &#8211; Venezuela, del 26 al 30 de octubre de 2015. Se publicar\u00e1n los res\u00famenes de una p\u00e1gina en las memorias de CoNCISa 2015. Para recibir el premio es requisito presentar personalmente el trabajo.<br \/>\n&nbsp;<br \/>\n&nbsp;<\/p>\n<p><span style=\"display: block; font-size: 20px; padding: 10px; margin-left: 0; -webkit-border-radius: 4px; border-radius: 4px; color: white; text-shadow: 0 -1px 0 rgba(0, 0, 0, 0.25); background-color: #1574c4; background-image: -moz-linear-gradient(top, #1574c4, #1574c4);\">Informaci\u00f3n para el Env\u00edo de TEGs al Concurso 2015<\/span><br \/>\nSe requieren los siguientes tres archivos PDF. El primero (versi\u00f3n corta del TEG) debe ser cargado en la plataforma <a href=\"https:\/\/www.easychair.org\/conferences\/?conf=concisa2015\" target=\"_blank\">EasyChair<\/a> selecionando el t\u00f3pico &#8220;<b>Concurso Nacional de TEGs<\/b>&#8221;. El segundo (tomo completo del TEG) y el tercero (documento probatorio de defensa del TEG) deben ser enviados por email a la profesora Ana Aguilera (<a href=\"mailto: aaguilef@gmail.com\">aaguilef@gmail.com<\/a>).<\/p>\n<ol>\n<li>Versi\u00f3n corta del TEG escrita en Castellano, en el formato para art\u00edculos de IEEE (<a href=\"http:\/\/www.ieee.org\/conferences_events\/conferences\/publishing\/templates.html\" target=\"_blank\">Manuscript Templates for Conference Proceedings<\/a>), en tama\u00f1o carta (8.5\u2033 x 11\u2033), entre 10 y 15 p\u00e1ginas que describan el contexto del trabajo, justificaci\u00f3n e importancia, objetivos y logros alcanzados. Debe acompa\u00f1arse de una p\u00e1gina de identificaci\u00f3n del TEG que contenga el t\u00edtulo, nombre y correo electr\u00f3nico del autor, instituci\u00f3n de afiliaci\u00f3n, nombre y correo electr\u00f3nico del tutor.<\/li>\n<li>El tomo completo de la memoria o libro TEG.<\/li>\n<li>Documento probatorio de defensa de TEG (certificado o diploma de culminaci\u00f3n de carrera, acta o veredicto de defensa) debidamente firmada y sellada por las autoridades competentes.<\/li>\n<\/ol>\n<p>&nbsp;<br \/>\n&nbsp;<\/p>\n<p><span style=\"display: block; font-size: 20px; padding: 10px; margin-left: 0; -webkit-border-radius: 4px; border-radius: 4px; color: white; text-shadow: 0 -1px 0 rgba(0, 0, 0, 0.25); background-color: #1574c4; background-image: -moz-linear-gradient(top, #1574c4, #1574c4);\">Premio<\/span><br \/>\nAdem\u00e1s de las respectivas certificaciones, los ganadores tendr\u00e1n: certificado digital del premio, placa acr\u00edlica conmemorativa, membres\u00eda gratis a la SVC por los a\u00f1os 2015 y 2016, inscripci\u00f3n gratuita en tres tutoriales de EVI 2015, inscripci\u00f3n gratuita como asistente a CoNCISa 2015.<br \/>\n&nbsp;<br \/>\n&nbsp;<\/p>\n<p><span style=\"display: block; font-size: 20px; padding: 10px; margin-left: 0; -webkit-border-radius: 4px; border-radius: 4px; color: white; text-shadow: 0 -1px 0 rgba(0, 0, 0, 0.25); background-color: #1574c4; background-image: -moz-linear-gradient(top, #1574c4, #1574c4);\">Fechas Importantes para el Concurso Nacional de TEGs 2015<\/span><\/p>\n<table style=\"margin: 0px auto; width: 100%;\" border=\"0\">\n<tbody>\n<tr>\n<td>Fecha l\u00edmite para recepci\u00f3n de TEGs:<\/td>\n<td style=\"text-align: right;\"><strong>16 de septiembre 2015<\/strong><\/td>\n<\/tr>\n<tr>\n<td>Notificaci\u00f3n de decisi\u00f3n:<\/td>\n<td style=\"text-align: right;\"><strong>17 de octubre de 2015<\/strong><\/td>\n<\/tr>\n<tr>\n<td>Premiaci\u00f3n:<\/td>\n<td style=\"text-align: right;\"><strong>26 al 30 de octubre 2015<\/strong><\/td>\n<\/tr>\n<\/tbody>\n<\/table>\n<p>&nbsp;<br \/>\n&nbsp;<\/p>\n<p><span style=\"display: block; font-size: 20px; padding: 10px; margin-left: 0; -webkit-border-radius: 4px; border-radius: 4px; color: white; text-shadow: 0 -1px 0 rgba(0, 0, 0, 0.25); background-color: #1574c4; background-image: -moz-linear-gradient(top, #1574c4, #1574c4);\">Primer Llamado al Concurso Nacional de Trabajos Especial de Grado 2015 (Versi\u00f3n PDF)<\/span><\/p>\n<p>Pueden descargar la versi\u00f3n PDF del primer llamado al Concurso Nacional de Trabajos Especial de Grado en el siguiente <a href=\"http:\/\/www.concisa.net.ve\/2015\/wp-content\/uploads\/sites\/4\/2015\/08\/TEG-Primer-Llamado.pdf\" target=\"_blank\">enlace<\/a>.<\/p>\n","protected":false},"excerpt":{"rendered":"<p>II Concurso Nacional de Trabajos Especial de Grado 2015<\/p>\n<p>El II Concurso Nacional de Trabajos Especial de Grado de la SVC (TEG pregrado) es un evento que se realiza en el marco de CoNCISa-EVI 2015. El objetivo del concurso es promover y transmitir el trabajo final de grado de estudiantes que hayan terminado recientemente sus [&#8230;]<\/p>\n","protected":false},"author":1,"featured_media":0,"parent":0,"menu_order":0,"comment_status":"closed","ping_status":"open","template":"","meta":{"footnotes":""},"class_list":["post-77","page","type-page","status-publish","hentry","odd"],"_links":{"self":[{"href":"https:\/\/concisa.net.ve\/2015\/wp-json\/wp\/v2\/pages\/77","targetHints":{"allow":["GET"]}}],"collection":[{"href":"https:\/\/concisa.net.ve\/2015\/wp-json\/wp\/v2\/pages"}],"about":[{"href":"https:\/\/concisa.net.ve\/2015\/wp-json\/wp\/v2\/types\/page"}],"author":[{"embeddable":true,"href":"https:\/\/concisa.net.ve\/2015\/wp-json\/wp\/v2\/users\/1"}],"replies":[{"embeddable":true,"href":"https:\/\/concisa.net.ve\/2015\/wp-json\/wp\/v2\/comments?post=77"}],"version-history":[{"count":1,"href":"https:\/\/concisa.net.ve\/2015\/wp-json\/wp\/v2\/pages\/77\/revisions"}],"predecessor-version":[{"id":78,"href":"https:\/\/concisa.net.ve\/2015\/wp-json\/wp\/v2\/pages\/77\/revisions\/78"}],"wp:attachment":[{"href":"https:\/\/concisa.net.ve\/2015\/wp-json\/wp\/v2\/media?parent=77"}],"curies":[{"name":"wp","href":"https:\/\/api.w.org\/{rel}","templated":true}]}}