{"id":65,"date":"2015-03-26T20:43:57","date_gmt":"2015-03-27T01:13:57","guid":{"rendered":"http:\/\/www.concisa.net.ve\/2015\/?page_id=65"},"modified":"2015-03-27T09:42:05","modified_gmt":"2015-03-27T14:12:05","slug":"patrocinadores","status":"publish","type":"page","link":"https:\/\/concisa.net.ve\/2015\/patrocinadores\/","title":{"rendered":"Patrocinadores"},"content":{"rendered":"<p><span style=\"display: block; font-size: 20px; padding: 10px; margin-left: 0; -webkit-border-radius: 4px; border-radius: 4px; color: white; text-shadow: 0 -1px 0 rgba(0, 0, 0, 0.25); background-color: #1574c4; background-image: -moz-linear-gradient(top, #1574c4, #1574c4);\">Llamado a Patrocinadores<\/span><\/p>\n<p>La &#8220;Fundaci\u00f3n CLEI Venezuela&#8221; y la &#8220;Sociedad Venezolana de Computaci\u00f3n&#8221; est\u00e1n en la b\u00fasqueda de patrocinio de organizaciones p\u00fablicas o privadas, para la realizaci\u00f3n de la III Conferencia Nacional de Computaci\u00f3n, Inform\u00e1tica y Sistemas 2015 (<a href=\"http:\/\/www.concisa.net.ve\/2015\">CoNCISa<\/a>) y la III Escuela Venezolana de Inform\u00e1tica 2015 (<a href=\"http:\/\/www.concisa.net.ve\/2015\/evi-2015\">EVI<\/a>), eventos a realizarse en la Universidad de Carabobo (<a href=\"http:\/\/www.uc.edu.ve\" target=\"_blank\">UC<\/a>), Valencia, del 26 al 30 de octubre de 2015.<\/p>\n<p>CoNCISa-EVI es el principal evento de la Sociedad Venezolana de Computaci\u00f3n (<a href=\"http:\/\/www.svc.net.ve\" target=\"_blank\">SVC<\/a>), que re\u00fane profesionales, investigadores, docentes y estudiantes de universidades y centros de investigaci\u00f3n venezolanos en el \u00e1rea de la Computaci\u00f3n. La conferencia cuenta con la participaci\u00f3n de connotados invitados nacionales e internacionales, expertos en el \u00e1mbito acad\u00e9mico, investigaci\u00f3n e industria de la Computaci\u00f3n, quienes lideran diversas actividades que incluyen sesiones de ponencias, foros, conferencias magistrales, disertaciones y tutoriales. Asimismo, el evento est\u00e1 respaldado acad\u00e9micamente por el Centro Latinoamericano de Estudios en Inform\u00e1tica (<a href=\"http:\/\/www.clei.org\" target=\"_blank\">CLEI<\/a>).<\/p>\n<p>Le ofrecemos tres planes de patrocinio, denominados &#8220;Plan Mayor&#8221;, &#8220;Plan Mediano&#8221; y &#8220;Plan Menor&#8221;. Los detalles de caracter\u00edsticas y costos de estos planes se especifican m\u00e1s abajo. Su aporte puede hacerlo a nombre de la <b>Fundaci\u00f3n CLEI Venezuela<\/b>, <b>RIF J-401563805<\/b>, mediante la emisi\u00f3n de un cheque, transferencia o dep\u00f3sito bancario en el Banco Mercantil, Cuenta Corriente n\u00famero <b>01050039738039029821<\/b>. Adicionalmente, si su organizaci\u00f3n desea realizar un patrocinio en forma de bienes y\/o servicios, no dude en contactarnos (<a href=\"mailto: patrocinios@svc.net.ve\">patrocinios@svc.net.ve<\/a>) para conversar sobre nuestras necesidades y sus posibilidades, a fin de llegar al acuerdo m\u00e1s beneficioso para todos.<\/p>\n<p>Ser\u00eda un gran honor contar con su prestigiosa organizaci\u00f3n como parte de nuestro equipo de socios patrocinadores.<br \/>\n&nbsp;<br \/>\n&nbsp;<\/p>\n<p><span style=\"display: block; font-size: 20px; padding: 10px; margin-left: 0; -webkit-border-radius: 4px; border-radius: 4px; color: white; text-shadow: 0 -1px 0 rgba(0, 0, 0, 0.25); background-color: #1574c4; background-image: -moz-linear-gradient(top, #1574c4, #1574c4);\">Detalles de los Planes de Patrocinio<\/span><\/p>\n<p>Los planes de patrocinio que ofrecemos a su organizaci\u00f3n se detallan a continuaci\u00f3n:<\/p>\n<table style=\"margin: 0px auto; width: 100%;\" border=\"0\">\n<tbody>\n<tr style=\"height: 30px;\">\n<td style=\"text-align: center;\"><strong>Caracter\u00edsticas del Plan<\/strong><\/td>\n<td style=\"text-align: center;\"><strong>Plan Mayor<\/strong><\/td>\n<td style=\"text-align: center;\"><strong>Plan Mediano<\/strong><\/td>\n<td style=\"text-align: center;\"><strong>Plan Menor<\/strong><\/td>\n<\/tr>\n<tr style=\"height: 30px;\">\n<td>Presencia del logo de la organizaci\u00f3n en la publicidad antes del evento (TV, P\u00e1gina Web, otros medios)<\/td>\n<td style=\"text-align: center;\">Incluido<\/td>\n<td style=\"text-align: center;\">Incluido<\/td>\n<td style=\"text-align: center;\">Incluido<\/td>\n<\/tr>\n<tr style=\"height: 30px;\">\n<td>Colocar material POP de su organizaci\u00f3n en el kit de los participantes<\/td>\n<td style=\"text-align: center;\">Incluido<\/td>\n<td style=\"text-align: center;\">Incluido<\/td>\n<td style=\"text-align: center;\">No Aplica<\/td>\n<\/tr>\n<tr style=\"height: 30px;\">\n<td>Reconocimiento p\u00fablico de su organizaci\u00f3n como patrocinador en ceremonias del evento<\/td>\n<td style=\"text-align: center;\">Incluido<\/td>\n<td style=\"text-align: center;\">No Aplica<\/td>\n<td style=\"text-align: center;\">No Aplica<\/td>\n<\/tr>\n<tr style=\"height: 30px;\">\n<td>Derecho a colocar pendones en el evento<\/td>\n<td style=\"text-align: center;\">Incluido<\/td>\n<td style=\"text-align: center;\">Incluido<\/td>\n<td style=\"text-align: center;\">Adicional<\/td>\n<\/tr>\n<tr style=\"height: 30px;\">\n<td>Derecho a un stand con conexi\u00f3n WiFi, electricidad, 1 mesa y 2 sillas<\/td>\n<td style=\"text-align: center;\">Incluido<\/td>\n<td style=\"text-align: center;\">Adicional<\/td>\n<td style=\"text-align: center;\">Adicional<\/td>\n<\/tr>\n<tr style=\"height: 30px;\">\n<td>Derecho a proyectar videos de la organizaci\u00f3n durante el evento<\/td>\n<td style=\"text-align: center;\">Incluido<\/td>\n<td style=\"text-align: center;\">Adicional<\/td>\n<td style=\"text-align: center;\">Adicional<\/td>\n<\/tr>\n<tr style=\"height: 30px;\">\n<td><b>Costo asociado al Plan (Bs.)<\/b><\/td>\n<td style=\"text-align: center;\"><b>30.000,oo<\/b><\/td>\n<td style=\"text-align: center;\"><b>20.000,oo<\/b><\/td>\n<td style=\"text-align: center;\"><b>10.000,oo<\/b><\/td>\n<\/tr>\n<\/tbody>\n<\/table>\n<p>&nbsp;<br \/>\n&nbsp;<\/p>\n<p>Los costos por \u00edtems adicionales no incluidos en los planes son los siguientes:<\/p>\n<table style=\"margin: 0px auto; width: 100%;\" border=\"0\">\n<tbody>\n<tr style=\"height: 30px;\">\n<td style=\"text-align: center;\"><strong>\u00cdtem Adicional<\/strong><\/td>\n<td style=\"text-align: center;\"><strong>Costo (Bs.)<\/strong><\/td>\n<\/tr>\n<tr style=\"height: 30px;\">\n<td>Derecho a colocar pendones en el evento<\/td>\n<td style=\"text-align: center;\">3.000,oo<\/td>\n<\/tr>\n<tr style=\"height: 30px;\">\n<td>Derecho a un stand con conexi\u00f3n WiFi, electricidad, 1 mesa y 2 sillas<\/td>\n<td style=\"text-align: center;\">5.000,oo<\/td>\n<\/tr>\n<tr style=\"height: 30px;\">\n<td>Derecho a proyectar videos de la organizaci\u00f3n durante el evento<\/td>\n<td style=\"text-align: center;\">4.000,oo<\/td>\n<\/tr>\n<\/tbody>\n<\/table>\n","protected":false},"excerpt":{"rendered":"<p>Llamado a Patrocinadores<\/p>\n<p>La &#8220;Fundaci\u00f3n CLEI Venezuela&#8221; y la &#8220;Sociedad Venezolana de Computaci\u00f3n&#8221; est\u00e1n en la b\u00fasqueda de patrocinio de organizaciones p\u00fablicas o privadas, para la realizaci\u00f3n de la III Conferencia Nacional de Computaci\u00f3n, Inform\u00e1tica y Sistemas 2015 (CoNCISa) y la III Escuela Venezolana de Inform\u00e1tica 2015 (EVI), eventos a realizarse en la Universidad de [&#8230;]<\/p>\n","protected":false},"author":1,"featured_media":0,"parent":0,"menu_order":0,"comment_status":"closed","ping_status":"open","template":"","meta":{"footnotes":""},"class_list":["post-65","page","type-page","status-publish","hentry","odd"],"_links":{"self":[{"href":"https:\/\/concisa.net.ve\/2015\/wp-json\/wp\/v2\/pages\/65","targetHints":{"allow":["GET"]}}],"collection":[{"href":"https:\/\/concisa.net.ve\/2015\/wp-json\/wp\/v2\/pages"}],"about":[{"href":"https:\/\/concisa.net.ve\/2015\/wp-json\/wp\/v2\/types\/page"}],"author":[{"embeddable":true,"href":"https:\/\/concisa.net.ve\/2015\/wp-json\/wp\/v2\/users\/1"}],"replies":[{"embeddable":true,"href":"https:\/\/concisa.net.ve\/2015\/wp-json\/wp\/v2\/comments?post=65"}],"version-history":[{"count":1,"href":"https:\/\/concisa.net.ve\/2015\/wp-json\/wp\/v2\/pages\/65\/revisions"}],"predecessor-version":[{"id":66,"href":"https:\/\/concisa.net.ve\/2015\/wp-json\/wp\/v2\/pages\/65\/revisions\/66"}],"wp:attachment":[{"href":"https:\/\/concisa.net.ve\/2015\/wp-json\/wp\/v2\/media?parent=65"}],"curies":[{"name":"wp","href":"https:\/\/api.w.org\/{rel}","templated":true}]}}