{"id":58,"date":"2015-03-26T09:26:44","date_gmt":"2015-03-26T13:56:44","guid":{"rendered":"http:\/\/www.concisa.net.ve\/2015\/?page_id=58"},"modified":"2015-03-26T10:23:59","modified_gmt":"2015-03-26T14:53:59","slug":"tarifa-asistentes","status":"publish","type":"page","link":"https:\/\/concisa.net.ve\/2015\/tarifa-asistentes\/","title":{"rendered":"Tarifa Asistentes"},"content":{"rendered":"<p><span style=\"display: block; font-size: 20px; padding: 10px; margin-left: 0; -webkit-border-radius: 4px; border-radius: 4px; color: white; text-shadow: 0 -1px 0 rgba(0, 0, 0, 0.25); background-color: #1574c4; background-image: -moz-linear-gradient(top, #1574c4, #1574c4);\">Informaci\u00f3n General sobre las Tarifas para Asistentes en CoNCISa 2015<\/span> &nbsp;<\/p>\n<p>En CoNCISa 2015, los asistentes son subdivididos en tres categor\u00edas: (1) <a href=\"http:\/\/www.concisa.net.ve\/2015\/tarifa-asistentes#profesor\">profesor<\/a>, (2) <a href=\"http:\/\/www.concisa.net.ve\/2015\/tarifa-asistentes#estudiante\">estudiante<\/a> y (3) <a href=\"http:\/\/www.concisa.net.ve\/2015\/tarifa-asistentes#particular\">particular<\/a>. Si el asistente que se registra est\u00e1 adscrito a una instituci\u00f3n miembro del <a href=\"http:\/\/www.clei.org\" target=\"_blank\">CLEI<\/a> o si es miembro de la <a href=\"http:\/\/www.svc.net.ve\" target=\"_blank\">SVC<\/a>, recibir\u00e1 un descuento. El valor del descuento depender\u00e1 de la fecha en la cual se realice el registro (inscripci\u00f3n temprana o inscripci\u00f3n tard\u00eda). <strong>Los descuentos no son acumulativos.<\/strong><\/p>\n<p>La inscripci\u00f3n en CoNCISa no incluye la asistencia a los tutoriales de <a href=\"http:\/\/www.concisa.net.ve\/2015\/evi-2015\">EVI<\/a>. Para informaci\u00f3n sobre las tarifas de los tutoriales de EVI, haga clic <a href=\"http:\/\/www.concisa.net.ve\/2015\/evi-2015-tarifa\">aqu\u00ed<\/a>.<br \/>\n<\/br><br \/>\n&nbsp;<\/p>\n<p><span style=\"display: block; font-size: 20px; padding: 10px; margin-left: 0; -webkit-border-radius: 4px; border-radius: 4px; color: white; text-shadow: 0 -1px 0 rgba(0, 0, 0, 0.25); background-color: #1574c4; background-image: -moz-linear-gradient(top, #1574c4, #1574c4);\"><a name=\"profesor\">CoNCISa 2015 &#8211; Tarifa como Asistente para Profesores (Inscripci\u00f3n Temprana)<\/a><\/span> &nbsp;<\/p>\n<p>La inscripci\u00f3n temprana como asistente para profesores se puede realizar hasta el 30 de septiembre de 2015. En la tabla, <strong>CLEI<\/strong> significa que el profesor est\u00e1 adscrito a una instituci\u00f3n que es miembro del <a href=\"http:\/\/www.clei.org\" target=\"_blank\">CLEI<\/a>, y <strong>SVC<\/strong> significa que el profesor es miembro de la <a href=\"http:\/\/www.svc.net.ve\" target=\"_blank\">SVC<\/a>. Para hacerse miembro de la SVC, haga clic <a href=\"http:\/\/www.svc.net.ve\/asociado-ordinario\" target=\"_blank\">aqu\u00ed<\/a>.<\/p>\n<table style=\"margin: 0px auto; width: 100%;\" border=\"0\">\n<tbody>\n<tr style=\"height: 30px;\">\n<td style=\"text-align: center;\"><strong>Tipo Asistente<\/strong><\/td>\n<td style=\"text-align: center;\"><strong>Descuento<\/strong><\/td>\n<td style=\"text-align: center;\"><strong>Monto<\/strong><\/td>\n<\/tr>\n<tr style=\"height: 30px;\">\n<td style=\"text-align: center;\">General<\/td>\n<td style=\"text-align: center;\">25%<\/td>\n<td style=\"text-align: center;\">Bs. 1800,00<\/td>\n<\/tr>\n<tr style=\"height: 30px;\">\n<td style=\"text-align: center;\">CLEI<\/td>\n<td style=\"text-align: center;\">50%<\/td>\n<td style=\"text-align: center;\">Bs. 1200,00<\/td>\n<\/tr>\n<tr style=\"height: 30px;\">\n<td style=\"text-align: center;\">SVC<\/td>\n<td style=\"text-align: center;\">75%<\/td>\n<td style=\"text-align: center;\">Bs. 600,00<\/td>\n<\/tr>\n<\/tbody>\n<\/table>\n<p>&nbsp;<br \/>\n&nbsp;<\/p>\n<p><span style=\"display: block; font-size: 20px; padding: 10px; margin-left: 0; -webkit-border-radius: 4px; border-radius: 4px; color: white; text-shadow: 0 -1px 0 rgba(0, 0, 0, 0.25); background-color: #1574c4; background-image: -moz-linear-gradient(top, #1574c4, #1574c4);\">CoNCISa 2015 &#8211; Tarifa como Asistente para Profesores (Inscripci\u00f3n Tard\u00eda)<\/span> &nbsp;<\/p>\n<p>A partir del 1 de octubre de 2015, se aplicar\u00e1 la inscripci\u00f3n tard\u00eda a los asistentes. La inscripci\u00f3n tard\u00eda para los asistentes cerrar\u00e1 el 30 de octubre de 2015. En la tabla, <strong>CLEI<\/strong> significa que el profesor est\u00e1 adscrito a una instituci\u00f3n que es miembro del <a href=\"http:\/\/www.clei.org\" target=\"_blank\">CLEI<\/a>, y <strong>SVC<\/strong> significa que el profesor es miembro de la <a href=\"http:\/\/www.svc.net.ve\" target=\"_blank\">SVC<\/a>. Para hacerse miembro de la SVC, haga clic <a href=\"http:\/\/www.svc.net.ve\/asociado-ordinario\" target=\"_blank\">aqu\u00ed<\/a>.<\/p>\n<table style=\"margin: 0px auto; width: 100%;\" border=\"0\">\n<tbody>\n<tr style=\"height: 30px;\">\n<td style=\"text-align: center;\"><strong>Tipo Asistente<\/strong><\/td>\n<td style=\"text-align: center;\"><strong>Descuento<\/strong><\/td>\n<td style=\"text-align: center;\"><strong>Monto<\/strong><\/td>\n<\/tr>\n<tr style=\"height: 30px;\">\n<td style=\"text-align: center;\">General<\/td>\n<td style=\"text-align: center;\">0%<\/td>\n<td style=\"text-align: center;\">Bs. 2400,00<\/td>\n<\/tr>\n<tr style=\"height: 30px;\">\n<td style=\"text-align: center;\">CLEI<\/td>\n<td style=\"text-align: center;\">25%<\/td>\n<td style=\"text-align: center;\">Bs. 1800,00<\/td>\n<\/tr>\n<tr style=\"height: 30px;\">\n<td style=\"text-align: center;\">SVC<\/td>\n<td style=\"text-align: center;\">50%<\/td>\n<td style=\"text-align: center;\">Bs. 1200,00<\/td>\n<\/tr>\n<\/tbody>\n<\/table>\n<p>&nbsp;<br \/>\n&nbsp;<\/p>\n<p><span style=\"display: block; font-size: 20px; padding: 10px; margin-left: 0; -webkit-border-radius: 4px; border-radius: 4px; color: white; text-shadow: 0 -1px 0 rgba(0, 0, 0, 0.25); background-color: #1574c4; background-image: -moz-linear-gradient(top, #1574c4, #1574c4);\"><a name=\"estudiante\">CoNCISa 2015 &#8211; Tarifa como Asistente para Estudiantes (Inscripci\u00f3n Temprana)<\/a><\/span> &nbsp;<\/p>\n<p>La inscripci\u00f3n temprana como asistente para estudiantes se puede realizar hasta el 30 de septiembre de 2015. En la tabla, <strong>CLEI<\/strong> significa que el estudiante est\u00e1 adscrito a una instituci\u00f3n que es miembro del <a href=\"http:\/\/www.clei.org\" target=\"_blank\">CLEI<\/a>, y <strong>SVC<\/strong> significa que el estudiante es miembro de la <a href=\"http:\/\/www.svc.net.ve\" target=\"_blank\">SVC<\/a>. Para hacerse miembro de la SVC, haga clic <a href=\"http:\/\/www.svc.net.ve\/asociado-ordinario\" target=\"_blank\">aqu\u00ed<\/a>.<\/p>\n<table style=\"margin: 0px auto; width: 100%;\" border=\"0\">\n<tbody>\n<tr style=\"height: 30px;\">\n<td style=\"text-align: center;\"><strong>Tipo Asistente<\/strong><\/td>\n<td style=\"text-align: center;\"><strong>Descuento<\/strong><\/td>\n<td style=\"text-align: center;\"><strong>Monto<\/strong><\/td>\n<\/tr>\n<tr style=\"height: 30px;\">\n<td style=\"text-align: center;\">General<\/td>\n<td style=\"text-align: center;\">25%<\/td>\n<td style=\"text-align: center;\">Bs. 1200,00<\/td>\n<\/tr>\n<tr style=\"height: 30px;\">\n<td style=\"text-align: center;\">CLEI<\/td>\n<td style=\"text-align: center;\">50%<\/td>\n<td style=\"text-align: center;\">Bs. 800,00<\/td>\n<\/tr>\n<tr style=\"height: 30px;\">\n<td style=\"text-align: center;\">SVC<\/td>\n<td style=\"text-align: center;\">75%<\/td>\n<td style=\"text-align: center;\">Bs. 400,00<\/td>\n<\/tr>\n<\/tbody>\n<\/table>\n<p>&nbsp;<br \/>\n&nbsp;<\/p>\n<p><span style=\"display: block; font-size: 20px; padding: 10px; margin-left: 0; -webkit-border-radius: 4px; border-radius: 4px; color: white; text-shadow: 0 -1px 0 rgba(0, 0, 0, 0.25); background-color: #1574c4; background-image: -moz-linear-gradient(top, #1574c4, #1574c4);\">CoNCISa 2015 &#8211; Tarifa como Asistente para Estudiantes (Inscripci\u00f3n Tard\u00eda)<\/span> &nbsp;<\/p>\n<p>A partir del 1 de octubre de 2015, se aplicar\u00e1 la inscripci\u00f3n tard\u00eda a los asistentes. La inscripci\u00f3n tard\u00eda para los asistentes cerrar\u00e1 el 30 de octubre de 2015. En la tabla, <strong>CLEI<\/strong> significa que el estudiante est\u00e1 adscrito a una instituci\u00f3n que es miembro del <a href=\"http:\/\/www.clei.org\" target=\"_blank\">CLEI<\/a>, y <strong>SVC<\/strong> significa que el estudiante es miembro de la <a href=\"http:\/\/www.svc.net.ve\" target=\"_blank\">SVC<\/a>. Para hacerse miembro de la SVC, haga clic <a href=\"http:\/\/www.svc.net.ve\/asociado-ordinario\" target=\"_blank\">aqu\u00ed<\/a>.<\/p>\n<table style=\"margin: 0px auto; width: 100%;\" border=\"0\">\n<tbody>\n<tr style=\"height: 30px;\">\n<td style=\"text-align: center;\"><strong>Tipo Asistente<\/strong><\/td>\n<td style=\"text-align: center;\"><strong>Descuento<\/strong><\/td>\n<td style=\"text-align: center;\"><strong>Monto<\/strong><\/td>\n<\/tr>\n<tr style=\"height: 30px;\">\n<td style=\"text-align: center;\">General<\/td>\n<td style=\"text-align: center;\">0%<\/td>\n<td style=\"text-align: center;\">Bs. 1600,00<\/td>\n<\/tr>\n<tr style=\"height: 30px;\">\n<td style=\"text-align: center;\">CLEI<\/td>\n<td style=\"text-align: center;\">25%<\/td>\n<td style=\"text-align: center;\">Bs. 1200,00<\/td>\n<\/tr>\n<tr style=\"height: 30px;\">\n<td style=\"text-align: center;\">SVC<\/td>\n<td style=\"text-align: center;\">50%<\/td>\n<td style=\"text-align: center;\">Bs. 800,00<\/td>\n<\/tr>\n<\/tbody>\n<\/table>\n<p>&nbsp;<br \/>\n&nbsp;<\/p>\n<p><span style=\"display: block; font-size: 20px; padding: 10px; margin-left: 0; -webkit-border-radius: 4px; border-radius: 4px; color: white; text-shadow: 0 -1px 0 rgba(0, 0, 0, 0.25); background-color: #1574c4; background-image: -moz-linear-gradient(top, #1574c4, #1574c4);\"><a name=\"particular\">CoNCISa 2015 &#8211; Tarifa como Asistente para Particulares (Inscripci\u00f3n Temprana)<\/a><\/span> &nbsp;<\/p>\n<p>La inscripci\u00f3n temprana como asistente para particulares se puede realizar hasta el 30 de septiembre de 2015. En la tabla, <strong>CLEI<\/strong> significa que el particular est\u00e1 adscrito a una instituci\u00f3n que es miembro del <a href=\"http:\/\/www.clei.org\" target=\"_blank\">CLEI<\/a>, y <strong>SVC<\/strong> significa que el particular es miembro de la <a href=\"http:\/\/www.svc.net.ve\" target=\"_blank\">SVC<\/a>. Para hacerse miembro de la SVC, haga clic <a href=\"http:\/\/www.svc.net.ve\/asociado-ordinario\" target=\"_blank\">aqu\u00ed<\/a>.<\/p>\n<table style=\"margin: 0px auto; width: 100%;\" border=\"0\">\n<tbody>\n<tr style=\"height: 30px;\">\n<td style=\"text-align: center;\"><strong>Tipo Asistente<\/strong><\/td>\n<td style=\"text-align: center;\"><strong>Descuento<\/strong><\/td>\n<td style=\"text-align: center;\"><strong>Monto<\/strong><\/td>\n<\/tr>\n<tr style=\"height: 30px;\">\n<td style=\"text-align: center;\">General<\/td>\n<td style=\"text-align: center;\">25%<\/td>\n<td style=\"text-align: center;\">Bs. 2400,00<\/td>\n<\/tr>\n<tr style=\"height: 30px;\">\n<td style=\"text-align: center;\">CLEI<\/td>\n<td style=\"text-align: center;\">50%<\/td>\n<td style=\"text-align: center;\">Bs. 1600,00<\/td>\n<\/tr>\n<tr style=\"height: 30px;\">\n<td style=\"text-align: center;\">SVC<\/td>\n<td style=\"text-align: center;\">75%<\/td>\n<td style=\"text-align: center;\">Bs. 800,00<\/td>\n<\/tr>\n<\/tbody>\n<\/table>\n<p>&nbsp;<br \/>\n&nbsp;<\/p>\n<p><span style=\"display: block; font-size: 20px; padding: 10px; margin-left: 0; -webkit-border-radius: 4px; border-radius: 4px; color: white; text-shadow: 0 -1px 0 rgba(0, 0, 0, 0.25); background-color: #1574c4; background-image: -moz-linear-gradient(top, #1574c4, #1574c4);\">CoNCISa 2015 &#8211; Tarifa como Asistente para Particulares (Inscripci\u00f3n Tard\u00eda)<\/span> &nbsp;<\/p>\n<p>A partir del 1 de octubre de 2015, se aplicar\u00e1 la inscripci\u00f3n tard\u00eda a los asistentes. La inscripci\u00f3n tard\u00eda para los asistentes cerrar\u00e1 el 30 de octubre de 2015. En la tabla, <strong>CLEI<\/strong> significa que el particular est\u00e1 adscrito a una instituci\u00f3n que es miembro del <a href=\"http:\/\/www.clei.org\" target=\"_blank\">CLEI<\/a>, y <strong>SVC<\/strong> significa que el particular es miembro de la <a href=\"http:\/\/www.svc.net.ve\" target=\"_blank\">SVC<\/a>. Para hacerse miembro de la SVC, haga clic <a href=\"http:\/\/www.svc.net.ve\/asociado-ordinario\" target=\"_blank\">aqu\u00ed<\/a>.<\/p>\n<table style=\"margin: 0px auto; width: 100%;\" border=\"0\">\n<tbody>\n<tr style=\"height: 30px;\">\n<td style=\"text-align: center;\"><strong>Tipo Asistente<\/strong><\/td>\n<td style=\"text-align: center;\"><strong>Descuento<\/strong><\/td>\n<td style=\"text-align: center;\"><strong>Monto<\/strong><\/td>\n<\/tr>\n<tr style=\"height: 30px;\">\n<td style=\"text-align: center;\">General<\/td>\n<td style=\"text-align: center;\">0%<\/td>\n<td style=\"text-align: center;\">Bs. 3200,00<\/td>\n<\/tr>\n<tr style=\"height: 30px;\">\n<td style=\"text-align: center;\">CLEI<\/td>\n<td style=\"text-align: center;\">25%<\/td>\n<td style=\"text-align: center;\">Bs. 2400,00<\/td>\n<\/tr>\n<tr style=\"height: 30px;\">\n<td style=\"text-align: center;\">SVC<\/td>\n<td style=\"text-align: center;\">50%<\/td>\n<td style=\"text-align: center;\">Bs. 1600,00<\/td>\n<\/tr>\n<\/tbody>\n<\/table>\n","protected":false},"excerpt":{"rendered":"<p>Informaci\u00f3n General sobre las Tarifas para Asistentes en CoNCISa 2015 &nbsp;<\/p>\n<p>En CoNCISa 2015, los asistentes son subdivididos en tres categor\u00edas: (1) profesor, (2) estudiante y (3) particular. Si el asistente que se registra est\u00e1 adscrito a una instituci\u00f3n miembro del CLEI o si es miembro de la SVC, recibir\u00e1 un descuento. El valor del [&#8230;]<\/p>\n","protected":false},"author":1,"featured_media":0,"parent":0,"menu_order":0,"comment_status":"closed","ping_status":"open","template":"","meta":{"footnotes":""},"class_list":["post-58","page","type-page","status-publish","hentry","odd"],"_links":{"self":[{"href":"https:\/\/concisa.net.ve\/2015\/wp-json\/wp\/v2\/pages\/58","targetHints":{"allow":["GET"]}}],"collection":[{"href":"https:\/\/concisa.net.ve\/2015\/wp-json\/wp\/v2\/pages"}],"about":[{"href":"https:\/\/concisa.net.ve\/2015\/wp-json\/wp\/v2\/types\/page"}],"author":[{"embeddable":true,"href":"https:\/\/concisa.net.ve\/2015\/wp-json\/wp\/v2\/users\/1"}],"replies":[{"embeddable":true,"href":"https:\/\/concisa.net.ve\/2015\/wp-json\/wp\/v2\/comments?post=58"}],"version-history":[{"count":1,"href":"https:\/\/concisa.net.ve\/2015\/wp-json\/wp\/v2\/pages\/58\/revisions"}],"predecessor-version":[{"id":59,"href":"https:\/\/concisa.net.ve\/2015\/wp-json\/wp\/v2\/pages\/58\/revisions\/59"}],"wp:attachment":[{"href":"https:\/\/concisa.net.ve\/2015\/wp-json\/wp\/v2\/media?parent=58"}],"curies":[{"name":"wp","href":"https:\/\/api.w.org\/{rel}","templated":true}]}}