{"id":51,"date":"2015-03-19T22:29:57","date_gmt":"2015-03-20T02:59:57","guid":{"rendered":"http:\/\/www.concisa.net.ve\/2015\/?page_id=51"},"modified":"2015-04-13T19:38:40","modified_gmt":"2015-04-14T00:08:40","slug":"evi-2015-propuesta-de-tutorial","status":"publish","type":"page","link":"https:\/\/concisa.net.ve\/2015\/evi-2015-propuesta-de-tutorial\/","title":{"rendered":"EVI 2015 &#8211; Propuesta de Tutorial"},"content":{"rendered":"<p><span style=\"display: block; font-size: 20px; padding: 10px; margin-left: 0; -webkit-border-radius: 4px; border-radius: 4px; color: white; text-shadow: 0 -1px 0 rgba(0, 0, 0, 0.25); background-color: #1574c4; background-image: -moz-linear-gradient(top, #1574c4, #1574c4);\">EVI 2015 &#8211;  Propuesta de Tutoriales<\/span> &nbsp;<\/p>\n<p>Se invita a expertos de reconocida trayectoria, a proponer tutoriales para EVI (medio d\u00eda o d\u00eda completo) que presenten resultados de investigaci\u00f3n, el estado del arte de un tema determinado o la introducci\u00f3n a un tema de inter\u00e9s industrial o acad\u00e9mico. La propuesta debe ser un PDF incluyendo: T\u00edtulo, Resumen, Contenido, Duraci\u00f3n, P\u00fablico Objetivo, Equipos Requeridos y Breve CV de los presentadores. Las propuestas deben ser enviadas a trav\u00e9s de <a href=\"https:\/\/www.easychair.org\/conferences\/?conf=concisa2015\" target=\"_blank\">EasyChair<\/a>.<br \/>\n&nbsp;<br \/>\n&nbsp;<\/p>\n<p><span style=\"display: block; font-size: 20px; padding: 10px; margin-left: 0; -webkit-border-radius: 4px; border-radius: 4px; color: white; text-shadow: 0 -1px 0 rgba(0, 0, 0, 0.25); background-color: #1574c4; background-image: -moz-linear-gradient(top, #1574c4, #1574c4);\">EVI 2015 &#8211; Llamado a Tutoriales (Versi\u00f3n PDF)<\/span><\/p>\n<p>El llamado a tutoriales de EVI 2015 vence el viernes 05 de junio de 2015. Pueden descargar la versi\u00f3n PDF del llamado a tutoriales en el siguiente <a href=\"http:\/\/www.concisa.net.ve\/2015\/wp-content\/uploads\/sites\/4\/2015\/02\/PrimerLlamado-CoNCISa2015.pdf\" target=\"_blank\">enlace<\/a>.<\/p>\n","protected":false},"excerpt":{"rendered":"<p>EVI 2015 &#8211; Propuesta de Tutoriales &nbsp;<\/p>\n<p>Se invita a expertos de reconocida trayectoria, a proponer tutoriales para EVI (medio d\u00eda o d\u00eda completo) que presenten resultados de investigaci\u00f3n, el estado del arte de un tema determinado o la introducci\u00f3n a un tema de inter\u00e9s industrial o acad\u00e9mico. La propuesta debe ser un PDF incluyendo: [&#8230;]<\/p>\n","protected":false},"author":1,"featured_media":0,"parent":0,"menu_order":0,"comment_status":"closed","ping_status":"open","template":"","meta":{"footnotes":""},"class_list":["post-51","page","type-page","status-publish","hentry","odd"],"_links":{"self":[{"href":"https:\/\/concisa.net.ve\/2015\/wp-json\/wp\/v2\/pages\/51","targetHints":{"allow":["GET"]}}],"collection":[{"href":"https:\/\/concisa.net.ve\/2015\/wp-json\/wp\/v2\/pages"}],"about":[{"href":"https:\/\/concisa.net.ve\/2015\/wp-json\/wp\/v2\/types\/page"}],"author":[{"embeddable":true,"href":"https:\/\/concisa.net.ve\/2015\/wp-json\/wp\/v2\/users\/1"}],"replies":[{"embeddable":true,"href":"https:\/\/concisa.net.ve\/2015\/wp-json\/wp\/v2\/comments?post=51"}],"version-history":[{"count":1,"href":"https:\/\/concisa.net.ve\/2015\/wp-json\/wp\/v2\/pages\/51\/revisions"}],"predecessor-version":[{"id":52,"href":"https:\/\/concisa.net.ve\/2015\/wp-json\/wp\/v2\/pages\/51\/revisions\/52"}],"wp:attachment":[{"href":"https:\/\/concisa.net.ve\/2015\/wp-json\/wp\/v2\/media?parent=51"}],"curies":[{"name":"wp","href":"https:\/\/api.w.org\/{rel}","templated":true}]}}