{"id":5,"date":"2015-02-17T00:51:29","date_gmt":"2015-02-17T00:51:29","guid":{"rendered":"http:\/\/www.concisa.net.ve\/2015\/?page_id=5"},"modified":"2017-10-09T19:46:48","modified_gmt":"2017-10-10T00:16:48","slug":"inicio","status":"publish","type":"page","link":"https:\/\/concisa.net.ve\/2015\/","title":{"rendered":"Inicio"},"content":{"rendered":"<p><span style=\"display: block; font-size: 20px; padding: 10px; margin-left: 0; -webkit-border-radius: 4px; border-radius: 4px; color: white; text-shadow: 0 -1px 0 rgba(0, 0, 0, 0.25); background-color: #1574c4; background-image: -moz-linear-gradient(top, #1574c4, #1574c4);\">CoNCISa 2015 <br \/> 28 al 30 de Octubre, 2015<\/span><\/p>\n<p>CoNCISa 2015 es la tercera Conferencia Nacional de Computaci\u00f3n, Inform\u00e1tica y Sistemas. Es uno de los principales eventos anuales de la <a href=\"http:\/\/www.svc.net.ve\" target=\"_blank\">SVC<\/a> (Sociedad Venezolana de Computaci\u00f3n). Adicionalmente cuenta con el respaldo acad\u00e9mico del <a href=\"http:\/\/www.clei.org\" target=\"_blank\">CLEI<\/a> (Centro Latinoamericano de Estudios en Inform\u00e1tica). <\/p>\n<p>El objetivo principal de CoNCISa 2015 es consolidar el intercambio sobre experiencias de investigaci\u00f3n, acad\u00e9micas y tecnol\u00f3gicas, para impulsar el desarrollo del \u00e1rea y crear lazos estrechos de cooperaci\u00f3n a nivel nacional.<\/p>\n<p>CoNCISa 2015 se realizar\u00e1 en la <a href=\"http:\/\/www.uc.edu.ve\" target=\"_blank\">UC<\/a> (Universidad de Carabobo) del 28 al 30 de octubre de 2015, conjuntamente con <a href=\"http:\/\/www.concisa.net.ve\/2015\/evi-2015\">EVI 2015<\/a> (Escuela Venezolana de Inform\u00e1tica).<br \/>\n&nbsp;<br \/>\n&nbsp;<\/p>\n<p><span style=\"display: block; font-size: 20px; padding: 10px; margin-left: 0; -webkit-border-radius: 4px; border-radius: 4px; color: white; text-shadow: 0 -1px 0 rgba(0, 0, 0, 0.25); background-color: #1574c4; background-image: -moz-linear-gradient(top, #1574c4, #1574c4);\">EVI 2015 &#8211; Escuela Venezolana de Inform\u00e1tica 2015 <br \/> 26 al 28 de Octubre, 2015<\/span><\/p>\n<p><a href=\"http:\/\/www.concisa.net.ve\/2015\/evi-2015\">EVI 2015<\/a> es la tercera edici\u00f3n de la Escuela Venezolana de Inform\u00e1tica. Es uno de los principales eventos anuales de la <a href=\"http:\/\/www.svc.net.ve\" target=\"_blank\">SVC<\/a> (Sociedad Venezolana de Computaci\u00f3n). Adicionalmente cuenta con el respaldo acad\u00e9mico del <a href=\"http:\/\/www.clei.org\" target=\"_blank\">CLEI<\/a> (Centro Latinoamericano de Estudios en Inform\u00e1tica).<\/p>\n<p>En este evento se dictar\u00e1n cursos avanzados en diferentes dominios de las ciencias computacionales, por expertos nacionales e internacionales. Son cursos que cubren temas de inter\u00e9s para la disciplina Inform\u00e1tica, y que son complementarios a los temas que figuran en los curr\u00edculos de las carreras de Inform\u00e1tica en el pa\u00eds. Se estructura en cursos tutoriales de medio d\u00eda (4 horas) o de d\u00eda completo (8 horas).<\/p>\n<p><a href=\"http:\/\/www.concisa.net.ve\/2015\/evi-2015\">EVI 2015<\/a> se realizar\u00e1 en la <a href=\"http:\/\/www.uc.edu.ve\" target=\"_blank\">UC<\/a> (Universidad de Carabobo) del 26 al 28 de octubre de 2015, conjuntamente con <a href=\"http:\/\/www.concisa.net.ve\/2015\" target=\"_blank\">CoNCISa 2015<\/a> (Conferencia Nacional de Computaci\u00f3n, Inform\u00e1tica y Sistemas 2015). La programaci\u00f3n de los tutoriales se puede ver haciendo clic <a href=\"http:\/\/www.concisa.net.ve\/2015\/evi-2015-tutoriales\">aqu\u00ed<\/a>.<br \/>\n&nbsp;<br \/>\n&nbsp;<\/p>\n<p><span style=\"display: block; font-size: 20px; padding: 10px; margin-left: 0; -webkit-border-radius: 4px; border-radius: 4px; color: white; text-shadow: 0 -1px 0 rgba(0, 0, 0, 0.25); background-color: #1574c4; background-image: -moz-linear-gradient(top, #1574c4, #1574c4);\">Patrocinadores<\/span><\/p>\n<p>La \u201cFundaci\u00f3n CLEI Venezuela\u201d y la \u201cSociedad Venezolana de Computaci\u00f3n\u201d est\u00e1n en la b\u00fasqueda de patrocinio para la realizaci\u00f3n de la III Conferencia Nacional de Computaci\u00f3n, Inform\u00e1tica y Sistemas (CoNCISa 2015) y la III Escuela Venezolana de Inform\u00e1tica (EVI 2015). Para mayor informaci\u00f3n, haga clic <a href=\"http:\/\/www.concisa.net.ve\/2015\/patrocinadores\">aqu\u00ed<\/a>.<\/p>\n<p><img decoding=\"async\" style=\"border: none; background-color: #ffffff; display: block; margin-left: auto; margin-right: auto;\" src=\"http:\/\/www.concisa.net.ve\/2015\/wp-content\/uploads\/sites\/4\/2015\/10\/patrocinadores21.png\" alt=\"\" width=\"700\" \/><\/p>\n<p><!-- Commented by Eric Gamess\n<img decoding=\"async\" style=\"border: none; background-color: #ffffff; display: block; margin-left: auto; margin-right: auto; max-width: 100%; height: auto;\" src=\"http:\/\/www.concisa.net.ve\/2015\/wp-content\/uploads\/sites\/4\/2015\/10\/patrocinadores21.png\" \/>\n--><\/p>\n","protected":false},"excerpt":{"rendered":"<p>CoNCISa 2015 28 al 30 de Octubre, 2015<\/p>\n<p>CoNCISa 2015 es la tercera Conferencia Nacional de Computaci\u00f3n, Inform\u00e1tica y Sistemas. Es uno de los principales eventos anuales de la SVC (Sociedad Venezolana de Computaci\u00f3n). Adicionalmente cuenta con el respaldo acad\u00e9mico del CLEI (Centro Latinoamericano de Estudios en Inform\u00e1tica). <\/p>\n<p>El objetivo principal de CoNCISa 2015 [&#8230;]<\/p>\n","protected":false},"author":1,"featured_media":0,"parent":0,"menu_order":0,"comment_status":"closed","ping_status":"open","template":"","meta":{"footnotes":""},"class_list":["post-5","page","type-page","status-publish","hentry","odd"],"_links":{"self":[{"href":"https:\/\/concisa.net.ve\/2015\/wp-json\/wp\/v2\/pages\/5","targetHints":{"allow":["GET"]}}],"collection":[{"href":"https:\/\/concisa.net.ve\/2015\/wp-json\/wp\/v2\/pages"}],"about":[{"href":"https:\/\/concisa.net.ve\/2015\/wp-json\/wp\/v2\/types\/page"}],"author":[{"embeddable":true,"href":"https:\/\/concisa.net.ve\/2015\/wp-json\/wp\/v2\/users\/1"}],"replies":[{"embeddable":true,"href":"https:\/\/concisa.net.ve\/2015\/wp-json\/wp\/v2\/comments?post=5"}],"version-history":[{"count":1,"href":"https:\/\/concisa.net.ve\/2015\/wp-json\/wp\/v2\/pages\/5\/revisions"}],"predecessor-version":[{"id":6,"href":"https:\/\/concisa.net.ve\/2015\/wp-json\/wp\/v2\/pages\/5\/revisions\/6"}],"wp:attachment":[{"href":"https:\/\/concisa.net.ve\/2015\/wp-json\/wp\/v2\/media?parent=5"}],"curies":[{"name":"wp","href":"https:\/\/api.w.org\/{rel}","templated":true}]}}