{"id":48,"date":"2015-03-19T21:44:25","date_gmt":"2015-03-20T02:14:25","guid":{"rendered":"http:\/\/www.concisa.net.ve\/2015\/?page_id=48"},"modified":"2015-04-13T19:27:16","modified_gmt":"2015-04-13T23:57:16","slug":"evi-2015-fechas-importantes","status":"publish","type":"page","link":"https:\/\/concisa.net.ve\/2015\/evi-2015-fechas-importantes\/","title":{"rendered":"EVI 2015 &#8211; Fechas Importantes"},"content":{"rendered":"<p><span style=\"display: block; font-size: 20px; padding: 10px; margin-left: 0; -webkit-border-radius: 4px; border-radius: 4px; color: white; text-shadow: 0 -1px 0 rgba(0, 0, 0, 0.25); background-color: #1574c4; background-image: -moz-linear-gradient(top, #1574c4, #1574c4);\">EVI 2015 &#8211; Fechas Importantes<\/span><br \/>\n&nbsp;<\/p>\n<table style=\"margin: 0px auto; width: 100%;\" border=\"0\">\n<tbody>\n<tr>\n<td>Fecha del evento:<\/td>\n<td style=\"text-align: right;\"><strong>26 al 28 de octubre 2015<\/strong><\/td>\n<\/tr>\n<tr>\n<td>Fecha l\u00edmite para env\u00edo de propuestas de tutoriales:<\/td>\n<td style=\"text-align: right;\"><strong>05 de junio de 2015<\/strong><\/td>\n<\/tr>\n<tr>\n<td>Notificaci\u00f3n de decisi\u00f3n:<\/td>\n<td style=\"text-align: right;\"><strong>15 de junio de 2015<\/strong><\/td>\n<\/tr>\n<tr>\n<td>Fecha l\u00edmite para versi\u00f3n final del material del tutorial:<\/td>\n<td style=\"text-align: right;\"><strong>25 de junio de 2015<\/strong><\/td>\n<\/tr>\n<\/tbody>\n<\/table>\n","protected":false},"excerpt":{"rendered":"<p>EVI 2015 &#8211; Fechas Importantes &nbsp;<\/p>\n<p> Fecha del evento: 26 al 28 de octubre 2015 Fecha l\u00edmite para env\u00edo de propuestas de tutoriales: 05 de junio de 2015 Notificaci\u00f3n de decisi\u00f3n: 15 de junio de 2015 Fecha l\u00edmite para versi\u00f3n final del material del tutorial: 25 de junio de 2015 [&#8230;]<\/p>\n","protected":false},"author":1,"featured_media":0,"parent":0,"menu_order":0,"comment_status":"closed","ping_status":"open","template":"","meta":{"footnotes":""},"class_list":["post-48","page","type-page","status-publish","hentry","odd"],"_links":{"self":[{"href":"https:\/\/concisa.net.ve\/2015\/wp-json\/wp\/v2\/pages\/48","targetHints":{"allow":["GET"]}}],"collection":[{"href":"https:\/\/concisa.net.ve\/2015\/wp-json\/wp\/v2\/pages"}],"about":[{"href":"https:\/\/concisa.net.ve\/2015\/wp-json\/wp\/v2\/types\/page"}],"author":[{"embeddable":true,"href":"https:\/\/concisa.net.ve\/2015\/wp-json\/wp\/v2\/users\/1"}],"replies":[{"embeddable":true,"href":"https:\/\/concisa.net.ve\/2015\/wp-json\/wp\/v2\/comments?post=48"}],"version-history":[{"count":1,"href":"https:\/\/concisa.net.ve\/2015\/wp-json\/wp\/v2\/pages\/48\/revisions"}],"predecessor-version":[{"id":49,"href":"https:\/\/concisa.net.ve\/2015\/wp-json\/wp\/v2\/pages\/48\/revisions\/49"}],"wp:attachment":[{"href":"https:\/\/concisa.net.ve\/2015\/wp-json\/wp\/v2\/media?parent=48"}],"curies":[{"name":"wp","href":"https:\/\/api.w.org\/{rel}","templated":true}]}}