{"id":46,"date":"2015-03-19T21:33:12","date_gmt":"2015-03-20T02:03:12","guid":{"rendered":"http:\/\/www.concisa.net.ve\/2015\/?page_id=46"},"modified":"2015-08-07T14:28:09","modified_gmt":"2015-08-07T18:58:09","slug":"fechas-importantes","status":"publish","type":"page","link":"https:\/\/concisa.net.ve\/2015\/fechas-importantes\/","title":{"rendered":"Fechas Importantes"},"content":{"rendered":"<p><span style=\"display: block; font-size: 20px; padding: 10px; margin-left: 0; -webkit-border-radius: 4px; border-radius: 4px; color: white; text-shadow: 0 -1px 0 rgba(0, 0, 0, 0.25); background-color: #1574c4; background-image: -moz-linear-gradient(top, #1574c4, #1574c4);\">Fechas Importantes (CoNCISa)<\/span><br \/>\n&nbsp;<\/p>\n<table style=\"margin: 0px auto; width: 100%;\" border=\"0\">\n<tbody>\n<tr>\n<td>Fecha del evento:<\/td>\n<td style=\"text-align: right;\"><strong>28 al 30 de octubre 2015<\/strong><\/td>\n<\/tr>\n<tr>\n<td>Fecha l\u00edmite para env\u00edo de trabajos:<\/td>\n<td style=\"text-align: right;\"><strong><span style=\"color: #ff0000;\"><del>03 de julio de 2015<\/del><\/span><\/strong><\/td>\n<\/tr>\n<tr>\n<td>Fecha extendida para env\u00edo de trabajos:<\/td>\n<td style=\"text-align: right;\"><strong>26 de julio de 2015<\/strong><\/td>\n<\/tr>\n<tr>\n<td>Notificaci\u00f3n de decisi\u00f3n:<\/td>\n<td style=\"text-align: right;\"><strong><span style=\"color: #ff0000;\"><del>14 de agosto de 2015<\/del><\/span><\/strong><\/td>\n<\/tr>\n<tr>\n<td>Nueva fecha notificaci\u00f3n de decisi\u00f3n:<\/td>\n<td style=\"text-align: right;\"><strong>10 de septiembre de 2015<\/strong><\/td>\n<\/tr>\n<tr>\n<td>Fecha l\u00edmite para versi\u00f3n final del trabajo:<\/td>\n<td style=\"text-align: right;\"><strong><span style=\"color: #ff0000;\"><del>04 de septiembre de 2015<\/strong><\/del><\/span><\/td>\n<\/tr>\n<tr>\n<td>Nueva fecha l\u00edmite para versi\u00f3n final del trabajo:<\/td>\n<td style=\"text-align: right;\"><strong>24 de septiembre de 2015<\/strong><\/td>\n<\/tr>\n<\/tbody>\n<\/table>\n","protected":false},"excerpt":{"rendered":"<p>Fechas Importantes (CoNCISa) &nbsp;<\/p>\n<p> Fecha del evento: 28 al 30 de octubre 2015 Fecha l\u00edmite para env\u00edo de trabajos: 03 de julio de 2015 Fecha extendida para env\u00edo de trabajos: 26 de julio de 2015 Notificaci\u00f3n de decisi\u00f3n: 14 de agosto de 2015 Nueva fecha notificaci\u00f3n de decisi\u00f3n: 10 de septiembre de 2015 Fecha l\u00edmite [&#8230;]<\/p>\n","protected":false},"author":1,"featured_media":0,"parent":0,"menu_order":0,"comment_status":"closed","ping_status":"open","template":"","meta":{"footnotes":""},"class_list":["post-46","page","type-page","status-publish","hentry","odd"],"_links":{"self":[{"href":"https:\/\/concisa.net.ve\/2015\/wp-json\/wp\/v2\/pages\/46","targetHints":{"allow":["GET"]}}],"collection":[{"href":"https:\/\/concisa.net.ve\/2015\/wp-json\/wp\/v2\/pages"}],"about":[{"href":"https:\/\/concisa.net.ve\/2015\/wp-json\/wp\/v2\/types\/page"}],"author":[{"embeddable":true,"href":"https:\/\/concisa.net.ve\/2015\/wp-json\/wp\/v2\/users\/1"}],"replies":[{"embeddable":true,"href":"https:\/\/concisa.net.ve\/2015\/wp-json\/wp\/v2\/comments?post=46"}],"version-history":[{"count":1,"href":"https:\/\/concisa.net.ve\/2015\/wp-json\/wp\/v2\/pages\/46\/revisions"}],"predecessor-version":[{"id":47,"href":"https:\/\/concisa.net.ve\/2015\/wp-json\/wp\/v2\/pages\/46\/revisions\/47"}],"wp:attachment":[{"href":"https:\/\/concisa.net.ve\/2015\/wp-json\/wp\/v2\/media?parent=46"}],"curies":[{"name":"wp","href":"https:\/\/api.w.org\/{rel}","templated":true}]}}