{"id":29,"date":"2015-02-17T11:50:33","date_gmt":"2015-02-17T16:20:33","guid":{"rendered":"http:\/\/www.concisa.net.ve\/2015\/?page_id=29"},"modified":"2015-02-17T11:50:51","modified_gmt":"2015-02-17T16:20:51","slug":"contacto","status":"publish","type":"page","link":"https:\/\/concisa.net.ve\/2015\/contacto\/","title":{"rendered":"Contacto"},"content":{"rendered":"<p><span style=\"display: block; font-size: 20px; padding: 10px; margin-left: 0; -webkit-border-radius: 4px; border-radius: 4px; color: white; text-shadow: 0 -1px 0 rgba(0, 0, 0, 0.25); background-color: #1574c4; background-image: -moz-linear-gradient(top, #1574c4, #1574c4);\">Contacto<\/span><\/p>\n<p>Si tiene problemas con EasyChair, contactar a:<br \/>\n<a href=\"mailto: concisa2015@easychair.org\">concisa2015@easychair.org<\/a><\/p>\n<p>Para informaci\u00f3n general, contactar a:<br \/>\n<a href=\"mailto: info@concisa.net.ve\">info@concisa.net.ve<\/a><br \/>\n&nbsp;<\/p>\n<p><strong>Nuesta direcci\u00f3n de correo postal es:<\/strong><br \/>\nComit\u00e9 Organizador de CoNCISa 2015<br \/>\nEscuela de Computaci\u00f3n<br \/>\nUniversidad Central de Venezuela<br \/>\nLos Chaguaramos, Caracas 1040<br \/>\nVenezuela<\/p>\n","protected":false},"excerpt":{"rendered":"<p>Contacto<\/p>\n<p>Si tiene problemas con EasyChair, contactar a: concisa2015@easychair.org<\/p>\n<p>Para informaci\u00f3n general, contactar a: info@concisa.net.ve &nbsp;<\/p>\n<p>Nuesta direcci\u00f3n de correo postal es: Comit\u00e9 Organizador de CoNCISa 2015 Escuela de Computaci\u00f3n Universidad Central de Venezuela Los Chaguaramos, Caracas 1040 Venezuela<\/p>\n<p> [&#8230;]<\/p>\n","protected":false},"author":1,"featured_media":0,"parent":0,"menu_order":0,"comment_status":"closed","ping_status":"open","template":"","meta":{"footnotes":""},"class_list":["post-29","page","type-page","status-publish","hentry","odd"],"_links":{"self":[{"href":"https:\/\/concisa.net.ve\/2015\/wp-json\/wp\/v2\/pages\/29","targetHints":{"allow":["GET"]}}],"collection":[{"href":"https:\/\/concisa.net.ve\/2015\/wp-json\/wp\/v2\/pages"}],"about":[{"href":"https:\/\/concisa.net.ve\/2015\/wp-json\/wp\/v2\/types\/page"}],"author":[{"embeddable":true,"href":"https:\/\/concisa.net.ve\/2015\/wp-json\/wp\/v2\/users\/1"}],"replies":[{"embeddable":true,"href":"https:\/\/concisa.net.ve\/2015\/wp-json\/wp\/v2\/comments?post=29"}],"version-history":[{"count":0,"href":"https:\/\/concisa.net.ve\/2015\/wp-json\/wp\/v2\/pages\/29\/revisions"}],"wp:attachment":[{"href":"https:\/\/concisa.net.ve\/2015\/wp-json\/wp\/v2\/media?parent=29"}],"curies":[{"name":"wp","href":"https:\/\/api.w.org\/{rel}","templated":true}]}}