{"id":20,"date":"2015-02-17T11:15:52","date_gmt":"2015-02-17T15:45:52","guid":{"rendered":"http:\/\/www.concisa.net.ve\/2015\/?page_id=20"},"modified":"2015-10-10T17:07:28","modified_gmt":"2015-10-10T21:37:28","slug":"comite-de-programa","status":"publish","type":"page","link":"https:\/\/concisa.net.ve\/2015\/comite-de-programa\/","title":{"rendered":"Comit\u00e9 de Programa"},"content":{"rendered":"<p><span style=\"display: block; font-size: 20px; padding: 10px; margin-left: 0; -webkit-border-radius: 4px; border-radius: 4px; color: white; text-shadow: 0 -1px 0 rgba(0, 0, 0, 0.25); background-color: #1574c4; background-image: -moz-linear-gradient(top, #1574c4, #1574c4);\">Comit\u00e9 de Programa<\/span><\/p>\n<h4>Presidente General<\/h4>\n<table style=\"margin: 0px auto; width: 100%;\" border=\"0\">\n<tbody>\n<tr>\n<td><strong>Leonid Tineo<\/strong><\/td>\n<td style=\"text-align: right;\">Universidad Sim\u00f3n Bol\u00edvar &#8211; Venezuela<\/td>\n<\/tr>\n<tr>\n<\/tr>\n<\/tbody>\n<\/table>\n<p>&nbsp;<\/p>\n<h4>Chairs del Comit\u00e9 de Programa<\/h4>\n<table style=\"margin: 0px auto; width: 100%;\" border=\"0\">\n<tbody>\n<tr>\n<td><strong>Ana Aguilera<\/strong><\/td>\n<td style=\"text-align: right;\">Universidad de Carabobo &#8211; Venezuela<\/td>\n<\/tr>\n<tr>\n<td><strong>Judith Barrios<\/strong><\/td>\n<td style=\"text-align: right;\">Universidad de Los Andes &#8211; Venezuela<\/td>\n<\/tr>\n<tr>\n<td><strong>Yudith Cardinale<\/strong><\/td>\n<td style=\"text-align: right;\">Universidad Sim\u00f3n Bol\u00edvar &#8211; Venezuela<\/td>\n<\/tr>\n<tr>\n<\/tr>\n<\/tbody>\n<\/table>\n<p>&nbsp;<\/p>\n<h4>Miembros del Comit\u00e9 de Programa<\/h4>\n<table style=\"margin: 0px auto; width: 100%;\" border=\"0\">\n<tbody>\n<tr>\n<td><strong>Carlos Acosta<\/strong><\/td>\n<td style=\"text-align: right;\">Universidad Central de Venezuela &#8211; Venezuela<\/td>\n<\/tr>\n<tr>\n<td><strong>Jos\u00e9 Aguilar<\/strong><\/td>\n<td style=\"text-align: right;\">Universidad de Los Andes &#8211; Venezuela<\/td>\n<\/tr>\n<tr>\n<td><strong>Junior Altamiranda<\/strong><\/td>\n<td style=\"text-align: right;\">Universidad de Los Andes &#8211; Venezuela<\/td>\n<\/tr>\n<tr>\n<td><strong>Jhon Amaya<\/strong><\/td>\n<td style=\"text-align: right;\">Universidad Nacional Experimental del T\u00e1chira &#8211; Venezuela<\/td>\n<\/tr>\n<tr>\n<td><strong>Hernan Astudillo<\/strong><\/td>\n<td style=\"text-align: right;\">Universidad T\u00e9cnica Federico Santa Mar\u00eda &#8211; Chile<\/td>\n<\/tr>\n<tr>\n<td><strong>Benjam\u00edn Bar\u00e1n<\/strong><\/td>\n<td style=\"text-align: right;\">Universidad Nacional de Asunci\u00f3n &#8211; Paraguay<\/td>\n<\/tr>\n<tr>\n<td><strong>Isabel Besembel<\/strong><\/td>\n<td style=\"text-align: right;\">Universidad de Los Andes &#8211; Venezuela<\/td>\n<\/tr>\n<tr>\n<td><strong>Blai Bonet<\/strong><\/td>\n<td style=\"text-align: right;\">Universidad Sim\u00f3n Bol\u00edvar &#8211; Venezuela<\/td>\n<\/tr>\n<tr>\n<td><strong>Livia Borjas<\/strong><\/td>\n<td style=\"text-align: right;\">Instituto Universitario de Tecnolog\u00eda Federico Rivero Palacio &#8211; Venezuela<\/td>\n<\/tr>\n<tr>\n<td><strong>Hector Cancela<\/strong><\/td>\n<td style=\"text-align: right;\">Universidad de la Rep\u00fablica &#8211; Uruguay<\/td>\n<\/tr>\n<tr>\n<td><strong>Jorge Castellanos<\/strong><\/td>\n<td style=\"text-align: right;\">Universidad de Carabobo &#8211; Venezuela<\/td>\n<\/tr>\n<tr>\n<td><strong>Zenaida Castillo<\/strong><\/td>\n<td style=\"text-align: right;\">Universidad Central de Venezuela &#8211; Venezuela<\/td>\n<\/tr>\n<tr>\n<td><strong>Luca Cernuzzi<\/strong><\/td>\n<td style=\"text-align: right;\">Universidad Cat\u00f3lica &#8211; Paraguay<\/td>\n<\/tr>\n<tr>\n<td><strong>Edgar Chacon<\/strong><\/td>\n<td style=\"text-align: right;\">Universidad de Los Andes &#8211; Venezuela<\/td>\n<\/tr>\n<tr>\n<td><strong>Ernesto Coto<\/strong><\/td>\n<td style=\"text-align: right;\">University of Sheffield \u2013 Inglaterra<\/td>\n<\/tr>\n<tr>\n<td><strong>Eric Gamess<\/strong><\/td>\n<td style=\"text-align: right;\">Universidad Central de Venezuela &#8211; Venezuela<\/td>\n<\/tr>\n<tr>\n<td><strong>Ariel Gonzalez<\/strong><\/td>\n<td style=\"text-align: right;\">Universidad Nacional de R\u00edo Cuarto \u2013 Argentina<\/td>\n<\/tr>\n<tr>\n<td><strong>Jean-Bernard Hayet<\/strong><\/td>\n<td style=\"text-align: right;\">Centro de Investigaci\u00f3n en Matem\u00e1ticas (CIMAT) \u2013 M\u00e9xico<\/td>\n<\/tr>\n<tr>\n<td><strong>Mirella Herrera<\/strong><\/td>\n<td style=\"text-align: right;\">Universidad de Carabobo \u2013 Venezuela<\/td>\n<\/tr>\n<tr>\n<td><strong>Francisca Losavio<\/strong><\/td>\n<td style=\"text-align: right;\">Universidad Central de Venezuela \u2013 Venezuela<\/td>\n<\/tr>\n<tr>\n<td><strong>Francisco Luengo<\/strong><\/td>\n<td style=\"text-align: right;\">Universidad del Zulia &#8211; Venezuela<\/td>\n<\/tr>\n<tr>\n<td><strong>Raimundo Mac\u00eado<\/strong><\/td>\n<td style=\"text-align: right;\">Universidade Federal da Bahia \u2013 Brasil<\/td>\n<\/tr>\n<tr>\n<td><strong>Gabriela Mar\u00edn<\/strong><\/td>\n<td style=\"text-align: right;\">Universidad de Costa Rica &#8211; Costa Rica<\/td>\n<\/tr>\n<tr>\n<td><strong>Amad\u00eds Mart\u00ednez<\/strong><\/td>\n<td style=\"text-align: right;\">Universidad de Carabobo &#8211; Venezuela<\/td>\n<\/tr>\n<tr>\n<td><strong>Eustaquio Mart\u00ednez<\/strong><\/td>\n<td style=\"text-align: right;\">Universidad Nacional del Este \u2013 Paraguay<\/td>\n<\/tr>\n<tr>\n<td><strong>Ramon Mata-Toledo<\/strong><\/td>\n<td style=\"text-align: right;\">James Madison University \u2013 USA<\/td>\n<\/tr>\n<tr>\n<td><strong>Rafael Melgarejo<\/strong><\/td>\n<td style=\"text-align: right;\">Pontificia Universidad Cat\u00f3lica del Ecuador \u2013 Ecuador<\/td>\n<\/tr>\n<tr>\n<td><strong>Edumilis M\u00e9ndez<\/strong><\/td>\n<td style=\"text-align: right;\">Universidad Sim\u00f3n Bol\u00edvar \u2013 Venezuela<\/td>\n<\/tr>\n<tr>\n<td><strong>Luis Mendoza<\/strong><\/td>\n<td style=\"text-align: right;\">Universidad Sim\u00f3n Bol\u00edvar \u2013 Venezuela<\/td>\n<\/tr>\n<tr>\n<td><strong>Vanessa Miguel<\/strong><\/td>\n<td style=\"text-align: right;\">Universidad Central de Venezuela \u2013 Venezuela<\/td>\n<\/tr>\n<tr>\n<td><strong>Masun Nabhan<\/strong><\/td>\n<td style=\"text-align: right;\">Universidad Sim\u00f3n Bol\u00edvar \u2013 Venezuela<\/td>\n<\/tr>\n<tr>\n<td><strong>Flor Narciso<\/strong><\/td>\n<td style=\"text-align: right;\">Universidad de Puerto Rico \u2013 Puerto Rico<\/td>\n<\/tr>\n<tr>\n<td><strong>Arturo Olvera-L\u00f3pez<\/strong><\/td>\n<td style=\"text-align: right;\">Universidad Aut\u00f3noma de Puebla \u2013 M\u00e9xico<\/td>\n<\/tr>\n<tr>\n<td><strong>Eber Orozco<\/strong><\/td>\n<td style=\"text-align: right;\">Universidad Polit\u00e9cnica de Sinaloa \u2013 M\u00e9xico<\/td>\n<\/tr>\n<tr>\n<td><strong>Dinarle Ortega<\/strong><\/td>\n<td style=\"text-align: right;\">Universidad de Carabobo \u2013 Venezuela<\/td>\n<\/tr>\n<tr>\n<td><strong>David Padua<\/strong><\/td>\n<td style=\"text-align: right;\">University of Illinois at Urbana-Champaign \u2013 USA<\/td>\n<\/tr>\n<tr>\n<td><strong>Wilmer Pereira<\/strong><\/td>\n<td style=\"text-align: right;\">Universidad Cat\u00f3lica Andr\u00e9s Bello \u2013 Venezuela<\/td>\n<\/tr>\n<tr>\n<td><strong>Maria Perez<\/strong><\/td>\n<td style=\"text-align: right;\">Universidad Centroccidental Lisandro Alvarado \u2013 Venezuela<\/td>\n<\/tr>\n<tr>\n<td><strong>Jorge P\u00e9rez<\/strong><\/td>\n<td style=\"text-align: right;\">Universit\u00e9 Catholique de Louvain \u2013 B\u00e9lgica<\/td>\n<\/tr>\n<tr>\n<td><strong>Mercedes Pic\u00f3n<\/strong><\/td>\n<td style=\"text-align: right;\">Universidad Nacional Abierta \u2013 Venezuela<\/td>\n<\/tr>\n<tr>\n<td><strong>Rosseline Rodr\u00edguez<\/strong><\/td>\n<td style=\"text-align: right;\">Universidad Sim\u00f3n Bol\u00edvar \u2013 Venezuela<\/td>\n<\/tr>\n<tr>\n<td><strong>Daniel Rosquete<\/strong><\/td>\n<td style=\"text-align: right;\">Universidad de Carabobo \u2013 Venezuela<\/td>\n<\/tr>\n<tr>\n<td><strong>Marta Rukoz<\/strong><\/td>\n<td style=\"text-align: right;\">Universit\u00e9 Paris-Dauphine &#8211; Francia<\/td>\n<\/tr>\n<tr>\n<td><strong>Jose Sanchez<\/strong><\/td>\n<td style=\"text-align: right;\">Universidad Centroccidental Lisandro Alvarado \u2013 Venezuela<\/td>\n<\/tr>\n<tr>\n<td><strong>Eugenio Scalise<\/strong><\/td>\n<td style=\"text-align: right;\">Universidad Central de Venezuela \u2013 Venezuela<\/td>\n<\/tr>\n<tr>\n<td><strong>Alejandro Teruel<\/strong><\/td>\n<td style=\"text-align: right;\">Universidad Sim\u00f3n Bol\u00edvar \u2013 Venezuela<\/td>\n<\/tr>\n<tr>\n<td><strong>Elluz Uzcategui<\/strong><\/td>\n<td style=\"text-align: right;\">Universidad de Carabobo \u2013 Venezuela<\/td>\n<\/tr>\n<tr>\n<td><strong>Harold Vasquez<\/strong><\/td>\n<td style=\"text-align: right;\">Instituto Nacional de Astrof\u00edsica, \u00d3ptica y Electr\u00f3nica \u2013 M\u00e9xico<\/td>\n<\/tr>\n<tr>\n<td><strong>Maria Vidal<\/strong><\/td>\n<td style=\"text-align: right;\">Universidad Sim\u00f3n Bol\u00edvar \u2013 Venezuela<\/td>\n<\/tr>\n<tr>\n<td><strong>Mar\u00eda Villapol<\/strong><\/td>\n<td style=\"text-align: right;\">Universidad Central de Venezuela \u2013 Venezuela<\/td>\n<\/tr>\n<\/tbody>\n<\/table>\n","protected":false},"excerpt":{"rendered":"<p>Comit\u00e9 de Programa<\/p>\n<p> Presidente General Leonid Tineo Universidad Sim\u00f3n Bol\u00edvar &#8211; Venezuela <\/p>\n<p>&nbsp;<\/p>\n<p> Chairs del Comit\u00e9 de Programa Ana Aguilera Universidad de Carabobo &#8211; Venezuela Judith Barrios Universidad de Los Andes &#8211; Venezuela Yudith Cardinale Universidad Sim\u00f3n Bol\u00edvar &#8211; Venezuela <\/p>\n<p>&nbsp;<\/p>\n<p> Miembros del Comit\u00e9 de Programa Carlos Acosta Universidad Central de Venezuela &#8211; Venezuela Jos\u00e9 [&#8230;]<\/p>\n","protected":false},"author":1,"featured_media":0,"parent":0,"menu_order":0,"comment_status":"closed","ping_status":"open","template":"","meta":{"footnotes":""},"class_list":["post-20","page","type-page","status-publish","hentry","odd"],"_links":{"self":[{"href":"https:\/\/concisa.net.ve\/2015\/wp-json\/wp\/v2\/pages\/20","targetHints":{"allow":["GET"]}}],"collection":[{"href":"https:\/\/concisa.net.ve\/2015\/wp-json\/wp\/v2\/pages"}],"about":[{"href":"https:\/\/concisa.net.ve\/2015\/wp-json\/wp\/v2\/types\/page"}],"author":[{"embeddable":true,"href":"https:\/\/concisa.net.ve\/2015\/wp-json\/wp\/v2\/users\/1"}],"replies":[{"embeddable":true,"href":"https:\/\/concisa.net.ve\/2015\/wp-json\/wp\/v2\/comments?post=20"}],"version-history":[{"count":1,"href":"https:\/\/concisa.net.ve\/2015\/wp-json\/wp\/v2\/pages\/20\/revisions"}],"predecessor-version":[{"id":101,"href":"https:\/\/concisa.net.ve\/2015\/wp-json\/wp\/v2\/pages\/20\/revisions\/101"}],"wp:attachment":[{"href":"https:\/\/concisa.net.ve\/2015\/wp-json\/wp\/v2\/media?parent=20"}],"curies":[{"name":"wp","href":"https:\/\/api.w.org\/{rel}","templated":true}]}}