{"id":18,"date":"2015-02-17T10:59:01","date_gmt":"2015-02-17T15:29:01","guid":{"rendered":"http:\/\/www.concisa.net.ve\/2015\/?page_id=18"},"modified":"2015-10-07T20:55:31","modified_gmt":"2015-10-08T01:25:31","slug":"comite-organizador","status":"publish","type":"page","link":"https:\/\/concisa.net.ve\/2015\/comite-organizador\/","title":{"rendered":"Comit\u00e9 Organizador"},"content":{"rendered":"<p><span style=\"display: block; font-size: 20px; padding: 10px; margin-left: 0; -webkit-border-radius: 4px; border-radius: 4px; color: white; text-shadow: 0 -1px 0 rgba(0, 0, 0, 0.25); background-color: #1574c4; background-image: -moz-linear-gradient(top, #1574c4, #1574c4);\">Comit\u00e9 Organizador<\/span><\/p>\n<h4>Presidente General<\/h4>\n<table style=\"margin: 0px auto; width: 100%;\" border=\"0\">\n<tbody>\n<tr>\n<td><strong>Leonid Tineo<\/strong><\/td>\n<td style=\"text-align: right;\">Universidad Sim\u00f3n Bol\u00edvar &#8211; Venezuela<\/td>\n<\/tr>\n<tr>\n<\/tr>\n<\/tbody>\n<\/table>\n<p>&nbsp;<\/p>\n<h4>Presidentes del Comit\u00e9 Organizador<\/h4>\n<table style=\"margin: 0px auto; width: 100%;\" border=\"0\">\n<tbody>\n<tr>\n<td><strong>Dinarle Ortega<\/strong><\/td>\n<td style=\"text-align: right;\">Universidad de Carabobo<\/td>\n<\/tr>\n<tr>\n<td><strong>Rosseline Rodr\u00edguez<\/strong><\/td>\n<td style=\"text-align: right;\">Universidad Sim\u00f3n Bol\u00edvar<\/td>\n<\/tr>\n<\/tbody>\n<\/table>\n<p>&nbsp;<\/p>\n<h4>Miembros del Comit\u00e9 Organizador<\/h4>\n<table style=\"margin: 0px auto; width: 100%;\" border=\"0\">\n<tbody>\n<tr>\n<td><strong>Nataly Carmona<\/strong><\/td>\n<td style=\"text-align: right;\">Universidad Mar\u00edtima del Caribe<\/td>\n<\/tr>\n<tr>\n<td><strong>Eric Gamess<\/strong><\/td>\n<td style=\"text-align: right;\">Universidad Central de Venezuela<\/td>\n<\/tr>\n<tr>\n<td><strong>Robinson Rivas<\/strong><\/td>\n<td style=\"text-align: right;\">Universidad Central de Venezuela<\/td>\n<\/tr>\n<tr>\n<td><strong>Ana Morales<\/strong><\/td>\n<td style=\"text-align: right;\">Universidad Central de Venezuela<\/td>\n<\/tr>\n<tr>\n<td><strong>Mar\u00eda Villapol<\/strong><\/td>\n<td style=\"text-align: right;\">Universidad Central de Venezuela<\/td>\n<\/tr>\n<tr>\n<td><strong>Amad\u00eds Mart\u00ednez<\/strong><\/td>\n<td style=\"text-align: right;\">Universidad de Carabobo<\/td>\n<\/tr>\n<tr>\n<td><strong>Mirella Herrera<\/strong><\/td>\n<td style=\"text-align: right;\">Universidad de Carabobo<\/td>\n<\/tr>\n<tr>\n<td><strong>Elluz Uzc\u00e1tegui<\/strong><\/td>\n<td style=\"text-align: right;\">Universidad de Carabobo<\/td>\n<\/tr>\n<tr>\n<td><strong>Johana Guerrero<\/strong><\/td>\n<td style=\"text-align: right;\">Universidad de Carabobo<\/td>\n<\/tr>\n<tr>\n<td><strong>Patricia Guerrero<\/strong><\/td>\n<td style=\"text-align: right;\">Universidad de Carabobo<\/td>\n<\/tr>\n<tr>\n<td><strong>Ana Aguilera<\/strong><\/td>\n<td style=\"text-align: right;\">Universidad de Carabobo<\/td>\n<\/tr>\n<tr>\n<td><strong>Armando Le\u00f3n<\/strong><\/td>\n<td style=\"text-align: right;\">Universidad de Carabobo<\/td>\n<\/tr>\n<tr>\n<td><strong>Antonio Casta\u00f1eda<\/strong><\/td>\n<td style=\"text-align: right;\">Universidad de Carabobo<\/td>\n<\/tr>\n<tr>\n<td><strong>Desiree Delgado<\/strong><\/td>\n<td style=\"text-align: right;\">Universidad de Carabobo<\/td>\n<\/tr>\n<tr>\n<td><strong>Luis Le\u00f3n<\/strong><\/td>\n<td style=\"text-align: right;\">Universidad de Carabobo<\/td>\n<\/tr>\n<tr>\n<td><strong>Wilmer Pereira<\/strong><\/td>\n<td style=\"text-align: right;\">Universidad Cat\u00f3lica Andr\u00e9s Bello<\/td>\n<\/tr>\n<tr>\n<td><strong>Edumilis M\u00e9ndez<\/strong><\/td>\n<td style=\"text-align: right;\">Universidad Sim\u00f3n Bol\u00edvar<\/td>\n<\/tr>\n<tr>\n<td><strong>Junior Altamiranda<\/strong><\/td>\n<td style=\"text-align: right;\">Universidad de Los Andes<\/td>\n<\/tr>\n<tr>\n<td><strong>Domingo Hern\u00e1ndez<\/strong><\/td>\n<td style=\"text-align: right;\">Universidad de Los Andes<\/td>\n<\/tr>\n<tr>\n<td><strong>Luany Guevara<\/strong><\/td>\n<td style=\"text-align: right;\">Instituto Universitario de Tecnolog\u00eda de Valencia<\/td>\n<\/tr>\n<tr>\n<td><strong>Juan Guadama<\/strong><\/td>\n<td style=\"text-align: right;\">Instituto Universitario de Tecnolog\u00eda de Valencia<\/td>\n<\/tr>\n<\/tbody>\n<\/table>\n<p>&nbsp;<\/p>\n<h4>Comit\u00e9 de Log\u00edstica y Realizaci\u00f3n<\/h4>\n<p><strong>Miembros:<\/strong> Antonio Casta\u00f1eda (UC), Desiree Delgado (UC), Luis Le\u00f3n (UC), Ana Morales (UCV), Robison Rivas (UCV).<br \/>\n&nbsp;<\/p>\n<h4>Comit\u00e9 de Difusi\u00f3n y Propaganda<\/h4>\n<p><strong>Miembros:<\/strong> Elluz Uzc\u00e1tegui (UC), Johana Guerrero (UC), Patricia Guerrero (UC), Junior Altamiranda (ULA), Domingo Hern\u00e1ndez (ULA), Luany Guevara (IUTVal), Juan Guadama (IUTVal), Wilmer Pereira (UCAB).<br \/>\n&nbsp;<\/p>\n<h4>Comit\u00e9 de Enlace con Instituciones y Empresas<\/h4>\n<p><strong>Miembros:<\/strong> Mirella Herrera (UC), Armando Le\u00f3n (UC), Dinarle Ortega (UC), Junior Altamiranda (ULA), Domingo Hern\u00e1ndez (ULA), Luany Guevara (IUTVal), Juan Guadama (IUTVal).<br \/>\n&nbsp;<\/p>\n<h4>Comit\u00e9 Financiero<\/h4>\n<p><strong>Miembros:<\/strong> Ana Aguilera (UC), Rosseline Rodr\u00edguez (USB).<br \/>\n&nbsp;<\/p>\n<h4>Comit\u00e9 de Edici\u00f3n y Publicaci\u00f3n<\/h4>\n<p><strong>Miembros:<\/strong> Eric Gamess (UCV), Edumilis M\u00e9ndez (USB).<br \/>\n&nbsp;<\/p>\n<h4>Comit\u00e9 T\u00e9cnico<\/h4>\n<p><strong>Miembros:<\/strong> Eric Gamess (UCV).<br \/>\n&nbsp;<\/p>\n<h4>Comisi\u00f3n de Registro<\/h4>\n<p><strong>Miembros:<\/strong> Rosseline Rodr\u00edguez (USB), Edumilis M\u00e9ndez (USB), Patricia Guerrero (UC), Ana Morales (UCV), Mar\u00eda Villapol (UCV).<\/p>\n","protected":false},"excerpt":{"rendered":"<p>Comit\u00e9 Organizador<\/p>\n<p> Presidente General Leonid Tineo Universidad Sim\u00f3n Bol\u00edvar &#8211; Venezuela <\/p>\n<p>&nbsp;<\/p>\n<p> Presidentes del Comit\u00e9 Organizador Dinarle Ortega Universidad de Carabobo Rosseline Rodr\u00edguez Universidad Sim\u00f3n Bol\u00edvar <\/p>\n<p>&nbsp;<\/p>\n<p> Miembros del Comit\u00e9 Organizador Nataly Carmona Universidad Mar\u00edtima del Caribe Eric Gamess Universidad Central de Venezuela Robinson Rivas Universidad Central de Venezuela Ana Morales Universidad Central de Venezuela [&#8230;]<\/p>\n","protected":false},"author":1,"featured_media":0,"parent":0,"menu_order":0,"comment_status":"closed","ping_status":"open","template":"","meta":{"footnotes":""},"class_list":["post-18","page","type-page","status-publish","hentry","odd"],"_links":{"self":[{"href":"https:\/\/concisa.net.ve\/2015\/wp-json\/wp\/v2\/pages\/18","targetHints":{"allow":["GET"]}}],"collection":[{"href":"https:\/\/concisa.net.ve\/2015\/wp-json\/wp\/v2\/pages"}],"about":[{"href":"https:\/\/concisa.net.ve\/2015\/wp-json\/wp\/v2\/types\/page"}],"author":[{"embeddable":true,"href":"https:\/\/concisa.net.ve\/2015\/wp-json\/wp\/v2\/users\/1"}],"replies":[{"embeddable":true,"href":"https:\/\/concisa.net.ve\/2015\/wp-json\/wp\/v2\/comments?post=18"}],"version-history":[{"count":1,"href":"https:\/\/concisa.net.ve\/2015\/wp-json\/wp\/v2\/pages\/18\/revisions"}],"predecessor-version":[{"id":19,"href":"https:\/\/concisa.net.ve\/2015\/wp-json\/wp\/v2\/pages\/18\/revisions\/19"}],"wp:attachment":[{"href":"https:\/\/concisa.net.ve\/2015\/wp-json\/wp\/v2\/media?parent=18"}],"curies":[{"name":"wp","href":"https:\/\/api.w.org\/{rel}","templated":true}]}}