{"id":136,"date":"2015-10-06T11:30:42","date_gmt":"2015-10-06T16:00:42","guid":{"rendered":"http:\/\/www.concisa.net.ve\/2015\/?page_id=136"},"modified":"2015-10-06T22:33:35","modified_gmt":"2015-10-07T03:03:35","slug":"como-llegar-a-la-uc","status":"publish","type":"page","link":"https:\/\/concisa.net.ve\/2015\/como-llegar-a-la-uc\/","title":{"rendered":"\u00bfC\u00f3mo Llegar a la UC?"},"content":{"rendered":"<p><span style=\"display: block; font-size: 20px; padding: 10px; margin-left: 0; -webkit-border-radius: 4px; border-radius: 4px; color: white; text-shadow: 0 -1px 0 rgba(0, 0, 0, 0.25); background-color: #1574c4; background-image: -moz-linear-gradient(top, #1574c4, #1574c4);\">\u00bfC\u00f3mo Llegar a la UC?<\/span> &nbsp;<\/p>\n<p>El evento se realizar\u00e1 en el Edificio de Aulas de FACyT y el Departamento de Computaci\u00f3n de la <a href=\"http:\/\/www.uc.edu.ve\" target=\"_blank\">UC<\/a> (Universidad de Carabobo). A continuaci\u00f3n, se encuentra el sitio de EVI\/CoNCISa 2015 en Google Map para mayor ayuda.<br \/>\n<\/br><\/p>\n<p><center><br \/>\n<iframe loading=\"lazy\" src=\"https:\/\/www.google.com\/maps\/embed?pb=!1m10!1m8!1m3!1d1962.9014058147734!2d-68.00205591136167!3d10.277466362891902!3m2!1i1024!2i768!4f13.1!5e0!3m2!1sen!2sve!4v1444148134161\" width=\"600\" height=\"450\" frameborder=\"0\" style=\"border:0\" allowfullscreen><\/iframe><br \/>\n<\/center><\/p>\n","protected":false},"excerpt":{"rendered":"<p>\u00bfC\u00f3mo Llegar a la UC? &nbsp;<\/p>\n<p>El evento se realizar\u00e1 en el Edificio de Aulas de FACyT y el Departamento de Computaci\u00f3n de la UC (Universidad de Carabobo). A continuaci\u00f3n, se encuentra el sitio de EVI\/CoNCISa 2015 en Google Map para mayor ayuda. <\/p>\n<\/p>\n<p> [&#8230;]<\/p>\n","protected":false},"author":1,"featured_media":0,"parent":0,"menu_order":0,"comment_status":"closed","ping_status":"closed","template":"","meta":{"footnotes":""},"class_list":["post-136","page","type-page","status-publish","hentry","odd"],"_links":{"self":[{"href":"https:\/\/concisa.net.ve\/2015\/wp-json\/wp\/v2\/pages\/136","targetHints":{"allow":["GET"]}}],"collection":[{"href":"https:\/\/concisa.net.ve\/2015\/wp-json\/wp\/v2\/pages"}],"about":[{"href":"https:\/\/concisa.net.ve\/2015\/wp-json\/wp\/v2\/types\/page"}],"author":[{"embeddable":true,"href":"https:\/\/concisa.net.ve\/2015\/wp-json\/wp\/v2\/users\/1"}],"replies":[{"embeddable":true,"href":"https:\/\/concisa.net.ve\/2015\/wp-json\/wp\/v2\/comments?post=136"}],"version-history":[{"count":1,"href":"https:\/\/concisa.net.ve\/2015\/wp-json\/wp\/v2\/pages\/136\/revisions"}],"predecessor-version":[{"id":137,"href":"https:\/\/concisa.net.ve\/2015\/wp-json\/wp\/v2\/pages\/136\/revisions\/137"}],"wp:attachment":[{"href":"https:\/\/concisa.net.ve\/2015\/wp-json\/wp\/v2\/media?parent=136"}],"curies":[{"name":"wp","href":"https:\/\/api.w.org\/{rel}","templated":true}]}}