{"id":130,"date":"2015-10-05T12:10:37","date_gmt":"2015-10-05T16:40:37","guid":{"rendered":"http:\/\/www.concisa.net.ve\/2015\/?page_id=130"},"modified":"2015-10-06T21:53:30","modified_gmt":"2015-10-07T02:23:30","slug":"ponencias","status":"publish","type":"page","link":"https:\/\/concisa.net.ve\/2015\/ponencias\/","title":{"rendered":"Ponencias CoNCISa 2015"},"content":{"rendered":"<p><span style=\"display: block; font-size: 20px; padding: 10px; margin-left: 0; -webkit-border-radius: 4px; border-radius: 4px; color: white; text-shadow: 0 -1px 0 rgba(0, 0, 0, 0.25); background-color: #1574c4; background-image: -moz-linear-gradient(top, #1574c4, #1574c4);\">Ponencias CoNCISa 2015<\/span><br \/>\n&nbsp;<\/p>\n<h4>Mi\u00e9rcoles 28 de octubre de 2015 de 4:30 PM a 06:00 PM (Sesi\u00f3n 01)<\/h4>\n<table style=\"margin: 0px auto; width: 100%;\" border=\"0\">\n<tbody>\n<tr style=\"height: 30px;\">\n<td style=\"text-align: center; width: 10%;\"><strong>Identificador Contribuci\u00f3n<\/strong><\/td>\n<td style=\"text-align: center; width: 65%;\"><strong>T\u00edtulo de la Contribuci\u00f3n<\/strong><\/td>\n<td style=\"text-align: center; width: 15%;\"><strong>Tipo Contribuci\u00f3n<\/strong><\/td>\n<td style=\"text-align: center; width: 10%;\"><strong>Tiempo<\/strong><\/td>\n<\/tr>\n<tr style=\"height: 30px;\">\n<td style=\"text-align: center;\">17<\/td>\n<td><strong>Sistema Inteligente de Reconocimiento de Estados Cerebrales<\/strong><br \/>\nJunior Altamiranda, Jos\u00e9 Aguilar, Luis Hern\u00e1ndez<\/td>\n<td style=\"text-align: center;\">Investigaci\u00f3n (Art\u00edculo Largo)<\/td>\n<td style=\"text-align: center;\">20 minutos<\/td>\n<\/tr>\n<tr style=\"height: 30px;\">\n<td style=\"text-align: center;\">52<\/td>\n<td><strong>EDiM: Ecosistema Digital Multimedia &#8211; Plataforma Novedosa de Colaboraci\u00f3n y Compartimiento<\/strong><br \/>\nYudith Cardinale, Alejandro Figueroa, Alvaro Parada, Ronier Rodr\u00edguez, Solomon Asres, Richard Chbeir<\/td>\n<td style=\"text-align: center;\">Investigaci\u00f3n (Art\u00edculo Largo)<\/td>\n<td style=\"text-align: center;\">20 minutos<\/td>\n<\/tr>\n<tr style=\"height: 30px;\">\n<td style=\"text-align: center;\">21<\/td>\n<td><strong>Hacia una Licencia Venezolana para el Software Libre Desarrollado con Recursos P\u00fablicos<\/strong><br \/>\nMaricela Montilla, Elisabeth Ben\u00edtez, Daisy Villasana, Nelevis B\u00e1ez, Santiago Roca, Solazver Sol\u00e9, Alberto Medrano<\/td>\n<td style=\"text-align: center;\">Gesti\u00f3n de Tecnolog\u00edas<\/td>\n<td style=\"text-align: center;\">20 minutos<\/td>\n<\/tr>\n<tr style=\"height: 30px;\">\n<td style=\"text-align: center;\">65<\/td>\n<td><strong>SINAMAICA: Sistema NAcional Multidisciplinario de Acceso a Informaciones Cient\u00edficas y Acad\u00e9micas<\/strong><br \/>\nAnwar Hasmy, Jos\u00e9 Palacios, Jhon Monrroy, Zaida Pinto, Yudith Cardinale\n<\/td>\n<td style=\"text-align: center;\">Tecnolog\u00edas y Herramientas (Demostraci\u00f3n)<\/td>\n<td style=\"text-align: center;\">15 minutos<\/td>\n<\/tr>\n<tr style=\"height: 30px;\">\n<td style=\"text-align: center;\">63<\/td>\n<td><strong>SIGMA: Servicio de Gesti\u00f3n y Mediaci\u00f3n del Aprendizaje para la Formaci\u00f3n en L\u00ednea en la Administraci\u00f3n P\u00fablica Venezolana<\/strong><br \/>\nLilia Sierra, Alvis Useche<\/td>\n<td style=\"text-align: center;\">Tecnolog\u00edas y Herramientas (Demostraci\u00f3n)<\/td>\n<td style=\"text-align: center;\">15 minutos<\/td>\n<\/tr>\n<tr><\/tr>\n<\/tbody>\n<\/table>\n<p>&nbsp;<\/p>\n<h4>Jueves 29 de octubre de 2015 de 8:30 AM a 10:00 AM (Sesi\u00f3n 02)<\/h4>\n<table style=\"margin: 0px auto; width: 100%;\" border=\"0\">\n<tbody>\n<tr \/>\n<tr style=\"height: 30px;\">\n<td style=\"text-align: center; width: 10%;\"><strong>Identificador Contribuci\u00f3n<\/strong><\/td>\n<td style=\"text-align: center; width: 65%;\"><strong>T\u00edtulo de la Contribuci\u00f3n<\/strong><\/td>\n<td style=\"text-align: center; width: 15%;\"><strong>Tipo Contribuci\u00f3n<\/strong><\/td>\n<td style=\"text-align: center; width: 10%;\"><strong>Tiempo<\/strong><\/td>\n<\/tr>\n<tr style=\"height: 30px;\">\n<td style=\"text-align: center;\">19<\/td>\n<td><strong>Esquema para F\u00e1bricas de Software con un Modelo de Vista de Calidad del Dominio<\/strong><br \/>\nAleidys Arraiz, Francisca Losavio, Alfredo Matteo<\/td>\n<td style=\"text-align: center;\">Investigaci\u00f3n (Art\u00edculo Largo)<\/td>\n<td style=\"text-align: center;\">20 minutos<\/td>\n<\/tr>\n<tr style=\"height: 30px;\">\n<td style=\"text-align: center;\">54<\/td>\n<td><strong>CrESTa: Ejecuci\u00f3n Tolerante a Fallas de Servicios Web Compuestos basado en Cr\u00f3nicas<\/strong><br \/>\nMarcos Grillo, Yudith Cardinale, Jos\u00e9 Aguilar<\/td>\n<td style=\"text-align: center;\">Investigaci\u00f3n (Art\u00edculo Largo)<\/td>\n<td style=\"text-align: center;\">20 minutos<\/td>\n<\/tr>\n<tr style=\"height: 30px;\">\n<td style=\"text-align: center;\">74<\/td>\n<td><strong>Un Juego Serio para la Preservaci\u00f3n de la Fauna Silvestre en Peligro de Extinci\u00f3n en Venezuela<\/strong><br \/>\nLeonardo Lima, Daniel Torres, Esmitt Ram\u00edrez\n<\/td>\n<td style=\"text-align: center;\">Investigaci\u00f3n (Art\u00edculo Largo)<\/td>\n<td style=\"text-align: center;\">20 minutos<\/td>\n<\/tr>\n<tr style=\"height: 30px;\">\n<td style=\"text-align: center;\">30<\/td>\n<td><strong>Sistema basado en Ontolog\u00edas para Gestionar el Conocimiento de Soporte T\u00e9cnico de los Infocentros de Venezuela<\/strong><br \/>\nAnibal Ghanem, Migdalia Medina, William Mendoza, Esmeralda Ramos\n<\/td>\n<td style=\"text-align: center;\">Gesti\u00f3n de Tecnolog\u00edas<\/td>\n<td style=\"text-align: center;\">20 minutos<\/td>\n<\/tr>\n<tr style=\"height: 30px;\">\n<td style=\"text-align: center;\">41<\/td>\n<td><strong>Sistema de Tr\u00e1mites y Comunidad de la SVC<\/strong><br \/>\nRicardo Monascal, Rosseline Rodr\u00edguez, Leonid Tineo\n<\/td>\n<td style=\"text-align: center;\">Tecnolog\u00edas y Herramientas (Demostraci\u00f3n)<\/td>\n<td style=\"text-align: center;\">15 minutos<\/td>\n<\/tr>\n<tr><\/tr>\n<\/tbody>\n<\/table>\n<p>&nbsp;<\/p>\n<h4>Jueves 29 de octubre de 2015 de 10:30 AM a 12:00 M (Sesi\u00f3n 03)<\/h4>\n<table style=\"margin: 0px auto; width: 100%;\" border=\"0\">\n<tbody>\n<tr \/>\n<tr style=\"height: 30px;\">\n<td style=\"text-align: center; width: 10%;\"><strong>Identificador Contribuci\u00f3n<\/strong><\/td>\n<td style=\"text-align: center; width: 65%;\"><strong>T\u00edtulo de la Contribuci\u00f3n<\/strong><\/td>\n<td style=\"text-align: center; width: 15%;\"><strong>Tipo Contribuci\u00f3n<\/strong><\/td>\n<td style=\"text-align: center; width: 10%;\"><strong>Tiempo<\/strong><\/td>\n<\/tr>\n<tr style=\"height: 30px;\">\n<td style=\"text-align: center;\">20<\/td>\n<td><strong>Marco de Referencia para la Selecci\u00f3n de Metodolog\u00edas \u00c1giles, Disciplinadas o H\u00edbridas para las MiPyMEs<\/strong><br \/>\nDavid Barreto, Edumilis M\u00e9ndez, Kenyer Dom\u00ednguez<\/td>\n<td style=\"text-align: center;\">Investigaci\u00f3n (Art\u00edculo Largo)<\/td>\n<td style=\"text-align: center;\">20 minutos<\/td>\n<\/tr>\n<tr style=\"height: 30px;\">\n<td style=\"text-align: center;\">58<\/td>\n<td><strong>Integrando el An\u00e1lisis Estrat\u00e9gico del Negocio en el Modelado de Metas<\/strong><br \/>\nMayela Delgado, Alfredo Matteo, Francisca Losavio\n<\/td>\n<td style=\"text-align: center;\">Investigaci\u00f3n (Art\u00edculo Largo)<\/td>\n<td style=\"text-align: center;\">20 minutos<\/td>\n<\/tr>\n<tr style=\"height: 30px;\">\n<td style=\"text-align: center;\">38<\/td>\n<td><strong>Sistema Buscador de Contenidos Digitales de la Nube de Conocimiento del Proyecto Madre<\/strong><br \/>\nJos\u00e9 Aguilar, Ricardo Dos Santos\n<\/td>\n<td style=\"text-align: center;\">Investigaci\u00f3n (Art\u00edculo Largo)<\/td>\n<td style=\"text-align: center;\">20 minutos<\/td>\n<\/tr>\n<tr style=\"height: 30px;\">\n<td style=\"text-align: center;\">45<\/td>\n<td><strong>Modelo Computacional para el Enrutamiento Vehicular en la Zona C\u00e9ntrica de C\u00facuta-Colombia &#8211; Basado en Colonias de Hormigas Artificiales<\/strong><br \/>\nEduard Puerto, Kelly Ni\u00f1o, Jos\u00e9 Aguilar\n<\/td>\n<td style=\"text-align: center;\">Investigaci\u00f3n (Art\u00edculo Largo)<\/td>\n<td style=\"text-align: center;\">20 minutos<\/td>\n<\/tr>\n<tr style=\"height: 30px;\">\n<td style=\"text-align: center;\">43<\/td>\n<td><strong>Portal de FuzzydoDB<\/strong><br \/>\nDavid Coronado, Soraya Carrasquel, Ricardo Monascal, Rosseline Rodr\u00edguez, Leonid Tineo\n<\/td>\n<td style=\"text-align: center;\">Tecnolog\u00edas y Herramientas (Demostraci\u00f3n)<\/td>\n<td style=\"text-align: center;\">15 minutos<\/td>\n<\/tr>\n<tr><\/tr>\n<\/tbody>\n<\/table>\n<p>&nbsp;<\/p>\n<h4>Jueves 29 de octubre de 2015 de 02:30 PM a 04:00 PM (Sesi\u00f3n 04)<\/h4>\n<table style=\"margin: 0px auto; width: 100%;\" border=\"0\">\n<tbody>\n<tr \/>\n<tr style=\"height: 30px;\">\n<td style=\"text-align: center; width: 10%;\"><strong>Identificador Contribuci\u00f3n<\/strong><\/td>\n<td style=\"text-align: center; width: 65%;\"><strong>T\u00edtulo de la Contribuci\u00f3n<\/strong><\/td>\n<td style=\"text-align: center; width: 15%;\"><strong>Tipo Contribuci\u00f3n<\/strong><\/td>\n<td style=\"text-align: center; width: 10%;\"><strong>Tiempo<\/strong><\/td>\n<\/tr>\n<tr style=\"height: 30px;\">\n<td style=\"text-align: center;\">24<\/td>\n<td><strong>Ingenier\u00eda del Dominio con el Est\u00e1ndar ISO\/IEC 26550 para L\u00edneas de Productos de Software Considerando la Faceta Calidad<\/strong><br \/>\nJuan Herrera, Francisca Losavio, Oscar Ordaz\n<\/td>\n<td style=\"text-align: center;\">Investigaci\u00f3n (Art\u00edculo Largo)<\/td>\n<td style=\"text-align: center;\">20 minutos<\/td>\n<\/tr>\n<tr style=\"height: 30px;\">\n<td style=\"text-align: center;\">64<\/td>\n<td><strong>DanceNet: Entorno Colaborativo para la Ense\u00f1anza de Coreograf\u00edas Empleando un Kinect<\/strong><br \/>\nAndr\u00e9s Mayo, Esmitt Ram\u00edrez\n<\/td>\n<td style=\"text-align: center;\">Investigaci\u00f3n (Art\u00edculo Largo)<\/td>\n<td style=\"text-align: center;\">20 minutos<\/td>\n<\/tr>\n<tr style=\"height: 30px;\">\n<td style=\"text-align: center;\">76<\/td>\n<td><strong>Estructuras de Datos Alternativas y Algoritmos de Evaluaci\u00f3n de Consultas para BHyper<\/strong><br \/>\nRafael P\u00e9rez, Amad\u00eds Mart\u00ednez\n<\/td>\n<td style=\"text-align: center;\">Investigaci\u00f3n (Art\u00edculo Largo)<\/td>\n<td style=\"text-align: center;\">20 minutos<\/td>\n<\/tr>\n<tr style=\"height: 30px;\">\n<td style=\"text-align: center;\">57<\/td>\n<td><strong>Aplicaci\u00f3n M\u00f3vil para el Manejo de Solicitudes a una Base de Datos, Usando SMS para Conexiones sin Internet<\/strong><br \/>\nAugusto Jara, Gerardo Herrera, Mirella Herrera\n<\/td>\n<td style=\"text-align: center;\">Tecnolog\u00edas y Herramientas (Art\u00edculo)<\/td>\n<td style=\"text-align: center;\">20 minutos<\/td>\n<\/tr>\n<tr style=\"height: 30px;\">\n<td style=\"text-align: center;\">40<\/td>\n<td><strong>Alcance de las L\u00edneas de Productos de Software con Vista de Calidad del Dominio<\/strong><br \/>\nElizabeth Rinc\u00f3n, Alfredo Matteo, Francisca Losavio<\/td>\n<td style=\"text-align: center;\">Investigaci\u00f3n (Art\u00edculo Corto)<\/td>\n<td style=\"text-align: center;\">15 minutos<\/td>\n<\/tr>\n<tr><\/tr>\n<\/tbody>\n<\/table>\n<p>&nbsp;<\/p>\n<h4>Jueves 29 de octubre de 2015 de 04:30 PM a 06:00 PM (Sesi\u00f3n 05)<\/h4>\n<table style=\"margin: 0px auto; width: 100%;\" border=\"0\">\n<tbody>\n<tr \/>\n<tr style=\"height: 30px;\">\n<td style=\"text-align: center; width: 10%;\"><strong>Identificador Contribuci\u00f3n<\/strong><\/td>\n<td style=\"text-align: center; width: 65%;\"><strong>T\u00edtulo de la Contribuci\u00f3n<\/strong><\/td>\n<td style=\"text-align: center; width: 15%;\"><strong>Tipo Contribuci\u00f3n<\/strong><\/td>\n<td style=\"text-align: center; width: 10%;\"><strong>Tiempo<\/strong><\/td>\n<\/tr>\n<tr style=\"height: 30px;\">\n<td style=\"text-align: center;\">27<\/td>\n<td><strong>Un Estudio Emp\u00edrico sobre el Impacto de la Mutaci\u00f3n en la Variedad Gen\u00e9tica y la Rata de Convergencia de un Algoritmo Gen\u00e9tico Simple<\/strong><br \/>\nSandra Lima, Minoru Akiyama\n<\/td>\n<td style=\"text-align: center;\">Investigaci\u00f3n (Art\u00edculo Largo)<\/td>\n<td style=\"text-align: center;\">20 minutos<\/td>\n<\/tr>\n<tr style=\"height: 30px;\">\n<td style=\"text-align: center;\">69<\/td>\n<td><strong>Modelo Relacional de la Teor\u00eda Axiom\u00e1tica del Lenguaje GCL de Dijkstra<\/strong><br \/>\nFederico Flaviani\n<\/td>\n<td style=\"text-align: center;\">Investigaci\u00f3n (Art\u00edculo Largo)<\/td>\n<td style=\"text-align: center;\">20 minutos<\/td>\n<\/tr>\n<tr style=\"height: 30px;\">\n<td style=\"text-align: center;\">77<\/td>\n<td><strong>Shader Tool: Un Ambiente Web de Desarrollo Integrado para GLSL<\/strong><br \/>\nLuiyit Hern\u00e1ndez, Esmitt Ram\u00edrez\n<\/td>\n<td style=\"text-align: center;\">Investigaci\u00f3n (Art\u00edculo Largo)<\/td>\n<td style=\"text-align: center;\">20 minutos<\/td>\n<\/tr>\n<tr style=\"height: 30px;\">\n<td style=\"text-align: center;\">75<\/td>\n<td><strong>Libros-CEAPUCV: Una Experiencia para el Aprovechamiento de Textos Escolares y Cuentos a trav\u00e9s de la Negociaci\u00f3n de Libros entre Miembros de la Comunidad<\/strong><br \/>\nAnnerys Rivas, Sherezada Moubayyed, Ana Morales, Maria Villapol, Jossie Zambrano\n<\/td>\n<td style=\"text-align: center;\">Tecnolog\u00edas y Herramientas (Art\u00edculo)<\/td>\n<td style=\"text-align: center;\">20 minutos<\/td>\n<\/tr>\n<tr><\/tr>\n<\/tbody>\n<\/table>\n<p>&nbsp;<\/p>\n<h4>Viernes 30 de octubre de 2015 de 10:30 AM a 12:00 M (Sesi\u00f3n 06)<\/h4>\n<table style=\"margin: 0px auto; width: 100%;\" border=\"0\">\n<tbody>\n<tr style=\"height: 30px;\">\n<td style=\"text-align: center; width: 10%;\"><strong>Identificador Contribuci\u00f3n<\/strong><\/td>\n<td style=\"text-align: center; width: 65%;\"><strong>T\u00edtulo de la Contribuci\u00f3n<\/strong><\/td>\n<td style=\"text-align: center; width: 15%;\"><strong>Tipo Contribuci\u00f3n<\/strong><\/td>\n<td style=\"text-align: center; width: 10%;\"><strong>Tiempo<\/strong><\/td>\n<\/tr>\n<tr style=\"height: 30px;\">\n<td style=\"text-align: center;\">03<\/td>\n<td><strong>Implementaci\u00f3n de un Criptosistema de Clave P\u00fablica Basado en una Variedad Algebraica y Estudio de su Espacio de Clave<\/strong><br \/>\nJos\u00e9 Contreras\n<\/td>\n<td style=\"text-align: center;\">Investigaci\u00f3n (Art\u00edculo Largo)<\/td>\n<td style=\"text-align: center;\">20 minutos<\/td>\n<\/tr>\n<tr style=\"height: 30px;\">\n<td style=\"text-align: center;\">42<\/td>\n<td><strong>Seguridad para la Autentificaci\u00f3n, Cifrado y Firma en la Ejecuci\u00f3n de Servicios Web Compuestos<\/strong><br \/>\nMarcos Grillo, Wilmer Pereira, Yudith Cardinale\n<\/td>\n<td style=\"text-align: center;\">Investigaci\u00f3n (Art\u00edculo Largo)<\/td>\n<td style=\"text-align: center;\">20 minutos<\/td>\n<\/tr>\n<tr style=\"height: 30px;\">\n<td style=\"text-align: center;\">70<\/td>\n<td><strong>Aplicaci\u00f3n para Dispositivos M\u00f3viles Android con Capacidad de Procesamiento de Consultas Realizadas sobre Documentos RDF Almacenados en la Nube<\/strong><br \/>\nJes\u00fas Soto, Amad\u00eds Mart\u00ednez\n<\/td>\n<td style=\"text-align: center;\">Investigaci\u00f3n (Art\u00edculo Largo)<\/td>\n<td style=\"text-align: center;\">20 minutos<\/td>\n<\/tr>\n<tr style=\"height: 30px;\">\n<td style=\"text-align: center;\">28<\/td>\n<td><strong>Observatorio Vial Nacional Inteligente (OVNI) &#8211; An\u00e1lisis de las Redes Sociales con T\u00e9cnicas de Miner\u00eda de Datos para Aumentar la Seguridad Vial en Venezuela<\/strong><br \/>\nJuan Cisneros, El\u00edas Cisneros<\/td>\n<td style=\"text-align: center;\">Investigaci\u00f3n (Art\u00edculo Corto)<\/td>\n<td style=\"text-align: center;\">15 minutos<\/td>\n<\/tr>\n<tr style=\"height: 30px;\">\n<td style=\"text-align: center;\">53<\/td>\n<td><strong>Un Sistema Multicapa para el An\u00e1lisis Sentimental en Espa\u00f1ol<\/strong><br \/>\nDomingo De Abreu, Ricardo Monascal\n<\/td>\n<td style=\"text-align: center;\">Investigaci\u00f3n (Art\u00edculo Corto)<\/td>\n<td style=\"text-align: center;\">15 minutos<\/td>\n<\/tr>\n<tr><\/tr>\n<\/tbody>\n<\/table>\n<p>&nbsp;<\/p>\n<h4>Viernes 30 de octubre de 2015 de 02:30 PM a 04:00 PM (Sesi\u00f3n 07)<\/h4>\n<table style=\"margin: 0px auto; width: 100%;\" border=\"0\">\n<tbody>\n<tr \/>\n<tr style=\"height: 30px;\">\n<td style=\"text-align: center; width: 10%;\"><strong>Identificador Contribuci\u00f3n<\/strong><\/td>\n<td style=\"text-align: center; width: 65%;\"><strong>T\u00edtulo de la Contribuci\u00f3n<\/strong><\/td>\n<td style=\"text-align: center; width: 15%;\"><strong>Tipo Contribuci\u00f3n<\/strong><\/td>\n<td style=\"text-align: center; width: 10%;\"><strong>Tiempo<\/strong><\/td>\n<\/tr>\n<tr style=\"height: 30px;\">\n<td style=\"text-align: center;\">15<\/td>\n<td><strong>Del Modelo de Metas al Modelo de Variabilidad para una Arquitectura de Referencia de Sistemas de Informaci\u00f3n Integrados de Salud<\/strong><br \/>\nFrancisca Losavio, Oscar Ordaz, Victor Esteller<\/td>\n<td style=\"text-align: center;\">Investigaci\u00f3n (Art\u00edculo Largo)<\/td>\n<td style=\"text-align: center;\">20 minutos<\/td>\n<\/tr>\n<tr style=\"height: 30px;\">\n<td style=\"text-align: center;\">47<\/td>\n<td><strong>Sistema para la Evaluaci\u00f3n de la Madurez de Interoperabilidad del Plano Tecnol\u00f3gico de una Organizaci\u00f3n<\/strong><br \/>\nBrayan Salas, Dinarle Ortega, Elluz Uzc\u00e1tegui, Patricia Guerrero\n<\/td>\n<td style=\"text-align: center;\">Investigaci\u00f3n (Art\u00edculo Largo)<\/td>\n<td style=\"text-align: center;\">20 minutos<\/td>\n<\/tr>\n<tr style=\"height: 30px;\">\n<td style=\"text-align: center;\">72<\/td>\n<td><strong>Modelo de Gobernanza de una Organizaci\u00f3n para Promover la Interoperabilidad<\/strong><br \/>\nDinarle Ortega, Elluz Uzc\u00e1tegui, Jair Lopez, Elizabeth Sierralta\n<\/td>\n<td style=\"text-align: center;\">Investigaci\u00f3n (Art\u00edculo Largo)<\/td>\n<td style=\"text-align: center;\">20 minutos<\/td>\n<\/tr>\n<tr style=\"height: 30px;\">\n<td style=\"text-align: center;\">32<\/td>\n<td><strong>Filtrado Robusto de Im\u00e1genes con Estructuras Optimizadas Basadas en Myriad<\/strong><br \/>\nLiliana Bautista, Hugo Reyes, Mar\u00eda Delgado, Juan Ram\u00edrez\n<\/td>\n<td style=\"text-align: center;\">Investigaci\u00f3n (Art\u00edculo Corto)<\/td>\n<td style=\"text-align: center;\">15 minutos<\/td>\n<\/tr>\n<tr style=\"height: 30px;\">\n<td style=\"text-align: center;\">37<\/td>\n<td><strong>Software Educativo Orientado al Aprendizaje y Evaluaci\u00f3n de Principios B\u00e1sicos de Rob\u00f3tica a Ni\u00f1os y Ni\u00f1as en Edad Escolar<\/strong><br \/>\nAztiley Araque, \u00c1ngel Gil, Yovanni Ruiz\n<\/td>\n<td style=\"text-align: center;\">Investigaci\u00f3n (Art\u00edculo Corto)<\/td>\n<td style=\"text-align: center;\">15 minutos<\/td>\n<\/tr>\n<tr><\/tr>\n<\/tbody>\n<\/table>\n<p>&nbsp;<\/p>\n<h4>Viernes 30 de octubre de 2015 de 04:30 PM a 06:00 PM (Sesi\u00f3n 08)<\/h4>\n<table style=\"margin: 0px auto; width: 100%;\" border=\"0\">\n<tbody>\n<tr \/>\n<tr style=\"height: 30px;\">\n<td style=\"text-align: center; width: 10%;\"><strong>Identificador Contribuci\u00f3n<\/strong><\/td>\n<td style=\"text-align: center; width: 65%;\"><strong>T\u00edtulo de la Contribuci\u00f3n<\/strong><\/td>\n<td style=\"text-align: center; width: 15%;\"><strong>Tipo Contribuci\u00f3n<\/strong><\/td>\n<td style=\"text-align: center; width: 10%;\"><strong>Tiempo<\/strong><\/td>\n<\/tr>\n<tr style=\"height: 30px;\">\n<td style=\"text-align: center;\">16<\/td>\n<td><strong>Dise\u00f1o de un Agente Inteligente para Modelar un Entorno Inteligente<\/strong><br \/>\nJunior Altamiranda, David Cadavid, Luis Santiago, Jesus Mazzei, Johan Sosa\n<\/td>\n<td style=\"text-align: center;\">Investigaci\u00f3n (Art\u00edculo Largo)<\/td>\n<td style=\"text-align: center;\">20 minutos<\/td>\n<\/tr>\n<tr style=\"height: 30px;\">\n<td style=\"text-align: center;\">49<\/td>\n<td><strong>Un Modelo de Proceso Heur\u00edstico para Implementaci\u00f3n de SGDB Difusos<\/strong><br \/>\nAna Aguilera, Livia Borjas, Rosseline Rodr\u00edguez\n<\/td>\n<td style=\"text-align: center;\">Investigaci\u00f3n (Art\u00edculo Largo)<\/td>\n<td style=\"text-align: center;\">20 minutos<\/td>\n<\/tr>\n<tr style=\"height: 30px;\">\n<td style=\"text-align: center;\">73<\/td>\n<td><strong>Un Marco de Referencia Metodol\u00f3gico para un Sistema Basado en Conocimiento Usando MDA<\/strong><br \/>\nPablo Valera, Dinarle Ortega, Mar\u00eda Guevara\n<\/td>\n<td style=\"text-align: center;\">Investigaci\u00f3n (Art\u00edculo Largo)<\/td>\n<td style=\"text-align: center;\">20 minutos<\/td>\n<\/tr>\n<tr style=\"height: 30px;\">\n<td style=\"text-align: center;\">78<\/td>\n<td><strong>Un Mecanismo de Respuestas a Consultas en Presencia de Nulos<\/strong><br \/>\nJosu\u00e9 Ram\u00edrez, Leonid Tineo\n<\/td>\n<td style=\"text-align: center;\">Investigaci\u00f3n (Art\u00edculo Largo)<\/td>\n<td style=\"text-align: center;\">20 minutos<\/td>\n<\/tr>\n<\/tbody>\n<\/table>\n","protected":false},"excerpt":{"rendered":"<p>Ponencias CoNCISa 2015 &nbsp;<\/p>\n<p> Mi\u00e9rcoles 28 de octubre de 2015 de 4:30 PM a 06:00 PM (Sesi\u00f3n 01) Identificador Contribuci\u00f3n T\u00edtulo de la Contribuci\u00f3n Tipo Contribuci\u00f3n Tiempo 17 Sistema Inteligente de Reconocimiento de Estados Cerebrales Junior Altamiranda, Jos\u00e9 Aguilar, Luis Hern\u00e1ndez Investigaci\u00f3n (Art\u00edculo Largo) 20 minutos 52 EDiM: Ecosistema Digital Multimedia &#8211; Plataforma Novedosa de [&#8230;]<\/p>\n","protected":false},"author":1,"featured_media":0,"parent":0,"menu_order":0,"comment_status":"closed","ping_status":"closed","template":"","meta":{"footnotes":""},"class_list":["post-130","page","type-page","status-publish","hentry","odd"],"_links":{"self":[{"href":"https:\/\/concisa.net.ve\/2015\/wp-json\/wp\/v2\/pages\/130","targetHints":{"allow":["GET"]}}],"collection":[{"href":"https:\/\/concisa.net.ve\/2015\/wp-json\/wp\/v2\/pages"}],"about":[{"href":"https:\/\/concisa.net.ve\/2015\/wp-json\/wp\/v2\/types\/page"}],"author":[{"embeddable":true,"href":"https:\/\/concisa.net.ve\/2015\/wp-json\/wp\/v2\/users\/1"}],"replies":[{"embeddable":true,"href":"https:\/\/concisa.net.ve\/2015\/wp-json\/wp\/v2\/comments?post=130"}],"version-history":[{"count":1,"href":"https:\/\/concisa.net.ve\/2015\/wp-json\/wp\/v2\/pages\/130\/revisions"}],"predecessor-version":[{"id":131,"href":"https:\/\/concisa.net.ve\/2015\/wp-json\/wp\/v2\/pages\/130\/revisions\/131"}],"wp:attachment":[{"href":"https:\/\/concisa.net.ve\/2015\/wp-json\/wp\/v2\/media?parent=130"}],"curies":[{"name":"wp","href":"https:\/\/api.w.org\/{rel}","templated":true}]}}