{"id":88,"date":"2014-05-17T22:55:41","date_gmt":"2014-05-17T22:55:41","guid":{"rendered":"http:\/\/www.concisa.net.ve\/2014\/?page_id=88"},"modified":"2015-03-19T22:33:45","modified_gmt":"2015-03-20T03:03:45","slug":"evi-2014-propuesta-de-tutorial","status":"publish","type":"page","link":"https:\/\/concisa.net.ve\/2014\/evi-2014-propuesta-de-tutorial\/","title":{"rendered":"EVI 2014 &#8211; Propuesta de Tutorial"},"content":{"rendered":"<p><span style=\"display: block; font-size: 20px; padding: 10px; margin-left: 0; -webkit-border-radius: 4px; border-radius: 4px; color: white; text-shadow: 0 -1px 0 rgba(0, 0, 0, 0.25); background-color: #f36532; background-image: -moz-linear-gradient(top, #f36532, #f36532);\">EVI 2014 &#8211;  Propuesta de Tutoriales<\/span> &nbsp;<\/p>\n<p>Se invita a expertos de reconocida trayectoria en su \u00e1rea, a proponer tutoriales para EVI (medio d\u00eda o d\u00eda completo) que presenten resultados de investigaci\u00f3n, el estado del arte de un tema determinado o la introducci\u00f3n a un tema de inter\u00e9s industrial o acad\u00e9mico. La propuesta de tutorial debe ser un PDF incluyendo: T\u00edtulo, Contenido, Duraci\u00f3n, P\u00fablico Objetivo, Equipos Requeridos y Breve CV de los presentadores. Las propuestas deben ser enviadas a trav\u00e9s de <a href=\"https:\/\/www.easychair.org\/conferences\/?conf=concisa2015\" target=\"_blank\">EasyChair<\/a>.<br \/>\n&nbsp;<br \/>\n&nbsp;<\/p>\n","protected":false},"excerpt":{"rendered":"<p>EVI 2014 &#8211; Propuesta de Tutoriales &nbsp;<\/p>\n<p>Se invita a expertos de reconocida trayectoria en su \u00e1rea, a proponer tutoriales para EVI (medio d\u00eda o d\u00eda completo) que presenten resultados de investigaci\u00f3n, el estado del arte de un tema determinado o la introducci\u00f3n a un tema de inter\u00e9s industrial o acad\u00e9mico. La propuesta de tutorial [&#8230;]<\/p>\n","protected":false},"author":1,"featured_media":0,"parent":0,"menu_order":0,"comment_status":"open","ping_status":"open","template":"","meta":{"footnotes":""},"class_list":["post-88","page","type-page","status-publish","hentry","odd"],"_links":{"self":[{"href":"https:\/\/concisa.net.ve\/2014\/wp-json\/wp\/v2\/pages\/88","targetHints":{"allow":["GET"]}}],"collection":[{"href":"https:\/\/concisa.net.ve\/2014\/wp-json\/wp\/v2\/pages"}],"about":[{"href":"https:\/\/concisa.net.ve\/2014\/wp-json\/wp\/v2\/types\/page"}],"author":[{"embeddable":true,"href":"https:\/\/concisa.net.ve\/2014\/wp-json\/wp\/v2\/users\/1"}],"replies":[{"embeddable":true,"href":"https:\/\/concisa.net.ve\/2014\/wp-json\/wp\/v2\/comments?post=88"}],"version-history":[{"count":10,"href":"https:\/\/concisa.net.ve\/2014\/wp-json\/wp\/v2\/pages\/88\/revisions"}],"predecessor-version":[{"id":245,"href":"https:\/\/concisa.net.ve\/2014\/wp-json\/wp\/v2\/pages\/88\/revisions\/245"}],"wp:attachment":[{"href":"https:\/\/concisa.net.ve\/2014\/wp-json\/wp\/v2\/media?parent=88"}],"curies":[{"name":"wp","href":"https:\/\/api.w.org\/{rel}","templated":true}]}}