{"id":50,"date":"2014-05-17T21:28:25","date_gmt":"2014-05-17T21:28:25","guid":{"rendered":"http:\/\/www.concisa.net.ve\/2014\/?page_id=50"},"modified":"2014-09-11T14:04:11","modified_gmt":"2014-09-11T14:04:11","slug":"comite-de-programa","status":"publish","type":"page","link":"https:\/\/concisa.net.ve\/2014\/comite-de-programa\/","title":{"rendered":"Comit\u00e9 de Programa"},"content":{"rendered":"<p><span style=\"display: block; font-size: 20px; padding: 10px; margin-left: 0; -webkit-border-radius: 4px; border-radius: 4px; color: white; text-shadow: 0 -1px 0 rgba(0, 0, 0, 0.25); background-color: #f36532; background-image: -moz-linear-gradient(top, #f36532, #f36532);\">Comit\u00e9 de Programa<\/span><\/p>\n<h4>Chairs del Comit\u00e9 de Programa<\/h4>\n<table style=\"margin: 0px auto; width: 100%;\" border=\"0\">\n<tbody>\n<tr>\n<td><strong>Yudith Cardinale<\/strong><\/td>\n<td style=\"text-align: right;\">Universidad Sim\u00f3n Bol\u00edvar &#8211; Venezuela<\/td>\n<\/tr>\n<tr>\n<td><strong>Ana Aguilera<\/strong><\/td>\n<td style=\"text-align: right;\">Universidad de Carabobo &#8211; Venezuela<\/td>\n<\/tr>\n<tr>\n<td><strong>Jos\u00e9 Ram\u00edrez<\/strong><\/td>\n<td style=\"text-align: right;\">Universidad Bolivariana de Venezuela &#8211; Venezuela<\/td>\n<\/tr>\n<tr>\n<\/tr>\n<\/tbody>\n<\/table>\n<p>&nbsp;<\/p>\n<h4>Miembros del Comit\u00e9 de Programa<\/h4>\n<table style=\"margin: 0px auto; width: 100%;\" border=\"0\">\n<tbody>\n<tr>\n<td><strong>Jos\u00e9 Aguilar<\/strong><\/td>\n<td style=\"text-align: right;\">Universidad de Los Andes &#8211; Venezuela<\/td>\n<\/tr>\n<tr>\n<td><strong>Jhon Amaya<\/strong><\/td>\n<td style=\"text-align: right;\">Universidad Nacional Experimental del T\u00e1chira &#8211; Venezuela<\/td>\n<\/tr>\n<tr>\n<td><strong>Hernan Astudillo<\/strong><\/td>\n<td style=\"text-align: right;\">Universidad T\u00e9cnica Federico Santa Mar\u00eda &#8211; Chile<\/td>\n<\/tr>\n<tr>\n<td><strong>Benjam\u00edn Bar\u00e1n<\/strong><\/td>\n<td style=\"text-align: right;\">Universidad Nacional de Asunci\u00f3n &#8211; Paraguay<\/td>\n<\/tr>\n<tr>\n<td><strong>Judith Barrios<\/strong><\/td>\n<td style=\"text-align: right;\">Universidad de Los Andes &#8211; Venezuela<\/td>\n<\/tr>\n<tr>\n<td><strong>Isabel Besembel<\/strong><\/td>\n<td style=\"text-align: right;\">Universidad de Los Andes &#8211; Venezuela<\/td>\n<\/tr>\n<tr>\n<td><strong>Livia Borjas<\/strong><\/td>\n<td style=\"text-align: right;\">Instituto Universitario de Tecnolog\u00eda &#8211; Venezuela<\/td>\n<\/tr>\n<tr>\n<td><strong>Hector Cancela<\/strong><\/td>\n<td style=\"text-align: right;\">Universidad de la Rep\u00fablica &#8211; Uruguay<\/td>\n<\/tr>\n<tr>\n<td><strong>Rhadam\u00e9s Carmona<\/strong><\/td>\n<td style=\"text-align: right;\">Universidad Central de Venezuela &#8211; Venezuela<\/td>\n<\/tr>\n<tr>\n<td><strong>Zenaida Castillo<\/strong><\/td>\n<td style=\"text-align: right;\">Universidad Central de Venezuela &#8211; Venezuela<\/td>\n<\/tr>\n<tr>\n<td><strong>Luca Cernuzzi<\/strong><\/td>\n<td style=\"text-align: right;\">Universidad Cat\u00f3lica &#8211; Paraguay<\/td>\n<\/tr>\n<tr>\n<td><strong>Ernesto Coto<\/strong><\/td>\n<td style=\"text-align: right;\">University of Sheffield &#8211; Inglaterra<\/td>\n<\/tr>\n<tr>\n<td><strong>Ernesto Cuadros<\/strong><\/td>\n<td style=\"text-align: right;\">Universidad Cat\u00f3lica San Pablo &#8211; Per\u00fa<\/td>\n<\/tr>\n<tr>\n<td><strong>Jacinto Davila<\/strong><\/td>\n<td style=\"text-align: right;\">Universidad de Los Andes &#8211; Venezuela<\/td>\n<\/tr>\n<tr>\n<td><strong>Angela Di Serio<\/strong><\/td>\n<td style=\"text-align: right;\">Universidad Sim\u00f3n Bol\u00edvar &#8211; Venezuela<\/td>\n<\/tr>\n<tr>\n<td><strong>Kenyer Dom\u00ednguez<\/strong><\/td>\n<td style=\"text-align: right;\">Universidad Sim\u00f3n Bol\u00edvar &#8211; Venezuela<\/td>\n<\/tr>\n<tr>\n<td><strong>Eric Gamess<\/strong><\/td>\n<td style=\"text-align: right;\">Universidad Central de Venezuela &#8211; Venezuela<\/td>\n<\/tr>\n<tr>\n<td><strong>Mar\u00eda-Elena Garc\u00eda<\/strong><\/td>\n<td style=\"text-align: right;\">Universidad Nacional de Asunci\u00f3n &#8211; Paraguay<\/td>\n<\/tr>\n<tr>\n<td><strong>Ariel Gonzalez<\/strong><\/td>\n<td style=\"text-align: right;\">Universidad Nacional de R\u00edo Cuarto &#8211; Argentina<\/td>\n<\/tr>\n<tr>\n<td><strong>Ricardo Gonzalez<\/strong><\/td>\n<td style=\"text-align: right;\">Universidad Sim\u00f3n Bol\u00edvar &#8211; Venezuela<\/td>\n<\/tr>\n<tr>\n<td><strong>Carlos Hern\u00e1ndez<\/strong><\/td>\n<td style=\"text-align: right;\">Universidad Cat\u00f3lica de la Sant\u00edsima Concepci\u00f3n &#8211; Chile<\/td>\n<\/tr>\n<tr>\n<td><strong>Ana\tLegu\u00edzamo<\/strong><\/td>\n<td style=\"text-align: right;\">Universidad Central de Venezuela &#8211; Venezuela<\/td>\n<\/tr>\n<tr>\n<td><strong>Ernst Leiss<\/strong><\/td>\n<td style=\"text-align: right;\">University of Houston &#8211; USA<\/td>\n<\/tr>\n<tr>\n<td><strong>Raimundo Mac\u00eado<\/strong><\/td>\n<td style=\"text-align: right;\">Universidade Federal da Bahia &#8211; Brasil<\/td>\n<\/tr>\n<tr>\n<td><strong>Gabriela Marin<\/strong><\/td>\n<td style=\"text-align: right;\">Universidad de Costa Rica &#8211; Costa Rica<\/td>\n<\/tr>\n<tr>\n<td><strong>Eustaquio Mart\u00ednez<\/strong><\/td>\n<td style=\"text-align: right;\">Universidad Nacional del Este &#8211; Paraguay<\/td>\n<\/tr>\n<tr>\n<td><strong>Amad\u00eds Mart\u00ednez<\/strong><\/td>\n<td style=\"text-align: right;\">Universidad de Carabobo &#8211; Venezuela<\/td>\n<\/tr>\n<tr>\n<td><strong>Rafael Melgarejo<\/strong><\/td>\n<td style=\"text-align: right;\">Pontificia Universidad Cat\u00f3lica del Ecuador &#8211; Ecuador<\/td>\n<\/tr>\n<tr>\n<td><strong>Edumilis Mendez<\/strong><\/td>\n<td style=\"text-align: right;\">Universidad Sim\u00f3n Bol\u00edvar &#8211; Venezuela<\/td>\n<\/tr>\n<tr>\n<td><strong>Luis Mendoza<\/strong><\/td>\n<td style=\"text-align: right;\">Universidad Sim\u00f3n Bol\u00edvar &#8211; Venezuela<\/td>\n<\/tr>\n<tr>\n<td><strong>Vanessa Miguel<\/strong><\/td>\n<td style=\"text-align: right;\">Universidad Central de Venezuela &#8211; Venezuela<\/td>\n<\/tr>\n<tr>\n<td><strong>Masun Nabhan<\/strong><\/td>\n<td style=\"text-align: right;\">Universidad Sim\u00f3n Bol\u00edvar &#8211; Venezuela<\/td>\n<\/tr>\n<tr>\n<td><strong>Haydemar N\u00fa\u00f1ez<\/strong><\/td>\n<td style=\"text-align: right;\">Universidad Central de Venezuela &#8211; Venezuela<\/td>\n<\/tr>\n<tr>\n<td><strong>Dinarle Ortega<\/strong><\/td>\n<td style=\"text-align: right;\">Universidad de Carabobo &#8211; Venezuela<\/td>\n<\/tr>\n<tr>\n<td><strong>David Padua<\/strong><\/td>\n<td style=\"text-align: right;\">University of Illinois at Urbana-Champaign &#8211; USA<\/td>\n<\/tr>\n<tr>\n<td><strong>Jorge P\u00e9rez<\/strong><\/td>\n<td style=\"text-align: right;\">Universit\u00e9 Catholique de Louvain &#8211; B\u00e9lgica<\/td>\n<\/tr>\n<tr>\n<td><strong>Niriaska Perozo<\/strong><\/td>\n<td style=\"text-align: right;\">Universidad Centroccidental Lisandro Alvarado &#8211; Venezuela<\/td>\n<\/tr>\n<tr>\n<td><strong>Mercedes Pic\u00f3n<\/strong><\/td>\n<td style=\"text-align: right;\">Universidad Nacional Abierta &#8211; Venezuela<\/td>\n<\/tr>\n<tr>\n<td><strong>Robinson Rivas<\/strong><\/td>\n<td style=\"text-align: right;\">Universidad Central de Venezuela &#8211; Venezuela<\/td>\n<\/tr>\n<tr>\n<td><strong>Rosseline Rodr\u00edguez<\/strong><\/td>\n<td style=\"text-align: right;\">Universidad Sim\u00f3n Bol\u00edvar &#8211; Venezuela<\/td>\n<\/tr>\n<tr>\n<td><strong>Lourdes Sanchez<\/strong><\/td>\n<td style=\"text-align: right;\">Asociaci\u00f3n Nacional de Instituciones de Educaci\u00f3n en Inform\u00e1tica &#8211; M\u00e9xico<\/td>\n<\/tr>\n<tr>\n<td><strong>Jose Sanchez<\/strong><\/td>\n<td style=\"text-align: right;\">Universidad Centroccidental Lisandro Alvarado &#8211; Venezuela<\/td>\n<\/tr>\n<tr>\n<td><strong>Rodrigo Santos<\/strong><\/td>\n<td style=\"text-align: right;\">Universidad Nacional del Sur &#8211; Argentina<\/td>\n<\/tr>\n<tr>\n<td><strong>Eugenio Scalise<\/strong><\/td>\n<td style=\"text-align: right;\">Universidad Central de Venezuela &#8211; Venezuela<\/td>\n<\/tr>\n<tr>\n<td><strong>Alejandro Teruel<\/strong><\/td>\n<td style=\"text-align: right;\">Universidad Sim\u00f3n Bol\u00edvar &#8211; Venezuela<\/td>\n<\/tr>\n<tr>\n<td><strong>Leonid Tineo<\/strong><\/td>\n<td style=\"text-align: right;\">Universidad Sim\u00f3n Bol\u00edvar &#8211; Venezuela<\/td>\n<\/tr>\n<tr>\n<td><strong>Mar\u00eda Villapol<\/strong><\/td>\n<td style=\"text-align: right;\">Universidad Central de Venezuela &#8211; Venezuela<\/td>\n<\/tr>\n<\/tbody>\n<\/table>\n","protected":false},"excerpt":{"rendered":"<p>Comit\u00e9 de Programa<\/p>\n<p> Chairs del Comit\u00e9 de Programa Yudith Cardinale Universidad Sim\u00f3n Bol\u00edvar &#8211; Venezuela Ana Aguilera Universidad de Carabobo &#8211; Venezuela Jos\u00e9 Ram\u00edrez Universidad Bolivariana de Venezuela &#8211; Venezuela <\/p>\n<p>&nbsp;<\/p>\n<p> Miembros del Comit\u00e9 de Programa Jos\u00e9 Aguilar Universidad de Los Andes &#8211; Venezuela Jhon Amaya Universidad Nacional Experimental del T\u00e1chira &#8211; Venezuela Hernan Astudillo [&#8230;]<\/p>\n","protected":false},"author":1,"featured_media":0,"parent":0,"menu_order":0,"comment_status":"open","ping_status":"open","template":"","meta":{"footnotes":""},"class_list":["post-50","page","type-page","status-publish","hentry","odd"],"_links":{"self":[{"href":"https:\/\/concisa.net.ve\/2014\/wp-json\/wp\/v2\/pages\/50","targetHints":{"allow":["GET"]}}],"collection":[{"href":"https:\/\/concisa.net.ve\/2014\/wp-json\/wp\/v2\/pages"}],"about":[{"href":"https:\/\/concisa.net.ve\/2014\/wp-json\/wp\/v2\/types\/page"}],"author":[{"embeddable":true,"href":"https:\/\/concisa.net.ve\/2014\/wp-json\/wp\/v2\/users\/1"}],"replies":[{"embeddable":true,"href":"https:\/\/concisa.net.ve\/2014\/wp-json\/wp\/v2\/comments?post=50"}],"version-history":[{"count":4,"href":"https:\/\/concisa.net.ve\/2014\/wp-json\/wp\/v2\/pages\/50\/revisions"}],"predecessor-version":[{"id":81,"href":"https:\/\/concisa.net.ve\/2014\/wp-json\/wp\/v2\/pages\/50\/revisions\/81"}],"wp:attachment":[{"href":"https:\/\/concisa.net.ve\/2014\/wp-json\/wp\/v2\/media?parent=50"}],"curies":[{"name":"wp","href":"https:\/\/api.w.org\/{rel}","templated":true}]}}