{"id":48,"date":"2014-05-17T21:27:35","date_gmt":"2014-05-17T21:27:35","guid":{"rendered":"http:\/\/www.concisa.net.ve\/2014\/?page_id=48"},"modified":"2014-09-29T03:01:54","modified_gmt":"2014-09-29T03:01:54","slug":"comite-organizador","status":"publish","type":"page","link":"https:\/\/concisa.net.ve\/2014\/comite-organizador\/","title":{"rendered":"Comit\u00e9 Organizador"},"content":{"rendered":"<p><span style=\"display: block; font-size: 20px; padding: 10px; margin-left: 0; -webkit-border-radius: 4px; border-radius: 4px; color: white; text-shadow: 0 -1px 0 rgba(0, 0, 0, 0.25); background-color: #f36532; background-image: -moz-linear-gradient(top, #f36532, #f36532);\">Comit\u00e9 Organizador<\/span><\/p>\n<h4>Presidentes del Comit\u00e9 Organizador<\/h4>\n<table style=\"margin: 0px auto; width: 100%;\" border=\"0\">\n<tbody>\n<tr>\n<td><strong>Leonid Tineo<\/strong><\/td>\n<td style=\"text-align: right;\">Universidad Sim\u00f3n Bol\u00edvar<\/td>\n<\/tr>\n<tr>\n<td><strong>Wilmer Pereira<\/strong><\/td>\n<td style=\"text-align: right;\">Universidad Cat\u00f3lica Andr\u00e9s Bello<\/td>\n<\/tr>\n<\/tbody>\n<\/table>\n<p>&nbsp;<\/p>\n<h4>Miembros del Comit\u00e9 Organizador<\/h4>\n<table style=\"margin: 0px auto; width: 100%;\" border=\"0\">\n<tbody>\n<tr>\n<td><strong>Carlos Acosta<\/strong><\/td>\n<td style=\"text-align: right;\">Universidad Central de Venezuela<\/td>\n<\/tr>\n<tr>\n<td><strong>Evelenir Barreto<\/strong><\/td>\n<td style=\"text-align: right;\">Universidad Cat\u00f3lica Andr\u00e9s Bello<\/td>\n<\/tr>\n<tr>\n<td><strong>Yudith Cardinale<\/strong><\/td>\n<td style=\"text-align: right;\">Universidad Sim\u00f3n Bol\u00edvar<\/td>\n<\/tr>\n<tr>\n<td><strong>Nataly Carmona<\/strong><\/td>\n<td style=\"text-align: right;\">Universidad Mar\u00edtima del Caribe<\/td>\n<\/tr>\n<tr>\n<td><strong>Eric Gamess<\/strong><\/td>\n<td style=\"text-align: right;\">Universidad Central de Venezuela<\/td>\n<\/tr>\n<tr>\n<td><strong>Ricardo Monascal<\/strong><\/td>\n<td style=\"text-align: right;\">Universidad Sim\u00f3n Bol\u00edvar<\/td>\n<\/tr>\n<tr>\n<td><strong>Carlos P\u00e9rez<\/strong><\/td>\n<td style=\"text-align: right;\">Universidad Sim\u00f3n Bol\u00edvar<\/td>\n<\/tr>\n<tr>\n<td><strong>Rosseline Rodr\u00edguez<\/strong><\/td>\n<td style=\"text-align: right;\">Universidad Sim\u00f3n Bol\u00edvar<\/td>\n<\/tr>\n<tr>\n<td><strong>Antonio Silva<\/strong><\/td>\n<td style=\"text-align: right;\">Universidad Central de Venezuela<\/td>\n<\/tr>\n<tr>\n<td><strong>Mar\u00eda Villapol<\/strong><\/td>\n<td style=\"text-align: right;\">Universidad Central de Venezuela<\/td>\n<\/tr>\n<\/tbody>\n<\/table>\n<p>&nbsp;<\/p>\n<h4>Comit\u00e9 de Log\u00edstica y Realizaci\u00f3n<\/h4>\n<p><strong>Miembros:<\/strong> Wilmer Pereira (UCAB), Antonio Silva (UCV), Nataly Carmona (UMC), Rosseline Rodr\u00edguez (USB), Ricardo Monascal (USB).<br \/>\n&nbsp;<\/p>\n<h4>Comit\u00e9 de Difusi\u00f3n y Propaganda<\/h4>\n<p><strong>Miembros:<\/strong> Mar\u00eda Villapol (UCV), Evelenir Barreto (UCAB).<br \/>\n&nbsp;<\/p>\n<h4>Comit\u00e9 de Enlace con Instituciones y Empresas<\/h4>\n<p><strong>Miembros:<\/strong> Leonid Tineo (USB), Wilmer Pereira (UCAB).<br \/>\n&nbsp;<\/p>\n<h4>Comit\u00e9 Financiero<\/h4>\n<p><strong>Miembros:<\/strong> Yudith Cardinale (USB), Leonid Tineo (USB).<br \/>\n&nbsp;<\/p>\n<h4>Comit\u00e9 de Edici\u00f3n y Publicaci\u00f3n<\/h4>\n<p><strong>Miembros:<\/strong> Eric Gamess (UCV), Carlos Acosta (UCV).<br \/>\n&nbsp;<\/p>\n<h4>Comit\u00e9 T\u00e9cnico-Cient\u00edfico<\/h4>\n<p><strong>Miembros:<\/strong> Eric Gamess (UCV), Carlos P\u00e9rez (USB), Carlos Acosta(UCV).<\/p>\n","protected":false},"excerpt":{"rendered":"<p>Comit\u00e9 Organizador<\/p>\n<p> Presidentes del Comit\u00e9 Organizador Leonid Tineo Universidad Sim\u00f3n Bol\u00edvar Wilmer Pereira Universidad Cat\u00f3lica Andr\u00e9s Bello <\/p>\n<p>&nbsp;<\/p>\n<p> Miembros del Comit\u00e9 Organizador Carlos Acosta Universidad Central de Venezuela Evelenir Barreto Universidad Cat\u00f3lica Andr\u00e9s Bello Yudith Cardinale Universidad Sim\u00f3n Bol\u00edvar Nataly Carmona Universidad Mar\u00edtima del Caribe Eric Gamess Universidad Central de Venezuela Ricardo Monascal Universidad Sim\u00f3n [&#8230;]<\/p>\n","protected":false},"author":1,"featured_media":0,"parent":0,"menu_order":0,"comment_status":"open","ping_status":"open","template":"","meta":{"footnotes":""},"class_list":["post-48","page","type-page","status-publish","hentry","odd"],"_links":{"self":[{"href":"https:\/\/concisa.net.ve\/2014\/wp-json\/wp\/v2\/pages\/48","targetHints":{"allow":["GET"]}}],"collection":[{"href":"https:\/\/concisa.net.ve\/2014\/wp-json\/wp\/v2\/pages"}],"about":[{"href":"https:\/\/concisa.net.ve\/2014\/wp-json\/wp\/v2\/types\/page"}],"author":[{"embeddable":true,"href":"https:\/\/concisa.net.ve\/2014\/wp-json\/wp\/v2\/users\/1"}],"replies":[{"embeddable":true,"href":"https:\/\/concisa.net.ve\/2014\/wp-json\/wp\/v2\/comments?post=48"}],"version-history":[{"count":5,"href":"https:\/\/concisa.net.ve\/2014\/wp-json\/wp\/v2\/pages\/48\/revisions"}],"predecessor-version":[{"id":60,"href":"https:\/\/concisa.net.ve\/2014\/wp-json\/wp\/v2\/pages\/48\/revisions\/60"}],"wp:attachment":[{"href":"https:\/\/concisa.net.ve\/2014\/wp-json\/wp\/v2\/media?parent=48"}],"curies":[{"name":"wp","href":"https:\/\/api.w.org\/{rel}","templated":true}]}}