{"id":337,"date":"2014-08-23T14:51:26","date_gmt":"2014-08-23T14:51:26","guid":{"rendered":"http:\/\/www.concisa.net.ve\/2014\/?page_id=337"},"modified":"2014-09-26T02:11:43","modified_gmt":"2014-09-26T02:11:43","slug":"ponencias","status":"publish","type":"page","link":"https:\/\/concisa.net.ve\/2014\/ponencias\/","title":{"rendered":"Ponencias CoNCISa 2014"},"content":{"rendered":"<p><span style=\"display: block; font-size: 20px; padding: 10px; margin-left: 0; -webkit-border-radius: 4px; border-radius: 4px; color: white; text-shadow: 0 -1px 0 rgba(0, 0, 0, 0.25); background-color: #f36532; background-image: -moz-linear-gradient(top, #f36532, #f36532);\">Ponencias CoNCISa 2014<\/span><br \/>\n&nbsp;<\/p>\n<h4>Jueves 2 de octubre de 2014 de 10:30 AM a 12:00 M (Sesi\u00f3n 11)<\/h4>\n<table style=\"margin: 0px auto; width: 100%;\" border=\"0\">\n<tbody>\n<tr style=\"height: 30px;\">\n<td style=\"text-align: center; width: 10%;\"><strong>Identificador Contribuci\u00f3n<\/strong><\/td>\n<td style=\"text-align: center; width: 65%;\"><strong>T\u00edtulo de la Contribuci\u00f3n<\/strong><\/td>\n<td style=\"text-align: center; width: 15%;\"><strong>Tipo Contribuci\u00f3n<\/strong><\/td>\n<td style=\"text-align: center; width: 10%;\"><strong>Tiempo<\/strong><\/td>\n<\/tr>\n<tr style=\"height: 30px;\">\n<td style=\"text-align: center;\">19<\/td>\n<td><strong>Interfaz M\u00f3vil de una Aplicaci\u00f3n Sensible al Contexto utilizando Base de Datos Difusas<\/strong><br \/>\nJos\u00e9 Cadenas (USB), Soraya Carrasquel (USB), Rosseline Rodr\u00edguez (USB), Daniela Ruiz (USB), Rub\u00e9n Serradas (USB)<\/td>\n<td style=\"text-align: center;\">Tecnolog\u00eda y Herramientas (Art\u00edculo)<\/td>\n<td style=\"text-align: center;\">20 minutos<\/td>\n<\/tr>\n<tr style=\"height: 30px;\">\n<td style=\"text-align: center;\">12<\/td>\n<td><strong>Rehabilitaci\u00f3n de Motricidad Fina en Ni\u00f1os a Tr\u00e1ves de Dispositivos M\u00f3viles Inal\u00e1mbricos<\/strong><br \/>\nAudel Dugarte (UCV), Walter Hernandez (UCV), Maria Villapol (UCV)<\/td>\n<td style=\"text-align: center;\">Tecnolog\u00eda y Herramientas (Art\u00edculo)<\/td>\n<td style=\"text-align: center;\">20 minutos<\/td>\n<\/tr>\n<tr style=\"height: 30px;\">\n<td style=\"text-align: center;\">20<\/td>\n<td><strong>Aplicaci\u00f3n Web M\u00f3vil Integrada al Sistema de Referencias M\u00e9dicas del Programa SOS Telemedicina para Venezuela<\/strong><br \/>\nAna Morales (UCV), Vanessa Rodr\u00edguez (UCV), Alberto Bay (UCV)<\/td>\n<td style=\"text-align: center;\">Gesti\u00f3n de Tecnolog\u00edas<\/td>\n<td style=\"text-align: center;\">20 minutos<\/td>\n<\/tr>\n<tr style=\"height: 30px;\">\n<td style=\"text-align: center;\">30<\/td>\n<td><strong>Propuesta de un Modelo Educativo utilizando el Paradigma de la Nube<\/strong><br \/>\nJos\u00e9 Aguilar (ULA), Karla Moreno (ULA), Domingo Hernandez (ULA), Junior Altamiranda (ULA), Maria Viloria (ULA)<\/td>\n<td style=\"text-align: center;\">Investigaci\u00f3n (Art\u00edculo Largo)<\/td>\n<td style=\"text-align: center;\">20 minutos<\/td>\n<\/tr>\n<\/tbody>\n<\/table>\n<p>&nbsp;<\/p>\n<h4>Jueves 2 de octubre de 2014 de 1:30 PM a 3:00 PM (Sesi\u00f3n 12)<\/h4>\n<table style=\"margin: 0px auto; width: 100%;\" border=\"0\">\n<tbody>\n<tr \/>\n<tr style=\"height: 30px;\">\n<td style=\"text-align: center; width: 10%;\"><strong>Identificador Contribuci\u00f3n<\/strong><\/td>\n<td style=\"text-align: center; width: 65%;\"><strong>T\u00edtulo de la Contribuci\u00f3n<\/strong><\/td>\n<td style=\"text-align: center; width: 15%;\"><strong>Tipo Contribuci\u00f3n<\/strong><\/td>\n<td style=\"text-align: center; width: 10%;\"><strong>Tiempo<\/strong><\/td>\n<\/tr>\n<tr style=\"height: 30px;\">\n<td style=\"text-align: center;\">31<\/td>\n<td><strong>Modelado Orientado a Metas de Requisitos No Funcionales basado en el An\u00e1lisis del Negocio<\/strong><br \/>\nMayela Delgado (UC), Alfredo Matteo (UCV), Francisca Losavio (UCV)<\/td>\n<td style=\"text-align: center;\">Investigaci\u00f3n (Art\u00edculo Largo)<\/td>\n<td style=\"text-align: center;\">20 minutos<\/td>\n<\/tr>\n<tr style=\"height: 30px;\">\n<td style=\"text-align: center;\">43<\/td>\n<td><strong>Predicci\u00f3n del Rendimiento de Jugadores de MLB en base a Estad\u00edsticas: Experiencias en un Entorno Big Data<\/strong><br \/>\nManuel Rodriguez (USB), Alejandro Azcunes (GLOBALCG), Yudith Cardinale (USB)<\/td>\n<td style=\"text-align: center;\">Tecnolog\u00eda y Herramientas (Art\u00edculo)<\/td>\n<td style=\"text-align: center;\">20 minutos<\/td>\n<\/tr>\n<tr style=\"height: 30px;\">\n<td style=\"text-align: center;\">38<\/td>\n<td><strong>Desarrollo de un Modelo de Paralelizaci\u00f3n Aplicado a Din\u00e1mica Molecular en Medios Granulares<\/strong><br \/>\nCarlos Savignano (USB), Jos\u00e9 Dar\u00edas (USB), Yudith Cardinale (USB)\n<\/td>\n<td style=\"text-align: center;\">Tecnolog\u00eda y Herramientas (Art\u00edculo)<\/td>\n<td style=\"text-align: center;\">20 minutos<\/td>\n<\/tr>\n<tr style=\"height: 30px;\">\n<td style=\"text-align: center;\">17<\/td>\n<td><strong>Una Aplicaci\u00f3n para Acceder a Contenidos de un Archivo Web en Formato WARC<\/strong><br \/>\nMercy Ospina (UCV), Miguel Martinez (UCV), Mantura Kabchi (UCV), Claudia Le\u00f3n (UCV)<\/td>\n<td style=\"text-align: center;\">Tecnolog\u00eda y Herramientas (Art\u00edculo)<\/td>\n<td style=\"text-align: center;\">20 minutos<\/td>\n<\/tr>\n<\/tbody>\n<\/table>\n<p>&nbsp;<\/p>\n<h4>Jueves 2 de octubre de 2014 de 3:30 PM a 5:30 PM (Sesi\u00f3n 13)<\/h4>\n<table style=\"margin: 0px auto; width: 100%;\" border=\"0\">\n<tbody>\n<tr \/>\n<tr style=\"height: 30px;\">\n<td style=\"text-align: center; width: 10%;\"><strong>Identificador Contribuci\u00f3n<\/strong><\/td>\n<td style=\"text-align: center; width: 65%;\"><strong>T\u00edtulo de la Contribuci\u00f3n<\/strong><\/td>\n<td style=\"text-align: center; width: 15%;\"><strong>Tipo Contribuci\u00f3n<\/strong><\/td>\n<td style=\"text-align: center; width: 10%;\"><strong>Tiempo<\/strong><\/td>\n<\/tr>\n<tr style=\"height: 30px;\">\n<td style=\"text-align: center;\">37<\/td>\n<td><strong>Integraci\u00f3n del Proceso de Extracci\u00f3n de Conocimiento al Ciclo de Vida de Desarrollo de Software<\/strong><br \/>\nAna Aguilera (UC), Livia Borjas (IUT), Rosseline Rodr\u00edguez (USB)<\/td>\n<td style=\"text-align: center;\">Tecnolog\u00eda y Herramientas (Art\u00edculo)<\/td>\n<td style=\"text-align: center;\">20 minutos<\/td>\n<\/tr>\n<tr style=\"height: 30px;\">\n<td style=\"text-align: center;\">7<\/td>\n<td><strong>Modelos de Variabilidad con Requisitos no Funcionales en un Contexto de Producci\u00f3n Industrial de Software<\/strong><br \/>\nVictor Esteller (UC), Francisca Losavio (UCV), Alfredo Matteo (UCV), Oscar Ordaz (UCV)<\/td>\n<td style=\"text-align: center;\">Investigaci\u00f3n (Art\u00edculo Largo)<\/td>\n<td style=\"text-align: center;\">20 minutos<\/td>\n<\/tr>\n<tr style=\"height: 30px;\">\n<td style=\"text-align: center;\">11<\/td>\n<td><strong>Enfoque Formal de Verificaci\u00f3n y Aut\u00f3matas Temporizados aplicados a Procesos Industriales<\/strong><br \/>\nLuis Mendoza (USB)\n<\/td>\n<td style=\"text-align: center;\">Investigaci\u00f3n (Art\u00edculo Largo)<\/td>\n<td style=\"text-align: center;\">20 minutos<\/td>\n<\/tr>\n<tr style=\"height: 30px;\">\n<td style=\"text-align: center;\">4<\/td>\n<td><strong>Repositorio Web para Modelos de Arquitecturas Empresariales Desarrollados con la Herramienta Archi<\/strong><br \/>\nJavier Escobar (UCV), Steven Capuzzi (UC), Dinarle Ortega (UC)\n<\/td>\n<td style=\"text-align: center;\">Investigaci\u00f3n (Art\u00edculo Largo)<\/td>\n<td style=\"text-align: center;\">20 minutos<\/td>\n<\/tr>\n<tr style=\"height: 30px;\">\n<td style=\"text-align: center;\">40<\/td>\n<td><strong>Factores que Influyen en las Pruebas de Eficiencia de Sistemas Web<\/strong><br \/>\nMercedes Pic\u00f3n (UNA &#8211; USB), Kenyer Dominguez (USB)\n<\/td>\n<td style=\"text-align: center;\">Investigaci\u00f3n (Art\u00edculo Corto)<\/td>\n<td style=\"text-align: center;\">15 minutos<\/td>\n<\/tr>\n<tr style=\"height: 30px;\">\n<td style=\"text-align: center;\">36<\/td>\n<td><strong>An\u00e1lisis de Requisitos para Software Educativo &#8211; Caso Software Educativo en Petr\u00f3leo y Energ\u00eda<\/strong><br \/>\nFrancisca Losavio (UCV), Yuly Esteves (UPEL)\n<\/td>\n<td style=\"text-align: center;\">Investigaci\u00f3n (Art\u00edculo Corto)<\/td>\n<td style=\"text-align: center;\">15 minutos<\/td>\n<\/tr>\n<\/tbody>\n<\/table>\n<p>&nbsp;<\/p>\n<h4>Viernes 3 de octubre de 2014 de 8:30 AM a 10:00 AM (Sesi\u00f3n 21)<\/h4>\n<table style=\"margin: 0px auto; width: 100%;\" border=\"0\">\n<tbody>\n<tr \/>\n<tr style=\"height: 30px;\">\n<td style=\"text-align: center; width: 10%;\"><strong>Identificador Contribuci\u00f3n<\/strong><\/td>\n<td style=\"text-align: center; width: 65%;\"><strong>T\u00edtulo de la Contribuci\u00f3n<\/strong><\/td>\n<td style=\"text-align: center; width: 15%;\"><strong>Tipo Contribuci\u00f3n<\/strong><\/td>\n<td style=\"text-align: center; width: 10%;\"><strong>Tiempo<\/strong><\/td>\n<\/tr>\n<tr style=\"height: 30px;\">\n<td style=\"text-align: center;\">26<\/td>\n<td><strong>Plataforma Web para la Gesti\u00f3n de un Proceso de Auto-Formaci\u00f3n basado en Ontolog\u00edas<\/strong><br \/>\nJos\u00e9 Aguilar (ULA), Karla Moreno (ULA), Junior Altamiranda (ULA)<\/td>\n<td style=\"text-align: center;\">Investigaci\u00f3n (Art\u00edculo Largo)<\/td>\n<td style=\"text-align: center;\">20 minutos<\/td>\n<\/tr>\n<tr style=\"height: 30px;\">\n<td style=\"text-align: center;\">48<\/td>\n<td><strong>Revisi\u00f3n Documental Sistem\u00e1tica en el \u00c1mbito de la Ingenier\u00eda del Dominio para L\u00edneas de Productos de Software Orientados a Servicios<\/strong><br \/>\nJuan Herrera (UBV), Francisca Losavio (UCV), Alfredo Matteo (UCV), Oscar Ordaz (UCV)<\/td>\n<td style=\"text-align: center;\">Investigaci\u00f3n (Art\u00edculo Largo)<\/td>\n<td style=\"text-align: center;\">20 minutos<\/td>\n<\/tr>\n<tr style=\"height: 30px;\">\n<td style=\"text-align: center;\">8<\/td>\n<td><strong>Middleware Reflexivo Sem\u00e1ntico para Ambientes Inteligentes<\/strong><br \/>\nMaribel Mendonca (UCLA), Jos\u00e9 Aguilar (ULA), Niriaska Perozo (UCLA)\n<\/td>\n<td style=\"text-align: center;\">Investigaci\u00f3n (Art\u00edculo Largo)<\/td>\n<td style=\"text-align: center;\">20 minutos<\/td>\n<\/tr>\n<tr style=\"height: 30px;\">\n<td style=\"text-align: center;\">6<\/td>\n<td><strong>Dise\u00f1o de un Modelo de Simulaci\u00f3n que Representa las Operaciones del \u00c1rea de Hospitalizaci\u00f3n de una Cl\u00ednica Dispensario sin Fines de Lucro<\/strong><br \/>\nCarlos Ordo\u00f1ez (UCAB), Carla Lozada (UCAB)\n<\/td>\n<td style=\"text-align: center;\">Gesti\u00f3n de Tecnolog\u00edas<\/td>\n<td style=\"text-align: center;\">20 minutos<\/td>\n<\/tr>\n<\/tbody>\n<\/table>\n<p>&nbsp;<\/p>\n<h4>Viernes 3 de octubre de 2014 de 10:30 AM a 12:00 M (Sesi\u00f3n 22)<\/h4>\n<table style=\"margin: 0px auto; width: 100%;\" border=\"0\">\n<tbody>\n<tr \/>\n<tr style=\"height: 30px;\">\n<td style=\"text-align: center; width: 10%;\"><strong>Identificador Contribuci\u00f3n<\/strong><\/td>\n<td style=\"text-align: center; width: 65%;\"><strong>T\u00edtulo de la Contribuci\u00f3n<\/strong><\/td>\n<td style=\"text-align: center; width: 15%;\"><strong>Tipo Contribuci\u00f3n<\/strong><\/td>\n<td style=\"text-align: center; width: 10%;\"><strong>Tiempo<\/strong><\/td>\n<\/tr>\n<tr style=\"height: 30px;\">\n<td style=\"text-align: center;\">35<\/td>\n<td><strong>Algoritmo para Contar Nodos en Redes Inal\u00e1mbricas con Mensajes Retrasados<\/strong><br \/>\nManuel Contreras (UCV), Eric Gamess (UCV)\n<\/td>\n<td style=\"text-align: center;\">Investigaci\u00f3n (Art\u00edculo Largo)<\/td>\n<td style=\"text-align: center;\">20 minutos<\/td>\n<\/tr>\n<tr style=\"height: 30px;\">\n<td style=\"text-align: center;\">5<\/td>\n<td><strong>Simtra &#8211; Sistema Integral de Movilidad y Transporte<\/strong><br \/>\nArmen Djenanian (UCAB), Jos\u00e9 P\u00e9rez (UCAB), Biagio Cante (UCAB)<\/td>\n<td style=\"text-align: center;\">Investigaci\u00f3n (Art\u00edculo Largo)<\/td>\n<td style=\"text-align: center;\">20 minutos<\/td>\n<\/tr>\n<tr style=\"height: 30px;\">\n<td style=\"text-align: center;\">55<\/td>\n<td><strong>Un Framework de Componentes Reconfigurables basado en Esqueletos Algoritmicos para el Codise\u00f1o de Software de Alto Rendimiento<\/strong><br \/>\nCarlos Acosta (UCV), Eugenio Scalise (UCV)\n<\/td>\n<td style=\"text-align: center;\">Investigaci\u00f3n (Art\u00edculo Largo)<\/td>\n<td style=\"text-align: center;\">20 minutos<\/td>\n<\/tr>\n<tr style=\"height: 30px;\">\n<td style=\"text-align: center;\">28<\/td>\n<td><strong>Framework basado en Programaci\u00f3n Paralela para Simulaci\u00f3n Num\u00e9rica<\/strong><br \/>\nAdriana Liendo (UCV), Eugenio Scalise (UCV), Carlos Acosta (UCV)\n<\/td>\n<td style=\"text-align: center;\">Investigaci\u00f3n (Art\u00edculo Corto)<\/td>\n<td style=\"text-align: center;\">15 minutos<\/td>\n<\/tr>\n<tr style=\"height: 30px;\">\n<td style=\"text-align: center;\">24<\/td>\n<td><strong>Estimaci\u00f3n de Movimiento de un Robot M\u00f3vil usando el Emparejamiento de Puntos con un Tel\u00e9metro l\u00e1ser 2D<\/strong><br \/>\nWilmer S\u00e1nchez (UNET), Angel Gil (UNET), Itza Medina (UNET), Jes\u00fas Garc\u00eda (UNET)\n<\/td>\n<td style=\"text-align: center;\">Investigaci\u00f3n (Art\u00edculo Corto)<\/td>\n<td style=\"text-align: center;\">15 minutos<\/td>\n<\/tr>\n<\/tbody>\n<\/table>\n<p>&nbsp;<\/p>\n<h4>Viernes 3 de octubre de 2014 de 1:30 PM a 3:00 PM (Sesi\u00f3n 23)<\/h4>\n<table style=\"margin: 0px auto; width: 100%;\" border=\"0\">\n<tbody>\n<tr style=\"height: 30px;\">\n<td style=\"text-align: center; width: 10%;\"><strong>Identificador Contribuci\u00f3n<\/strong><\/td>\n<td style=\"text-align: center; width: 65%;\"><strong>T\u00edtulo de la Contribuci\u00f3n<\/strong><\/td>\n<td style=\"text-align: center; width: 15%;\"><strong>Tipo Contribuci\u00f3n<\/strong><\/td>\n<td style=\"text-align: center; width: 10%;\"><strong>Tiempo<\/strong><\/td>\n<\/tr>\n<tr style=\"height: 30px;\">\n<td style=\"text-align: center;\">18<\/td>\n<td><strong>Descriptores Visuales de MPEG-7 empleando la GPU<\/strong><br \/>\nVictor Felipe (UCV), Esmitt Ram\u00edrez (UCV)\n<\/td>\n<td style=\"text-align: center;\">Investigaci\u00f3n (Art\u00edculo Largo)<\/td>\n<td style=\"text-align: center;\">20 minutos<\/td>\n<\/tr>\n<tr style=\"height: 30px;\">\n<td style=\"text-align: center;\">9<\/td>\n<td><strong>Simulaci\u00f3n del Autoensamblaje Cooperativo de Estructuras en 3D<\/strong><br \/>\nHenry Zapata (UCLA), Niriaska Perozo (UCLA)\n<\/td>\n<td style=\"text-align: center;\">Investigaci\u00f3n (Art\u00edculo Largo)<\/td>\n<td style=\"text-align: center;\">20 minutos<\/td>\n<\/tr>\n<tr style=\"height: 30px;\">\n<td style=\"text-align: center;\">39<\/td>\n<td><strong>Sistema Inform\u00e1tico para el Aprendizaje de la Guitarra El\u00e9ctrica bajo una Estrategia de Juego Interactivo<\/strong><br \/>\nGerman Rodr\u00edguez (UCAB), Kristian Cort\u00e9s (UCAB), Jos\u00e9 Suarez (UCAB), Wilmer Pereira (UCAB)\n<\/td>\n<td style=\"text-align: center;\">Investigaci\u00f3n (Art\u00edculo Largo)<\/td>\n<td style=\"text-align: center;\">20 minutos<\/td>\n<\/tr>\n<tr style=\"height: 30px;\">\n<td style=\"text-align: center;\">16<\/td>\n<td><strong>Herramienta para el Trazado de Contornos de Estructuras Celulares en Im\u00e1genes Histol\u00f3gicas de Mamas<\/strong><br \/>\nLuis Calatayud (UC), Pedro Linares (UC), Maria De Abreu (UC), Aldo Reigosa (UC)\n<\/td>\n<td style=\"text-align: center;\">Tecnolog\u00edas y Herramientas (Demostraci\u00f3n)<\/td>\n<td style=\"text-align: center;\">20 minutos<\/td>\n<\/tr>\n<\/tbody>\n<\/table>\n<p>&nbsp;<\/p>\n<h4>Viernes 3 de octubre de 2014 de 3:30 PM a 5:30 PM (Sesi\u00f3n 24)<\/h4>\n<table style=\"margin: 0px auto; width: 100%;\" border=\"0\">\n<tbody>\n<tr \/>\n<tr style=\"height: 30px;\">\n<td style=\"text-align: center; width: 10%;\"><strong>Identificador Contribuci\u00f3n<\/strong><\/td>\n<td style=\"text-align: center; width: 65%;\"><strong>T\u00edtulo de la Contribuci\u00f3n<\/strong><\/td>\n<td style=\"text-align: center; width: 15%;\"><strong>Tipo Contribuci\u00f3n<\/strong><\/td>\n<td style=\"text-align: center; width: 10%;\"><strong>Tiempo<\/strong><\/td>\n<\/tr>\n<tr style=\"height: 30px;\">\n<td style=\"text-align: center;\">21<\/td>\n<td><strong>Exploraci\u00f3n y Cobertura de \u00c1reas Basada en Enjambres Haciendo Uso de Feromonas y Reglas de Bandadas<\/strong><br \/>\nElio Ventocilla (DKVGROUP), Steve McKeeve (U.Uppsala), Else Nygren (U.Uppsala)\n<\/td>\n<td style=\"text-align: center;\">Investigaci\u00f3n (Art\u00edculo Largo)<\/td>\n<td style=\"text-align: center;\">20 minutos<\/td>\n<\/tr>\n<tr style=\"height: 30px;\">\n<td style=\"text-align: center;\">27<\/td>\n<td><strong>Balance de Carga y Tolerancia a Fallas en OPTIMUS (OPTImized Mail distribUtion System)<\/strong><br \/>\nFabiola Rosato (USB), Javier Arguello (USB), Yudith Cardinale (USB)\n<\/td>\n<td style=\"text-align: center;\">Investigaci\u00f3n (Art\u00edculo Largo)<\/td>\n<td style=\"text-align: center;\">20 minutos<\/td>\n<\/tr>\n<tr style=\"height: 30px;\">\n<td style=\"text-align: center;\">45<\/td>\n<td><strong>Gesti\u00f3n del Conocimiento como Fuente de Innovaci\u00f3n Tecnol\u00f3gica para el Uso del Software Libre en las Instituciones Gubernamentales<\/strong><br \/>\nRoger Freire (UBV)\n<\/td>\n<td style=\"text-align: center;\">Investigaci\u00f3n (Art\u00edculo Corto)<\/td>\n<td style=\"text-align: center;\">15 minutos<\/td>\n<\/tr>\n<tr style=\"height: 30px;\">\n<td style=\"text-align: center;\">53<\/td>\n<td><strong>Evaluaci\u00f3n del Acceso Controlado a Datos M\u00e9dicos sobre Bases de Datos Hipocr\u00e1ticas en Entorno P2P<\/strong><br \/>\nAlvaro Hernandez (USB), Carlos Figueira (USB), Yudith Cardinale (USB)\n<\/td>\n<td style=\"text-align: center;\">Investigaci\u00f3n (Art\u00edculo Corto)<\/td>\n<td style=\"text-align: center;\">15 minutos<\/td>\n<\/tr>\n<tr style=\"height: 30px;\">\n<td style=\"text-align: center;\">33<\/td>\n<td><strong>Proyecto \u201cBiblioteca Virtual Musicol\u00f3gica Juan Meser\u00f3n\u201d<\/strong><br \/>\nYusneyi Carballo (UCV), Mariantonia Palacios (UCV)\n<\/td>\n<td style=\"text-align: center;\">Investigaci\u00f3n (Art\u00edculo Corto)<\/td>\n<td style=\"text-align: center;\">15 minutos<\/td>\n<\/tr>\n<tr style=\"height: 30px;\">\n<td style=\"text-align: center;\">51<\/td>\n<td><strong>Ordenamiento de N\u00fameros Difusos<\/strong><br \/>\nDavid Coronado (USB), Soraya Carrasquel (USB), Rosseline Rodr\u00edguez (USB), Leonid Tineo (USB)\n<\/td>\n<td style=\"text-align: center;\">Investigaci\u00f3n (Art\u00edculo Corto)<\/td>\n<td style=\"text-align: center;\">15 minutos<\/td>\n<\/tr>\n<tr style=\"height: 30px;\">\n<td style=\"text-align: center;\">41<\/td>\n<td><strong>Hacia la Verificaci\u00f3n de Programas que Manipulan Estructuras Recursivas Generales Mediante Apuntadores<\/strong><br \/>\nRicardo Monascal (USB), Jes\u00fas Ravelo (USB)\n<\/td>\n<td style=\"text-align: center;\">Investigaci\u00f3n (Art\u00edculo Corto)<\/td>\n<td style=\"text-align: center;\">15 minutos<\/td>\n<\/tr>\n<tr style=\"height: 30px;\">\n<td style=\"text-align: center;\">49<\/td>\n<td><strong>Metodolog\u00eda para Incorporar L\u00f3gica Difusa en Formularios Web<\/strong><br \/>\nJos\u00e9 Labbad (UNIMET), Leonid Tineo (USB)\n<\/td>\n<td style=\"text-align: center;\">Investigaci\u00f3n (Art\u00edculo Corto)<\/td>\n<td style=\"text-align: center;\">15 minutos<\/td>\n<\/tr>\n<\/tbody>\n<\/table>\n","protected":false},"excerpt":{"rendered":"<p>Ponencias CoNCISa 2014 &nbsp;<\/p>\n<p> Jueves 2 de octubre de 2014 de 10:30 AM a 12:00 M (Sesi\u00f3n 11) Identificador Contribuci\u00f3n T\u00edtulo de la Contribuci\u00f3n Tipo Contribuci\u00f3n Tiempo 19 Interfaz M\u00f3vil de una Aplicaci\u00f3n Sensible al Contexto utilizando Base de Datos Difusas Jos\u00e9 Cadenas (USB), Soraya Carrasquel (USB), Rosseline Rodr\u00edguez (USB), Daniela Ruiz (USB), Rub\u00e9n Serradas [&#8230;]<\/p>\n","protected":false},"author":1,"featured_media":0,"parent":0,"menu_order":0,"comment_status":"open","ping_status":"open","template":"","meta":{"footnotes":""},"class_list":["post-337","page","type-page","status-publish","hentry","odd"],"_links":{"self":[{"href":"https:\/\/concisa.net.ve\/2014\/wp-json\/wp\/v2\/pages\/337","targetHints":{"allow":["GET"]}}],"collection":[{"href":"https:\/\/concisa.net.ve\/2014\/wp-json\/wp\/v2\/pages"}],"about":[{"href":"https:\/\/concisa.net.ve\/2014\/wp-json\/wp\/v2\/types\/page"}],"author":[{"embeddable":true,"href":"https:\/\/concisa.net.ve\/2014\/wp-json\/wp\/v2\/users\/1"}],"replies":[{"embeddable":true,"href":"https:\/\/concisa.net.ve\/2014\/wp-json\/wp\/v2\/comments?post=337"}],"version-history":[{"count":1,"href":"https:\/\/concisa.net.ve\/2014\/wp-json\/wp\/v2\/pages\/337\/revisions"}],"predecessor-version":[{"id":338,"href":"https:\/\/concisa.net.ve\/2014\/wp-json\/wp\/v2\/pages\/337\/revisions\/338"}],"wp:attachment":[{"href":"https:\/\/concisa.net.ve\/2014\/wp-json\/wp\/v2\/media?parent=337"}],"curies":[{"name":"wp","href":"https:\/\/api.w.org\/{rel}","templated":true}]}}