{"id":334,"date":"2014-08-19T19:57:21","date_gmt":"2014-08-19T19:57:21","guid":{"rendered":"http:\/\/www.concisa.net.ve\/2014\/?page_id=334"},"modified":"2014-08-20T16:42:41","modified_gmt":"2014-08-20T16:42:41","slug":"evi-2014-registro","status":"publish","type":"page","link":"https:\/\/concisa.net.ve\/2014\/evi-2014-registro\/","title":{"rendered":"EVI 2014 &#8211; Registro"},"content":{"rendered":"<p><span style=\"display: block; font-size: 20px; padding: 10px; margin-left: 0; -webkit-border-radius: 4px; border-radius: 4px; color: white; text-shadow: 0 -1px 0 rgba(0, 0, 0, 0.25); background-color: #f36532; background-image: -moz-linear-gradient(top, #f36532, #f36532);\">EVI 2014 &#8211; Registro y Pago de Inscripci\u00f3n<\/span><br \/>\n&nbsp;<\/p>\n<p>Para el registro a los tutoriales de EVI 2014, usted debe seguir los siguientes pasos:<\/p>\n<p style=\"padding-left: 30px;\">\n<a href=\"http:\/\/www.concisa.net.ve\/2014\/evi-2014-registro#paso1\"><strong>Paso 1<\/strong>: Seleccione los tutoriales a los que desee asistir.<\/a><br \/>\n<a href=\"http:\/\/www.concisa.net.ve\/2014\/evi-2014-registro#paso2\"><strong>Paso 2<\/strong>: Realizar el pago correspondiente.<\/a><br \/>\n<a href=\"http:\/\/www.concisa.net.ve\/2014\/evi-2014-registro#paso3\"><strong>Paso 3<\/strong>: Env\u00ede la informaci\u00f3n de su pago.<\/a><\/p>\n<hr \/>\n<p><a name=\"paso1\"><strong>Paso 1<\/strong> &#8211; Seleccione los tutoriales a los que desee asistir<\/a><\/p>\n<p>Seleccione los <a href=\"http:\/\/www.concisa.net.ve\/2014\/evi-2014-tutoriales\">tutoriales<\/a> a los que desee asistir. Para eso, deber\u00e1 llenar una planilla en l\u00ednea haciendo clic <a href=\"https:\/\/docs.google.com\/forms\/d\/14l_ykjQNavh76zy76gaVWd4RG4S_HO3w2XWy4uwY34s\/viewform?usp=send_form\" target=\"_blank\">aqu\u00ed<\/a>. Una vez que someta la planilla, recibir\u00e1 inmediatamente un correo electr\u00f3nico generado autom\u00e1ticamente que contendr\u00e1 su N\u00famero de REGISTRO EVI. En un plazo no mayor a 48 horas, el comit\u00e9 organizador le confirmar\u00e1 a trav\u00e9s de un correo electr\u00f3nico, la disponibilidad de cupos en los tutoriales que seleccion\u00f3.<\/p>\n<hr \/>\n<p><a name=\"paso2\"><strong>Paso 2<\/strong> &#8211; Realizar el pago correspondiente<\/a><\/p>\n<p>Al recibir el correo electr\u00f3nico de confirmaci\u00f3n que le informa sobre la disponibilidad de cupos para los tutoriales seleccionados, realice el pago correspondiente de acuerdo a las <a href=\"http:\/\/www.concisa.net.ve\/2014\/evi-2014-tarifa\">tarifas de EVI 2014<\/a>, por transferencia o dep\u00f3sito bancario a la cuenta a continuaci\u00f3n. Apunte el n\u00famero de transferencia o dep\u00f3sito ya que lo necesitar\u00e1 en el pr\u00f3ximo paso. El valor del pago depender\u00e1 de la fecha en que realice el mismo (Inscripci\u00f3n Temprana o Inscripci\u00f3n Tard\u00eda).<\/p>\n<p style=\"padding-left: 30px;\">\nNombre de la Cuenta: <strong>Fundaci\u00f3n CLEI Venezuela<\/strong><br \/>\nRIF: <strong>J-40156380-5<\/strong><br \/>\nBanco: <strong>Banco Mercantil<\/strong><br \/>\nN\u00famero de Cuenta: <strong>0105-0039-73-8039029821<\/strong><br \/>\nEmail: <strong>eventos@svc.net.ve<\/strong><\/p>\n<hr \/>\n<p><a name=\"paso3\"><strong>Paso 3<\/strong> &#8211; Env\u00ede la informaci\u00f3n de su pago<\/a><\/p>\n<p>Env\u00ede la informaci\u00f3n de su pago, identific\u00e1ndose con el n\u00famero de REGISTRO EVI que recibi\u00f3 en el primer correo (<a href=\"http:\/\/www.concisa.net.ve\/2014\/evi-2014-registro#paso1\"><strong>Paso 1<\/strong><\/a>). Para eso, deber\u00e1 llenar una planilla en l\u00ednea haciendo clic <a href=\"https:\/\/docs.google.com\/forms\/d\/1C97EH3x5l5s1BflV2sB8E4fKc5-KfVogjgx4e9yvwNo\/viewform?c=0&#038;w=1&#038;usp=mail_form_link\" target=\"_blank\">aqu\u00ed<\/a>. Una vez que se haya verificado su pago, el comit\u00e9 organizador le confirmar\u00e1, a trav\u00e9s de un correo electr\u00f3nico, su registro definitivo en los tutoriales que seleccion\u00f3.<\/p>\n<hr \/>\n<p><strong>Nota Importante:<\/strong> El banco origen de la transacci\u00f3n le entregar\u00e1 un comprobante de la transferencia\/dep\u00f3sito realizado, el cual deber\u00e1 ser presentado en la mesa de registro al momento de buscar el material de los tutoriales.<\/p>\n","protected":false},"excerpt":{"rendered":"<p>EVI 2014 &#8211; Registro y Pago de Inscripci\u00f3n &nbsp;<\/p>\n<p>Para el registro a los tutoriales de EVI 2014, usted debe seguir los siguientes pasos:<\/p>\n<p style=\"padding-left: 30px;\"> Paso 1: Seleccione los tutoriales a los que desee asistir. Paso 2: Realizar el pago correspondiente. Paso 3: Env\u00ede la informaci\u00f3n de su pago.<\/p>\n<p>Paso 1 &#8211; Seleccione [&#8230;]<\/p>\n","protected":false},"author":1,"featured_media":0,"parent":0,"menu_order":0,"comment_status":"open","ping_status":"open","template":"","meta":{"footnotes":""},"class_list":["post-334","page","type-page","status-publish","hentry","odd"],"_links":{"self":[{"href":"https:\/\/concisa.net.ve\/2014\/wp-json\/wp\/v2\/pages\/334","targetHints":{"allow":["GET"]}}],"collection":[{"href":"https:\/\/concisa.net.ve\/2014\/wp-json\/wp\/v2\/pages"}],"about":[{"href":"https:\/\/concisa.net.ve\/2014\/wp-json\/wp\/v2\/types\/page"}],"author":[{"embeddable":true,"href":"https:\/\/concisa.net.ve\/2014\/wp-json\/wp\/v2\/users\/1"}],"replies":[{"embeddable":true,"href":"https:\/\/concisa.net.ve\/2014\/wp-json\/wp\/v2\/comments?post=334"}],"version-history":[{"count":1,"href":"https:\/\/concisa.net.ve\/2014\/wp-json\/wp\/v2\/pages\/334\/revisions"}],"predecessor-version":[{"id":335,"href":"https:\/\/concisa.net.ve\/2014\/wp-json\/wp\/v2\/pages\/334\/revisions\/335"}],"wp:attachment":[{"href":"https:\/\/concisa.net.ve\/2014\/wp-json\/wp\/v2\/media?parent=334"}],"curies":[{"name":"wp","href":"https:\/\/api.w.org\/{rel}","templated":true}]}}