{"id":327,"date":"2014-08-18T18:50:37","date_gmt":"2014-08-18T18:50:37","guid":{"rendered":"http:\/\/www.concisa.net.ve\/2014\/?page_id=327"},"modified":"2014-08-21T14:12:43","modified_gmt":"2014-08-21T14:12:43","slug":"version-final-contribuciones","status":"publish","type":"page","link":"https:\/\/concisa.net.ve\/2014\/version-final-contribuciones\/","title":{"rendered":"Instrucciones Versi\u00f3n Final Contribuciones"},"content":{"rendered":"<p><span style=\"display: block; font-size: 20px; padding: 10px; margin-left: 0; -webkit-border-radius: 4px; border-radius: 4px; color: white; text-shadow: 0 -1px 0 rgba(0, 0, 0, 0.25); background-color: #f36532; background-image: -moz-linear-gradient(top, #f36532, #f36532);\">Instrucciones Versi\u00f3n Final Contribuciones<\/span><\/p>\n<p>Esta p\u00e1gina web contiene instrucciones para los autores de contribuciones aceptadas en CoNCISa 2014, acerca de c\u00f3mo preparar y presentar la versi\u00f3n final de sus contribuciones.<\/p>\n<p>Las contribuciones aceptadas en la Segunda Conferencia Nacional de Computaci\u00f3n, Inform\u00e1tica y Sistemas (CoNCISa 2014) ser\u00e1n publicadas en las memorias de la conferencia. Es importante que los autores de las contribuciones aceptadas sigan los pasos especificados a continuaci\u00f3n:<\/p>\n<p style=\"padding-left: 30px;\">\n<a href=\"http:\/\/www.concisa.net.ve\/2014\/version-final-contribuciones#paso1\"><strong>Paso 1<\/strong>: Hacer mejoras a su contribuci\u00f3n de acuerdo a las recomendaciones de los revisores.<\/a><br \/>\n<a href=\"http:\/\/www.concisa.net.ve\/2014\/version-final-contribuciones#paso2\"><strong>Paso 2<\/strong>: Formatear la versi\u00f3n final de su contribuci\u00f3n de acuerdo al estilo IEEE.<\/a><br \/>\n<a href=\"http:\/\/www.concisa.net.ve\/2014\/version-final-contribuciones#paso3\"><strong>Paso 3<\/strong>: Generar el PDF de su contribuci\u00f3n.<\/a><br \/>\n<a href=\"http:\/\/www.concisa.net.ve\/2014\/version-final-contribuciones#paso4\"><strong>Paso 4<\/strong>: Subir la versi\u00f3n final de su contribuci\u00f3n en EasyChair.<\/a><br \/>\n<a href=\"http:\/\/www.concisa.net.ve\/2014\/version-final-contribuciones#paso5\"><strong>Paso 5<\/strong>: Registrarse en la conferencia.<\/a><\/p>\n<p>El no cumplir con todos los elementos requeridos para el 31 de agosto de 2014, dar\u00e1 lugar a la eliminaci\u00f3n de la contribuci\u00f3n del programa t\u00e9cnico de la conferencia.<\/p>\n<hr \/>\n<p><a name=\"paso1\"><strong>Paso 1<\/strong> &#8211; Hacer mejoras a su contribuci\u00f3n de acuerdo a las recomendaciones de los revisores<\/a><\/p>\n<p>Aplicar las recomendaciones de los revisores. En particular, si su contribuci\u00f3n es corta, recuerde que el n\u00famero m\u00e1ximo de p\u00e1ginas es cinco (aplica a la <strong>Sesi\u00f3n de investigaci\u00f3n<\/strong> y la <strong>Sesi\u00f3n de tecnolog\u00edas y herramientas computacionales<\/strong>). Si su contribuci\u00f3n es larga, no exceda el m\u00e1ximo n\u00famero de p\u00e1ginas que es doce (aplica a la <strong>Sesi\u00f3n de investigaci\u00f3n<\/strong> y la <strong>Sesi\u00f3n de tecnolog\u00edas y herramientas computacionales<\/strong>). En caso que su contribuci\u00f3n pertenezca a la <strong>Sesi\u00f3n de Gesti\u00f3n de Tecnolog\u00edas de Informaci\u00f3n<\/strong>, el n\u00famero m\u00e1ximo de p\u00e1ginas es diez. Para mayor informaci\u00f3n, consultar el <a href=\"http:\/\/www.concisa.net.ve\/2014\/llamado-a-articulos\">CFP (Llamado a Art\u00edculos)<\/a>.<\/p>\n<hr \/>\n<p><a name=\"paso2\"><strong>Paso 2<\/strong> &#8211; Formatear la versi\u00f3n final de su contribuci\u00f3n de acuerdo al estilo IEEE<\/a><\/p>\n<p>Las instrucciones de formateo provistas en esta secci\u00f3n deben ser seguidas estrictamente para que su contribuci\u00f3n sea incluida en las memorias de la conferencia.<\/p>\n<p>Instrucciones Generales:<\/p>\n<ul>\n<li style=\"margin-bottom: 0px; margin-top: -10px; margin-left: 5px;\">La versi\u00f3n final de su contribuci\u00f3n debe tener el n\u00famero de p\u00e1ginas m\u00e1ximo adecuado (consultar el <a href=\"http:\/\/www.concisa.net.ve\/2014\/llamado-a-articulos\">Llamado a Art\u00edculos<\/a>). Este n\u00famero m\u00e1ximo de p\u00e1ginas incluye un resumen de hasta 200 palabras (<strong><em>Resumen<\/em> &#8211; Poner el Resumen Aqu\u00ed<\/strong>), las palabras clave (<strong><em>Palabras Clave &#8211; palabra1; palabra2; palabra3 <\/em><\/strong>), las figuras, los agradecimientos y las referencias bibliogr\u00e1ficas. Las palabras clave deben ser separadas con punto y coma. Tanto el resumen como las palabras clave deben estar en negrita. Utilizar el formato del IEEE (<a href=\"http:\/\/www.ieee.org\/conferences_events\/conferences\/publishing\/templates.html\" target=\"_blank\">Manuscript Templates for Conference Proceedings<\/a>).<\/li>\n<li style=\"margin-bottom: 0px; margin-left: 5px;\">El resumen puede ser de uno o m\u00e1s p\u00e1rrafos. No debe contener caracteres especiales, f\u00f3rmulas, figuras, tablas, listas de balas, listas numeradas, citaciones a referencias, etc.<\/li>\n<li style=\"margin-bottom: 0px; margin-left: 5px;\">Presentar las contribuciones sobre dos columnas, interlineado simple, con tama\u00f1o carta (8,5\u2019\u2019 x 11\u2019\u2019).<\/li>\n<li style=\"margin-bottom: 0px; margin-left: 5px;\">Las contribuciones deben tener un \u00fanico resumen en castellano (no poner un segundo resumen en ingl\u00e9s).<\/li>\n<li style=\"margin-bottom: 0px; margin-left: 5px;\">Las contribuciones deben tener una \u00fanica lista de palabras claves en castellano (no poner una segunda lista de palabras claves en ingl\u00e9s). Esta lista debe ser puesta despu\u00e9s del resumen.<\/li>\n<li style=\"margin-bottom: 0px; margin-left: 5px;\">El t\u00edtulo de las figuras debe estar centrado por debajo de las mismas.<\/li>\n<li style=\"margin-bottom: 0px; margin-left: 5px;\">El t\u00edtulo de las tablas debe estar centrado por encima de las mismas.<\/li>\n<li style=\"margin-bottom: 0px; margin-left: 5px;\">Verificar que las figuras y las tablas posean una alta resoluci\u00f3n y que el texto de las mismas pueda ser le\u00eddo con facilidad.<\/li>\n<li style=\"margin-bottom: 0px; margin-left: 5px;\">Utilizar el estilo de IEEE para las referencias bibliogr\u00e1ficas.<\/li>\n<li style=\"margin-bottom: 0px; margin-left: 5px;\">No colocar n\u00famero de p\u00e1ginas a su manuscrito.<\/li>\n<li style=\"margin-bottom: 0px; margin-left: 5px;\">No poner hiperenlaces en su archivo PDF (s\u00ed puede poner referencias a p\u00e1ginas web, pero estas referencias no deben ser enlazadas).<\/li>\n<li style=\"margin-bottom: 15px; margin-left: 5px;\">No aplicar configuraciones de seguridad a su archivo PDF.<\/li>\n<\/ul>\n<hr \/>\n<p><a name=\"paso3\"><strong>Paso 3<\/strong> &#8211; Generar el PDF de su contribuci\u00f3n<\/a><\/p>\n<p>El \u00fanico formato aceptado para las contribuciones de CoNCISa es el formato PDF. Genere el archivo correspondiente. Verifique que el archivo PDF no tenga hiperenlaces, no exceda el n\u00famero m\u00e1ximo de p\u00e1ginas, y que la estructura de la contribuci\u00f3n (diagramaci\u00f3n) no haya sido cambiada por la conversi\u00f3n a PDF. Coteje que sus figuras y tablas sean de alta resoluci\u00f3n, que haya utilizado el formato del IEEE para sus referencias bibliogr\u00e1ficas y que las citaciones a estas \u00faltimas se haya realizado exitosamente.<\/p>\n<hr \/>\n<p><a name=\"paso4\"><strong>Paso 4<\/strong> &#8211; Subir la versi\u00f3n final de su contribuci\u00f3n en EasyChair<\/a><\/p>\n<p>Debe subir la versi\u00f3n final de su contribuci\u00f3n en formato PDF en <a href=\"https:\/\/www.easychair.org\/conferences\/?conf=concisa2014\" target=\"_blank\">EasyChair<\/a> para el 31 de agosto de 2014.<\/p>\n<div>\n<p>Antes de proceder a subir la versi\u00f3n final de su contribuci\u00f3n, realice una verificaci\u00f3n adicional de la misma: (1) la contribuci\u00f3n no debe tener n\u00famero de p\u00e1ginas, (2)  las figuras y tablas deben ser de alta resoluci\u00f3n y el texto dentro de estas debe ser f\u00e1cilmente legible, (3) el estilo de las referencias bibliogr\u00e1ficas es el del IEEE, (4) la generaci\u00f3n de las citaciones de las referencias bibliogr\u00e1ficas se realiz\u00f3 en forma exitosa, (5) la contribuci\u00f3n no debe exceder el n\u00famero de p\u00e1ginas correspondiente, y (6) el archivo PDF debe estar libre de hiperenlaces.<\/p>\n<hr \/>\n<p><a name=\"paso5\"><strong>Paso 5<\/strong> &#8211; Registrarse en la conferencia<\/a><\/p>\n<p>Para mayor informaci\u00f3n sobre el registro a CoNCISa 2014, haga click <a href=\"http:\/\/www.concisa.net.ve\/2014\/registro\">aqu\u00ed<\/a>. Uno de los autores de las contribuciones aceptadas en CoNCISa 2014 debe registrarse en la categor\u00eda de autor y presentar el art\u00edculo durante la conferencia para que la contribuci\u00f3n sea incluida en las memorias de CoNCISa 2014.<\/p>\n<\/div>\n","protected":false},"excerpt":{"rendered":"<p>Instrucciones Versi\u00f3n Final Contribuciones<\/p>\n<p>Esta p\u00e1gina web contiene instrucciones para los autores de contribuciones aceptadas en CoNCISa 2014, acerca de c\u00f3mo preparar y presentar la versi\u00f3n final de sus contribuciones.<\/p>\n<p>Las contribuciones aceptadas en la Segunda Conferencia Nacional de Computaci\u00f3n, Inform\u00e1tica y Sistemas (CoNCISa 2014) ser\u00e1n publicadas en las memorias de la conferencia. Es importante [&#8230;]<\/p>\n","protected":false},"author":1,"featured_media":0,"parent":0,"menu_order":0,"comment_status":"open","ping_status":"open","template":"","meta":{"footnotes":""},"class_list":["post-327","page","type-page","status-publish","hentry","odd"],"_links":{"self":[{"href":"https:\/\/concisa.net.ve\/2014\/wp-json\/wp\/v2\/pages\/327","targetHints":{"allow":["GET"]}}],"collection":[{"href":"https:\/\/concisa.net.ve\/2014\/wp-json\/wp\/v2\/pages"}],"about":[{"href":"https:\/\/concisa.net.ve\/2014\/wp-json\/wp\/v2\/types\/page"}],"author":[{"embeddable":true,"href":"https:\/\/concisa.net.ve\/2014\/wp-json\/wp\/v2\/users\/1"}],"replies":[{"embeddable":true,"href":"https:\/\/concisa.net.ve\/2014\/wp-json\/wp\/v2\/comments?post=327"}],"version-history":[{"count":1,"href":"https:\/\/concisa.net.ve\/2014\/wp-json\/wp\/v2\/pages\/327\/revisions"}],"predecessor-version":[{"id":328,"href":"https:\/\/concisa.net.ve\/2014\/wp-json\/wp\/v2\/pages\/327\/revisions\/328"}],"wp:attachment":[{"href":"https:\/\/concisa.net.ve\/2014\/wp-json\/wp\/v2\/media?parent=327"}],"curies":[{"name":"wp","href":"https:\/\/api.w.org\/{rel}","templated":true}]}}