{"id":28,"date":"2014-05-17T21:12:42","date_gmt":"2014-05-17T21:12:42","guid":{"rendered":"http:\/\/www.concisa.net.ve\/2014\/?page_id=28"},"modified":"2014-08-16T18:21:34","modified_gmt":"2014-08-16T18:21:34","slug":"fechas-importantes","status":"publish","type":"page","link":"https:\/\/concisa.net.ve\/2014\/fechas-importantes\/","title":{"rendered":"Fechas Importantes"},"content":{"rendered":"<p><span style=\"display: block; font-size: 20px; padding: 10px; margin-left: 0; -webkit-border-radius: 4px; border-radius: 4px; color: white; text-shadow: 0 -1px 0 rgba(0, 0, 0, 0.25); background-color: #f36532; background-image: -moz-linear-gradient(top, #f36532, #f36532);\">Fechas Importantes (CoNCISa)<\/span><br \/>\n&nbsp;<\/p>\n<table style=\"margin: 0px auto; width: 100%;\" border=\"0\">\n<tbody>\n<tr>\n<td>Fecha del evento:<\/td>\n<td style=\"text-align: right;\"><strong>01 al 03 de octubre 2014<\/strong><\/td>\n<\/tr>\n<tr>\n<td>Fecha extendida para env\u00edo de trabajos:<\/td>\n<td style=\"text-align: right;\"><strong>20 de julio de 2014<\/strong><\/td>\n<\/tr>\n<tr>\n<td>Fecha l\u00edmite para env\u00edo de trabajos:<\/td>\n<td style=\"text-align: right;\"><strong> <span style=\"color: #ff0000;\"><del>06 de julio de 2014<\/del><\/span><\/strong><\/td>\n<\/tr>\n<tr>\n<td>Notificaci\u00f3n de decisi\u00f3n:<\/td>\n<td style=\"text-align: right;\"><strong>15 de agosto de 2014<\/strong><\/td>\n<\/tr>\n<tr>\n<td>Fecha l\u00edmite para versi\u00f3n final:<\/td>\n<td style=\"text-align: right;\"><strong> 31 de agosto de 2014<\/strong><\/td>\n<\/tr>\n<\/tbody>\n<\/table>\n","protected":false},"excerpt":{"rendered":"<p>Fechas Importantes (CoNCISa) &nbsp;<\/p>\n<p> Fecha del evento: 01 al 03 de octubre 2014 Fecha extendida para env\u00edo de trabajos: 20 de julio de 2014 Fecha l\u00edmite para env\u00edo de trabajos: 06 de julio de 2014 Notificaci\u00f3n de decisi\u00f3n: 15 de agosto de 2014 Fecha l\u00edmite para versi\u00f3n final: 31 de agosto de 2014 [&#8230;]<\/p>\n","protected":false},"author":1,"featured_media":0,"parent":0,"menu_order":0,"comment_status":"open","ping_status":"open","template":"","meta":{"footnotes":""},"class_list":["post-28","page","type-page","status-publish","hentry","odd"],"_links":{"self":[{"href":"https:\/\/concisa.net.ve\/2014\/wp-json\/wp\/v2\/pages\/28","targetHints":{"allow":["GET"]}}],"collection":[{"href":"https:\/\/concisa.net.ve\/2014\/wp-json\/wp\/v2\/pages"}],"about":[{"href":"https:\/\/concisa.net.ve\/2014\/wp-json\/wp\/v2\/types\/page"}],"author":[{"embeddable":true,"href":"https:\/\/concisa.net.ve\/2014\/wp-json\/wp\/v2\/users\/1"}],"replies":[{"embeddable":true,"href":"https:\/\/concisa.net.ve\/2014\/wp-json\/wp\/v2\/comments?post=28"}],"version-history":[{"count":5,"href":"https:\/\/concisa.net.ve\/2014\/wp-json\/wp\/v2\/pages\/28\/revisions"}],"predecessor-version":[{"id":30,"href":"https:\/\/concisa.net.ve\/2014\/wp-json\/wp\/v2\/pages\/28\/revisions\/30"}],"wp:attachment":[{"href":"https:\/\/concisa.net.ve\/2014\/wp-json\/wp\/v2\/media?parent=28"}],"curies":[{"name":"wp","href":"https:\/\/api.w.org\/{rel}","templated":true}]}}