{"id":269,"date":"2014-07-28T23:52:07","date_gmt":"2014-07-28T23:52:07","guid":{"rendered":"http:\/\/www.concisa.net.ve\/2014\/?page_id=269"},"modified":"2014-07-29T00:55:42","modified_gmt":"2014-07-29T00:55:42","slug":"venue-hoteles","status":"publish","type":"page","link":"https:\/\/concisa.net.ve\/2014\/venue-hoteles\/","title":{"rendered":"Informaci\u00f3n de Hoteles"},"content":{"rendered":"<p style=\"text-align: center;\"><a href=\"http:\/\/www.venezuelatuya.com\" target=\"_blank\"><img loading=\"lazy\" decoding=\"async\" class=\"aligncenter  wp-image-447\" style=\"border: none; background-color: #ffffff;\" title=\"Venezuela Tuya\" src=\"http:\/\/www.concisa.net.ve\/2014\/wp-content\/uploads\/sites\/3\/2014\/07\/logo-venezuela-tuya.jpg\" alt=\"\" width=\"410\" height=\"72\" \/><\/a><\/p>\n<p><a href=\"http:\/\/www.venezuelatuya.com\" target=\"_blank\">VenezuelaTuya.com<\/a> es una agencia de viaje con 15 a\u00f1os de experiencia que ha asesorado a numerosos turistas que han visitado el pa\u00eds y a los participantes de numerosas conferencias nacionales e internacionales. De por s\u00ed, <a href=\"http:\/\/www.venezuelatuya.com\" target=\"_blank\">VenezuelaTuya.com<\/a> fue la agencia de viaje escogida por el comit\u00e9 organizador del <a href=\"http:\/\/www.clei2013.org.ve\" target=\"_blank\">CLEI 2013<\/a> para la organizaci\u00f3n de los paquetes tur\u00edsticos que fueron ofrecidos durante el evento.<br \/>\n&nbsp;<br \/>\n&nbsp;<\/p>\n<p><span style=\"display: block; font-size: 20px; padding: 10px; margin-left: 0; -webkit-border-radius: 4px; border-radius: 4px; color: white; text-shadow: 0 -1px 0 rgba(0, 0, 0, 0.25); background-color: #f36532; background-image: -moz-linear-gradient(top, #f36532, #f36532);\">Informaci\u00f3n de Hoteles<\/span> &nbsp;<\/p>\n<p>Existen muchas posibilidades de alojamiento en Caracas. Para mayor informaci\u00f3n, se recomienda consultar a <a href=\"http:\/\/www.venezuelatuya.com\" target=\"_blank\">VenezuelaTuya.com<\/a> llenando un formulario en l\u00ednea haciendo clic <a href=\"http:\/\/www.venezuelatuya.com\/siteinfo\/comentarios.htm\" target=\"_blank\">aqu\u00ed<\/a> y escogiendo &#8220;<strong>CoNCISa 2014 &#8211; Conferencia<\/strong>&#8221; como Tema. Los especialistas de <a href=\"http:\/\/www.venezuelatuya.com\" target=\"_blank\">VenezuelaTuya.com<\/a> le dar\u00e1n respuesta en un tiempo corto.<\/p>\n","protected":false},"excerpt":{"rendered":"<p style=\"text-align: center;\">\n<p>VenezuelaTuya.com es una agencia de viaje con 15 a\u00f1os de experiencia que ha asesorado a numerosos turistas que han visitado el pa\u00eds y a los participantes de numerosas conferencias nacionales e internacionales. De por s\u00ed, VenezuelaTuya.com fue la agencia de viaje escogida por el comit\u00e9 organizador del CLEI 2013 para la organizaci\u00f3n [&#8230;]<\/p>\n","protected":false},"author":1,"featured_media":0,"parent":0,"menu_order":0,"comment_status":"open","ping_status":"open","template":"","meta":{"footnotes":""},"class_list":["post-269","page","type-page","status-publish","hentry","odd"],"_links":{"self":[{"href":"https:\/\/concisa.net.ve\/2014\/wp-json\/wp\/v2\/pages\/269","targetHints":{"allow":["GET"]}}],"collection":[{"href":"https:\/\/concisa.net.ve\/2014\/wp-json\/wp\/v2\/pages"}],"about":[{"href":"https:\/\/concisa.net.ve\/2014\/wp-json\/wp\/v2\/types\/page"}],"author":[{"embeddable":true,"href":"https:\/\/concisa.net.ve\/2014\/wp-json\/wp\/v2\/users\/1"}],"replies":[{"embeddable":true,"href":"https:\/\/concisa.net.ve\/2014\/wp-json\/wp\/v2\/comments?post=269"}],"version-history":[{"count":15,"href":"https:\/\/concisa.net.ve\/2014\/wp-json\/wp\/v2\/pages\/269\/revisions"}],"predecessor-version":[{"id":289,"href":"https:\/\/concisa.net.ve\/2014\/wp-json\/wp\/v2\/pages\/269\/revisions\/289"}],"wp:attachment":[{"href":"https:\/\/concisa.net.ve\/2014\/wp-json\/wp\/v2\/media?parent=269"}],"curies":[{"name":"wp","href":"https:\/\/api.w.org\/{rel}","templated":true}]}}