{"id":2,"date":"2014-05-16T19:23:29","date_gmt":"2014-05-16T19:23:29","guid":{"rendered":"http:\/\/www.concisa.net.ve\/2014\/?page_id=2"},"modified":"2022-07-17T12:27:47","modified_gmt":"2022-07-17T16:57:47","slug":"inicio","status":"publish","type":"page","link":"https:\/\/concisa.net.ve\/2014\/","title":{"rendered":"Inicio"},"content":{"rendered":"<p><img decoding=\"async\" style=\"border: none; background-color: #ffffff; display: block; margin-left: auto; margin-right: auto;\" src=\"http:\/\/www.concisa.net.ve\/2014\/wp-content\/uploads\/sites\/3\/2014\/05\/logo-5-universities.png\" alt=\"\" usemap=\"#lg\" \/><\/p>\n<map name=\"lg\">\n<area shape=\"rect\" coords=\"7,10,82,100\" href=\"http:\/\/www.ucab.edu.ve\" target=\"_blank\" \/>\n<area shape=\"rect\" coords=\"108,14,180,85\" href=\"http:\/\/www.ucv.ve\" target=\"_blank\" \/>\n<area shape=\"rect\" coords=218,17,317,79\" href=\"http:\/\/www.usb.ve\" target=\"_blank\" \/>\n<area shape=\"rect\" coords=\"345,25,410,82\" href=\"http:\/\/www.umc.edu.ve\" target=\"_blank\" \/>\n<area shape=\"rect\" coords=\"458,19,522,94\" href=\"http:\/\/www.ubv.edu.ve\" target=\"_blank\" \/>\n<\/map>\n<p><span style=\"display: block; font-size: 20px; padding: 10px; margin-left: 0; -webkit-border-radius: 4px; border-radius: 4px; color: white; text-shadow: 0 -1px 0 rgba(0, 0, 0, 0.25); background-color: #f36532; background-image: -moz-linear-gradient(top, #f36532, #f36532);\">CoNCISa 2014 <br \/> 1 al 3 de Octubre, 2014 <\/span> &nbsp;<\/p>\n<p>CoNCISa 2014 es la segunda Conferencia Nacional de Computaci\u00f3n, Inform\u00e1tica y Sistemas. Es uno de los principales eventos anuales de la <a href=\"http:\/\/www.svc.net.ve\" target=\"_blank\" rel=\"noopener\">SVC<\/a> (Sociedad Venezolana de Computaci\u00f3n). Adicionalmente cuenta con el respaldo acad\u00e9mico del <a href=\"http:\/\/www.clei.org\" target=\"_blank\" rel=\"noopener\">CLEI<\/a> (Centro Latinoamericano de Estudios en Inform\u00e1tica). <\/p>\n<p>El objetivo principal de CoNCISa 2014 es consolidar el intercambio sobre experiencias de investigaci\u00f3n, acad\u00e9micas y tecnol\u00f3gicas, para impulsar el desarrollo del \u00e1rea y crear lazos estrechos de cooperaci\u00f3n a nivel nacional.<\/p>\n<p>CoNCISa 2014 se realizar\u00e1 en la <a href=\"http:\/\/www.ucab.edu.ve\" target=\"_blank\" rel=\"noopener\">UCAB<\/a> (Universidad Cat\u00f3lica Andr\u00e9s Bello) del 1 al 3 de octubre de 2014, conjuntamente con <a href=\"http:\/\/www.concisa.net.ve\/2014\/evi-2014\">EVI 2014<\/a> (Escuela Venezolana de Inform\u00e1tica).<br \/>\n&nbsp;<br \/>\n&nbsp;<\/p>\n<p><span style=\"display: block; font-size: 20px; padding: 10px; margin-left: 0; -webkit-border-radius: 4px; border-radius: 4px; color: white; text-shadow: 0 -1px 0 rgba(0, 0, 0, 0.25); background-color: #f36532; background-image: -moz-linear-gradient(top, #f36532, #f36532);\">EVI 2014 &#8211; Escuela Venezolana de Inform\u00e1tica 2014 <br \/> 29 de Septiembre al 1 de Octubre, 2014<\/span><br \/>\n&nbsp;<\/p>\n<p>EVI 2014 es la segunda edici\u00f3n de la Escuela Venezolana de Inform\u00e1tica. Es uno de los principales eventos anuales de la <a href=\"http:\/\/www.svc.net.ve\" target=\"_blank\" rel=\"noopener\">SVC<\/a> (Sociedad Venezolana de Computaci\u00f3n). Adicionalmente cuenta con el respaldo acad\u00e9mico del <a href=\"http:\/\/www.clei.org\" target=\"_blank\" rel=\"noopener\">CLEI<\/a> (Centro Latinoamericano de Estudios en Inform\u00e1tica).<\/p>\n<p>En este evento se dictar\u00e1n cursos avanzados en diferentes dominios de las ciencias computacionales, por expertos nacionales e internacionales. Son cursos que cubren temas de inter\u00e9s para la disciplina Inform\u00e1tica, y que son complementarios a los temas que figuran en los curr\u00edculos de las carreras de Inform\u00e1tica en el pa\u00eds. Se estructura en cursos tutoriales de medio d\u00eda (4 horas) o de d\u00eda completo (8 horas).<\/p>\n<p>EVI 2014 se realizar\u00e1 en la <a href=\"http:\/\/www.ucab.edu.ve\" target=\"_blank\" rel=\"noopener\">UCAB<\/a> (Universidad Cat\u00f3lica Andr\u00e9s Bello) del 29 de septiembre al 1 de octubre de 2014, conjuntamente con <a href=\"http:\/\/www.concisa.net.ve\/2014\" target=\"_blank\" rel=\"noopener\">CoNCISa 2014<\/a> (Conferencia Nacional de Computaci\u00f3n, Inform\u00e1tica y Sistemas 2014). La programaci\u00f3n de los tutoriales se puede ver haciendo clic <a href=\"http:\/\/www.concisa.net.ve\/2014\/evi-2014-tutoriales\">aqu\u00ed<\/a>.<br \/>\n&nbsp;<br \/>\n&nbsp;<\/p>\n<p><span style=\"display: block; font-size: 20px; padding: 10px; margin-left: 0; -webkit-border-radius: 4px; border-radius: 4px; color: white; text-shadow: 0 -1px 0 rgba(0, 0, 0, 0.25); background-color: #f36532; background-image: -moz-linear-gradient(top, #f36532, #f36532);\">Patrocinadores<\/span> &nbsp;<\/p>\n<p><img decoding=\"async\" style=\"border: none; background-color: #ffffff; display: block; margin-left: auto; margin-right: auto;\" src=\"http:\/\/www.concisa.net.ve\/2014\/wp-content\/uploads\/sites\/3\/2014\/09\/patrocinadores02.png\" width=\"550\" alt=\"\" usemap=\"#sponsor_map\" \/><\/p>\n","protected":false},"excerpt":{"rendered":"<\/p>\n<p> [&#8230;]<\/p>\n","protected":false},"author":1,"featured_media":0,"parent":0,"menu_order":0,"comment_status":"closed","ping_status":"open","template":"","meta":{"footnotes":""},"class_list":["post-2","page","type-page","status-publish","hentry","odd"],"_links":{"self":[{"href":"https:\/\/concisa.net.ve\/2014\/wp-json\/wp\/v2\/pages\/2","targetHints":{"allow":["GET"]}}],"collection":[{"href":"https:\/\/concisa.net.ve\/2014\/wp-json\/wp\/v2\/pages"}],"about":[{"href":"https:\/\/concisa.net.ve\/2014\/wp-json\/wp\/v2\/types\/page"}],"author":[{"embeddable":true,"href":"https:\/\/concisa.net.ve\/2014\/wp-json\/wp\/v2\/users\/1"}],"replies":[{"embeddable":true,"href":"https:\/\/concisa.net.ve\/2014\/wp-json\/wp\/v2\/comments?post=2"}],"version-history":[{"count":17,"href":"https:\/\/concisa.net.ve\/2014\/wp-json\/wp\/v2\/pages\/2\/revisions"}],"predecessor-version":[{"id":212,"href":"https:\/\/concisa.net.ve\/2014\/wp-json\/wp\/v2\/pages\/2\/revisions\/212"}],"wp:attachment":[{"href":"https:\/\/concisa.net.ve\/2014\/wp-json\/wp\/v2\/media?parent=2"}],"curies":[{"name":"wp","href":"https:\/\/api.w.org\/{rel}","templated":true}]}}