{"id":164,"date":"2014-06-12T12:56:39","date_gmt":"2014-06-12T12:56:39","guid":{"rendered":"http:\/\/www.concisa.net.ve\/2014\/?page_id=164"},"modified":"2014-08-18T16:26:49","modified_gmt":"2014-08-18T16:26:49","slug":"tarifa-autores","status":"publish","type":"page","link":"https:\/\/concisa.net.ve\/2014\/tarifa-autores\/","title":{"rendered":"Tarifa Autores"},"content":{"rendered":"<p><span style=\"display: block; font-size: 20px; padding: 10px; margin-left: 0; -webkit-border-radius: 4px; border-radius: 4px; color: white; text-shadow: 0 -1px 0 rgba(0, 0, 0, 0.25); background-color: #f36532; background-image: -moz-linear-gradient(top, #f36532, #f36532);\">Informaci\u00f3n General sobre las Tarifas para Autores en CoNCISa 2014<\/span> &nbsp;<\/p>\n<p>Las personas que se registren en CoNCISa como autor recibir\u00e1n un descuento si est\u00e1n adscritas a una instituci\u00f3n miembro del <a href=\"http:\/\/www.clei.org\" target=\"_blank\">CLEI<\/a> o si son miembros de la <a href=\"http:\/\/www.svc.net.ve\" target=\"_blank\">SVC<\/a>. El valor del descuento depender\u00e1 de la fecha en la cual se realice el registro (inscripci\u00f3n temprana o inscripci\u00f3n tard\u00eda). <strong>Los descuentos no son acumulativos.<\/strong><\/p>\n<p>La inscripci\u00f3n en CoNCISa no incluye la asistencia a los tutoriales de <a href=\"http:\/\/www.concisa.net.ve\/2014\/evi-2014\">EVI<\/a>. Para informaci\u00f3n sobre las tarifas de los tutoriales de EVI, haga clic <a href=\"http:\/\/www.concisa.net.ve\/2014\/evi-2014-tarifa\">aqu\u00ed<\/a>.<\/p>\n<p><\/br><br \/>\n&nbsp;<\/p>\n<p><span style=\"display: block; font-size: 20px; padding: 10px; margin-left: 0; -webkit-border-radius: 4px; border-radius: 4px; color: white; text-shadow: 0 -1px 0 rgba(0, 0, 0, 0.25); background-color: #f36532; background-image: -moz-linear-gradient(top, #f36532, #f36532);\">CoNCISa 2014 &#8211; Tarifa como Autor (Inscripci\u00f3n Temprana)<\/span> &nbsp;<\/p>\n<p>La inscripci\u00f3n temprana como autor se puede realizar hasta el 31 de agosto de 2014. En la tabla, <strong>CLEI<\/strong> significa que el autor est\u00e1 adscrito a una instituci\u00f3n que es miembro del <a href=\"http:\/\/www.clei.org\" target=\"_blank\">CLEI<\/a>, y <strong>SVC<\/strong> significa que el autor es miembro de la <a href=\"http:\/\/www.svc.net.ve\" target=\"_blank\">SVC<\/a>. Para hacerse miembro de la SVC, haga clic <a href=\"http:\/\/www.svc.net.ve\/asociado-ordinario\" target=\"_blank\">aqu\u00ed<\/a>.<\/p>\n<table style=\"margin: 0px auto; width: 100%;\" border=\"0\">\n<tbody>\n<tr style=\"height: 30px;\">\n<td style=\"text-align: center;\"><strong>Tipo Autor<\/strong><\/td>\n<td style=\"text-align: center;\"><strong>Descuento<\/strong><\/td>\n<td style=\"text-align: center;\"><strong>Primer Art\u00edculo<\/strong><\/td>\n<td style=\"text-align: center;\"><strong>Art\u00edculo Adicional<\/strong><\/td>\n<\/tr>\n<tr style=\"height: 30px;\">\n<td style=\"text-align: center;\">General<\/td>\n<td style=\"text-align: center;\">25%<\/td>\n<td style=\"text-align: center;\">Bs. 900,00<\/td>\n<td style=\"text-align: center;\">Bs. 450,00<\/td>\n<\/tr>\n<tr style=\"height: 30px;\">\n<td style=\"text-align: center;\">CLEI<\/td>\n<td style=\"text-align: center;\">50%<\/td>\n<td style=\"text-align: center;\">Bs. 600,00<\/td>\n<td style=\"text-align: center;\">Bs. 300,00<\/td>\n<\/tr>\n<tr style=\"height: 30px;\">\n<td style=\"text-align: center;\">SVC<\/td>\n<td style=\"text-align: center;\">75%<\/td>\n<td style=\"text-align: center;\">Bs. 300,00<\/td>\n<td style=\"text-align: center;\">Bs. 150,00<\/td>\n<\/tr>\n<\/tbody>\n<\/table>\n<p>&nbsp;<br \/>\n&nbsp;<\/p>\n<p><span style=\"display: block; font-size: 20px; padding: 10px; margin-left: 0; -webkit-border-radius: 4px; border-radius: 4px; color: white; text-shadow: 0 -1px 0 rgba(0, 0, 0, 0.25); background-color: #f36532; background-image: -moz-linear-gradient(top, #f36532, #f36532);\">CoNCISa 2014 &#8211; Tarifa como Autor (Inscripci\u00f3n Tard\u00eda)<\/span> &nbsp;<\/p>\n<p>A partir del 1 de septiembre de 2014, se aplicar\u00e1 la inscripci\u00f3n tard\u00eda a los autores. La inscripci\u00f3n tard\u00eda para los autores cerrar\u00e1 el 30 de septiembre de 2014. En la tabla, <strong>CLEI<\/strong> significa que el autor est\u00e1 adscrito a una instituci\u00f3n que es miembro del <a href=\"http:\/\/www.clei.org\" target=\"_blank\">CLEI<\/a>, y <strong>SVC<\/strong> significa que el autor es miembro de la <a href=\"http:\/\/www.svc.net.ve\" target=\"_blank\">SVC<\/a>. Para hacerse miembro de la SVC, haga clic <a href=\"http:\/\/www.svc.net.ve\/asociado-ordinario\" target=\"_blank\">aqu\u00ed<\/a>.<\/p>\n<table style=\"margin: 0px auto; width: 100%;\" border=\"0\">\n<tbody>\n<tr style=\"height: 30px;\">\n<td style=\"text-align: center;\"><strong>Tipo Autor<\/strong><\/td>\n<td style=\"text-align: center;\"><strong>Descuento<\/strong><\/td>\n<td style=\"text-align: center;\"><strong>Primer Art\u00edculo<\/strong><\/td>\n<td style=\"text-align: center;\"><strong>Art\u00edculo Adicional<\/strong><\/td>\n<\/tr>\n<tr style=\"height: 30px;\">\n<td style=\"text-align: center;\">General<\/td>\n<td style=\"text-align: center;\">0%<\/td>\n<td style=\"text-align: center;\">Bs. 1200,00<\/td>\n<td style=\"text-align: center;\">Bs. 600,00<\/td>\n<\/tr>\n<tr style=\"height: 30px;\">\n<td style=\"text-align: center;\">CLEI<\/td>\n<td style=\"text-align: center;\">25%<\/td>\n<td style=\"text-align: center;\">Bs. 900,00<\/td>\n<td style=\"text-align: center;\">Bs. 450,00<\/td>\n<\/tr>\n<tr style=\"height: 30px;\">\n<td style=\"text-align: center;\">SVC<\/td>\n<td style=\"text-align: center;\">50%<\/td>\n<td style=\"text-align: center;\">Bs. 600,00<\/td>\n<td style=\"text-align: center;\">Bs. 300,00<\/td>\n<\/tr>\n<\/tbody>\n<\/table>\n","protected":false},"excerpt":{"rendered":"<p>Informaci\u00f3n General sobre las Tarifas para Autores en CoNCISa 2014 &nbsp;<\/p>\n<p>Las personas que se registren en CoNCISa como autor recibir\u00e1n un descuento si est\u00e1n adscritas a una instituci\u00f3n miembro del CLEI o si son miembros de la SVC. El valor del descuento depender\u00e1 de la fecha en la cual se realice el registro (inscripci\u00f3n [&#8230;]<\/p>\n","protected":false},"author":1,"featured_media":0,"parent":0,"menu_order":0,"comment_status":"open","ping_status":"open","template":"","meta":{"footnotes":""},"class_list":["post-164","page","type-page","status-publish","hentry","odd"],"_links":{"self":[{"href":"https:\/\/concisa.net.ve\/2014\/wp-json\/wp\/v2\/pages\/164","targetHints":{"allow":["GET"]}}],"collection":[{"href":"https:\/\/concisa.net.ve\/2014\/wp-json\/wp\/v2\/pages"}],"about":[{"href":"https:\/\/concisa.net.ve\/2014\/wp-json\/wp\/v2\/types\/page"}],"author":[{"embeddable":true,"href":"https:\/\/concisa.net.ve\/2014\/wp-json\/wp\/v2\/users\/1"}],"replies":[{"embeddable":true,"href":"https:\/\/concisa.net.ve\/2014\/wp-json\/wp\/v2\/comments?post=164"}],"version-history":[{"count":23,"href":"https:\/\/concisa.net.ve\/2014\/wp-json\/wp\/v2\/pages\/164\/revisions"}],"predecessor-version":[{"id":169,"href":"https:\/\/concisa.net.ve\/2014\/wp-json\/wp\/v2\/pages\/164\/revisions\/169"}],"wp:attachment":[{"href":"https:\/\/concisa.net.ve\/2014\/wp-json\/wp\/v2\/media?parent=164"}],"curies":[{"name":"wp","href":"https:\/\/api.w.org\/{rel}","templated":true}]}}