{"id":11,"date":"2014-05-17T20:23:25","date_gmt":"2014-05-17T20:23:25","guid":{"rendered":"http:\/\/www.concisa.net.ve\/2014\/?page_id=11"},"modified":"2022-10-22T12:19:39","modified_gmt":"2022-10-22T16:49:39","slug":"llamado-a-articulos","status":"publish","type":"page","link":"https:\/\/concisa.net.ve\/2014\/llamado-a-articulos\/","title":{"rendered":"Llamado a Art\u00edculos"},"content":{"rendered":"<p><span style=\"display: block; font-size: 20px; padding: 10px; margin-left: 0; -webkit-border-radius: 4px; border-radius: 4px; color: white; text-shadow: 0 -1px 0 rgba(0, 0, 0, 0.25); background-color: #f36532; background-image: -moz-linear-gradient(top, #f36532, #f36532);\">Llamado a Art\u00edculos<\/span><\/p>\n<h4>Sesiones de trabajo<\/h4>\n<p><b>Sesi\u00f3n de investigaci\u00f3n:<\/b> se considerar\u00e1n trabajos de investigaci\u00f3n originales en todas las \u00e1reas de computaci\u00f3n que no hayan sido publicados. Se aceptar\u00e1n dos modalidades de contribuci\u00f3n: art\u00edculos largos (hasta 12 p\u00e1ginas) destinados a reportar investigaciones cient\u00edficas y aplicadas culminadas; y art\u00edculos cortos (hasta 5 p\u00e1ginas) destinados a reportar avances de investigaci\u00f3n o a generar discusi\u00f3n sobre temas de inter\u00e9s cient\u00edfico. Los art\u00edculos enviados ser\u00e1n sujetos a revisi\u00f3n rigurosa en base a criterios est\u00e1ndares de claridad, pertinencia, importancia y originalidad.<\/p>\n<p><b>Sesi\u00f3n de tecnolog\u00edas y herramientas computacionales:<\/b> se considerar\u00e1n trabajos desarrollados y probados a nivel nacional, que contribuyen en la soluci\u00f3n de problemas computacionales de cierta complejidad. Se aceptar\u00e1n dos modalidades de contribuci\u00f3n: art\u00edculos (hasta 12 p\u00e1ginas) destinados a describir el problema y las caracter\u00edsticas t\u00e9cnicas de la soluci\u00f3n; y demostraciones tecnol\u00f3gicas que deben ser descritas en un resumen (hasta 5 p\u00e1ginas). Los trabajos enviados ser\u00e1n evaluados en base a claridad, pertinencia, importancia e innovaci\u00f3n.<\/p>\n<p><b>Sesi\u00f3n de Gesti\u00f3n de Tecnolog\u00edas de Informaci\u00f3n:<\/b> se considerar\u00e1n reportes (hasta 10 p\u00e1ginas) de experiencias en soluciones t\u00e9cnicas de gesti\u00f3n, que hayan sido desarrolladas, adaptadas, probadas y\/o mejoradas, para resolver problemas encontrados en organizaciones venezolanas o en la administraci\u00f3n p\u00fablica nacional (gobierno electr\u00f3nico, organizaci\u00f3n comunitaria, etc). Los trabajos enviados ser\u00e1n evaluados en base a claridad, pertinencia, importancia e innovaci\u00f3n.<\/p>\n<h4>Informaci\u00f3n para el Env\u00edo de Trabajos<\/h4>\n<p>Los trabajos deben ser escritos en castellano y deben ser enviados en PDF a trav\u00e9s de <a href=\"https:\/\/www.easychair.org\/conferences\/?conf=concisa2014\" target=\"_blank\" rel=\"noopener\">EasyChair<\/a>, tomando como referencia el formato para art\u00edculos de IEEE (<a href=\"http:\/\/www.ieee.org\/conferences_events\/conferences\/publishing\/templates.html\" target=\"_blank\" rel=\"noopener\">Manuscript Templates for Conference Proceedings<\/a>) en tama\u00f1o carta (8.5\u2033 x 11\u2033). Los t\u00edtulos de las figuras deben ser centrados por debajo de \u00e9stas. Los t\u00edtulos de las tablas deben ser centrados por encima de \u00e9stas.<\/p>\n<p>Aquellos autores que hagan m\u00faltiples env\u00edos deben asegurarse que cada trabajo tenga suficiente contenido original. Los art\u00edculos enviados, a todas las sesiones de trabajo, ser\u00e1n evaluados por especialistas de reconocida trayectoria cient\u00edfica y profesional. Los trabajos que sobrepasen el n\u00famero m\u00e1ximo de p\u00e1ginas permitidas ser\u00e1n rechazados sin revisar.<\/p>\n<p>Los trabajos aceptados ser\u00e1n publicados en las actas de la conferencia. Los mejores trabajos de investigaci\u00f3n largos ser\u00e1n invitados a participar en una edici\u00f3n especial de <a href=\"http:\/\/www.svc.net.ve\/revecom\" target=\"_blank\" rel=\"noopener\">ReVeCom<\/a>, la revista de la Sociedad Venezolana de Computaci\u00f3n.<\/p>\n<p>El programa final y las actas s\u00f3lo incluir\u00e1n trabajos con al menos un autor inscrito en la categor\u00eda AUTOR en la conferencia antes de la fecha l\u00edmite para el env\u00edo de la versi\u00f3n final.<\/p>\n<p>En caso que a\u00fan no tenga cuenta en EasyChair, la puede crear a trav\u00e9s de este <a href=\"https:\/\/www.easychair.org\/account\/signup.cgi\" target=\"_blank\" rel=\"noopener\">enlace<\/a>.<\/p>\n<p><strong>Nota<\/strong>: Si usted tiene problemas para cargar sus art\u00edculos con EasyChair, por favor contactar a <a href=\"mailto: concisa2014@easychair.org\">concisa2014@easychair.org<\/a>.<br \/>\n&nbsp;<br \/>\n&nbsp;<\/p>\n<p><span style=\"display: block; font-size: 20px; padding: 10px; margin-left: 0; -webkit-border-radius: 4px; border-radius: 4px; color: white; text-shadow: 0 -1px 0 rgba(0, 0, 0, 0.25); background-color: #f36532; background-image: -moz-linear-gradient(top, #f36532, #f36532);\">Segundo Llamado a Art\u00edculos (Versi\u00f3n PDF)<\/span><\/p>\n<p>El llamado a art\u00edculos ha sido extendido hasta el domingo 20 de julio de 2014. Pueden descargar la versi\u00f3n PDF del segundo llamado a art\u00edculo en el siguiente <a href=\"http:\/\/www.concisa.net.ve\/2014\/wp-content\/uploads\/sites\/3\/2014\/07\/SegundoLlamado-CoNCISa2014.pdf\" target=\"_blank\" rel=\"noopener\">enlace<\/a>.<\/p>\n","protected":false},"excerpt":{"rendered":"<p>Llamado a Art\u00edculos<\/p>\n<p> Sesiones de trabajo <\/p>\n<p>Sesi\u00f3n de investigaci\u00f3n: se considerar\u00e1n trabajos de investigaci\u00f3n originales en todas las \u00e1reas de computaci\u00f3n que no hayan sido publicados. Se aceptar\u00e1n dos modalidades de contribuci\u00f3n: art\u00edculos largos (hasta 12 p\u00e1ginas) destinados a reportar investigaciones cient\u00edficas y aplicadas culminadas; y art\u00edculos cortos (hasta 5 p\u00e1ginas) destinados a reportar avances [&#8230;]<\/p>\n","protected":false},"author":1,"featured_media":0,"parent":0,"menu_order":0,"comment_status":"open","ping_status":"open","template":"","meta":{"footnotes":""},"class_list":["post-11","page","type-page","status-publish","hentry","odd"],"_links":{"self":[{"href":"https:\/\/concisa.net.ve\/2014\/wp-json\/wp\/v2\/pages\/11","targetHints":{"allow":["GET"]}}],"collection":[{"href":"https:\/\/concisa.net.ve\/2014\/wp-json\/wp\/v2\/pages"}],"about":[{"href":"https:\/\/concisa.net.ve\/2014\/wp-json\/wp\/v2\/types\/page"}],"author":[{"embeddable":true,"href":"https:\/\/concisa.net.ve\/2014\/wp-json\/wp\/v2\/users\/1"}],"replies":[{"embeddable":true,"href":"https:\/\/concisa.net.ve\/2014\/wp-json\/wp\/v2\/comments?post=11"}],"version-history":[{"count":8,"href":"https:\/\/concisa.net.ve\/2014\/wp-json\/wp\/v2\/pages\/11\/revisions"}],"predecessor-version":[{"id":244,"href":"https:\/\/concisa.net.ve\/2014\/wp-json\/wp\/v2\/pages\/11\/revisions\/244"}],"wp:attachment":[{"href":"https:\/\/concisa.net.ve\/2014\/wp-json\/wp\/v2\/media?parent=11"}],"curies":[{"name":"wp","href":"https:\/\/api.w.org\/{rel}","templated":true}]}}